{"id":2730,"date":"2023-04-18T15:53:59","date_gmt":"2023-04-18T13:53:59","guid":{"rendered":"https:\/\/ceref.helha.be\/technique\/?page_id=2730"},"modified":"2023-04-19T13:08:43","modified_gmt":"2023-04-19T11:08:43","slug":"formation-latex","status":"publish","type":"page","link":"https:\/\/ceref.helha.be\/technique\/formations\/formation-latex\/","title":{"rendered":"Formation: LaTeX"},"content":{"rendered":"<h1>Objectif de la formation<\/h1>\n<p style=\"text-align: justify;\">Au terme de cette formation, le participant sera familier avec la syntaxe de LATEX. Tous les logiciels n\u00e9cessaires seront install\u00e9s sur son ordinateur personnel. Il sera \u00e9galement capable de construire la structure d\u2019un document, d\u2019\u00e9crire des \u00e9quations math\u00e9matiques, d\u2019inclure des figures et des tableaux et de r\u00e9diger une bibliographie.<\/p>\n<table style=\"border-collapse: collapse; width: 100%;\">\n<tbody>\n<tr>\n<td style=\"width: 100%;\"><img loading=\"lazy\" decoding=\"async\" src=\"https:\/\/ceref.helha.be\/technique\/app\/uploads\/2023\/04\/Formation-Latex.png\" alt=\"\" width=\"1024\" height=\"545\" \/><\/td>\n<\/tr>\n<\/tbody>\n<\/table>\n<h1>Organisation pratique<\/h1>\n<p>Dur\u00e9e : 1 journ\u00e9e de 9h \u00e0 16h30<\/p>\n<p>Formateur : J<a href=\"https:\/\/ceref.helha.be\/technique\/equipe\/vachaudez\/\">ulien Vachaudez<\/a><\/p>\n<p>Lieu si la formation est organis\u00e9e \u00e0 la HELHa :<br \/>\nCampus de Mons \u2013 b\u00e2timent HE3<br \/>\nChauss\u00e9e de Binche 159<br \/>\n7000 Mons<\/p>\n<p>Prix : 30 \u20ac<\/p>\n<p>Nombre de participants maximum pour une journ\u00e9e :20<\/p>\n<p>Pour contacter l\u2019organisateur : <a href=\"mailto:contact.tech@ceref.be\">contact.tech@ceref.be<\/a><\/p>\n","protected":false},"excerpt":{"rendered":"<p>Objectif de la formation Au terme de cette formation, le participant sera familier avec la syntaxe de LATEX. Tous les logiciels n\u00e9cessaires seront install\u00e9s sur son ordinateur personnel. Il sera \u00e9galement capable de construire la structure d\u2019un document, d\u2019\u00e9crire des \u00e9quations math\u00e9matiques, d\u2019inclure des figures et des tableaux et de r\u00e9diger une bibliographie. Organisation pratique [&hellip;]<\/p>\n","protected":false},"author":8,"featured_media":0,"parent":238,"menu_order":0,"comment_status":"closed","ping_status":"closed","template":"","meta":{"_acf_changed":false,"footnotes":""},"class_list":["post-2730","page","type-page","status-publish","hentry"],"acf":[],"yoast_head":"<!-- This site is optimized with the Yoast SEO plugin v21.9.1 - https:\/\/yoast.com\/wordpress\/plugins\/seo\/ -->\n<title>Formation: LaTeX - CeREF Technique<\/title>\n<meta name=\"robots\" content=\"index, follow, max-snippet:-1, max-image-preview:large, max-video-preview:-1\" \/>\n<link rel=\"canonical\" href=\"https:\/\/ceref.helha.be\/technique\/formations\/formation-latex\/\" \/>\n<meta property=\"og:locale\" content=\"fr_FR\" \/>\n<meta property=\"og:type\" content=\"article\" \/>\n<meta property=\"og:title\" content=\"Formation: LaTeX - CeREF Technique\" \/>\n<meta property=\"og:description\" content=\"Objectif de la formation Au terme de cette formation, le participant sera familier avec la syntaxe de LATEX. Tous les logiciels n\u00e9cessaires seront install\u00e9s sur son ordinateur personnel. Il sera \u00e9galement capable de construire la structure d\u2019un document, d\u2019\u00e9crire des \u00e9quations math\u00e9matiques, d\u2019inclure des figures et des tableaux et de r\u00e9diger une bibliographie. Organisation pratique [&hellip;]\" \/>\n<meta property=\"og:url\" content=\"https:\/\/ceref.helha.be\/technique\/formations\/formation-latex\/\" \/>\n<meta property=\"og:site_name\" content=\"CeREF Technique\" \/>\n<meta property=\"article:publisher\" content=\"https:\/\/www.facebook.com\/Ceref.helha\" \/>\n<meta property=\"article:modified_time\" content=\"2023-04-19T11:08:43+00:00\" \/>\n<meta property=\"og:image\" content=\"https:\/\/ceref.helha.be\/technique\/app\/uploads\/2023\/04\/Formation-Latex.png\" \/>\n<meta name=\"twitter:card\" content=\"summary_large_image\" \/>\n<meta name=\"twitter:label1\" content=\"Est. reading time\" \/>\n\t<meta name=\"twitter:data1\" content=\"1 minute\" \/>\n<script type=\"application\/ld+json\" class=\"yoast-schema-graph\">{\"@context\":\"https:\/\/schema.org\",\"@graph\":[{\"@type\":\"WebPage\",\"@id\":\"https:\/\/ceref.helha.be\/technique\/formations\/formation-latex\/\",\"url\":\"https:\/\/ceref.helha.be\/technique\/formations\/formation-latex\/\",\"name\":\"Formation: LaTeX - CeREF Technique\",\"isPartOf\":{\"@id\":\"https:\/\/ceref.helha.be\/technique\/#website\"},\"datePublished\":\"2023-04-18T13:53:59+00:00\",\"dateModified\":\"2023-04-19T11:08:43+00:00\",\"breadcrumb\":{\"@id\":\"https:\/\/ceref.helha.be\/technique\/formations\/formation-latex\/#breadcrumb\"},\"inLanguage\":\"fr-BE\",\"potentialAction\":[{\"@type\":\"ReadAction\",\"target\":[\"https:\/\/ceref.helha.be\/technique\/formations\/formation-latex\/\"]}]},{\"@type\":\"BreadcrumbList\",\"@id\":\"https:\/\/ceref.helha.be\/technique\/formations\/formation-latex\/#breadcrumb\",\"itemListElement\":[{\"@type\":\"ListItem\",\"position\":1,\"name\":\"Home\",\"item\":\"https:\/\/ceref.helha.be\/technique\/\"},{\"@type\":\"ListItem\",\"position\":2,\"name\":\"Formations\",\"item\":\"https:\/\/ceref.helha.be\/technique\/formations\/\"},{\"@type\":\"ListItem\",\"position\":3,\"name\":\"Formation: LaTeX\"}]},{\"@type\":\"WebSite\",\"@id\":\"https:\/\/ceref.helha.be\/technique\/#website\",\"url\":\"https:\/\/ceref.helha.be\/technique\/\",\"name\":\"CeREF Technique - Centre de Recherche et de Formation continue de la HELHa\",\"description\":\"Centre de Recherche et de Formation HELHa\",\"publisher\":{\"@id\":\"https:\/\/ceref.helha.be\/technique\/#organization\"},\"potentialAction\":[{\"@type\":\"SearchAction\",\"target\":{\"@type\":\"EntryPoint\",\"urlTemplate\":\"https:\/\/ceref.helha.be\/technique\/?s={search_term_string}\"},\"query-input\":\"required name=search_term_string\"}],\"inLanguage\":\"fr-BE\"},{\"@type\":\"Organization\",\"@id\":\"https:\/\/ceref.helha.be\/technique\/#organization\",\"name\":\"CeREF Technique - Centre de Recherche et de Formation continue de la HELHa\",\"url\":\"https:\/\/ceref.helha.be\/technique\/\",\"logo\":{\"@type\":\"ImageObject\",\"inLanguage\":\"fr-BE\",\"@id\":\"https:\/\/ceref.helha.be\/technique\/#\/schema\/logo\/image\/\",\"url\":\"https:\/\/ceref.helha.be\/technique\/app\/uploads\/2019\/12\/logo-cereftechnique.jpg\",\"contentUrl\":\"https:\/\/ceref.helha.be\/technique\/app\/uploads\/2019\/12\/logo-cereftechnique.jpg\",\"width\":278,\"height\":154,\"caption\":\"CeREF Technique - Centre de Recherche et de Formation continue de la HELHa\"},\"image\":{\"@id\":\"https:\/\/ceref.helha.be\/technique\/#\/schema\/logo\/image\/\"},\"sameAs\":[\"https:\/\/www.facebook.com\/Ceref.helha\",\"https:\/\/www.linkedin.com\/company\/ceref-helha\/\"]}]}<\/script>\n<!-- \/ Yoast SEO plugin. -->","yoast_head_json":{"title":"Formation: LaTeX - CeREF Technique","robots":{"index":"index","follow":"follow","max-snippet":"max-snippet:-1","max-image-preview":"max-image-preview:large","max-video-preview":"max-video-preview:-1"},"canonical":"https:\/\/ceref.helha.be\/technique\/formations\/formation-latex\/","og_locale":"fr_FR","og_type":"article","og_title":"Formation: LaTeX - CeREF Technique","og_description":"Objectif de la formation Au terme de cette formation, le participant sera familier avec la syntaxe de LATEX. Tous les logiciels n\u00e9cessaires seront install\u00e9s sur son ordinateur personnel. Il sera \u00e9galement capable de construire la structure d\u2019un document, d\u2019\u00e9crire des \u00e9quations math\u00e9matiques, d\u2019inclure des figures et des tableaux et de r\u00e9diger une bibliographie. Organisation pratique [&hellip;]","og_url":"https:\/\/ceref.helha.be\/technique\/formations\/formation-latex\/","og_site_name":"CeREF Technique","article_publisher":"https:\/\/www.facebook.com\/Ceref.helha","article_modified_time":"2023-04-19T11:08:43+00:00","og_image":[{"url":"https:\/\/ceref.helha.be\/technique\/app\/uploads\/2023\/04\/Formation-Latex.png"}],"twitter_card":"summary_large_image","twitter_misc":{"Est. reading time":"1 minute"},"schema":{"@context":"https:\/\/schema.org","@graph":[{"@type":"WebPage","@id":"https:\/\/ceref.helha.be\/technique\/formations\/formation-latex\/","url":"https:\/\/ceref.helha.be\/technique\/formations\/formation-latex\/","name":"Formation: LaTeX - CeREF Technique","isPartOf":{"@id":"https:\/\/ceref.helha.be\/technique\/#website"},"datePublished":"2023-04-18T13:53:59+00:00","dateModified":"2023-04-19T11:08:43+00:00","breadcrumb":{"@id":"https:\/\/ceref.helha.be\/technique\/formations\/formation-latex\/#breadcrumb"},"inLanguage":"fr-BE","potentialAction":[{"@type":"ReadAction","target":["https:\/\/ceref.helha.be\/technique\/formations\/formation-latex\/"]}]},{"@type":"BreadcrumbList","@id":"https:\/\/ceref.helha.be\/technique\/formations\/formation-latex\/#breadcrumb","itemListElement":[{"@type":"ListItem","position":1,"name":"Home","item":"https:\/\/ceref.helha.be\/technique\/"},{"@type":"ListItem","position":2,"name":"Formations","item":"https:\/\/ceref.helha.be\/technique\/formations\/"},{"@type":"ListItem","position":3,"name":"Formation: LaTeX"}]},{"@type":"WebSite","@id":"https:\/\/ceref.helha.be\/technique\/#website","url":"https:\/\/ceref.helha.be\/technique\/","name":"CeREF Technique - Centre de Recherche et de Formation continue de la HELHa","description":"Centre de Recherche et de Formation HELHa","publisher":{"@id":"https:\/\/ceref.helha.be\/technique\/#organization"},"potentialAction":[{"@type":"SearchAction","target":{"@type":"EntryPoint","urlTemplate":"https:\/\/ceref.helha.be\/technique\/?s={search_term_string}"},"query-input":"required name=search_term_string"}],"inLanguage":"fr-BE"},{"@type":"Organization","@id":"https:\/\/ceref.helha.be\/technique\/#organization","name":"CeREF Technique - Centre de Recherche et de Formation continue de la HELHa","url":"https:\/\/ceref.helha.be\/technique\/","logo":{"@type":"ImageObject","inLanguage":"fr-BE","@id":"https:\/\/ceref.helha.be\/technique\/#\/schema\/logo\/image\/","url":"https:\/\/ceref.helha.be\/technique\/app\/uploads\/2019\/12\/logo-cereftechnique.jpg","contentUrl":"https:\/\/ceref.helha.be\/technique\/app\/uploads\/2019\/12\/logo-cereftechnique.jpg","width":278,"height":154,"caption":"CeREF Technique - Centre de Recherche et de Formation continue de la HELHa"},"image":{"@id":"https:\/\/ceref.helha.be\/technique\/#\/schema\/logo\/image\/"},"sameAs":["https:\/\/www.facebook.com\/Ceref.helha","https:\/\/www.linkedin.com\/company\/ceref-helha\/"]}]}},"_links":{"self":[{"href":"https:\/\/ceref.helha.be\/technique\/wp-json\/wp\/v2\/pages\/2730","targetHints":{"allow":["GET"]}}],"collection":[{"href":"https:\/\/ceref.helha.be\/technique\/wp-json\/wp\/v2\/pages"}],"about":[{"href":"https:\/\/ceref.helha.be\/technique\/wp-json\/wp\/v2\/types\/page"}],"author":[{"embeddable":true,"href":"https:\/\/ceref.helha.be\/technique\/wp-json\/wp\/v2\/users\/8"}],"replies":[{"embeddable":true,"href":"https:\/\/ceref.helha.be\/technique\/wp-json\/wp\/v2\/comments?post=2730"}],"version-history":[{"count":5,"href":"https:\/\/ceref.helha.be\/technique\/wp-json\/wp\/v2\/pages\/2730\/revisions"}],"predecessor-version":[{"id":2762,"href":"https:\/\/ceref.helha.be\/technique\/wp-json\/wp\/v2\/pages\/2730\/revisions\/2762"}],"up":[{"embeddable":true,"href":"https:\/\/ceref.helha.be\/technique\/wp-json\/wp\/v2\/pages\/238"}],"wp:attachment":[{"href":"https:\/\/ceref.helha.be\/technique\/wp-json\/wp\/v2\/media?parent=2730"}],"curies":[{"name":"wp","href":"https:\/\/api.w.org\/{rel}","templated":true}]}}