{"id":2728,"date":"2023-04-18T15:53:30","date_gmt":"2023-04-18T13:53:30","guid":{"rendered":"https:\/\/ceref.helha.be\/technique\/?page_id=2728"},"modified":"2023-04-19T11:55:59","modified_gmt":"2023-04-19T09:55:59","slug":"formation-impression-3d","status":"publish","type":"page","link":"https:\/\/ceref.helha.be\/technique\/formations\/formation-impression-3d\/","title":{"rendered":"Formation: Impression 3D"},"content":{"rendered":"<h1>Objectif de la formation<\/h1>\n<p style=\"text-align: justify;\">Le but de cette formation est de concevoir, cr\u00e9er et r\u00e9aliser une pi\u00e8ce imprim\u00e9e en 3D. Pour faire cela, les participants assisteront \u00e0 une initiation \u00e0 la conception assist\u00e9e par ordinateur sur le logiciel Fusion 360. Cette initiation apportera aux participants les bases n\u00e9cessaires \u00e0 la r\u00e9alisation d&rsquo;un mod\u00e8le 3D. Les participants seront ensuite encadr\u00e9s pour r\u00e9aliser leurs propres pi\u00e8ces 3D. Dans la deuxi\u00e8me partie de la formation, les participants imprimeront leurs r\u00e9alisations et pourront repartir avec \u00e0 la fin de la formation. Les diff\u00e9rentes \u00e9tapes de r\u00e9alisation de l&rsquo;impression d&rsquo;une pi\u00e8ce seront explicit\u00e9es. Du principe m\u00eame de l&rsquo;impression 3D jusqu&rsquo;aux d\u00e9fauts pouvant survenir lors de l&rsquo;impression.<\/p>\n<table style=\"border-collapse: collapse; width: 100%;\">\n<tbody>\n<tr>\n<td style=\"width: 50%;\"><img loading=\"lazy\" decoding=\"async\" class=\"aligncenter\" src=\"https:\/\/ceref.helha.be\/technique\/app\/uploads\/2023\/04\/Formation-Impression-3D-Modele.png\" alt=\"\" width=\"657\" height=\"500\" \/><\/td>\n<td style=\"width: 50%;\"><img loading=\"lazy\" decoding=\"async\" class=\"aligncenter\" src=\"https:\/\/ceref.helha.be\/technique\/app\/uploads\/2023\/04\/Formation-Impression-3D-Impression.png\" alt=\"\" width=\"332\" height=\"322\" \/><\/td>\n<\/tr>\n<\/tbody>\n<\/table>\n<h1>Organisation pratique<\/h1>\n<p>Dur\u00e9e : 1 journ\u00e9e de 9h \u00e0 16h30<\/p>\n<p>Formateur : <a href=\"https:\/\/ceref.helha.be\/technique\/equipe\/herpoel\/\">Thomas Herpoel<\/a><\/p>\n<p>Lieu si la formation est organis\u00e9e \u00e0 la HELHa :<br \/>\nCampus de Mons \u2013 b\u00e2timent HE3<br \/>\nChauss\u00e9e de Binche 159<br \/>\n7000 Mons<\/p>\n<p>Prix : 50 \u20ac<\/p>\n<p>Nombre de participants maximum pour une journ\u00e9e : 10<\/p>\n<p>Pour contacter l\u2019organisateur : <a href=\"mailto:contact.tech@ceref.be\">contact.tech@ceref.be<\/a><\/p>\n","protected":false},"excerpt":{"rendered":"<p>Objectif de la formation Le but de cette formation est de concevoir, cr\u00e9er et r\u00e9aliser une pi\u00e8ce imprim\u00e9e en 3D. Pour faire cela, les participants assisteront \u00e0 une initiation \u00e0 la conception assist\u00e9e par ordinateur sur le logiciel Fusion 360. Cette initiation apportera aux participants les bases n\u00e9cessaires \u00e0 la r\u00e9alisation d&rsquo;un mod\u00e8le 3D. Les [&hellip;]<\/p>\n","protected":false},"author":8,"featured_media":0,"parent":238,"menu_order":0,"comment_status":"closed","ping_status":"closed","template":"","meta":{"_acf_changed":false,"footnotes":""},"class_list":["post-2728","page","type-page","status-publish","hentry"],"acf":[],"yoast_head":"<!-- This site is optimized with the Yoast SEO plugin v21.9.1 - https:\/\/yoast.com\/wordpress\/plugins\/seo\/ -->\n<title>Formation: Impression 3D - CeREF Technique<\/title>\n<meta name=\"robots\" content=\"index, follow, max-snippet:-1, max-image-preview:large, max-video-preview:-1\" \/>\n<link rel=\"canonical\" href=\"https:\/\/ceref.helha.be\/technique\/formations\/formation-impression-3d\/\" \/>\n<meta property=\"og:locale\" content=\"fr_FR\" \/>\n<meta property=\"og:type\" content=\"article\" \/>\n<meta property=\"og:title\" content=\"Formation: Impression 3D - CeREF Technique\" \/>\n<meta property=\"og:description\" content=\"Objectif de la formation Le but de cette formation est de concevoir, cr\u00e9er et r\u00e9aliser une pi\u00e8ce imprim\u00e9e en 3D. Pour faire cela, les participants assisteront \u00e0 une initiation \u00e0 la conception assist\u00e9e par ordinateur sur le logiciel Fusion 360. Cette initiation apportera aux participants les bases n\u00e9cessaires \u00e0 la r\u00e9alisation d&rsquo;un mod\u00e8le 3D. Les [&hellip;]\" \/>\n<meta property=\"og:url\" content=\"https:\/\/ceref.helha.be\/technique\/formations\/formation-impression-3d\/\" \/>\n<meta property=\"og:site_name\" content=\"CeREF Technique\" \/>\n<meta property=\"article:publisher\" content=\"https:\/\/www.facebook.com\/Ceref.helha\" \/>\n<meta property=\"article:modified_time\" content=\"2023-04-19T09:55:59+00:00\" \/>\n<meta property=\"og:image\" content=\"https:\/\/ceref.helha.be\/technique\/app\/uploads\/2023\/04\/Formation-Impression-3D-Modele.png\" \/>\n<meta name=\"twitter:card\" content=\"summary_large_image\" \/>\n<meta name=\"twitter:label1\" content=\"Est. reading time\" \/>\n\t<meta name=\"twitter:data1\" content=\"1 minute\" \/>\n<script type=\"application\/ld+json\" class=\"yoast-schema-graph\">{\"@context\":\"https:\/\/schema.org\",\"@graph\":[{\"@type\":\"WebPage\",\"@id\":\"https:\/\/ceref.helha.be\/technique\/formations\/formation-impression-3d\/\",\"url\":\"https:\/\/ceref.helha.be\/technique\/formations\/formation-impression-3d\/\",\"name\":\"Formation: Impression 3D - CeREF Technique\",\"isPartOf\":{\"@id\":\"https:\/\/ceref.helha.be\/technique\/#website\"},\"datePublished\":\"2023-04-18T13:53:30+00:00\",\"dateModified\":\"2023-04-19T09:55:59+00:00\",\"breadcrumb\":{\"@id\":\"https:\/\/ceref.helha.be\/technique\/formations\/formation-impression-3d\/#breadcrumb\"},\"inLanguage\":\"fr-BE\",\"potentialAction\":[{\"@type\":\"ReadAction\",\"target\":[\"https:\/\/ceref.helha.be\/technique\/formations\/formation-impression-3d\/\"]}]},{\"@type\":\"BreadcrumbList\",\"@id\":\"https:\/\/ceref.helha.be\/technique\/formations\/formation-impression-3d\/#breadcrumb\",\"itemListElement\":[{\"@type\":\"ListItem\",\"position\":1,\"name\":\"Home\",\"item\":\"https:\/\/ceref.helha.be\/technique\/\"},{\"@type\":\"ListItem\",\"position\":2,\"name\":\"Formations\",\"item\":\"https:\/\/ceref.helha.be\/technique\/formations\/\"},{\"@type\":\"ListItem\",\"position\":3,\"name\":\"Formation: Impression 3D\"}]},{\"@type\":\"WebSite\",\"@id\":\"https:\/\/ceref.helha.be\/technique\/#website\",\"url\":\"https:\/\/ceref.helha.be\/technique\/\",\"name\":\"CeREF Technique - Centre de Recherche et de Formation continue de la HELHa\",\"description\":\"Centre de Recherche et de Formation HELHa\",\"publisher\":{\"@id\":\"https:\/\/ceref.helha.be\/technique\/#organization\"},\"potentialAction\":[{\"@type\":\"SearchAction\",\"target\":{\"@type\":\"EntryPoint\",\"urlTemplate\":\"https:\/\/ceref.helha.be\/technique\/?s={search_term_string}\"},\"query-input\":\"required name=search_term_string\"}],\"inLanguage\":\"fr-BE\"},{\"@type\":\"Organization\",\"@id\":\"https:\/\/ceref.helha.be\/technique\/#organization\",\"name\":\"CeREF Technique - Centre de Recherche et de Formation continue de la HELHa\",\"url\":\"https:\/\/ceref.helha.be\/technique\/\",\"logo\":{\"@type\":\"ImageObject\",\"inLanguage\":\"fr-BE\",\"@id\":\"https:\/\/ceref.helha.be\/technique\/#\/schema\/logo\/image\/\",\"url\":\"https:\/\/ceref.helha.be\/technique\/app\/uploads\/2019\/12\/logo-cereftechnique.jpg\",\"contentUrl\":\"https:\/\/ceref.helha.be\/technique\/app\/uploads\/2019\/12\/logo-cereftechnique.jpg\",\"width\":278,\"height\":154,\"caption\":\"CeREF Technique - Centre de Recherche et de Formation continue de la HELHa\"},\"image\":{\"@id\":\"https:\/\/ceref.helha.be\/technique\/#\/schema\/logo\/image\/\"},\"sameAs\":[\"https:\/\/www.facebook.com\/Ceref.helha\",\"https:\/\/www.linkedin.com\/company\/ceref-helha\/\"]}]}<\/script>\n<!-- \/ Yoast SEO plugin. -->","yoast_head_json":{"title":"Formation: Impression 3D - CeREF Technique","robots":{"index":"index","follow":"follow","max-snippet":"max-snippet:-1","max-image-preview":"max-image-preview:large","max-video-preview":"max-video-preview:-1"},"canonical":"https:\/\/ceref.helha.be\/technique\/formations\/formation-impression-3d\/","og_locale":"fr_FR","og_type":"article","og_title":"Formation: Impression 3D - CeREF Technique","og_description":"Objectif de la formation Le but de cette formation est de concevoir, cr\u00e9er et r\u00e9aliser une pi\u00e8ce imprim\u00e9e en 3D. Pour faire cela, les participants assisteront \u00e0 une initiation \u00e0 la conception assist\u00e9e par ordinateur sur le logiciel Fusion 360. Cette initiation apportera aux participants les bases n\u00e9cessaires \u00e0 la r\u00e9alisation d&rsquo;un mod\u00e8le 3D. Les [&hellip;]","og_url":"https:\/\/ceref.helha.be\/technique\/formations\/formation-impression-3d\/","og_site_name":"CeREF Technique","article_publisher":"https:\/\/www.facebook.com\/Ceref.helha","article_modified_time":"2023-04-19T09:55:59+00:00","og_image":[{"url":"https:\/\/ceref.helha.be\/technique\/app\/uploads\/2023\/04\/Formation-Impression-3D-Modele.png"}],"twitter_card":"summary_large_image","twitter_misc":{"Est. reading time":"1 minute"},"schema":{"@context":"https:\/\/schema.org","@graph":[{"@type":"WebPage","@id":"https:\/\/ceref.helha.be\/technique\/formations\/formation-impression-3d\/","url":"https:\/\/ceref.helha.be\/technique\/formations\/formation-impression-3d\/","name":"Formation: Impression 3D - CeREF Technique","isPartOf":{"@id":"https:\/\/ceref.helha.be\/technique\/#website"},"datePublished":"2023-04-18T13:53:30+00:00","dateModified":"2023-04-19T09:55:59+00:00","breadcrumb":{"@id":"https:\/\/ceref.helha.be\/technique\/formations\/formation-impression-3d\/#breadcrumb"},"inLanguage":"fr-BE","potentialAction":[{"@type":"ReadAction","target":["https:\/\/ceref.helha.be\/technique\/formations\/formation-impression-3d\/"]}]},{"@type":"BreadcrumbList","@id":"https:\/\/ceref.helha.be\/technique\/formations\/formation-impression-3d\/#breadcrumb","itemListElement":[{"@type":"ListItem","position":1,"name":"Home","item":"https:\/\/ceref.helha.be\/technique\/"},{"@type":"ListItem","position":2,"name":"Formations","item":"https:\/\/ceref.helha.be\/technique\/formations\/"},{"@type":"ListItem","position":3,"name":"Formation: Impression 3D"}]},{"@type":"WebSite","@id":"https:\/\/ceref.helha.be\/technique\/#website","url":"https:\/\/ceref.helha.be\/technique\/","name":"CeREF Technique - Centre de Recherche et de Formation continue de la HELHa","description":"Centre de Recherche et de Formation HELHa","publisher":{"@id":"https:\/\/ceref.helha.be\/technique\/#organization"},"potentialAction":[{"@type":"SearchAction","target":{"@type":"EntryPoint","urlTemplate":"https:\/\/ceref.helha.be\/technique\/?s={search_term_string}"},"query-input":"required name=search_term_string"}],"inLanguage":"fr-BE"},{"@type":"Organization","@id":"https:\/\/ceref.helha.be\/technique\/#organization","name":"CeREF Technique - Centre de Recherche et de Formation continue de la HELHa","url":"https:\/\/ceref.helha.be\/technique\/","logo":{"@type":"ImageObject","inLanguage":"fr-BE","@id":"https:\/\/ceref.helha.be\/technique\/#\/schema\/logo\/image\/","url":"https:\/\/ceref.helha.be\/technique\/app\/uploads\/2019\/12\/logo-cereftechnique.jpg","contentUrl":"https:\/\/ceref.helha.be\/technique\/app\/uploads\/2019\/12\/logo-cereftechnique.jpg","width":278,"height":154,"caption":"CeREF Technique - Centre de Recherche et de Formation continue de la HELHa"},"image":{"@id":"https:\/\/ceref.helha.be\/technique\/#\/schema\/logo\/image\/"},"sameAs":["https:\/\/www.facebook.com\/Ceref.helha","https:\/\/www.linkedin.com\/company\/ceref-helha\/"]}]}},"_links":{"self":[{"href":"https:\/\/ceref.helha.be\/technique\/wp-json\/wp\/v2\/pages\/2728","targetHints":{"allow":["GET"]}}],"collection":[{"href":"https:\/\/ceref.helha.be\/technique\/wp-json\/wp\/v2\/pages"}],"about":[{"href":"https:\/\/ceref.helha.be\/technique\/wp-json\/wp\/v2\/types\/page"}],"author":[{"embeddable":true,"href":"https:\/\/ceref.helha.be\/technique\/wp-json\/wp\/v2\/users\/8"}],"replies":[{"embeddable":true,"href":"https:\/\/ceref.helha.be\/technique\/wp-json\/wp\/v2\/comments?post=2728"}],"version-history":[{"count":7,"href":"https:\/\/ceref.helha.be\/technique\/wp-json\/wp\/v2\/pages\/2728\/revisions"}],"predecessor-version":[{"id":2758,"href":"https:\/\/ceref.helha.be\/technique\/wp-json\/wp\/v2\/pages\/2728\/revisions\/2758"}],"up":[{"embeddable":true,"href":"https:\/\/ceref.helha.be\/technique\/wp-json\/wp\/v2\/pages\/238"}],"wp:attachment":[{"href":"https:\/\/ceref.helha.be\/technique\/wp-json\/wp\/v2\/media?parent=2728"}],"curies":[{"name":"wp","href":"https:\/\/api.w.org\/{rel}","templated":true}]}}