{"id":2726,"date":"2023-04-18T15:53:05","date_gmt":"2023-04-18T13:53:05","guid":{"rendered":"https:\/\/ceref.helha.be\/technique\/?page_id=2726"},"modified":"2023-04-19T11:11:05","modified_gmt":"2023-04-19T09:11:05","slug":"formation-arduino","status":"publish","type":"page","link":"https:\/\/ceref.helha.be\/technique\/formations\/formation-arduino\/","title":{"rendered":"Formation: Arduino"},"content":{"rendered":"<h1>Objectif de la formation<\/h1>\n<p style=\"text-align: justify;\">Au terme de cette formation, le participant sera familier avec l\u2019environnement Arduino. Le logiciel permettant de programmer sur la carte Arduino sera install\u00e9 sur l\u2019ordinateur personnel. Le participant sera \u00e9galement capable de cr\u00e9er des programmes informatiques destin\u00e9s \u00e0 \u00eatre int\u00e9gr\u00e9s dans des montages \u00e9lectroniques qu\u2019il pourra lui aussi r\u00e9aliser \u00e0 l\u2019aide des comp\u00e9tences acquises lors de la formation. Des kits comprenant des cartes Arduino ainsi que diff\u00e9rents capteurs et actionneurs seront utilis\u00e9s lors de la formation afin de permettre aux participants de directement mettre en pratique les notions th\u00e9oriques vues lors de la formation.<\/p>\n<table style=\"border-collapse: collapse; width: 100%;\">\n<tbody>\n<tr>\n<td style=\"width: 50%;\"><img loading=\"lazy\" decoding=\"async\" class=\"aligncenter\" src=\"https:\/\/ceref.helha.be\/technique\/app\/uploads\/2023\/04\/Formation-Arduino.jpg\" alt=\"\" width=\"338\" height=\"450\" \/><\/td>\n<td style=\"width: 50%;\"><img decoding=\"async\" class=\"aligncenter\" src=\"https:\/\/ceref.helha.be\/technique\/app\/uploads\/2023\/04\/Formation-Arduino-IDE.png\" alt=\"\" \/><\/td>\n<\/tr>\n<\/tbody>\n<\/table>\n<h1>Organisation pratique<\/h1>\n<p>Dur\u00e9e : 1 journ\u00e9e de 9h \u00e0 16h30<\/p>\n<p>Formateur :\u00a0 <a href=\"https:\/\/ceref.helha.be\/technique\/equipe\/sauvagen-2\/\">Nicolas Sauvage<\/a><\/p>\n<p>Lieu si la formation est organis\u00e9e \u00e0 la HELHa :<br \/>\nCampus de Mons \u2013 b\u00e2timent HE3<br \/>\nChauss\u00e9e de Binche 159<br \/>\n7000 Mons<\/p>\n<p>Prix : 50 \u20ac<\/p>\n<p>Nombre de participants maximum pour une journ\u00e9e : 20<\/p>\n<p>Pour contacter l\u2019organisateur : <a href=\"mailto:contact.tech@ceref.be\">contact.tech@ceref.be<\/a><\/p>\n","protected":false},"excerpt":{"rendered":"<p>Objectif de la formation Au terme de cette formation, le participant sera familier avec l\u2019environnement Arduino. Le logiciel permettant de programmer sur la carte Arduino sera install\u00e9 sur l\u2019ordinateur personnel. Le participant sera \u00e9galement capable de cr\u00e9er des programmes informatiques destin\u00e9s \u00e0 \u00eatre int\u00e9gr\u00e9s dans des montages \u00e9lectroniques qu\u2019il pourra lui aussi r\u00e9aliser \u00e0 l\u2019aide [&hellip;]<\/p>\n","protected":false},"author":8,"featured_media":0,"parent":238,"menu_order":0,"comment_status":"closed","ping_status":"closed","template":"","meta":{"_acf_changed":false,"footnotes":""},"class_list":["post-2726","page","type-page","status-publish","hentry"],"acf":[],"yoast_head":"<!-- This site is optimized with the Yoast SEO plugin v21.9.1 - https:\/\/yoast.com\/wordpress\/plugins\/seo\/ -->\n<title>Formation: Arduino - CeREF Technique<\/title>\n<meta name=\"robots\" content=\"index, follow, max-snippet:-1, max-image-preview:large, max-video-preview:-1\" \/>\n<link rel=\"canonical\" href=\"https:\/\/ceref.helha.be\/technique\/formations\/formation-arduino\/\" \/>\n<meta property=\"og:locale\" content=\"fr_FR\" \/>\n<meta property=\"og:type\" content=\"article\" \/>\n<meta property=\"og:title\" content=\"Formation: Arduino - CeREF Technique\" \/>\n<meta property=\"og:description\" content=\"Objectif de la formation Au terme de cette formation, le participant sera familier avec l\u2019environnement Arduino. Le logiciel permettant de programmer sur la carte Arduino sera install\u00e9 sur l\u2019ordinateur personnel. Le participant sera \u00e9galement capable de cr\u00e9er des programmes informatiques destin\u00e9s \u00e0 \u00eatre int\u00e9gr\u00e9s dans des montages \u00e9lectroniques qu\u2019il pourra lui aussi r\u00e9aliser \u00e0 l\u2019aide [&hellip;]\" \/>\n<meta property=\"og:url\" content=\"https:\/\/ceref.helha.be\/technique\/formations\/formation-arduino\/\" \/>\n<meta property=\"og:site_name\" content=\"CeREF Technique\" \/>\n<meta property=\"article:publisher\" content=\"https:\/\/www.facebook.com\/Ceref.helha\" \/>\n<meta property=\"article:modified_time\" content=\"2023-04-19T09:11:05+00:00\" \/>\n<meta property=\"og:image\" content=\"https:\/\/ceref.helha.be\/technique\/app\/uploads\/2023\/04\/Formation-Arduino.jpg\" \/>\n<meta name=\"twitter:card\" content=\"summary_large_image\" \/>\n<meta name=\"twitter:label1\" content=\"Est. reading time\" \/>\n\t<meta name=\"twitter:data1\" content=\"1 minute\" \/>\n<script type=\"application\/ld+json\" class=\"yoast-schema-graph\">{\"@context\":\"https:\/\/schema.org\",\"@graph\":[{\"@type\":\"WebPage\",\"@id\":\"https:\/\/ceref.helha.be\/technique\/formations\/formation-arduino\/\",\"url\":\"https:\/\/ceref.helha.be\/technique\/formations\/formation-arduino\/\",\"name\":\"Formation: Arduino - CeREF Technique\",\"isPartOf\":{\"@id\":\"https:\/\/ceref.helha.be\/technique\/#website\"},\"datePublished\":\"2023-04-18T13:53:05+00:00\",\"dateModified\":\"2023-04-19T09:11:05+00:00\",\"breadcrumb\":{\"@id\":\"https:\/\/ceref.helha.be\/technique\/formations\/formation-arduino\/#breadcrumb\"},\"inLanguage\":\"fr-BE\",\"potentialAction\":[{\"@type\":\"ReadAction\",\"target\":[\"https:\/\/ceref.helha.be\/technique\/formations\/formation-arduino\/\"]}]},{\"@type\":\"BreadcrumbList\",\"@id\":\"https:\/\/ceref.helha.be\/technique\/formations\/formation-arduino\/#breadcrumb\",\"itemListElement\":[{\"@type\":\"ListItem\",\"position\":1,\"name\":\"Home\",\"item\":\"https:\/\/ceref.helha.be\/technique\/\"},{\"@type\":\"ListItem\",\"position\":2,\"name\":\"Formations\",\"item\":\"https:\/\/ceref.helha.be\/technique\/formations\/\"},{\"@type\":\"ListItem\",\"position\":3,\"name\":\"Formation: Arduino\"}]},{\"@type\":\"WebSite\",\"@id\":\"https:\/\/ceref.helha.be\/technique\/#website\",\"url\":\"https:\/\/ceref.helha.be\/technique\/\",\"name\":\"CeREF Technique - Centre de Recherche et de Formation continue de la HELHa\",\"description\":\"Centre de Recherche et de Formation HELHa\",\"publisher\":{\"@id\":\"https:\/\/ceref.helha.be\/technique\/#organization\"},\"potentialAction\":[{\"@type\":\"SearchAction\",\"target\":{\"@type\":\"EntryPoint\",\"urlTemplate\":\"https:\/\/ceref.helha.be\/technique\/?s={search_term_string}\"},\"query-input\":\"required name=search_term_string\"}],\"inLanguage\":\"fr-BE\"},{\"@type\":\"Organization\",\"@id\":\"https:\/\/ceref.helha.be\/technique\/#organization\",\"name\":\"CeREF Technique - Centre de Recherche et de Formation continue de la HELHa\",\"url\":\"https:\/\/ceref.helha.be\/technique\/\",\"logo\":{\"@type\":\"ImageObject\",\"inLanguage\":\"fr-BE\",\"@id\":\"https:\/\/ceref.helha.be\/technique\/#\/schema\/logo\/image\/\",\"url\":\"https:\/\/ceref.helha.be\/technique\/app\/uploads\/2019\/12\/logo-cereftechnique.jpg\",\"contentUrl\":\"https:\/\/ceref.helha.be\/technique\/app\/uploads\/2019\/12\/logo-cereftechnique.jpg\",\"width\":278,\"height\":154,\"caption\":\"CeREF Technique - Centre de Recherche et de Formation continue de la HELHa\"},\"image\":{\"@id\":\"https:\/\/ceref.helha.be\/technique\/#\/schema\/logo\/image\/\"},\"sameAs\":[\"https:\/\/www.facebook.com\/Ceref.helha\",\"https:\/\/www.linkedin.com\/company\/ceref-helha\/\"]}]}<\/script>\n<!-- \/ Yoast SEO plugin. -->","yoast_head_json":{"title":"Formation: Arduino - CeREF Technique","robots":{"index":"index","follow":"follow","max-snippet":"max-snippet:-1","max-image-preview":"max-image-preview:large","max-video-preview":"max-video-preview:-1"},"canonical":"https:\/\/ceref.helha.be\/technique\/formations\/formation-arduino\/","og_locale":"fr_FR","og_type":"article","og_title":"Formation: Arduino - CeREF Technique","og_description":"Objectif de la formation Au terme de cette formation, le participant sera familier avec l\u2019environnement Arduino. Le logiciel permettant de programmer sur la carte Arduino sera install\u00e9 sur l\u2019ordinateur personnel. Le participant sera \u00e9galement capable de cr\u00e9er des programmes informatiques destin\u00e9s \u00e0 \u00eatre int\u00e9gr\u00e9s dans des montages \u00e9lectroniques qu\u2019il pourra lui aussi r\u00e9aliser \u00e0 l\u2019aide [&hellip;]","og_url":"https:\/\/ceref.helha.be\/technique\/formations\/formation-arduino\/","og_site_name":"CeREF Technique","article_publisher":"https:\/\/www.facebook.com\/Ceref.helha","article_modified_time":"2023-04-19T09:11:05+00:00","og_image":[{"url":"https:\/\/ceref.helha.be\/technique\/app\/uploads\/2023\/04\/Formation-Arduino.jpg"}],"twitter_card":"summary_large_image","twitter_misc":{"Est. reading time":"1 minute"},"schema":{"@context":"https:\/\/schema.org","@graph":[{"@type":"WebPage","@id":"https:\/\/ceref.helha.be\/technique\/formations\/formation-arduino\/","url":"https:\/\/ceref.helha.be\/technique\/formations\/formation-arduino\/","name":"Formation: Arduino - CeREF Technique","isPartOf":{"@id":"https:\/\/ceref.helha.be\/technique\/#website"},"datePublished":"2023-04-18T13:53:05+00:00","dateModified":"2023-04-19T09:11:05+00:00","breadcrumb":{"@id":"https:\/\/ceref.helha.be\/technique\/formations\/formation-arduino\/#breadcrumb"},"inLanguage":"fr-BE","potentialAction":[{"@type":"ReadAction","target":["https:\/\/ceref.helha.be\/technique\/formations\/formation-arduino\/"]}]},{"@type":"BreadcrumbList","@id":"https:\/\/ceref.helha.be\/technique\/formations\/formation-arduino\/#breadcrumb","itemListElement":[{"@type":"ListItem","position":1,"name":"Home","item":"https:\/\/ceref.helha.be\/technique\/"},{"@type":"ListItem","position":2,"name":"Formations","item":"https:\/\/ceref.helha.be\/technique\/formations\/"},{"@type":"ListItem","position":3,"name":"Formation: Arduino"}]},{"@type":"WebSite","@id":"https:\/\/ceref.helha.be\/technique\/#website","url":"https:\/\/ceref.helha.be\/technique\/","name":"CeREF Technique - Centre de Recherche et de Formation continue de la HELHa","description":"Centre de Recherche et de Formation HELHa","publisher":{"@id":"https:\/\/ceref.helha.be\/technique\/#organization"},"potentialAction":[{"@type":"SearchAction","target":{"@type":"EntryPoint","urlTemplate":"https:\/\/ceref.helha.be\/technique\/?s={search_term_string}"},"query-input":"required name=search_term_string"}],"inLanguage":"fr-BE"},{"@type":"Organization","@id":"https:\/\/ceref.helha.be\/technique\/#organization","name":"CeREF Technique - Centre de Recherche et de Formation continue de la HELHa","url":"https:\/\/ceref.helha.be\/technique\/","logo":{"@type":"ImageObject","inLanguage":"fr-BE","@id":"https:\/\/ceref.helha.be\/technique\/#\/schema\/logo\/image\/","url":"https:\/\/ceref.helha.be\/technique\/app\/uploads\/2019\/12\/logo-cereftechnique.jpg","contentUrl":"https:\/\/ceref.helha.be\/technique\/app\/uploads\/2019\/12\/logo-cereftechnique.jpg","width":278,"height":154,"caption":"CeREF Technique - Centre de Recherche et de Formation continue de la HELHa"},"image":{"@id":"https:\/\/ceref.helha.be\/technique\/#\/schema\/logo\/image\/"},"sameAs":["https:\/\/www.facebook.com\/Ceref.helha","https:\/\/www.linkedin.com\/company\/ceref-helha\/"]}]}},"_links":{"self":[{"href":"https:\/\/ceref.helha.be\/technique\/wp-json\/wp\/v2\/pages\/2726","targetHints":{"allow":["GET"]}}],"collection":[{"href":"https:\/\/ceref.helha.be\/technique\/wp-json\/wp\/v2\/pages"}],"about":[{"href":"https:\/\/ceref.helha.be\/technique\/wp-json\/wp\/v2\/types\/page"}],"author":[{"embeddable":true,"href":"https:\/\/ceref.helha.be\/technique\/wp-json\/wp\/v2\/users\/8"}],"replies":[{"embeddable":true,"href":"https:\/\/ceref.helha.be\/technique\/wp-json\/wp\/v2\/comments?post=2726"}],"version-history":[{"count":7,"href":"https:\/\/ceref.helha.be\/technique\/wp-json\/wp\/v2\/pages\/2726\/revisions"}],"predecessor-version":[{"id":2745,"href":"https:\/\/ceref.helha.be\/technique\/wp-json\/wp\/v2\/pages\/2726\/revisions\/2745"}],"up":[{"embeddable":true,"href":"https:\/\/ceref.helha.be\/technique\/wp-json\/wp\/v2\/pages\/238"}],"wp:attachment":[{"href":"https:\/\/ceref.helha.be\/technique\/wp-json\/wp\/v2\/media?parent=2726"}],"curies":[{"name":"wp","href":"https:\/\/api.w.org\/{rel}","templated":true}]}}