{"id":249,"date":"2019-12-17T14:24:37","date_gmt":"2019-12-17T13:24:37","guid":{"rendered":"https:\/\/ceref-test.helha.be\/technique\/?page_id=249"},"modified":"2026-01-06T17:12:25","modified_gmt":"2026-01-06T17:12:25","slug":"contact","status":"publish","type":"page","link":"https:\/\/ceref.helha.be\/technique\/contact\/","title":{"rendered":"Contact"},"content":{"rendered":"<section class=\"row\">\n<h2 class=\"text-he-current\">Adresse<\/h2>\n<div class=\"col-12 col-lg-4\">\n<div class=\"card\">\n<div><img loading=\"lazy\" decoding=\"async\" class=\"card-img-top\" src=\"\/technique\/app\/uploads\/2024\/12\/helha-implantation-mons.jpg\" alt=\"HELHa implantation Mons\" width=\"300\" height=\"200\"><\/div>\n<div class=\"card-body d-flex align-items-center\">\n                <i class=\"bi bi-geo-alt fs-1 text-he-current me-3\"><\/i><\/p>\n<address>\n                    <strong class=\"text-he-current\">CeREF Technique<\/strong><br \/>\n159 Chauss\u00e9e de Binche<br \/>\n7000 Mons<br \/>\n<a href=\"mailto:contact.tech@ceref.be\">contact.tech@ceref.be<\/a><\/address>\n<\/div>\n<\/div>\n<\/div>\n<div class=\"col-12 col-lg-8 mt-3 mt-lg-0\">\n        <iframe loading=\"lazy\" style=\"border: 1px solid black;\" src=\"https:\/\/www.openstreetmap.org\/export\/embed.html?bbox=3.975366353988648%2C50.44888312214867%2C3.9931976795196538%2C50.45481955095681&amp;layer=mapnik&amp;marker=50.451848013994514%2C3.9856231212615967\" width=\"800\" height=\"400\" frameborder=\"0\" marginwidth=\"0\" marginheight=\"0\" scrolling=\"no\"><\/iframe><br \/>\n        <a href=\"https:\/\/www.openstreetmap.org\/?mlat=50.45185&#038;mlon=3.98562#map=17\/50.451850\/3.985620\">Afficher une carte plus grande<\/a><\/div>\n<\/section>\n<section class=\"mt-5\">\n<h2 class=\"text-he-current\">Personnes de contact<\/h2>\n<ul class=\"row list-unstyled\">\n<li class=\"col-12 col-sm-6\">\n<article class=\"card card-link\">\n<div class=\"card-body text-center\">\n<div><img loading=\"lazy\" decoding=\"async\" src=\"\/technique\/app\/uploads\/2020\/10\/nicolas-velings.jpeg\" alt=\"Nicolas Velings, directeur de recherche au CeREF technique\" width=\"64\" height=\"64\" class=\"rounded border mb-2\"><\/div>\n<h3 class=\"text-he-grey mb-1\"><a href=\"\/technique\/equipe\/nicolas-velings\/\" class=\"stretched-link\">Nicolas Velings<\/a><\/h3>\n<p class=\"mb-0\">Direction du CeREF Technique<\/p>\n<\/article>\n<\/li>\n<li class=\"col-12 col-sm-6 mt-3 mt-sm-0\">\n<article class=\"card card-link\">\n<div class=\"card-body text-center\">\n<div><img loading=\"lazy\" decoding=\"async\" src=\"\/technique\/app\/uploads\/2020\/10\/elinore-bonge.jpg\" alt=\"Elinore Bonge, comptable au CeREF technique\" width=\"64\" height=\"64\" class=\"rounded border mb-2\"><\/div>\n<h3 class=\"text-he-grey mb-1\"><a href=\"\/technique\/equipe\/elinore-bonge\/\" class=\"stretched-link\">Elinore Bonge<\/a><\/h3>\n<p class=\"mb-0\">Comptabilit\u00e9<\/p>\n<\/article>\n<\/li>\n<\/ul>\n<div class=\"row mt-5\">\n<div class=\"col-12 col-lg-4\">\n<h3 class=\"text-he-current\">P\u00f4le Biotechnologie<\/h3>\n<ul class=\"row list-unstyled\">\n<li class=\"col-12 col-sm-6 col-md-12\">\n<article class=\"card card-link\">\n<div class=\"card-body text-center\">\n<div><img loading=\"lazy\" decoding=\"async\" src=\"\/technique\/app\/uploads\/2020\/10\/vesna-jerkovic.jpg\" alt=\"Vesna Jerkovic, responsable de recherche au p\u00f4le Biotechnologie du CeREF technique\" width=\"64\" height=\"64\" class=\"rounded border mb-2\"><\/div>\n<h4 class=\"h3 text-he-grey mb-1\"><a href=\"\/technique\/equipe\/vesna-jerkovic\/\" class=\"stretched-link\">Vesna Jerkovic<\/a><\/h4>\n<p class=\"mb-0\">Responsable<\/p>\n<\/article>\n<\/li>\n<li class=\"col-12 col-sm-6 col-md-12 mt-3 mt-sm-0 mt-md-3\">\n<article class=\"card card-link\">\n<div class=\"card-body text-center\">\n<div><img loading=\"lazy\" decoding=\"async\" src=\"\/technique\/app\/uploads\/2020\/10\/charlotte-saussez.jpeg\" alt=\"Charlotte Saussez, coordinatrice du p\u00f4le Biotechnologie du CeREF technique\" width=\"64\" height=\"64\" class=\"rounded border mb-2\"><\/div>\n<h4 class=\"h3 text-he-grey mb-1\"><a href=\"\/technique\/equipe\/charlotte-saussez\/\" class=\"stretched-link\">Charlotte Saussez<\/a><\/h4>\n<p class=\"mb-0\">Coordinateur<\/p>\n<div>En savoir plus<\/div>\n<\/div>\n<\/article>\n<\/li>\n<\/ul>\n<\/div>\n<div class=\"col-12 col-lg-4 mt-3 mt-lg-0\">\n<h3 class=\"text-he-current\">P\u00f4le \u00c9lectricit\u00e9-\u00c9lectronique<\/h3>\n<ul class=\"row list-unstyled\">\n<li class=\"col-12 col-sm-6 col-md-12\">\n<article class=\"card card-link\">\n<div class=\"card-body text-center\">\n<div><img loading=\"lazy\" decoding=\"async\" src=\"\/technique\/app\/uploads\/2020\/02\/stephanie-eggermont.jpg\" alt=\"St\u00e9phanie Eggermont, responsable de recherche au p\u00f4le \u00c9lectricit\u00e9-\u00c9lectronique du CeREF technique\" width=\"64\" height=\"64\" class=\"rounded border mb-2\"><\/div>\n<h4 class=\"h3 text-he-grey mb-1\"><a href=\"\/technique\/equipe\/stephanie-eggermont\/\" class=\"stretched-link\">St\u00e9phanie Eggermont<\/a><\/h4>\n<p class=\"mb-0\">Responsable<\/p>\n<\/article>\n<\/li>\n<li class=\"col-12 col-sm-6 col-md-12 mt-3 mt-sm-0 mt-md-3\">\n<article class=\"card card-link\">\n<div class=\"card-body text-center\">\n<div><img loading=\"lazy\" decoding=\"async\" src=\"\/technique\/app\/uploads\/2020\/10\/maxim-dumortier.jpg\"\" alt=\"Maxim Dumortier, coordinateur au p\u00f4le \u00c9lectricit\u00e9-\u00c9lectronique du CeREF technique\" width=\"64\" height=\"64\" class=\"rounded border mb-2\"><\/div>\n<h4 class=\"h3 text-he-grey mb-1\"><a href=\"\/technique\/equipe\/maxim-dumortier\/\" class=\"stretched-link\">Maxim Dumortier<\/a><\/h4>\n<p class=\"mb-0\">Coordinateur<\/p>\n<\/article>\n<\/li>\n<\/ul>\n<\/div>\n<div class=\"col-12 col-lg-4 mt-3 mt-lg-0\">\n<h3 class=\"text-he-current\">P\u00f4le \u00c9lectrom\u00e9canique-Thermique<\/h3>\n<ul class=\"row list-unstyled\">\n<li class=\"col-12 col-sm-6 col-md-12\">\n<article class=\"card card-link\">\n<div class=\"card-body text-center\">\n<div><img loading=\"lazy\" decoding=\"async\" src=\"\/technique\/app\/uploads\/2020\/11\/jean-baptiste-coulaud.jpg\"\" alt=\"Jean-Baptiste Coulaud, responsable de recherche au p\u00f4le \u00c9lectrom\u00e9canique-Thermique du CeREF technique\" width=\"64\" height=\"64\" class=\"rounded border mb-2\"><\/div>\n<h4 class=\"h3 text-he-grey mb-1\"><a href=\"\/technique\/equipe\/jean-baptiste-coulaud\/\" class=\"stretched-link\">Jean-Baptiste Coulaud<\/a><\/h4>\n<p class=\"mb-0\">Responsable<\/p>\n<\/article>\n<\/li>\n<li class=\"col-12 col-sm-6 col-md-12 mt-3 mt-sm-0 mt-md-3\">\n<article class=\"card card-link\">\n<div class=\"card-body text-center\">\n<div><img loading=\"lazy\" decoding=\"async\" src=\"\/technique\/app\/uploads\/2020\/11\/julien-vachaudez.jpg\" alt=\"Julien Vachaudez, coordinateur au p\u00f4le \u00c9lectrom\u00e9canique-Thermique du CeREF technique\" width=\"64\" height=\"64\" class=\"rounded border mb-2\"><\/div>\n<h4 class=\"h3 text-he-grey mb-1\"><a href=\"\/technique\/equipe\/julien-vachaudez\/\" class=\"stretched-link\">Julien Vachaudez<\/a><\/h4>\n<p class=\"mb-0\">Coordinateur<\/p>\n<\/article>\n<\/li>\n<\/ul>\n<\/div>\n<\/div>\n<\/section>\n<section class=\"mt-5\">\n<h2 class=\"text-he-current\">Acc\u00e8s<\/h2>\n<ul class=\"row list-unstyled\">\n<li class=\"col-12 col-md-7\">\n<div class=\"card\">\n<div class=\"card-body\">\n<div class=\"text-center\"><i class=\"bi bi-car-front-fill fs-1 text-he-current\"><wbr><\/i><\/div>\n<h3 class=\"text-he-current text-center\">En voiture<\/h3>\n<p>Coordonn\u00e9es GPS : Latitude : 50.451516, Longitude : 3.982241<\/p>\n<h3>Via l\u2019autoroute de Wallonie (E19\/E42)<\/h3>\n<p class=\"lead mb-0\">En venant de Tournai\u00a0: sortie 24 Mons<\/p>\n<ul class=\"mb-3\">\n<li>Prendre le ring urbain,<\/li>\n<li>Le quitter \u00e0 droite \u00e0 la hauteur de la sortie Beaumont\/Binche (place des Flandres),<\/li>\n<li>Prendre la direction de Binche,<\/li>\n<li>Apr\u00e8s le carrefour (feux tricolores) de Beaumont, tourner \u00e0 gauche \u00e0 +\/- 300m pour rentrer sur le campus UCL Mons-HELHa.<\/li>\n<\/ul>\n<p class=\"lead mb-0\">En venant de Bruxelles\u00a0: sortie Mons Est<\/p>\n<ul>\n<li>Tourner \u00e0 droite, traverser le bois d\u2019Havr\u00e9,<\/li>\n<li>+\/- 3,5 Km apr\u00e8s la sortie de l\u2019autoroute, tourner \u00e0 gauche et prendre le chemin des mourdreux,<\/li>\n<li>Aux feux tricolores prendre \u00e0 gauche vers Binche, \u00e0 +\/- 300m, tourner \u00e0 gauche pour rentrer sur le campus UCL Mons-HELHa.<\/li>\n<\/ul>\n<\/div>\n<\/div>\n<\/li>\n<li class=\"col-12 col-md-5 mt-3 mt-md-0\">\n<div class=\"card\">\n<div class=\"card-body\">\n<div class=\"text-center\"><i class=\"bi bi-train-front-fill fs-1 text-he-current\"><wbr><\/i><\/div>\n<h3 class=\"text-he-current text-center\">En train<\/h3>\n<p class=\"mb-0\">\n                        Visitez le site de la\u00a0<a href=\"https:\/\/www.belgiantrain.be\/fr\/\">SNCB<\/a>. La gare la plus proche \u00e9tant celle de Mons.<\/p>\n<\/div>\n<\/div>\n<div class=\"card mt-3\">\n<div class=\"card-body\">\n<div class=\"text-center\"><i class=\"bi bi-bus-front-fill fs-1 text-he-current\"><wbr><\/i><\/div>\n<h3 class=\"text-he-current text-center\">En bus<\/h3>\n<p>Le <a href=\"https:\/\/www.letec.be\/\">TEC<\/a> a mis en service des navettes sp\u00e9ciales pour rejoindre le campus au d\u00e9part de la gare de Mons.<\/p>\n<p class=\"mb-0\">\n                        Des bus assurent une liaison r\u00e9guli\u00e8re entre le campus, le centre ville et la gare. Quatre\u00a0lignes principales desservent le campus :<\/p>\n<ul>\n<li>La ligne 22 (Mons-Binche)<\/li>\n<li>La ligne U<\/li>\n<li>La ligne 18 (Mons-St-Denis)<\/li>\n<li>La ligne 82 (Mons-Trazegnies)<\/li>\n<\/ul>\n<p class=\"mb-0\">Les lignes 34 et 134 vous conduisent directement \u00e0 la gare de Mons. Les bus A, B, C circulent gratuitement dans le centre de Mons.<\/p>\n<\/div>\n<\/div>\n<\/li>\n<\/ul>\n<\/section>\n","protected":false},"excerpt":{"rendered":"<p>Adresse CeREF Technique 159 Chauss\u00e9e de Binche 7000 Mons contact.tech@ceref.be Afficher une carte plus grande Personnes de contact Nicolas Velings Direction du CeREF Technique Elinore Bonge Comptabilit\u00e9 P\u00f4le Biotechnologie Vesna Jerkovic Responsable Charlotte Saussez Coordinateur En savoir plus P\u00f4le \u00c9lectricit\u00e9-\u00c9lectronique St\u00e9phanie Eggermont Responsable Jean-Baptiste Coulaud Responsable Julien Vachaudez Coordinateur Acc\u00e8s En voiture Coordonn\u00e9es GPS : [&hellip;]<\/p>\n","protected":false},"author":1,"featured_media":1942,"parent":0,"menu_order":0,"comment_status":"closed","ping_status":"closed","template":"template-fullwidth.php","meta":{"_acf_changed":false,"footnotes":""},"class_list":["post-249","page","type-page","status-publish","has-post-thumbnail","hentry"],"acf":[],"yoast_head":"<!-- This site is optimized with the Yoast SEO plugin v21.9.1 - https:\/\/yoast.com\/wordpress\/plugins\/seo\/ -->\n<title>Contact - CeREF Technique<\/title>\n<meta name=\"robots\" content=\"index, follow, max-snippet:-1, max-image-preview:large, max-video-preview:-1\" \/>\n<link rel=\"canonical\" href=\"https:\/\/ceref.helha.be\/technique\/contact\/\" \/>\n<meta property=\"og:locale\" content=\"fr_FR\" \/>\n<meta property=\"og:type\" content=\"article\" \/>\n<meta property=\"og:title\" content=\"Contact - CeREF Technique\" \/>\n<meta property=\"og:description\" content=\"Adresse CeREF Technique 159 Chauss\u00e9e de Binche 7000 Mons contact.tech@ceref.be Afficher une carte plus grande Personnes de contact Nicolas Velings Direction du CeREF Technique Elinore Bonge Comptabilit\u00e9 P\u00f4le Biotechnologie Vesna Jerkovic Responsable Charlotte Saussez Coordinateur En savoir plus P\u00f4le \u00c9lectricit\u00e9-\u00c9lectronique St\u00e9phanie Eggermont Responsable Jean-Baptiste Coulaud Responsable Julien Vachaudez Coordinateur Acc\u00e8s En voiture Coordonn\u00e9es GPS : [&hellip;]\" \/>\n<meta property=\"og:url\" content=\"https:\/\/ceref.helha.be\/technique\/contact\/\" \/>\n<meta property=\"og:site_name\" content=\"CeREF Technique\" \/>\n<meta property=\"article:publisher\" content=\"https:\/\/www.facebook.com\/Ceref.helha\" \/>\n<meta property=\"article:modified_time\" content=\"2026-01-06T17:12:25+00:00\" \/>\n<meta property=\"og:image\" content=\"https:\/\/ceref.helha.be\/technique\/app\/uploads\/2021\/03\/BandeauCER1-scaled.jpg\" \/>\n\t<meta property=\"og:image:width\" content=\"2560\" \/>\n\t<meta property=\"og:image:height\" content=\"923\" \/>\n\t<meta property=\"og:image:type\" content=\"image\/jpeg\" \/>\n<meta name=\"twitter:card\" content=\"summary_large_image\" \/>\n<meta name=\"twitter:label1\" content=\"Est. reading time\" \/>\n\t<meta name=\"twitter:data1\" content=\"1 minute\" \/>\n<script type=\"application\/ld+json\" class=\"yoast-schema-graph\">{\"@context\":\"https:\/\/schema.org\",\"@graph\":[{\"@type\":\"WebPage\",\"@id\":\"https:\/\/ceref.helha.be\/technique\/contact\/\",\"url\":\"https:\/\/ceref.helha.be\/technique\/contact\/\",\"name\":\"Contact - CeREF Technique\",\"isPartOf\":{\"@id\":\"https:\/\/ceref.helha.be\/technique\/#website\"},\"datePublished\":\"2019-12-17T13:24:37+00:00\",\"dateModified\":\"2026-01-06T17:12:25+00:00\",\"breadcrumb\":{\"@id\":\"https:\/\/ceref.helha.be\/technique\/contact\/#breadcrumb\"},\"inLanguage\":\"fr-BE\",\"potentialAction\":[{\"@type\":\"ReadAction\",\"target\":[\"https:\/\/ceref.helha.be\/technique\/contact\/\"]}]},{\"@type\":\"BreadcrumbList\",\"@id\":\"https:\/\/ceref.helha.be\/technique\/contact\/#breadcrumb\",\"itemListElement\":[{\"@type\":\"ListItem\",\"position\":1,\"name\":\"Home\",\"item\":\"https:\/\/ceref.helha.be\/technique\/\"},{\"@type\":\"ListItem\",\"position\":2,\"name\":\"Contact\"}]},{\"@type\":\"WebSite\",\"@id\":\"https:\/\/ceref.helha.be\/technique\/#website\",\"url\":\"https:\/\/ceref.helha.be\/technique\/\",\"name\":\"CeREF Technique - Centre de Recherche et de Formation continue de la HELHa\",\"description\":\"Centre de Recherche et de Formation HELHa\",\"publisher\":{\"@id\":\"https:\/\/ceref.helha.be\/technique\/#organization\"},\"potentialAction\":[{\"@type\":\"SearchAction\",\"target\":{\"@type\":\"EntryPoint\",\"urlTemplate\":\"https:\/\/ceref.helha.be\/technique\/?s={search_term_string}\"},\"query-input\":\"required name=search_term_string\"}],\"inLanguage\":\"fr-BE\"},{\"@type\":\"Organization\",\"@id\":\"https:\/\/ceref.helha.be\/technique\/#organization\",\"name\":\"CeREF Technique - Centre de Recherche et de Formation continue de la HELHa\",\"url\":\"https:\/\/ceref.helha.be\/technique\/\",\"logo\":{\"@type\":\"ImageObject\",\"inLanguage\":\"fr-BE\",\"@id\":\"https:\/\/ceref.helha.be\/technique\/#\/schema\/logo\/image\/\",\"url\":\"https:\/\/ceref.helha.be\/technique\/app\/uploads\/2019\/12\/logo-cereftechnique.jpg\",\"contentUrl\":\"https:\/\/ceref.helha.be\/technique\/app\/uploads\/2019\/12\/logo-cereftechnique.jpg\",\"width\":278,\"height\":154,\"caption\":\"CeREF Technique - Centre de Recherche et de Formation continue de la HELHa\"},\"image\":{\"@id\":\"https:\/\/ceref.helha.be\/technique\/#\/schema\/logo\/image\/\"},\"sameAs\":[\"https:\/\/www.facebook.com\/Ceref.helha\",\"https:\/\/www.linkedin.com\/company\/ceref-helha\/\"]}]}<\/script>\n<!-- \/ Yoast SEO plugin. -->","yoast_head_json":{"title":"Contact - CeREF Technique","robots":{"index":"index","follow":"follow","max-snippet":"max-snippet:-1","max-image-preview":"max-image-preview:large","max-video-preview":"max-video-preview:-1"},"canonical":"https:\/\/ceref.helha.be\/technique\/contact\/","og_locale":"fr_FR","og_type":"article","og_title":"Contact - CeREF Technique","og_description":"Adresse CeREF Technique 159 Chauss\u00e9e de Binche 7000 Mons contact.tech@ceref.be Afficher une carte plus grande Personnes de contact Nicolas Velings Direction du CeREF Technique Elinore Bonge Comptabilit\u00e9 P\u00f4le Biotechnologie Vesna Jerkovic Responsable Charlotte Saussez Coordinateur En savoir plus P\u00f4le \u00c9lectricit\u00e9-\u00c9lectronique St\u00e9phanie Eggermont Responsable Jean-Baptiste Coulaud Responsable Julien Vachaudez Coordinateur Acc\u00e8s En voiture Coordonn\u00e9es GPS : [&hellip;]","og_url":"https:\/\/ceref.helha.be\/technique\/contact\/","og_site_name":"CeREF Technique","article_publisher":"https:\/\/www.facebook.com\/Ceref.helha","article_modified_time":"2026-01-06T17:12:25+00:00","og_image":[{"width":2560,"height":923,"url":"https:\/\/ceref.helha.be\/technique\/app\/uploads\/2021\/03\/BandeauCER1-scaled.jpg","type":"image\/jpeg"}],"twitter_card":"summary_large_image","twitter_misc":{"Est. reading time":"1 minute"},"schema":{"@context":"https:\/\/schema.org","@graph":[{"@type":"WebPage","@id":"https:\/\/ceref.helha.be\/technique\/contact\/","url":"https:\/\/ceref.helha.be\/technique\/contact\/","name":"Contact - CeREF Technique","isPartOf":{"@id":"https:\/\/ceref.helha.be\/technique\/#website"},"datePublished":"2019-12-17T13:24:37+00:00","dateModified":"2026-01-06T17:12:25+00:00","breadcrumb":{"@id":"https:\/\/ceref.helha.be\/technique\/contact\/#breadcrumb"},"inLanguage":"fr-BE","potentialAction":[{"@type":"ReadAction","target":["https:\/\/ceref.helha.be\/technique\/contact\/"]}]},{"@type":"BreadcrumbList","@id":"https:\/\/ceref.helha.be\/technique\/contact\/#breadcrumb","itemListElement":[{"@type":"ListItem","position":1,"name":"Home","item":"https:\/\/ceref.helha.be\/technique\/"},{"@type":"ListItem","position":2,"name":"Contact"}]},{"@type":"WebSite","@id":"https:\/\/ceref.helha.be\/technique\/#website","url":"https:\/\/ceref.helha.be\/technique\/","name":"CeREF Technique - Centre de Recherche et de Formation continue de la HELHa","description":"Centre de Recherche et de Formation HELHa","publisher":{"@id":"https:\/\/ceref.helha.be\/technique\/#organization"},"potentialAction":[{"@type":"SearchAction","target":{"@type":"EntryPoint","urlTemplate":"https:\/\/ceref.helha.be\/technique\/?s={search_term_string}"},"query-input":"required name=search_term_string"}],"inLanguage":"fr-BE"},{"@type":"Organization","@id":"https:\/\/ceref.helha.be\/technique\/#organization","name":"CeREF Technique - Centre de Recherche et de Formation continue de la HELHa","url":"https:\/\/ceref.helha.be\/technique\/","logo":{"@type":"ImageObject","inLanguage":"fr-BE","@id":"https:\/\/ceref.helha.be\/technique\/#\/schema\/logo\/image\/","url":"https:\/\/ceref.helha.be\/technique\/app\/uploads\/2019\/12\/logo-cereftechnique.jpg","contentUrl":"https:\/\/ceref.helha.be\/technique\/app\/uploads\/2019\/12\/logo-cereftechnique.jpg","width":278,"height":154,"caption":"CeREF Technique - Centre de Recherche et de Formation continue de la HELHa"},"image":{"@id":"https:\/\/ceref.helha.be\/technique\/#\/schema\/logo\/image\/"},"sameAs":["https:\/\/www.facebook.com\/Ceref.helha","https:\/\/www.linkedin.com\/company\/ceref-helha\/"]}]}},"_links":{"self":[{"href":"https:\/\/ceref.helha.be\/technique\/wp-json\/wp\/v2\/pages\/249","targetHints":{"allow":["GET"]}}],"collection":[{"href":"https:\/\/ceref.helha.be\/technique\/wp-json\/wp\/v2\/pages"}],"about":[{"href":"https:\/\/ceref.helha.be\/technique\/wp-json\/wp\/v2\/types\/page"}],"author":[{"embeddable":true,"href":"https:\/\/ceref.helha.be\/technique\/wp-json\/wp\/v2\/users\/1"}],"replies":[{"embeddable":true,"href":"https:\/\/ceref.helha.be\/technique\/wp-json\/wp\/v2\/comments?post=249"}],"version-history":[{"count":46,"href":"https:\/\/ceref.helha.be\/technique\/wp-json\/wp\/v2\/pages\/249\/revisions"}],"predecessor-version":[{"id":3205,"href":"https:\/\/ceref.helha.be\/technique\/wp-json\/wp\/v2\/pages\/249\/revisions\/3205"}],"wp:featuredmedia":[{"embeddable":true,"href":"https:\/\/ceref.helha.be\/technique\/wp-json\/wp\/v2\/media\/1942"}],"wp:attachment":[{"href":"https:\/\/ceref.helha.be\/technique\/wp-json\/wp\/v2\/media?parent=249"}],"curies":[{"name":"wp","href":"https:\/\/api.w.org\/{rel}","templated":true}]}}