{"id":238,"date":"2019-12-17T14:19:02","date_gmt":"2019-12-17T13:19:02","guid":{"rendered":"https:\/\/ceref-test.helha.be\/technique\/?page_id=238"},"modified":"2024-01-22T15:02:29","modified_gmt":"2024-01-22T14:02:29","slug":"formations","status":"publish","type":"page","link":"https:\/\/ceref.helha.be\/technique\/formations\/","title":{"rendered":"Formations"},"content":{"rendered":"<p><img loading=\"lazy\" decoding=\"async\" class=\"alignnone size-medium wp-image-2870 aligncenter\" src=\"https:\/\/ceref.helha.be\/technique\/app\/uploads\/2024\/01\/35484298860_ba67590f0f_k-300x200.jpg\" alt=\"\" width=\"300\" height=\"200\" srcset=\"https:\/\/ceref.helha.be\/technique\/app\/uploads\/2024\/01\/35484298860_ba67590f0f_k-300x200.jpg 300w, https:\/\/ceref.helha.be\/technique\/app\/uploads\/2024\/01\/35484298860_ba67590f0f_k-1024x683.jpg 1024w, https:\/\/ceref.helha.be\/technique\/app\/uploads\/2024\/01\/35484298860_ba67590f0f_k-768x512.jpg 768w, https:\/\/ceref.helha.be\/technique\/app\/uploads\/2024\/01\/35484298860_ba67590f0f_k-1536x1024.jpg 1536w, https:\/\/ceref.helha.be\/technique\/app\/uploads\/2024\/01\/35484298860_ba67590f0f_k-416x277.jpg 416w, https:\/\/ceref.helha.be\/technique\/app\/uploads\/2024\/01\/35484298860_ba67590f0f_k.jpg 2047w\" sizes=\"auto, (max-width: 300px) 100vw, 300px\" \/><\/p>\n<table style=\"width: 100%; height: 200px;\">\n<tbody>\n<tr style=\"height: 25px;\">\n<th style=\"height: 25px; width: 42.2691%;\">Nom de la formation<\/th>\n<th style=\"height: 25px; width: 8.63454%;\">\u00a0<\/th>\n<th style=\"height: 25px; width: 48.996%;\">Envoyer un mail \u00e0 l\u2019organisateur<\/th>\n<\/tr>\n<tr class=\"smlink\" style=\"height: 25px;\" data-tgt=\"elec_indus\">\n<td style=\"height: 25px; width: 42.2691%;\"><a href=\"https:\/\/ceref.helha.be\/technique\/formations\/formation-electricite-industrielle\/\">\u00c9lectricit\u00e9 industrielle<\/a><\/td>\n<td style=\"height: 25px; width: 8.63454%;\">\u00a0<\/td>\n<td style=\"height: 25px; width: 48.996%;\"><a href=\"mailto:datacenter@helha.be\">Data Center HELHa<\/a><\/td>\n<\/tr>\n<tr class=\"smlink\" style=\"height: 25px;\" data-tgt=\"KNXe\">\n<td style=\"height: 25px; width: 42.2691%;\"><a href=\"https:\/\/ceref.helha.be\/technique\/formations\/formation-knx\/\">KNX<\/a><\/td>\n<td style=\"height: 25px; width: 8.63454%;\">\u00a0<\/td>\n<td style=\"height: 25px; width: 48.996%;\"><a href=\"mailto:chapellej@helha.be\">Jonathan Chapelle<\/a><\/td>\n<\/tr>\n<tr class=\"smlink\" style=\"height: 25px;\" data-tgt=\"ene_dc\">\n<td style=\"height: 25px; width: 42.2691%;\"><a href=\"https:\/\/ceref.helha.be\/technique\/formations\/formation-module-energie-data-center\/\">Module \u00c9nergie data Center<\/a><\/td>\n<td style=\"height: 25px; width: 8.63454%;\">\u00a0<\/td>\n<td style=\"height: 25px; width: 48.996%;\"><a href=\"mailto:datacenter@helha.be\">Data Center HELHa<\/a><\/td>\n<\/tr>\n<tr class=\"smlink\" style=\"height: 25px;\" data-tgt=\"cyber_sec\">\n<td style=\"height: 25px; width: 42.2691%;\"><a href=\"https:\/\/iramps.be\/etudes\/formation-en-cybersecurite\/\">Cybers\u00e9curit\u00e9<\/a><\/td>\n<td style=\"height: 25px; width: 8.63454%;\">\u00a0<\/td>\n<td style=\"height: 25px; width: 48.996%;\"><a href=\"mailto:gerardm@helha.be\">Martine G\u00e9rard<\/a><\/td>\n<\/tr>\n<tr style=\"height: 25px;\">\n<td style=\"width: 42.2691%; height: 25px;\"><a href=\"https:\/\/ceref.helha.be\/technique\/formations\/formation-arduino\/\">Arduino<\/a><\/td>\n<td style=\"width: 8.63454%; height: 25px;\">\u00a0<\/td>\n<td style=\"width: 48.996%; height: 25px;\"><a href=\"mailto:contact.tech@ceref.be\">Contact CeREF technique<\/a><\/td>\n<\/tr>\n<tr style=\"height: 25px;\">\n<td style=\"width: 42.2691%; height: 25px;\"><a href=\"https:\/\/ceref.helha.be\/technique\/formations\/formation-impression-3d\/\">Impression 3D<\/a><\/td>\n<td style=\"width: 8.63454%; height: 25px;\">\u00a0<\/td>\n<td style=\"width: 48.996%; height: 25px;\"><a href=\"mailto:contact.tech@ceref.be\">Contact CeREF technique<\/a><\/td>\n<\/tr>\n<tr style=\"height: 25px;\">\n<td style=\"width: 42.2691%; height: 25px;\"><a href=\"https:\/\/ceref.helha.be\/technique\/formations\/formation-latex\/\">LaTeX<\/a><\/td>\n<td style=\"width: 8.63454%; height: 25px;\">\u00a0<\/td>\n<td style=\"width: 48.996%; height: 25px;\"><a href=\"mailto:contact.tech@ceref.be\">Contact CeREF technique<\/a><\/td>\n<\/tr>\n<\/tbody>\n<\/table>\n<h2>\u00a0<\/h2>\n<h1 style=\"text-align: justify;\"><span style=\"color: #004372;\">Envie d\u2019organiser dans votre entreprise une formation propos\u00e9e <\/span><span style=\"color: #004372;\">?<\/span><\/h1>\n<p style=\"text-align: justify;\">Selon les besoins en mat\u00e9riels, certaines des formations programm\u00e9es dans notre catalogue peuvent se dispenser au sein de votre organisation. Ces formations \u00ab chez vous \u00bb sont adapt\u00e9es \u00e0 votre r\u00e9alit\u00e9 professionnelle et \u00e0 vos objectifs. Ce sera l\u2019occasion pour votre \u00e9quipe, de partager vos exp\u00e9riences et de confronter vos points de vue de fa\u00e7on conviviale et privil\u00e9gi\u00e9e. Si vous le d\u00e9sirez, la formation peut aussi s\u2019organiser sur une des implantations de la HELHa.<\/p>\n","protected":false},"excerpt":{"rendered":"<p>Nom de la formation \u00a0 Envoyer un mail \u00e0 l\u2019organisateur \u00c9lectricit\u00e9 industrielle \u00a0 Data Center HELHa KNX \u00a0 Jonathan Chapelle Module \u00c9nergie data Center \u00a0 Data Center HELHa Cybers\u00e9curit\u00e9 \u00a0 Martine G\u00e9rard Arduino \u00a0 Contact CeREF technique Impression 3D \u00a0 Contact CeREF technique LaTeX \u00a0 Contact CeREF technique \u00a0 Envie d\u2019organiser dans votre entreprise une [&hellip;]<\/p>\n","protected":false},"author":1,"featured_media":0,"parent":0,"menu_order":0,"comment_status":"closed","ping_status":"closed","template":"template-fullwidth.php","meta":{"_acf_changed":false,"footnotes":""},"class_list":["post-238","page","type-page","status-publish","hentry"],"acf":[],"yoast_head":"<!-- This site is optimized with the Yoast SEO plugin v21.9.1 - https:\/\/yoast.com\/wordpress\/plugins\/seo\/ -->\n<title>Formations - CeREF Technique formation continue<\/title>\n<meta name=\"description\" content=\"Formation continue en entreprise et dans nos locaux pour le monde industriel et scientifique. Logiciels, \u00e9lectronique embarqu\u00e9e, \u00e9nergie...\" \/>\n<meta name=\"robots\" content=\"index, follow, max-snippet:-1, max-image-preview:large, max-video-preview:-1\" \/>\n<link rel=\"canonical\" href=\"https:\/\/ceref.helha.be\/technique\/formations\/\" \/>\n<meta property=\"og:locale\" content=\"fr_FR\" \/>\n<meta property=\"og:type\" content=\"article\" \/>\n<meta property=\"og:title\" content=\"Formations - CeREF Technique formation continue\" \/>\n<meta property=\"og:description\" content=\"Formation continue en entreprise et dans nos locaux pour le monde industriel et scientifique. Logiciels, \u00e9lectronique embarqu\u00e9e, \u00e9nergie...\" \/>\n<meta property=\"og:url\" content=\"https:\/\/ceref.helha.be\/technique\/formations\/\" \/>\n<meta property=\"og:site_name\" content=\"CeREF Technique\" \/>\n<meta property=\"article:publisher\" content=\"https:\/\/www.facebook.com\/Ceref.helha\" \/>\n<meta property=\"article:modified_time\" content=\"2024-01-22T14:02:29+00:00\" \/>\n<meta property=\"og:image\" content=\"https:\/\/ceref.helha.be\/technique\/app\/uploads\/2024\/01\/35484298860_ba67590f0f_k-300x200.jpg\" \/>\n<meta name=\"twitter:card\" content=\"summary_large_image\" \/>\n<meta name=\"twitter:label1\" content=\"Est. reading time\" \/>\n\t<meta name=\"twitter:data1\" content=\"1 minute\" \/>\n<script type=\"application\/ld+json\" class=\"yoast-schema-graph\">{\"@context\":\"https:\/\/schema.org\",\"@graph\":[{\"@type\":\"WebPage\",\"@id\":\"https:\/\/ceref.helha.be\/technique\/formations\/\",\"url\":\"https:\/\/ceref.helha.be\/technique\/formations\/\",\"name\":\"Formations - CeREF Technique formation continue\",\"isPartOf\":{\"@id\":\"https:\/\/ceref.helha.be\/technique\/#website\"},\"datePublished\":\"2019-12-17T13:19:02+00:00\",\"dateModified\":\"2024-01-22T14:02:29+00:00\",\"description\":\"Formation continue en entreprise et dans nos locaux pour le monde industriel et scientifique. Logiciels, \u00e9lectronique embarqu\u00e9e, \u00e9nergie...\",\"breadcrumb\":{\"@id\":\"https:\/\/ceref.helha.be\/technique\/formations\/#breadcrumb\"},\"inLanguage\":\"fr-BE\",\"potentialAction\":[{\"@type\":\"ReadAction\",\"target\":[\"https:\/\/ceref.helha.be\/technique\/formations\/\"]}]},{\"@type\":\"BreadcrumbList\",\"@id\":\"https:\/\/ceref.helha.be\/technique\/formations\/#breadcrumb\",\"itemListElement\":[{\"@type\":\"ListItem\",\"position\":1,\"name\":\"Home\",\"item\":\"https:\/\/ceref.helha.be\/technique\/\"},{\"@type\":\"ListItem\",\"position\":2,\"name\":\"Formations\"}]},{\"@type\":\"WebSite\",\"@id\":\"https:\/\/ceref.helha.be\/technique\/#website\",\"url\":\"https:\/\/ceref.helha.be\/technique\/\",\"name\":\"CeREF Technique - Centre de Recherche et de Formation continue de la HELHa\",\"description\":\"Centre de Recherche et de Formation HELHa\",\"publisher\":{\"@id\":\"https:\/\/ceref.helha.be\/technique\/#organization\"},\"potentialAction\":[{\"@type\":\"SearchAction\",\"target\":{\"@type\":\"EntryPoint\",\"urlTemplate\":\"https:\/\/ceref.helha.be\/technique\/?s={search_term_string}\"},\"query-input\":\"required name=search_term_string\"}],\"inLanguage\":\"fr-BE\"},{\"@type\":\"Organization\",\"@id\":\"https:\/\/ceref.helha.be\/technique\/#organization\",\"name\":\"CeREF Technique - Centre de Recherche et de Formation continue de la HELHa\",\"url\":\"https:\/\/ceref.helha.be\/technique\/\",\"logo\":{\"@type\":\"ImageObject\",\"inLanguage\":\"fr-BE\",\"@id\":\"https:\/\/ceref.helha.be\/technique\/#\/schema\/logo\/image\/\",\"url\":\"https:\/\/ceref.helha.be\/technique\/app\/uploads\/2019\/12\/logo-cereftechnique.jpg\",\"contentUrl\":\"https:\/\/ceref.helha.be\/technique\/app\/uploads\/2019\/12\/logo-cereftechnique.jpg\",\"width\":278,\"height\":154,\"caption\":\"CeREF Technique - Centre de Recherche et de Formation continue de la HELHa\"},\"image\":{\"@id\":\"https:\/\/ceref.helha.be\/technique\/#\/schema\/logo\/image\/\"},\"sameAs\":[\"https:\/\/www.facebook.com\/Ceref.helha\",\"https:\/\/www.linkedin.com\/company\/ceref-helha\/\"]}]}<\/script>\n<!-- \/ Yoast SEO plugin. -->","yoast_head_json":{"title":"Formations - CeREF Technique formation continue","description":"Formation continue en entreprise et dans nos locaux pour le monde industriel et scientifique. Logiciels, \u00e9lectronique embarqu\u00e9e, \u00e9nergie...","robots":{"index":"index","follow":"follow","max-snippet":"max-snippet:-1","max-image-preview":"max-image-preview:large","max-video-preview":"max-video-preview:-1"},"canonical":"https:\/\/ceref.helha.be\/technique\/formations\/","og_locale":"fr_FR","og_type":"article","og_title":"Formations - CeREF Technique formation continue","og_description":"Formation continue en entreprise et dans nos locaux pour le monde industriel et scientifique. Logiciels, \u00e9lectronique embarqu\u00e9e, \u00e9nergie...","og_url":"https:\/\/ceref.helha.be\/technique\/formations\/","og_site_name":"CeREF Technique","article_publisher":"https:\/\/www.facebook.com\/Ceref.helha","article_modified_time":"2024-01-22T14:02:29+00:00","og_image":[{"url":"https:\/\/ceref.helha.be\/technique\/app\/uploads\/2024\/01\/35484298860_ba67590f0f_k-300x200.jpg"}],"twitter_card":"summary_large_image","twitter_misc":{"Est. reading time":"1 minute"},"schema":{"@context":"https:\/\/schema.org","@graph":[{"@type":"WebPage","@id":"https:\/\/ceref.helha.be\/technique\/formations\/","url":"https:\/\/ceref.helha.be\/technique\/formations\/","name":"Formations - CeREF Technique formation continue","isPartOf":{"@id":"https:\/\/ceref.helha.be\/technique\/#website"},"datePublished":"2019-12-17T13:19:02+00:00","dateModified":"2024-01-22T14:02:29+00:00","description":"Formation continue en entreprise et dans nos locaux pour le monde industriel et scientifique. Logiciels, \u00e9lectronique embarqu\u00e9e, \u00e9nergie...","breadcrumb":{"@id":"https:\/\/ceref.helha.be\/technique\/formations\/#breadcrumb"},"inLanguage":"fr-BE","potentialAction":[{"@type":"ReadAction","target":["https:\/\/ceref.helha.be\/technique\/formations\/"]}]},{"@type":"BreadcrumbList","@id":"https:\/\/ceref.helha.be\/technique\/formations\/#breadcrumb","itemListElement":[{"@type":"ListItem","position":1,"name":"Home","item":"https:\/\/ceref.helha.be\/technique\/"},{"@type":"ListItem","position":2,"name":"Formations"}]},{"@type":"WebSite","@id":"https:\/\/ceref.helha.be\/technique\/#website","url":"https:\/\/ceref.helha.be\/technique\/","name":"CeREF Technique - Centre de Recherche et de Formation continue de la HELHa","description":"Centre de Recherche et de Formation HELHa","publisher":{"@id":"https:\/\/ceref.helha.be\/technique\/#organization"},"potentialAction":[{"@type":"SearchAction","target":{"@type":"EntryPoint","urlTemplate":"https:\/\/ceref.helha.be\/technique\/?s={search_term_string}"},"query-input":"required name=search_term_string"}],"inLanguage":"fr-BE"},{"@type":"Organization","@id":"https:\/\/ceref.helha.be\/technique\/#organization","name":"CeREF Technique - Centre de Recherche et de Formation continue de la HELHa","url":"https:\/\/ceref.helha.be\/technique\/","logo":{"@type":"ImageObject","inLanguage":"fr-BE","@id":"https:\/\/ceref.helha.be\/technique\/#\/schema\/logo\/image\/","url":"https:\/\/ceref.helha.be\/technique\/app\/uploads\/2019\/12\/logo-cereftechnique.jpg","contentUrl":"https:\/\/ceref.helha.be\/technique\/app\/uploads\/2019\/12\/logo-cereftechnique.jpg","width":278,"height":154,"caption":"CeREF Technique - Centre de Recherche et de Formation continue de la HELHa"},"image":{"@id":"https:\/\/ceref.helha.be\/technique\/#\/schema\/logo\/image\/"},"sameAs":["https:\/\/www.facebook.com\/Ceref.helha","https:\/\/www.linkedin.com\/company\/ceref-helha\/"]}]}},"_links":{"self":[{"href":"https:\/\/ceref.helha.be\/technique\/wp-json\/wp\/v2\/pages\/238","targetHints":{"allow":["GET"]}}],"collection":[{"href":"https:\/\/ceref.helha.be\/technique\/wp-json\/wp\/v2\/pages"}],"about":[{"href":"https:\/\/ceref.helha.be\/technique\/wp-json\/wp\/v2\/types\/page"}],"author":[{"embeddable":true,"href":"https:\/\/ceref.helha.be\/technique\/wp-json\/wp\/v2\/users\/1"}],"replies":[{"embeddable":true,"href":"https:\/\/ceref.helha.be\/technique\/wp-json\/wp\/v2\/comments?post=238"}],"version-history":[{"count":36,"href":"https:\/\/ceref.helha.be\/technique\/wp-json\/wp\/v2\/pages\/238\/revisions"}],"predecessor-version":[{"id":2871,"href":"https:\/\/ceref.helha.be\/technique\/wp-json\/wp\/v2\/pages\/238\/revisions\/2871"}],"wp:attachment":[{"href":"https:\/\/ceref.helha.be\/technique\/wp-json\/wp\/v2\/media?parent=238"}],"curies":[{"name":"wp","href":"https:\/\/api.w.org\/{rel}","templated":true}]}}