{"id":236,"date":"2019-12-17T14:18:53","date_gmt":"2019-12-17T13:18:53","guid":{"rendered":"https:\/\/ceref-test.helha.be\/technique\/?page_id=236"},"modified":"2021-03-15T10:12:49","modified_gmt":"2021-03-15T09:12:49","slug":"recherches","status":"publish","type":"page","link":"https:\/\/ceref.helha.be\/technique\/recherches\/","title":{"rendered":"Recherches"},"content":{"rendered":"<p>Le CeREF TECHNIQUE couvre les axes de recherche suivants :<\/p>\n<ul>\n<li><a href=\"https:\/\/ceref.helha.be\/technique\/pole-de-recherche-en-biotechnologie\/\">P\u00f4le <strong>Biotechnologie<\/strong><\/a>\n<ul>\n<li>L\u2019<strong>extraction v\u00e9g\u00e9tale<\/strong>,<\/li>\n<li>La <strong>micro-encapsulation<\/strong>,<\/li>\n<li>Les <strong>techniques de concentration \/ filtration<\/strong>,<\/li>\n<li>Le <strong>d\u00e9veloppement<\/strong> de <strong>mati\u00e8res premi\u00e8res cosm\u00e9tiques\u00a0<\/strong><\/li>\n<\/ul>\n<\/li>\n<\/ul>\n<ul>\n<li><a href=\"https:\/\/ceref.helha.be\/technique\/presentation\/pole-de-recherche-en-electricite-et-electronique\/\">P\u00f4le <strong>\u00c9lectricit\u00e9\/\u00c9lectronique<\/strong><\/a>\n<ul>\n<li>L<strong>\u2018\u00e9lectronique de puissance<\/strong>,<\/li>\n<li>L\u2019<strong>\u00e9lectronique<\/strong> <strong>embarqu\u00e9e<\/strong><\/li>\n<li>L\u2019<strong>intelligence artificielle<\/strong>,<\/li>\n<li>L\u2019<strong>e-sant\u00e9<\/strong>,<\/li>\n<li>l<strong>\u2018IoT<\/strong> et l<strong>\u2018IIoT<\/strong>,<\/li>\n<li>L\u2019<strong>optimisation<\/strong>,<\/li>\n<li>La <strong>maintenance pr\u00e9dictive<\/strong>, et<\/li>\n<li>Les <strong>t\u00e9l\u00e9communications<\/strong><\/li>\n<\/ul>\n<\/li>\n<\/ul>\n<ul>\n<li><a href=\"https:\/\/ceref.helha.be\/technique\/presentation\/pole-de-recherche-en-electromecanique-et-thermique\/\">P\u00f4le <strong>Electrom\u00e9canique-Thermique<\/strong><\/a>\n<ul>\n<li>La <strong>m\u00e9canique<\/strong> des fluides,<\/li>\n<li>Les <strong>moteurs thermiques<\/strong>,<\/li>\n<li>Le <strong>domaine thermique<\/strong>,<\/li>\n<\/ul>\n<\/li>\n<\/ul>\n<p>&nbsp;<\/p>\n<p><a href=\"https:\/\/ceref.helha.be\/technique\/projets\/\">Retrouvez ici tous les projets en cours et termin\u00e9s du CeREF TECHNIQUE.<\/a><\/p>\n","protected":false},"excerpt":{"rendered":"<p>Le CeREF TECHNIQUE couvre les axes de recherche suivants : P\u00f4le Biotechnologie L\u2019extraction v\u00e9g\u00e9tale, La micro-encapsulation, Les techniques de concentration \/ filtration, Le d\u00e9veloppement de mati\u00e8res premi\u00e8res cosm\u00e9tiques\u00a0 P\u00f4le \u00c9lectricit\u00e9\/\u00c9lectronique L\u2018\u00e9lectronique de puissance, L\u2019\u00e9lectronique embarqu\u00e9e L\u2019intelligence artificielle, L\u2019e-sant\u00e9, l\u2018IoT et l\u2018IIoT, L\u2019optimisation, La maintenance pr\u00e9dictive, et Les t\u00e9l\u00e9communications P\u00f4le Electrom\u00e9canique-Thermique La m\u00e9canique des fluides, Les [&hellip;]<\/p>\n","protected":false},"author":1,"featured_media":1361,"parent":0,"menu_order":0,"comment_status":"closed","ping_status":"closed","template":"template-fullwidth.php","meta":{"_acf_changed":false,"footnotes":""},"class_list":["post-236","page","type-page","status-publish","has-post-thumbnail","hentry"],"acf":[],"yoast_head":"<!-- This site is optimized with the Yoast SEO plugin v21.9.1 - https:\/\/yoast.com\/wordpress\/plugins\/seo\/ -->\n<title>Recherches - CeREF Technique<\/title>\n<meta name=\"robots\" content=\"index, follow, max-snippet:-1, max-image-preview:large, max-video-preview:-1\" \/>\n<link rel=\"canonical\" href=\"https:\/\/ceref.helha.be\/technique\/recherches\/\" \/>\n<meta property=\"og:locale\" content=\"fr_FR\" \/>\n<meta property=\"og:type\" content=\"article\" \/>\n<meta property=\"og:title\" content=\"Recherches - CeREF Technique\" \/>\n<meta property=\"og:description\" content=\"Le CeREF TECHNIQUE couvre les axes de recherche suivants : P\u00f4le Biotechnologie L\u2019extraction v\u00e9g\u00e9tale, La micro-encapsulation, Les techniques de concentration \/ filtration, Le d\u00e9veloppement de mati\u00e8res premi\u00e8res cosm\u00e9tiques\u00a0 P\u00f4le \u00c9lectricit\u00e9\/\u00c9lectronique L\u2018\u00e9lectronique de puissance, L\u2019\u00e9lectronique embarqu\u00e9e L\u2019intelligence artificielle, L\u2019e-sant\u00e9, l\u2018IoT et l\u2018IIoT, L\u2019optimisation, La maintenance pr\u00e9dictive, et Les t\u00e9l\u00e9communications P\u00f4le Electrom\u00e9canique-Thermique La m\u00e9canique des fluides, Les [&hellip;]\" \/>\n<meta property=\"og:url\" content=\"https:\/\/ceref.helha.be\/technique\/recherches\/\" \/>\n<meta property=\"og:site_name\" content=\"CeREF Technique\" \/>\n<meta property=\"article:publisher\" content=\"https:\/\/www.facebook.com\/Ceref.helha\" \/>\n<meta property=\"article:modified_time\" content=\"2021-03-15T09:12:49+00:00\" \/>\n<meta property=\"og:image\" content=\"https:\/\/ceref.helha.be\/technique\/app\/uploads\/2021\/02\/BandeauGeneral-1024x228.png\" \/>\n\t<meta property=\"og:image:width\" content=\"1024\" \/>\n\t<meta property=\"og:image:height\" content=\"228\" \/>\n\t<meta property=\"og:image:type\" content=\"image\/png\" \/>\n<meta name=\"twitter:card\" content=\"summary_large_image\" \/>\n<script type=\"application\/ld+json\" class=\"yoast-schema-graph\">{\"@context\":\"https:\/\/schema.org\",\"@graph\":[{\"@type\":\"WebPage\",\"@id\":\"https:\/\/ceref.helha.be\/technique\/recherches\/\",\"url\":\"https:\/\/ceref.helha.be\/technique\/recherches\/\",\"name\":\"Recherches - CeREF Technique\",\"isPartOf\":{\"@id\":\"https:\/\/ceref.helha.be\/technique\/#website\"},\"datePublished\":\"2019-12-17T13:18:53+00:00\",\"dateModified\":\"2021-03-15T09:12:49+00:00\",\"breadcrumb\":{\"@id\":\"https:\/\/ceref.helha.be\/technique\/recherches\/#breadcrumb\"},\"inLanguage\":\"fr-BE\",\"potentialAction\":[{\"@type\":\"ReadAction\",\"target\":[\"https:\/\/ceref.helha.be\/technique\/recherches\/\"]}]},{\"@type\":\"BreadcrumbList\",\"@id\":\"https:\/\/ceref.helha.be\/technique\/recherches\/#breadcrumb\",\"itemListElement\":[{\"@type\":\"ListItem\",\"position\":1,\"name\":\"Home\",\"item\":\"https:\/\/ceref.helha.be\/technique\/\"},{\"@type\":\"ListItem\",\"position\":2,\"name\":\"Recherches\"}]},{\"@type\":\"WebSite\",\"@id\":\"https:\/\/ceref.helha.be\/technique\/#website\",\"url\":\"https:\/\/ceref.helha.be\/technique\/\",\"name\":\"CeREF Technique - Centre de Recherche et de Formation continue de la HELHa\",\"description\":\"Centre de Recherche et de Formation HELHa\",\"publisher\":{\"@id\":\"https:\/\/ceref.helha.be\/technique\/#organization\"},\"potentialAction\":[{\"@type\":\"SearchAction\",\"target\":{\"@type\":\"EntryPoint\",\"urlTemplate\":\"https:\/\/ceref.helha.be\/technique\/?s={search_term_string}\"},\"query-input\":\"required name=search_term_string\"}],\"inLanguage\":\"fr-BE\"},{\"@type\":\"Organization\",\"@id\":\"https:\/\/ceref.helha.be\/technique\/#organization\",\"name\":\"CeREF Technique - Centre de Recherche et de Formation continue de la HELHa\",\"url\":\"https:\/\/ceref.helha.be\/technique\/\",\"logo\":{\"@type\":\"ImageObject\",\"inLanguage\":\"fr-BE\",\"@id\":\"https:\/\/ceref.helha.be\/technique\/#\/schema\/logo\/image\/\",\"url\":\"https:\/\/ceref.helha.be\/technique\/app\/uploads\/2019\/12\/logo-cereftechnique.jpg\",\"contentUrl\":\"https:\/\/ceref.helha.be\/technique\/app\/uploads\/2019\/12\/logo-cereftechnique.jpg\",\"width\":278,\"height\":154,\"caption\":\"CeREF Technique - Centre de Recherche et de Formation continue de la HELHa\"},\"image\":{\"@id\":\"https:\/\/ceref.helha.be\/technique\/#\/schema\/logo\/image\/\"},\"sameAs\":[\"https:\/\/www.facebook.com\/Ceref.helha\",\"https:\/\/www.linkedin.com\/company\/ceref-helha\/\"]}]}<\/script>\n<!-- \/ Yoast SEO plugin. -->","yoast_head_json":{"title":"Recherches - CeREF Technique","robots":{"index":"index","follow":"follow","max-snippet":"max-snippet:-1","max-image-preview":"max-image-preview:large","max-video-preview":"max-video-preview:-1"},"canonical":"https:\/\/ceref.helha.be\/technique\/recherches\/","og_locale":"fr_FR","og_type":"article","og_title":"Recherches - CeREF Technique","og_description":"Le CeREF TECHNIQUE couvre les axes de recherche suivants : P\u00f4le Biotechnologie L\u2019extraction v\u00e9g\u00e9tale, La micro-encapsulation, Les techniques de concentration \/ filtration, Le d\u00e9veloppement de mati\u00e8res premi\u00e8res cosm\u00e9tiques\u00a0 P\u00f4le \u00c9lectricit\u00e9\/\u00c9lectronique L\u2018\u00e9lectronique de puissance, L\u2019\u00e9lectronique embarqu\u00e9e L\u2019intelligence artificielle, L\u2019e-sant\u00e9, l\u2018IoT et l\u2018IIoT, L\u2019optimisation, La maintenance pr\u00e9dictive, et Les t\u00e9l\u00e9communications P\u00f4le Electrom\u00e9canique-Thermique La m\u00e9canique des fluides, Les [&hellip;]","og_url":"https:\/\/ceref.helha.be\/technique\/recherches\/","og_site_name":"CeREF Technique","article_publisher":"https:\/\/www.facebook.com\/Ceref.helha","article_modified_time":"2021-03-15T09:12:49+00:00","og_image":[{"width":1024,"height":228,"url":"https:\/\/ceref.helha.be\/technique\/app\/uploads\/2021\/02\/BandeauGeneral-1024x228.png","type":"image\/png"}],"twitter_card":"summary_large_image","schema":{"@context":"https:\/\/schema.org","@graph":[{"@type":"WebPage","@id":"https:\/\/ceref.helha.be\/technique\/recherches\/","url":"https:\/\/ceref.helha.be\/technique\/recherches\/","name":"Recherches - CeREF Technique","isPartOf":{"@id":"https:\/\/ceref.helha.be\/technique\/#website"},"datePublished":"2019-12-17T13:18:53+00:00","dateModified":"2021-03-15T09:12:49+00:00","breadcrumb":{"@id":"https:\/\/ceref.helha.be\/technique\/recherches\/#breadcrumb"},"inLanguage":"fr-BE","potentialAction":[{"@type":"ReadAction","target":["https:\/\/ceref.helha.be\/technique\/recherches\/"]}]},{"@type":"BreadcrumbList","@id":"https:\/\/ceref.helha.be\/technique\/recherches\/#breadcrumb","itemListElement":[{"@type":"ListItem","position":1,"name":"Home","item":"https:\/\/ceref.helha.be\/technique\/"},{"@type":"ListItem","position":2,"name":"Recherches"}]},{"@type":"WebSite","@id":"https:\/\/ceref.helha.be\/technique\/#website","url":"https:\/\/ceref.helha.be\/technique\/","name":"CeREF Technique - Centre de Recherche et de Formation continue de la HELHa","description":"Centre de Recherche et de Formation HELHa","publisher":{"@id":"https:\/\/ceref.helha.be\/technique\/#organization"},"potentialAction":[{"@type":"SearchAction","target":{"@type":"EntryPoint","urlTemplate":"https:\/\/ceref.helha.be\/technique\/?s={search_term_string}"},"query-input":"required name=search_term_string"}],"inLanguage":"fr-BE"},{"@type":"Organization","@id":"https:\/\/ceref.helha.be\/technique\/#organization","name":"CeREF Technique - Centre de Recherche et de Formation continue de la HELHa","url":"https:\/\/ceref.helha.be\/technique\/","logo":{"@type":"ImageObject","inLanguage":"fr-BE","@id":"https:\/\/ceref.helha.be\/technique\/#\/schema\/logo\/image\/","url":"https:\/\/ceref.helha.be\/technique\/app\/uploads\/2019\/12\/logo-cereftechnique.jpg","contentUrl":"https:\/\/ceref.helha.be\/technique\/app\/uploads\/2019\/12\/logo-cereftechnique.jpg","width":278,"height":154,"caption":"CeREF Technique - Centre de Recherche et de Formation continue de la HELHa"},"image":{"@id":"https:\/\/ceref.helha.be\/technique\/#\/schema\/logo\/image\/"},"sameAs":["https:\/\/www.facebook.com\/Ceref.helha","https:\/\/www.linkedin.com\/company\/ceref-helha\/"]}]}},"_links":{"self":[{"href":"https:\/\/ceref.helha.be\/technique\/wp-json\/wp\/v2\/pages\/236","targetHints":{"allow":["GET"]}}],"collection":[{"href":"https:\/\/ceref.helha.be\/technique\/wp-json\/wp\/v2\/pages"}],"about":[{"href":"https:\/\/ceref.helha.be\/technique\/wp-json\/wp\/v2\/types\/page"}],"author":[{"embeddable":true,"href":"https:\/\/ceref.helha.be\/technique\/wp-json\/wp\/v2\/users\/1"}],"replies":[{"embeddable":true,"href":"https:\/\/ceref.helha.be\/technique\/wp-json\/wp\/v2\/comments?post=236"}],"version-history":[{"count":10,"href":"https:\/\/ceref.helha.be\/technique\/wp-json\/wp\/v2\/pages\/236\/revisions"}],"predecessor-version":[{"id":2353,"href":"https:\/\/ceref.helha.be\/technique\/wp-json\/wp\/v2\/pages\/236\/revisions\/2353"}],"wp:featuredmedia":[{"embeddable":true,"href":"https:\/\/ceref.helha.be\/technique\/wp-json\/wp\/v2\/media\/1361"}],"wp:attachment":[{"href":"https:\/\/ceref.helha.be\/technique\/wp-json\/wp\/v2\/media?parent=236"}],"curies":[{"name":"wp","href":"https:\/\/api.w.org\/{rel}","templated":true}]}}