{"id":234,"date":"2019-12-17T14:18:38","date_gmt":"2019-12-17T13:18:38","guid":{"rendered":"https:\/\/ceref-test.helha.be\/technique\/?page_id=234"},"modified":"2026-01-07T13:58:36","modified_gmt":"2026-01-07T13:58:36","slug":"presentation","status":"publish","type":"page","link":"https:\/\/ceref.helha.be\/technique\/","title":{"rendered":"CeREF Technique"},"content":{"rendered":"<section class=\"row\">\n<h2 class=\"text-he-current\">Pr\u00e9sentation<\/h2>\n<div class=\"col-12 col-md-5\">\n<figure>\n<p><iframe loading=\"lazy\" title=\"Pr\u00e9sentation du CeREF Technique\" width=\"500\" height=\"281\" src=\"https:\/\/www.youtube.com\/embed\/MsRY_sgcUbA?feature=oembed\" frameborder=\"0\" allow=\"accelerometer; autoplay; clipboard-write; encrypted-media; gyroscope; picture-in-picture; web-share\" referrerpolicy=\"strict-origin-when-cross-origin\" allowfullscreen><\/iframe><\/p>\n<figcaption class=\"figure-caption text-center\">Vid\u00e9o de pr\u00e9sentation du CeREF Technique<\/figcaption>\n<\/figure>\n<\/div>\n<div class=\"col-12 col-md-7 mt-3 mt-mb-0\">\n<p class=\"fs-5\">Depuis le 15 janvier 2019, le <strong class=\"text-he-current\">CERISIC<\/strong> est devenu membre du CeREF asbl, qui est le centre de recherche et de formation pour l\u2019ensemble des Domaines de la HELHa. De son entr\u00e9e au CeREF, le <strong class=\"text-he-current\">CERISIC<\/strong> est devenu le <strong class=\"text-he-current\">CeREF Technique<\/strong>.<\/p>\n<p>Tout comme le faisait le <strong class=\"text-he-current\">CERISIC<\/strong>, le CeREF TECHNIQUE s&#8217;emploie \u00e0 proposer \u00ab une expertise multiple au service des industriels \u00bb.<\/p>\n<p>Avant d&rsquo;\u00eatre int\u00e9gr\u00e9 au CeREF asbl et de prendre le nom de <strong class=\"text-he-current\">CeREF Technique<\/strong>, le <strong class=\"text-he-current\">CERISIC<\/strong>, avait \u00e9t\u00e9 cr\u00e9\u00e9 \u00e0 Mons le 5 octobre 1984. D\u00e8s sa cr\u00e9ation, il a eu pour objet d\u2019effectuer et de collaborer \u00e0 des <strong>projets d\u2019\u00e9tudes ou de recherches appliqu\u00e9es r\u00e9alis\u00e9s\u00a0<\/strong>au profit de personnes, de soci\u00e9t\u00e9s ou d\u2019organismes dans les diff\u00e9rents domaines de la science, de la technologie, de la gestion et de la formation.<\/p>\n<\/div>\n<p><strong>Aujourd\u2019hui, le <strong class=\"text-he-current\">CeREF Technique<\/strong> b\u00e9n\u00e9ficie pleinement de l\u2019expertise des enseignants du Domaine SCIENCES ET TECHNOLOGIES de la Haute Ecole Louvain en Hainaut (<\/strong><a href=\"https:\/\/www.helha.be\/\"><strong>HELHa<\/strong><\/a>). Cela repr\u00e9sente plus de 100 docteurs, ing\u00e9nieurs et masters. A noter que le Domaine SCIENCES ET TECHNOLOGIES forme, sur ses diff\u00e9rentes implantations, quelques 1.500 \u00e9tudiants par ann\u00e9e acad\u00e9mique allant du bachelier au master.<\/p>\n<p>Les activit\u00e9s des p\u00f4les <strong class=\"text-he-current\">CeREF Technique<\/strong> sont bas\u00e9es dans les laboratoires et halls industriels du Domaine SCIENCES ET TECHNOLOGIES de la HELHa sur le campus HELHa-UCLouvain Fucam Mons. <strong>Le <span class=\"text-he-current\">CeREF Technique<\/span> profite des nouvelles installations dont pr\u00e8s de 2000 m\u00b2 de laboratoires et halls industriels \u00e0 la pointe du progr\u00e8s<\/strong>. Par ailleurs, il a fait construire son propre hall industriel afin d\u2019accueillir de nouveaux bancs d\u2019essais en \u00e9lectrotechnique, m\u00e9canique, thermique et biotechnologie.<\/p>\n<div class=\"col-12 col-md-7\">\n<div class=\"card\">\n<div class=\"card-body\">\n<p class=\"mb-0\"><strong>Le <span class=\"text-he-current\">CeREF Technique<\/span> emploie environ 11 \u00e9quivalents temps plein, dont 10 chercheurs qualifi\u00e9s, ing\u00e9nieurs ou docteurs. Le chiffre d\u2019affaires annuel avoisine les 1.000.000 \u20ac dont pr\u00e8s de 80 % proviennent de programmes de recherches b\u00e9n\u00e9ficiant de subsides de la r\u00e9gion wallonne. Sur les derni\u00e8res ann\u00e9es, plus de 25 projets ont \u00e9t\u00e9 s\u00e9lectionn\u00e9s par la direction de la recherche de la R\u00e9gion Wallonne.<\/strong><\/p>\n<\/div>\n<\/div>\n<\/div>\n<div class=\"col-12 col-md-5 mt-3 mt-mb-0\">\n<p>Le <strong class=\"text-he-current\">CeREF Technique<\/strong> participe \u00e9galement aux transferts technologiques des Hautes Ecoles vers les entreprises au travers de ch\u00e8ques technologiques, d\u2019offres de service ou encore de formation continu\u00e9e. Il est \u00e9galement agr\u00e9\u00e9 ch\u00e8ques formations et innovation voucher.<\/p>\n<\/div>\n<\/section>\n<section class=\"row mt-4\">\n<h2 class=\"text-he-current\">Expertise<\/h2>\n<p class=\"mb-0\"><strong>Favorisant les projets pluridisciplinaires<\/strong>, l\u2019expertise du <strong class=\"text-he-current\">CeREF Technique<\/strong> couvre :<\/p>\n<ul class=\"row list-unstyled gy-3\">\n<li class=\"col-12 col-lg-6\">\n<div class=\"card\">\n<div class=\"card-body\">\n<h3 class=\"h5 text-he-current mb-0\">Les techniques de concentration \/ filtration<\/h3>\n<\/div>\n<\/div>\n<\/li>\n<li class=\"col-12 col-lg-6\">\n<div class=\"card\">\n<div class=\"card-body\">\n<h3 class=\"h5 text-he-current mb-0\">Le d\u00e9veloppement de mati\u00e8res premi\u00e8res cosm\u00e9tiques\u00a0<\/h3>\n<\/div>\n<\/div>\n<\/li>\n<li class=\"col-12 col-sm-6 col-md-4 col-lg-3\">\n<div class=\"card\">\n<div class=\"card-body\">\n<h3 class=\"h5 text-he-current mb-0\">L&rsquo;extraction v\u00e9g\u00e9tale<\/h3>\n<\/div>\n<\/div>\n<\/li>\n<li class=\"col-12 col-sm-6 col-md-4 col-lg-3\">\n<div class=\"card\">\n<div class=\"card-body\">\n<h3 class=\"h5 text-he-current mb-0\">La micro-encapsulation<\/h3>\n<\/div>\n<\/div>\n<\/li>\n<li class=\"col-12 col-sm-6 col-md-4 col-lg-3\">\n<div class=\"card\">\n<div class=\"card-body\">\n<h3 class=\"h5 text-he-current mb-0\">La m\u00e9canique des fluides<\/h3>\n<\/div>\n<\/div>\n<\/li>\n<li class=\"col-12 col-sm-6 col-md-4 col-lg-3\">\n<div class=\"card\">\n<div class=\"card-body\">\n<h3 class=\"h5 text-he-current mb-0\">Les moteurs thermiques<\/h3>\n<\/div>\n<\/div>\n<\/li>\n<li class=\"col-12 col-sm-6 col-md-4 col-lg-3\">\n<div class=\"card\">\n<div class=\"card-body\">\n<h3 class=\"h5 text-he-current mb-0\">Le domaine thermique<\/h3>\n<\/div>\n<\/div>\n<\/li>\n<li class=\"col-12 col-sm-6 col-md-4 col-lg-3\">\n<div class=\"card\">\n<div class=\"card-body\">\n<h3 class=\"h5 text-he-current mb-0\">L&rsquo;\u00e9lectronique de puissance<\/h3>\n<\/div>\n<\/div>\n<\/li>\n<li class=\"col-12 col-sm-6 col-md-4 col-lg-3\">\n<div class=\"card\">\n<div class=\"card-body\">\n<h3 class=\"h5 text-he-current mb-0\">L\u2019\u00e9lectronique embarqu\u00e9e<\/h3>\n<\/div>\n<\/div>\n<\/li>\n<li class=\"col-12 col-sm-6 col-md-4 col-lg-3\">\n<div class=\"card\">\n<div class=\"card-body\">\n<h3 class=\"h5 text-he-current mb-0\">L\u2019intelligence artificielle<\/h3>\n<\/div>\n<\/div>\n<\/li>\n<li class=\"col-12 col-sm-6 col-md-4 col-lg-3\">\n<div class=\"card\">\n<div class=\"card-body\">\n<h3 class=\"h5 text-he-current mb-0\">L&rsquo;e-sant\u00e9<\/h3>\n<\/div>\n<\/div>\n<\/li>\n<li class=\"col-12 col-sm-6 col-md-4 col-lg-3\">\n<div class=\"card\">\n<div class=\"card-body\">\n<h3 class=\"h5 text-he-current mb-0\">l&rsquo;IoT et l&rsquo;IIoT<\/h3>\n<\/div>\n<\/div>\n<\/li>\n<li class=\"col-12 col-sm-6 col-md-4 col-lg-3\">\n<div class=\"card\">\n<div class=\"card-body\">\n<h3 class=\"h5 text-he-current mb-0\">L&rsquo;optimisation<\/h3>\n<\/div>\n<\/div>\n<\/li>\n<li class=\"col-12 col-sm-6 col-md-4 col-lg-3\">\n<div class=\"card\">\n<div class=\"card-body\">\n<h3 class=\"h5 text-he-current mb-0\">La maintenance pr\u00e9dictive,<\/h3>\n<\/div>\n<\/div>\n<\/li>\n<li class=\"col-12 col-sm-6 col-md-4 col-lg-3\">\n<div class=\"card\">\n<div class=\"card-body\">\n<h3 class=\"h5 text-he-current mb-0\">Les t\u00e9l\u00e9communications<\/h3>\n<\/div>\n<\/div>\n<\/li>\n<\/ul>\n<\/section>\n<section class=\"row mt-5\">\n<h2 class=\"text-he-current\">P\u00f4les<\/h2>\n<p>Plus d\u2019informations sur les p\u00f4les de recherches via ces liens :<\/p>\n<ul class=\"row list-unstyled\">\n<li class=\"col-12 col-md-6 col-lg-4\">\n<div class=\"card card-link bg-he-current bg-he-styled\">\n<div class=\"card-body\">\n<h3 class=\"text-he-white mb-0\"><a class=\"stretched-link\" href=\"\/technique\/presentation\/pole-de-recherche-en-biotechnologie\/\">P\u00f4le Biotechnologie<\/a><\/h3>\n<div class=\"btn btn-he-grey mt-2 mb-0\">En savoir plus<\/div>\n<\/div>\n<\/div>\n<\/li>\n<li class=\"col-12 col-md-6 col-lg-4 mt-3 mt-md-0\">\n<div class=\"card card-link bg-he-current bg-he-styled\">\n<div class=\"card-body\">\n<h3 class=\"text-he-white mb-0\"><a class=\"stretched-link\" href=\"\/technique\/presentation\/pole-de-recherche-en-electricite-et-electronique\/\">P\u00f4le \u00c9lectricit\u00e9\/\u00c9lectronique<\/a><\/h3>\n<div class=\"btn btn-he-grey mt-2 mb-0\">En savoir plus<\/div>\n<\/div>\n<\/div>\n<\/li>\n<li class=\"col-12 col-md-6 col-lg-4 mt-3 mt-md-0\">\n<div class=\"card card-link bg-he-current bg-he-styled\">\n<div class=\"card-body\">\n<h3 class=\"text-he-white mb-0\"><a class=\"stretched-link\" href=\"\/technique\/presentation\/pole-de-recherche-en-electromecanique-et-thermique\/\">P\u00f4le Electrom\u00e9canique-Thermique<\/a><\/h3>\n<div class=\"btn btn-he-grey mt-2 mb-0\">En savoir plus<\/div>\n<\/div>\n<\/div>\n<\/li>\n<\/ul>\n<\/section>\n\n\n<p><\/p>\n\n\n\n<p><\/p>\n\n\n\n<p>You can find the <a href=\"https:\/\/ceref.helha.be\/technique\/app\/uploads\/2025\/01\/Data-Protection-Statement-EKIN-CeREF-.pdf\">Data Protection Statement <\/a>here.<\/p>\n","protected":false},"excerpt":{"rendered":"<p>Pr\u00e9sentation Vid\u00e9o de pr\u00e9sentation du CeREF Technique Depuis le 15 janvier 2019, le CERISIC est devenu membre du CeREF asbl, qui est le centre de recherche et de formation pour l\u2019ensemble des Domaines de la HELHa. De son entr\u00e9e au CeREF, le CERISIC est devenu le CeREF Technique. Tout comme le faisait le CERISIC, le [&hellip;]<\/p>\n","protected":false},"author":1,"featured_media":1361,"parent":0,"menu_order":0,"comment_status":"closed","ping_status":"closed","template":"template-homepage.php","meta":{"_acf_changed":false,"footnotes":""},"class_list":["post-234","page","type-page","status-publish","has-post-thumbnail","hentry"],"acf":[],"yoast_head":"<!-- This site is optimized with the Yoast SEO plugin v21.9.1 - https:\/\/yoast.com\/wordpress\/plugins\/seo\/ -->\n<title>CeREF Technique - CeREF Technique<\/title>\n<meta name=\"description\" content=\"Le CeREF Technique existe depuis 1984. Il y a sans doute beaucoup de choses \u00e0 dire mais en quelques mots, sachez notre cellule r\u00e9alise des projets d\u2019\u00e9tudes ou de recherches appliqu\u00e9es dans les diff\u00e9rents domaines des sciences et de la technologie. Notre expertise se situe dans trois p\u00f4les : biotechnologie, \u00e9lectricit\u00e9\/\u00e9lectronique et \u00e9lectrom\u00e9canique\/thermique. Nos activit\u00e9s actuelles reposent essentiellement (95%) sur des projets de recherche et d\u00e9veloppement. Nos th\u00e9matiques prioritaires actuellement sont l\u2019IA embarqu\u00e9e, l\u2019e-sant\u00e9 et e-agro\u00e9cologie, la conception \u00e9lectrom\u00e9canique, la simulation open source, la microencapsulation et le d\u00e9veloppement de nouvelle mati\u00e8re premi\u00e8re pour le secteur cosm\u00e9tique.\" \/>\n<meta name=\"robots\" content=\"index, follow, max-snippet:-1, max-image-preview:large, max-video-preview:-1\" \/>\n<link rel=\"canonical\" href=\"https:\/\/ceref.helha.be\/technique\/\" \/>\n<meta property=\"og:locale\" content=\"fr_FR\" \/>\n<meta property=\"og:type\" content=\"article\" \/>\n<meta property=\"og:title\" content=\"CeREF Technique - CeREF Technique\" \/>\n<meta property=\"og:description\" content=\"Le CeREF Technique existe depuis 1984. Il y a sans doute beaucoup de choses \u00e0 dire mais en quelques mots, sachez notre cellule r\u00e9alise des projets d\u2019\u00e9tudes ou de recherches appliqu\u00e9es dans les diff\u00e9rents domaines des sciences et de la technologie. Notre expertise se situe dans trois p\u00f4les : biotechnologie, \u00e9lectricit\u00e9\/\u00e9lectronique et \u00e9lectrom\u00e9canique\/thermique. Nos activit\u00e9s actuelles reposent essentiellement (95%) sur des projets de recherche et d\u00e9veloppement. Nos th\u00e9matiques prioritaires actuellement sont l\u2019IA embarqu\u00e9e, l\u2019e-sant\u00e9 et e-agro\u00e9cologie, la conception \u00e9lectrom\u00e9canique, la simulation open source, la microencapsulation et le d\u00e9veloppement de nouvelle mati\u00e8re premi\u00e8re pour le secteur cosm\u00e9tique.\" \/>\n<meta property=\"og:url\" content=\"https:\/\/ceref.helha.be\/technique\/\" \/>\n<meta property=\"og:site_name\" content=\"CeREF Technique\" \/>\n<meta property=\"article:publisher\" content=\"https:\/\/www.facebook.com\/Ceref.helha\" \/>\n<meta property=\"article:modified_time\" content=\"2026-01-07T13:58:36+00:00\" \/>\n<meta property=\"og:image\" content=\"https:\/\/ceref.helha.be\/technique\/app\/uploads\/2021\/02\/BandeauGeneral-1024x228.png\" \/>\n\t<meta property=\"og:image:width\" content=\"1024\" \/>\n\t<meta property=\"og:image:height\" content=\"228\" \/>\n\t<meta property=\"og:image:type\" content=\"image\/png\" \/>\n<meta name=\"twitter:card\" content=\"summary_large_image\" \/>\n<meta name=\"twitter:label1\" content=\"Est. reading time\" \/>\n\t<meta name=\"twitter:data1\" content=\"3 minutes\" \/>\n<script type=\"application\/ld+json\" class=\"yoast-schema-graph\">{\"@context\":\"https:\/\/schema.org\",\"@graph\":[{\"@type\":\"WebPage\",\"@id\":\"https:\/\/ceref.helha.be\/technique\/\",\"url\":\"https:\/\/ceref.helha.be\/technique\/\",\"name\":\"CeREF Technique - CeREF Technique\",\"isPartOf\":{\"@id\":\"https:\/\/ceref.helha.be\/technique\/#website\"},\"datePublished\":\"2019-12-17T13:18:38+00:00\",\"dateModified\":\"2026-01-07T13:58:36+00:00\",\"description\":\"Le CeREF Technique existe depuis 1984. Il y a sans doute beaucoup de choses \u00e0 dire mais en quelques mots, sachez notre cellule r\u00e9alise des projets d\u2019\u00e9tudes ou de recherches appliqu\u00e9es dans les diff\u00e9rents domaines des sciences et de la technologie. Notre expertise se situe dans trois p\u00f4les : biotechnologie, \u00e9lectricit\u00e9\/\u00e9lectronique et \u00e9lectrom\u00e9canique\/thermique. Nos activit\u00e9s actuelles reposent essentiellement (95%) sur des projets de recherche et d\u00e9veloppement. Nos th\u00e9matiques prioritaires actuellement sont l\u2019IA embarqu\u00e9e, l\u2019e-sant\u00e9 et e-agro\u00e9cologie, la conception \u00e9lectrom\u00e9canique, la simulation open source, la microencapsulation et le d\u00e9veloppement de nouvelle mati\u00e8re premi\u00e8re pour le secteur cosm\u00e9tique.\",\"breadcrumb\":{\"@id\":\"https:\/\/ceref.helha.be\/technique\/#breadcrumb\"},\"inLanguage\":\"fr-BE\",\"potentialAction\":[{\"@type\":\"ReadAction\",\"target\":[\"https:\/\/ceref.helha.be\/technique\/\"]}]},{\"@type\":\"BreadcrumbList\",\"@id\":\"https:\/\/ceref.helha.be\/technique\/#breadcrumb\",\"itemListElement\":[{\"@type\":\"ListItem\",\"position\":1,\"name\":\"Home\",\"item\":\"https:\/\/ceref.helha.be\/technique\/\"},{\"@type\":\"ListItem\",\"position\":2,\"name\":\"CeREF Technique\"}]},{\"@type\":\"WebSite\",\"@id\":\"https:\/\/ceref.helha.be\/technique\/#website\",\"url\":\"https:\/\/ceref.helha.be\/technique\/\",\"name\":\"CeREF Technique - Centre de Recherche et de Formation continue de la HELHa\",\"description\":\"Centre de Recherche et de Formation HELHa\",\"publisher\":{\"@id\":\"https:\/\/ceref.helha.be\/technique\/#organization\"},\"potentialAction\":[{\"@type\":\"SearchAction\",\"target\":{\"@type\":\"EntryPoint\",\"urlTemplate\":\"https:\/\/ceref.helha.be\/technique\/?s={search_term_string}\"},\"query-input\":\"required name=search_term_string\"}],\"inLanguage\":\"fr-BE\"},{\"@type\":\"Organization\",\"@id\":\"https:\/\/ceref.helha.be\/technique\/#organization\",\"name\":\"CeREF Technique - Centre de Recherche et de Formation continue de la HELHa\",\"url\":\"https:\/\/ceref.helha.be\/technique\/\",\"logo\":{\"@type\":\"ImageObject\",\"inLanguage\":\"fr-BE\",\"@id\":\"https:\/\/ceref.helha.be\/technique\/#\/schema\/logo\/image\/\",\"url\":\"https:\/\/ceref.helha.be\/technique\/app\/uploads\/2019\/12\/logo-cereftechnique.jpg\",\"contentUrl\":\"https:\/\/ceref.helha.be\/technique\/app\/uploads\/2019\/12\/logo-cereftechnique.jpg\",\"width\":278,\"height\":154,\"caption\":\"CeREF Technique - Centre de Recherche et de Formation continue de la HELHa\"},\"image\":{\"@id\":\"https:\/\/ceref.helha.be\/technique\/#\/schema\/logo\/image\/\"},\"sameAs\":[\"https:\/\/www.facebook.com\/Ceref.helha\",\"https:\/\/www.linkedin.com\/company\/ceref-helha\/\"]}]}<\/script>\n<!-- \/ Yoast SEO plugin. -->","yoast_head_json":{"title":"CeREF Technique - CeREF Technique","description":"Le CeREF Technique existe depuis 1984. Il y a sans doute beaucoup de choses \u00e0 dire mais en quelques mots, sachez notre cellule r\u00e9alise des projets d\u2019\u00e9tudes ou de recherches appliqu\u00e9es dans les diff\u00e9rents domaines des sciences et de la technologie. Notre expertise se situe dans trois p\u00f4les : biotechnologie, \u00e9lectricit\u00e9\/\u00e9lectronique et \u00e9lectrom\u00e9canique\/thermique. Nos activit\u00e9s actuelles reposent essentiellement (95%) sur des projets de recherche et d\u00e9veloppement. Nos th\u00e9matiques prioritaires actuellement sont l\u2019IA embarqu\u00e9e, l\u2019e-sant\u00e9 et e-agro\u00e9cologie, la conception \u00e9lectrom\u00e9canique, la simulation open source, la microencapsulation et le d\u00e9veloppement de nouvelle mati\u00e8re premi\u00e8re pour le secteur cosm\u00e9tique.","robots":{"index":"index","follow":"follow","max-snippet":"max-snippet:-1","max-image-preview":"max-image-preview:large","max-video-preview":"max-video-preview:-1"},"canonical":"https:\/\/ceref.helha.be\/technique\/","og_locale":"fr_FR","og_type":"article","og_title":"CeREF Technique - CeREF Technique","og_description":"Le CeREF Technique existe depuis 1984. Il y a sans doute beaucoup de choses \u00e0 dire mais en quelques mots, sachez notre cellule r\u00e9alise des projets d\u2019\u00e9tudes ou de recherches appliqu\u00e9es dans les diff\u00e9rents domaines des sciences et de la technologie. Notre expertise se situe dans trois p\u00f4les : biotechnologie, \u00e9lectricit\u00e9\/\u00e9lectronique et \u00e9lectrom\u00e9canique\/thermique. Nos activit\u00e9s actuelles reposent essentiellement (95%) sur des projets de recherche et d\u00e9veloppement. Nos th\u00e9matiques prioritaires actuellement sont l\u2019IA embarqu\u00e9e, l\u2019e-sant\u00e9 et e-agro\u00e9cologie, la conception \u00e9lectrom\u00e9canique, la simulation open source, la microencapsulation et le d\u00e9veloppement de nouvelle mati\u00e8re premi\u00e8re pour le secteur cosm\u00e9tique.","og_url":"https:\/\/ceref.helha.be\/technique\/","og_site_name":"CeREF Technique","article_publisher":"https:\/\/www.facebook.com\/Ceref.helha","article_modified_time":"2026-01-07T13:58:36+00:00","og_image":[{"width":1024,"height":228,"url":"https:\/\/ceref.helha.be\/technique\/app\/uploads\/2021\/02\/BandeauGeneral-1024x228.png","type":"image\/png"}],"twitter_card":"summary_large_image","twitter_misc":{"Est. reading time":"3 minutes"},"schema":{"@context":"https:\/\/schema.org","@graph":[{"@type":"WebPage","@id":"https:\/\/ceref.helha.be\/technique\/","url":"https:\/\/ceref.helha.be\/technique\/","name":"CeREF Technique - CeREF Technique","isPartOf":{"@id":"https:\/\/ceref.helha.be\/technique\/#website"},"datePublished":"2019-12-17T13:18:38+00:00","dateModified":"2026-01-07T13:58:36+00:00","description":"Le CeREF Technique existe depuis 1984. Il y a sans doute beaucoup de choses \u00e0 dire mais en quelques mots, sachez notre cellule r\u00e9alise des projets d\u2019\u00e9tudes ou de recherches appliqu\u00e9es dans les diff\u00e9rents domaines des sciences et de la technologie. Notre expertise se situe dans trois p\u00f4les : biotechnologie, \u00e9lectricit\u00e9\/\u00e9lectronique et \u00e9lectrom\u00e9canique\/thermique. Nos activit\u00e9s actuelles reposent essentiellement (95%) sur des projets de recherche et d\u00e9veloppement. Nos th\u00e9matiques prioritaires actuellement sont l\u2019IA embarqu\u00e9e, l\u2019e-sant\u00e9 et e-agro\u00e9cologie, la conception \u00e9lectrom\u00e9canique, la simulation open source, la microencapsulation et le d\u00e9veloppement de nouvelle mati\u00e8re premi\u00e8re pour le secteur cosm\u00e9tique.","breadcrumb":{"@id":"https:\/\/ceref.helha.be\/technique\/#breadcrumb"},"inLanguage":"fr-BE","potentialAction":[{"@type":"ReadAction","target":["https:\/\/ceref.helha.be\/technique\/"]}]},{"@type":"BreadcrumbList","@id":"https:\/\/ceref.helha.be\/technique\/#breadcrumb","itemListElement":[{"@type":"ListItem","position":1,"name":"Home","item":"https:\/\/ceref.helha.be\/technique\/"},{"@type":"ListItem","position":2,"name":"CeREF Technique"}]},{"@type":"WebSite","@id":"https:\/\/ceref.helha.be\/technique\/#website","url":"https:\/\/ceref.helha.be\/technique\/","name":"CeREF Technique - Centre de Recherche et de Formation continue de la HELHa","description":"Centre de Recherche et de Formation HELHa","publisher":{"@id":"https:\/\/ceref.helha.be\/technique\/#organization"},"potentialAction":[{"@type":"SearchAction","target":{"@type":"EntryPoint","urlTemplate":"https:\/\/ceref.helha.be\/technique\/?s={search_term_string}"},"query-input":"required name=search_term_string"}],"inLanguage":"fr-BE"},{"@type":"Organization","@id":"https:\/\/ceref.helha.be\/technique\/#organization","name":"CeREF Technique - Centre de Recherche et de Formation continue de la HELHa","url":"https:\/\/ceref.helha.be\/technique\/","logo":{"@type":"ImageObject","inLanguage":"fr-BE","@id":"https:\/\/ceref.helha.be\/technique\/#\/schema\/logo\/image\/","url":"https:\/\/ceref.helha.be\/technique\/app\/uploads\/2019\/12\/logo-cereftechnique.jpg","contentUrl":"https:\/\/ceref.helha.be\/technique\/app\/uploads\/2019\/12\/logo-cereftechnique.jpg","width":278,"height":154,"caption":"CeREF Technique - Centre de Recherche et de Formation continue de la HELHa"},"image":{"@id":"https:\/\/ceref.helha.be\/technique\/#\/schema\/logo\/image\/"},"sameAs":["https:\/\/www.facebook.com\/Ceref.helha","https:\/\/www.linkedin.com\/company\/ceref-helha\/"]}]}},"_links":{"self":[{"href":"https:\/\/ceref.helha.be\/technique\/wp-json\/wp\/v2\/pages\/234","targetHints":{"allow":["GET"]}}],"collection":[{"href":"https:\/\/ceref.helha.be\/technique\/wp-json\/wp\/v2\/pages"}],"about":[{"href":"https:\/\/ceref.helha.be\/technique\/wp-json\/wp\/v2\/types\/page"}],"author":[{"embeddable":true,"href":"https:\/\/ceref.helha.be\/technique\/wp-json\/wp\/v2\/users\/1"}],"replies":[{"embeddable":true,"href":"https:\/\/ceref.helha.be\/technique\/wp-json\/wp\/v2\/comments?post=234"}],"version-history":[{"count":53,"href":"https:\/\/ceref.helha.be\/technique\/wp-json\/wp\/v2\/pages\/234\/revisions"}],"predecessor-version":[{"id":3168,"href":"https:\/\/ceref.helha.be\/technique\/wp-json\/wp\/v2\/pages\/234\/revisions\/3168"}],"wp:featuredmedia":[{"embeddable":true,"href":"https:\/\/ceref.helha.be\/technique\/wp-json\/wp\/v2\/media\/1361"}],"wp:attachment":[{"href":"https:\/\/ceref.helha.be\/technique\/wp-json\/wp\/v2\/media?parent=234"}],"curies":[{"name":"wp","href":"https:\/\/api.w.org\/{rel}","templated":true}]}}