{"id":1336,"date":"2021-02-26T10:49:16","date_gmt":"2021-02-26T09:49:16","guid":{"rendered":"https:\/\/ceref-test.helha.be\/technique\/?page_id=1336"},"modified":"2021-03-12T09:58:11","modified_gmt":"2021-03-12T08:58:11","slug":"formation-module-energie-data-center","status":"publish","type":"page","link":"https:\/\/ceref.helha.be\/technique\/formations\/formation-module-energie-data-center\/","title":{"rendered":"Formation: Module \u00c9nergie data Center"},"content":{"rendered":"<p style=\"text-align: justify;\"><u>Objectif de la formation :<br \/>\n<\/u>Le module couvre les concepts \u00e9nerg\u00e9tiques n\u00e9cessaires pour traiter les \u00e9quipements thermiques pr\u00e9sents dans les datacenters pour les besoins de refroidissement et de r\u00e9cup\u00e9ration de chaleur. Des sujets fondamentaux tels que les concepts de base du transfert de chaleur (conduction, convection, rayonnement), les principes thermodynamiques et les propri\u00e9t\u00e9s des fluides (air et vapeur) sont suivis de leur application aux \u00e9changeurs de chaleur et aux cycles thermodynamiques avec un aper\u00e7u des technologies de refroidissement et le HVAC dans le centre de donn\u00e9es. Le module aborde le traitement des eaux dans les dispositifs de refroidissement.<\/p>\n<p style=\"text-align: justify;\"><u>Dur\u00e9e et organisation pratique :<br \/>\n<\/u>1 journ\u00e9e de laboratoire<\/p>\n<p style=\"text-align: justify;\"><u>Formateurs :<\/u> <br \/>\nDelphine Lupant<br \/>\nJean-Francois Pietquin<\/p>\n<p style=\"text-align: justify;\"><span style=\"text-decoration: underline;\">Lieu si la formation est organis\u00e9e \u00e0 la HELHa :<br \/>\n<\/span>Campus de Mons \u2013 b\u00e2timent CER 1<br \/>\nChauss\u00e9e de Binche 159<br \/>\n7000 Mons<\/p>\n<p style=\"text-align: justify;\"><u>Prix :<br \/>\n<\/u>500 \u20ac<\/p>\n<p style=\"text-align: justify;\"><span style=\"text-decoration: underline;\">Nombre de participants maximum :<\/span> <br \/>\n6<\/p>\n<p style=\"text-align: justify;\"><span style=\"text-decoration: underline;\">Pour contacter l\u2019organisateur<\/span> : <a href=\"mailto:datacenter@helha.be\">datacenter@helha.be<\/a><\/p>\n<p style=\"text-align: justify;\"><span style=\"color: #808080;\"><em><span style=\"font-size: 10pt;\">Note : si la formation est organis\u00e9e \u00ab sur mesure \u00bb pour une entreprise, le prix global est de 3000\u20ac et le nombre maximal de participants est de 8.<\/span><\/em><\/span><\/p>\n<h2>\u00a0<\/h2>\n<h1 style=\"text-align: justify;\"><span style=\"color: #004372;\">Envie d\u2019organiser dans votre entreprise une formation propos\u00e9e ?<\/span><\/h1>\n<p style=\"text-align: justify;\">Selon les besoins en mat\u00e9riels, certaines des formations programm\u00e9es dans notre catalogue peuvent se dispenser au sein de votre organisation. Ces formations \u00ab chez vous \u00bb sont adapt\u00e9es \u00e0 votre r\u00e9alit\u00e9 professionnelle et \u00e0 vos objectifs. Ce sera l\u2019occasion pour votre \u00e9quipe, de partager vos exp\u00e9riences et de confronter vos points de vue de fa\u00e7on conviviale et privil\u00e9gi\u00e9e. Si vous le d\u00e9sirez, la formation peut aussi s\u2019organiser sur une des implantations de la HELHa.<\/p>\n","protected":false},"excerpt":{"rendered":"<p>Objectif de la formation : Le module couvre les concepts \u00e9nerg\u00e9tiques n\u00e9cessaires pour traiter les \u00e9quipements thermiques pr\u00e9sents dans les datacenters pour les besoins de refroidissement et de r\u00e9cup\u00e9ration de chaleur. Des sujets fondamentaux tels que les concepts de base du transfert de chaleur (conduction, convection, rayonnement), les principes thermodynamiques et les propri\u00e9t\u00e9s des fluides [&hellip;]<\/p>\n","protected":false},"author":17,"featured_media":0,"parent":238,"menu_order":0,"comment_status":"closed","ping_status":"closed","template":"template-fullwidth.php","meta":{"_acf_changed":false,"footnotes":""},"class_list":["post-1336","page","type-page","status-publish","hentry"],"acf":[],"yoast_head":"<!-- This site is optimized with the Yoast SEO plugin v21.9.1 - https:\/\/yoast.com\/wordpress\/plugins\/seo\/ -->\n<title>Formation: Module \u00c9nergie data Center - CeREF Technique<\/title>\n<meta name=\"robots\" content=\"index, follow, max-snippet:-1, max-image-preview:large, max-video-preview:-1\" \/>\n<link rel=\"canonical\" href=\"https:\/\/ceref.helha.be\/technique\/formations\/formation-module-energie-data-center\/\" \/>\n<meta property=\"og:locale\" content=\"fr_FR\" \/>\n<meta property=\"og:type\" content=\"article\" \/>\n<meta property=\"og:title\" content=\"Formation: Module \u00c9nergie data Center - CeREF Technique\" \/>\n<meta property=\"og:description\" content=\"Objectif de la formation : Le module couvre les concepts \u00e9nerg\u00e9tiques n\u00e9cessaires pour traiter les \u00e9quipements thermiques pr\u00e9sents dans les datacenters pour les besoins de refroidissement et de r\u00e9cup\u00e9ration de chaleur. Des sujets fondamentaux tels que les concepts de base du transfert de chaleur (conduction, convection, rayonnement), les principes thermodynamiques et les propri\u00e9t\u00e9s des fluides [&hellip;]\" \/>\n<meta property=\"og:url\" content=\"https:\/\/ceref.helha.be\/technique\/formations\/formation-module-energie-data-center\/\" \/>\n<meta property=\"og:site_name\" content=\"CeREF Technique\" \/>\n<meta property=\"article:publisher\" content=\"https:\/\/www.facebook.com\/Ceref.helha\" \/>\n<meta property=\"article:modified_time\" content=\"2021-03-12T08:58:11+00:00\" \/>\n<meta name=\"twitter:card\" content=\"summary_large_image\" \/>\n<meta name=\"twitter:label1\" content=\"Est. reading time\" \/>\n\t<meta name=\"twitter:data1\" content=\"1 minute\" \/>\n<script type=\"application\/ld+json\" class=\"yoast-schema-graph\">{\"@context\":\"https:\/\/schema.org\",\"@graph\":[{\"@type\":\"WebPage\",\"@id\":\"https:\/\/ceref.helha.be\/technique\/formations\/formation-module-energie-data-center\/\",\"url\":\"https:\/\/ceref.helha.be\/technique\/formations\/formation-module-energie-data-center\/\",\"name\":\"Formation: Module \u00c9nergie data Center - CeREF Technique\",\"isPartOf\":{\"@id\":\"https:\/\/ceref.helha.be\/technique\/#website\"},\"datePublished\":\"2021-02-26T09:49:16+00:00\",\"dateModified\":\"2021-03-12T08:58:11+00:00\",\"breadcrumb\":{\"@id\":\"https:\/\/ceref.helha.be\/technique\/formations\/formation-module-energie-data-center\/#breadcrumb\"},\"inLanguage\":\"fr-BE\",\"potentialAction\":[{\"@type\":\"ReadAction\",\"target\":[\"https:\/\/ceref.helha.be\/technique\/formations\/formation-module-energie-data-center\/\"]}]},{\"@type\":\"BreadcrumbList\",\"@id\":\"https:\/\/ceref.helha.be\/technique\/formations\/formation-module-energie-data-center\/#breadcrumb\",\"itemListElement\":[{\"@type\":\"ListItem\",\"position\":1,\"name\":\"Home\",\"item\":\"https:\/\/ceref.helha.be\/technique\/\"},{\"@type\":\"ListItem\",\"position\":2,\"name\":\"Formations\",\"item\":\"https:\/\/ceref.helha.be\/technique\/formations\/\"},{\"@type\":\"ListItem\",\"position\":3,\"name\":\"Formation: Module \u00c9nergie data Center\"}]},{\"@type\":\"WebSite\",\"@id\":\"https:\/\/ceref.helha.be\/technique\/#website\",\"url\":\"https:\/\/ceref.helha.be\/technique\/\",\"name\":\"CeREF Technique - Centre de Recherche et de Formation continue de la HELHa\",\"description\":\"Centre de Recherche et de Formation HELHa\",\"publisher\":{\"@id\":\"https:\/\/ceref.helha.be\/technique\/#organization\"},\"potentialAction\":[{\"@type\":\"SearchAction\",\"target\":{\"@type\":\"EntryPoint\",\"urlTemplate\":\"https:\/\/ceref.helha.be\/technique\/?s={search_term_string}\"},\"query-input\":\"required name=search_term_string\"}],\"inLanguage\":\"fr-BE\"},{\"@type\":\"Organization\",\"@id\":\"https:\/\/ceref.helha.be\/technique\/#organization\",\"name\":\"CeREF Technique - Centre de Recherche et de Formation continue de la HELHa\",\"url\":\"https:\/\/ceref.helha.be\/technique\/\",\"logo\":{\"@type\":\"ImageObject\",\"inLanguage\":\"fr-BE\",\"@id\":\"https:\/\/ceref.helha.be\/technique\/#\/schema\/logo\/image\/\",\"url\":\"https:\/\/ceref.helha.be\/technique\/app\/uploads\/2019\/12\/logo-cereftechnique.jpg\",\"contentUrl\":\"https:\/\/ceref.helha.be\/technique\/app\/uploads\/2019\/12\/logo-cereftechnique.jpg\",\"width\":278,\"height\":154,\"caption\":\"CeREF Technique - Centre de Recherche et de Formation continue de la HELHa\"},\"image\":{\"@id\":\"https:\/\/ceref.helha.be\/technique\/#\/schema\/logo\/image\/\"},\"sameAs\":[\"https:\/\/www.facebook.com\/Ceref.helha\",\"https:\/\/www.linkedin.com\/company\/ceref-helha\/\"]}]}<\/script>\n<!-- \/ Yoast SEO plugin. -->","yoast_head_json":{"title":"Formation: Module \u00c9nergie data Center - CeREF Technique","robots":{"index":"index","follow":"follow","max-snippet":"max-snippet:-1","max-image-preview":"max-image-preview:large","max-video-preview":"max-video-preview:-1"},"canonical":"https:\/\/ceref.helha.be\/technique\/formations\/formation-module-energie-data-center\/","og_locale":"fr_FR","og_type":"article","og_title":"Formation: Module \u00c9nergie data Center - CeREF Technique","og_description":"Objectif de la formation : Le module couvre les concepts \u00e9nerg\u00e9tiques n\u00e9cessaires pour traiter les \u00e9quipements thermiques pr\u00e9sents dans les datacenters pour les besoins de refroidissement et de r\u00e9cup\u00e9ration de chaleur. Des sujets fondamentaux tels que les concepts de base du transfert de chaleur (conduction, convection, rayonnement), les principes thermodynamiques et les propri\u00e9t\u00e9s des fluides [&hellip;]","og_url":"https:\/\/ceref.helha.be\/technique\/formations\/formation-module-energie-data-center\/","og_site_name":"CeREF Technique","article_publisher":"https:\/\/www.facebook.com\/Ceref.helha","article_modified_time":"2021-03-12T08:58:11+00:00","twitter_card":"summary_large_image","twitter_misc":{"Est. reading time":"1 minute"},"schema":{"@context":"https:\/\/schema.org","@graph":[{"@type":"WebPage","@id":"https:\/\/ceref.helha.be\/technique\/formations\/formation-module-energie-data-center\/","url":"https:\/\/ceref.helha.be\/technique\/formations\/formation-module-energie-data-center\/","name":"Formation: Module \u00c9nergie data Center - CeREF Technique","isPartOf":{"@id":"https:\/\/ceref.helha.be\/technique\/#website"},"datePublished":"2021-02-26T09:49:16+00:00","dateModified":"2021-03-12T08:58:11+00:00","breadcrumb":{"@id":"https:\/\/ceref.helha.be\/technique\/formations\/formation-module-energie-data-center\/#breadcrumb"},"inLanguage":"fr-BE","potentialAction":[{"@type":"ReadAction","target":["https:\/\/ceref.helha.be\/technique\/formations\/formation-module-energie-data-center\/"]}]},{"@type":"BreadcrumbList","@id":"https:\/\/ceref.helha.be\/technique\/formations\/formation-module-energie-data-center\/#breadcrumb","itemListElement":[{"@type":"ListItem","position":1,"name":"Home","item":"https:\/\/ceref.helha.be\/technique\/"},{"@type":"ListItem","position":2,"name":"Formations","item":"https:\/\/ceref.helha.be\/technique\/formations\/"},{"@type":"ListItem","position":3,"name":"Formation: Module \u00c9nergie data Center"}]},{"@type":"WebSite","@id":"https:\/\/ceref.helha.be\/technique\/#website","url":"https:\/\/ceref.helha.be\/technique\/","name":"CeREF Technique - Centre de Recherche et de Formation continue de la HELHa","description":"Centre de Recherche et de Formation HELHa","publisher":{"@id":"https:\/\/ceref.helha.be\/technique\/#organization"},"potentialAction":[{"@type":"SearchAction","target":{"@type":"EntryPoint","urlTemplate":"https:\/\/ceref.helha.be\/technique\/?s={search_term_string}"},"query-input":"required name=search_term_string"}],"inLanguage":"fr-BE"},{"@type":"Organization","@id":"https:\/\/ceref.helha.be\/technique\/#organization","name":"CeREF Technique - Centre de Recherche et de Formation continue de la HELHa","url":"https:\/\/ceref.helha.be\/technique\/","logo":{"@type":"ImageObject","inLanguage":"fr-BE","@id":"https:\/\/ceref.helha.be\/technique\/#\/schema\/logo\/image\/","url":"https:\/\/ceref.helha.be\/technique\/app\/uploads\/2019\/12\/logo-cereftechnique.jpg","contentUrl":"https:\/\/ceref.helha.be\/technique\/app\/uploads\/2019\/12\/logo-cereftechnique.jpg","width":278,"height":154,"caption":"CeREF Technique - Centre de Recherche et de Formation continue de la HELHa"},"image":{"@id":"https:\/\/ceref.helha.be\/technique\/#\/schema\/logo\/image\/"},"sameAs":["https:\/\/www.facebook.com\/Ceref.helha","https:\/\/www.linkedin.com\/company\/ceref-helha\/"]}]}},"_links":{"self":[{"href":"https:\/\/ceref.helha.be\/technique\/wp-json\/wp\/v2\/pages\/1336","targetHints":{"allow":["GET"]}}],"collection":[{"href":"https:\/\/ceref.helha.be\/technique\/wp-json\/wp\/v2\/pages"}],"about":[{"href":"https:\/\/ceref.helha.be\/technique\/wp-json\/wp\/v2\/types\/page"}],"author":[{"embeddable":true,"href":"https:\/\/ceref.helha.be\/technique\/wp-json\/wp\/v2\/users\/17"}],"replies":[{"embeddable":true,"href":"https:\/\/ceref.helha.be\/technique\/wp-json\/wp\/v2\/comments?post=1336"}],"version-history":[{"count":6,"href":"https:\/\/ceref.helha.be\/technique\/wp-json\/wp\/v2\/pages\/1336\/revisions"}],"predecessor-version":[{"id":2106,"href":"https:\/\/ceref.helha.be\/technique\/wp-json\/wp\/v2\/pages\/1336\/revisions\/2106"}],"up":[{"embeddable":true,"href":"https:\/\/ceref.helha.be\/technique\/wp-json\/wp\/v2\/pages\/238"}],"wp:attachment":[{"href":"https:\/\/ceref.helha.be\/technique\/wp-json\/wp\/v2\/media?parent=1336"}],"curies":[{"name":"wp","href":"https:\/\/api.w.org\/{rel}","templated":true}]}}