{"id":1334,"date":"2021-02-26T10:47:47","date_gmt":"2021-02-26T09:47:47","guid":{"rendered":"https:\/\/ceref-test.helha.be\/technique\/?page_id=1334"},"modified":"2025-02-21T13:30:23","modified_gmt":"2025-02-21T13:30:23","slug":"formation-knx","status":"publish","type":"page","link":"https:\/\/ceref.helha.be\/technique\/formations\/formation-knx\/","title":{"rendered":"Formation: KNX"},"content":{"rendered":"<p style=\"text-align: justify;\"><span style=\"text-decoration: underline;\">Objectif de la formation :<\/span><br \/>\nD\u00e9finir, identifier et nommer les diff\u00e9rents principes et caract\u00e9ristiques du syst\u00e8me KNX (les diff\u00e9rents supports de transmission utilis\u00e9s dans les syst\u00e8mes KNX, les diff\u00e9rentes informations transmises dans les t\u00e9l\u00e9grammes KNX, \u2026 Utiliser le logiciel KNX Configurer et param\u00e9trer le mat\u00e9riel KNX de base dans une installation domotique La formation abordera les arguments syst\u00e8me, les participants, la topologie de la paire torsad\u00e9e TP1, t\u00e9l\u00e9gramme TP1 ; \u2026 et int\u00e8gre des travaux dirig\u00e9s.<\/p>\n<p style=\"text-align: justify;\"><span style=\"text-decoration: underline;\">Dur\u00e9e et organisation pratique :<br \/>\n<\/span>35 heures r\u00e9parties en 5 s\u00e9ances de 7h.<br \/>\nDes formations sont organis\u00e9e plusieurs fois par an. Pour connaitre les prochaines dates de formation, contactez-nous par mail.<\/p>\n<p style=\"text-align: justify;\"><span style=\"text-decoration: underline;\">Formateur :<\/span><br \/>\nJonathan Chapelle<\/p>\n<p style=\"text-align: justify;\"><span style=\"text-decoration: underline;\">Lieu si la formation est organis\u00e9e \u00e0 la HELHa :<\/span><br \/>\nImplantation de Charleroi<br \/>\nGrand\u2019Rue 185<br \/>\n6000 Charleroi<\/p>\n<p style=\"text-align: justify;\"><span style=\"text-decoration: underline;\">Prix :<\/span><br \/>\n1250\u20ac \/ personne<\/p>\n<p style=\"text-align: justify;\"><span style=\"text-decoration: underline;\">Ch\u00e8que-formation :<\/span><br \/>\nFormation agr\u00e9\u00e9e ch\u00e8que formation<\/p>\n<p style=\"text-align: justify;\"><img decoding=\"async\" src=\"https:\/\/datacenter.helha.be\/wp-content\/uploads\/2021\/01\/IMG-cheque-formation.jpg\" alt=\"\" \/><\/p>\n<p style=\"text-align: justify;\"><span style=\"text-decoration: underline;\">Pour contacter l\u2019organisateur<\/span> : <a href=\"mailto:chapellej@helha.be\">chapellej@helha.be<\/a><\/p>\n<h2><\/h2>\n<h1 style=\"text-align: justify;\"><span style=\"color: #004372;\">Envie d\u2019organiser dans votre entreprise une formation propos\u00e9e ?<\/span><\/h1>\n<p style=\"text-align: justify;\">Selon les besoins en mat\u00e9riels, certaines des formations programm\u00e9es dans notre catalogue peuvent se dispenser au sein de votre organisation. Ces formations \u00ab chez vous \u00bb sont adapt\u00e9es \u00e0 votre r\u00e9alit\u00e9 professionnelle et \u00e0 vos objectifs. Ce sera l\u2019occasion pour votre \u00e9quipe, de partager vos exp\u00e9riences et de confronter vos points de vue de fa\u00e7on conviviale et privil\u00e9gi\u00e9e. Si vous le d\u00e9sirez, la formation peut aussi s\u2019organiser sur une des implantations de la HELHa.<\/p>\n","protected":false},"excerpt":{"rendered":"<p>Objectif de la formation : D\u00e9finir, identifier et nommer les diff\u00e9rents principes et caract\u00e9ristiques du syst\u00e8me KNX (les diff\u00e9rents supports de transmission utilis\u00e9s dans les syst\u00e8mes KNX, les diff\u00e9rentes informations transmises dans les t\u00e9l\u00e9grammes KNX, \u2026 Utiliser le logiciel KNX Configurer et param\u00e9trer le mat\u00e9riel KNX de base dans une installation domotique La formation abordera [&hellip;]<\/p>\n","protected":false},"author":17,"featured_media":0,"parent":238,"menu_order":0,"comment_status":"closed","ping_status":"closed","template":"template-fullwidth.php","meta":{"_acf_changed":false,"footnotes":""},"class_list":["post-1334","page","type-page","status-publish","hentry"],"acf":[],"yoast_head":"<!-- This site is optimized with the Yoast SEO plugin v21.9.1 - https:\/\/yoast.com\/wordpress\/plugins\/seo\/ -->\n<title>Formation: KNX - CeREF Technique<\/title>\n<meta name=\"robots\" content=\"index, follow, max-snippet:-1, max-image-preview:large, max-video-preview:-1\" \/>\n<link rel=\"canonical\" href=\"https:\/\/ceref.helha.be\/technique\/formations\/formation-knx\/\" \/>\n<meta property=\"og:locale\" content=\"fr_FR\" \/>\n<meta property=\"og:type\" content=\"article\" \/>\n<meta property=\"og:title\" content=\"Formation: KNX - CeREF Technique\" \/>\n<meta property=\"og:description\" content=\"Objectif de la formation : D\u00e9finir, identifier et nommer les diff\u00e9rents principes et caract\u00e9ristiques du syst\u00e8me KNX (les diff\u00e9rents supports de transmission utilis\u00e9s dans les syst\u00e8mes KNX, les diff\u00e9rentes informations transmises dans les t\u00e9l\u00e9grammes KNX, \u2026 Utiliser le logiciel KNX Configurer et param\u00e9trer le mat\u00e9riel KNX de base dans une installation domotique La formation abordera [&hellip;]\" \/>\n<meta property=\"og:url\" content=\"https:\/\/ceref.helha.be\/technique\/formations\/formation-knx\/\" \/>\n<meta property=\"og:site_name\" content=\"CeREF Technique\" \/>\n<meta property=\"article:publisher\" content=\"https:\/\/www.facebook.com\/Ceref.helha\" \/>\n<meta property=\"article:modified_time\" content=\"2025-02-21T13:30:23+00:00\" \/>\n<meta property=\"og:image\" content=\"https:\/\/datacenter.helha.be\/wp-content\/uploads\/2021\/01\/IMG-cheque-formation.jpg\" \/>\n<meta name=\"twitter:card\" content=\"summary_large_image\" \/>\n<meta name=\"twitter:label1\" content=\"Est. reading time\" \/>\n\t<meta name=\"twitter:data1\" content=\"1 minute\" \/>\n<script type=\"application\/ld+json\" class=\"yoast-schema-graph\">{\"@context\":\"https:\/\/schema.org\",\"@graph\":[{\"@type\":\"WebPage\",\"@id\":\"https:\/\/ceref.helha.be\/technique\/formations\/formation-knx\/\",\"url\":\"https:\/\/ceref.helha.be\/technique\/formations\/formation-knx\/\",\"name\":\"Formation: KNX - CeREF Technique\",\"isPartOf\":{\"@id\":\"https:\/\/ceref.helha.be\/technique\/#website\"},\"datePublished\":\"2021-02-26T09:47:47+00:00\",\"dateModified\":\"2025-02-21T13:30:23+00:00\",\"breadcrumb\":{\"@id\":\"https:\/\/ceref.helha.be\/technique\/formations\/formation-knx\/#breadcrumb\"},\"inLanguage\":\"fr-BE\",\"potentialAction\":[{\"@type\":\"ReadAction\",\"target\":[\"https:\/\/ceref.helha.be\/technique\/formations\/formation-knx\/\"]}]},{\"@type\":\"BreadcrumbList\",\"@id\":\"https:\/\/ceref.helha.be\/technique\/formations\/formation-knx\/#breadcrumb\",\"itemListElement\":[{\"@type\":\"ListItem\",\"position\":1,\"name\":\"Home\",\"item\":\"https:\/\/ceref.helha.be\/technique\/\"},{\"@type\":\"ListItem\",\"position\":2,\"name\":\"Formations\",\"item\":\"https:\/\/ceref.helha.be\/technique\/formations\/\"},{\"@type\":\"ListItem\",\"position\":3,\"name\":\"Formation: KNX\"}]},{\"@type\":\"WebSite\",\"@id\":\"https:\/\/ceref.helha.be\/technique\/#website\",\"url\":\"https:\/\/ceref.helha.be\/technique\/\",\"name\":\"CeREF Technique - Centre de Recherche et de Formation continue de la HELHa\",\"description\":\"Centre de Recherche et de Formation HELHa\",\"publisher\":{\"@id\":\"https:\/\/ceref.helha.be\/technique\/#organization\"},\"potentialAction\":[{\"@type\":\"SearchAction\",\"target\":{\"@type\":\"EntryPoint\",\"urlTemplate\":\"https:\/\/ceref.helha.be\/technique\/?s={search_term_string}\"},\"query-input\":\"required name=search_term_string\"}],\"inLanguage\":\"fr-BE\"},{\"@type\":\"Organization\",\"@id\":\"https:\/\/ceref.helha.be\/technique\/#organization\",\"name\":\"CeREF Technique - Centre de Recherche et de Formation continue de la HELHa\",\"url\":\"https:\/\/ceref.helha.be\/technique\/\",\"logo\":{\"@type\":\"ImageObject\",\"inLanguage\":\"fr-BE\",\"@id\":\"https:\/\/ceref.helha.be\/technique\/#\/schema\/logo\/image\/\",\"url\":\"https:\/\/ceref.helha.be\/technique\/app\/uploads\/2019\/12\/logo-cereftechnique.jpg\",\"contentUrl\":\"https:\/\/ceref.helha.be\/technique\/app\/uploads\/2019\/12\/logo-cereftechnique.jpg\",\"width\":278,\"height\":154,\"caption\":\"CeREF Technique - Centre de Recherche et de Formation continue de la HELHa\"},\"image\":{\"@id\":\"https:\/\/ceref.helha.be\/technique\/#\/schema\/logo\/image\/\"},\"sameAs\":[\"https:\/\/www.facebook.com\/Ceref.helha\",\"https:\/\/www.linkedin.com\/company\/ceref-helha\/\"]}]}<\/script>\n<!-- \/ Yoast SEO plugin. -->","yoast_head_json":{"title":"Formation: KNX - CeREF Technique","robots":{"index":"index","follow":"follow","max-snippet":"max-snippet:-1","max-image-preview":"max-image-preview:large","max-video-preview":"max-video-preview:-1"},"canonical":"https:\/\/ceref.helha.be\/technique\/formations\/formation-knx\/","og_locale":"fr_FR","og_type":"article","og_title":"Formation: KNX - CeREF Technique","og_description":"Objectif de la formation : D\u00e9finir, identifier et nommer les diff\u00e9rents principes et caract\u00e9ristiques du syst\u00e8me KNX (les diff\u00e9rents supports de transmission utilis\u00e9s dans les syst\u00e8mes KNX, les diff\u00e9rentes informations transmises dans les t\u00e9l\u00e9grammes KNX, \u2026 Utiliser le logiciel KNX Configurer et param\u00e9trer le mat\u00e9riel KNX de base dans une installation domotique La formation abordera [&hellip;]","og_url":"https:\/\/ceref.helha.be\/technique\/formations\/formation-knx\/","og_site_name":"CeREF Technique","article_publisher":"https:\/\/www.facebook.com\/Ceref.helha","article_modified_time":"2025-02-21T13:30:23+00:00","og_image":[{"url":"https:\/\/datacenter.helha.be\/wp-content\/uploads\/2021\/01\/IMG-cheque-formation.jpg"}],"twitter_card":"summary_large_image","twitter_misc":{"Est. reading time":"1 minute"},"schema":{"@context":"https:\/\/schema.org","@graph":[{"@type":"WebPage","@id":"https:\/\/ceref.helha.be\/technique\/formations\/formation-knx\/","url":"https:\/\/ceref.helha.be\/technique\/formations\/formation-knx\/","name":"Formation: KNX - CeREF Technique","isPartOf":{"@id":"https:\/\/ceref.helha.be\/technique\/#website"},"datePublished":"2021-02-26T09:47:47+00:00","dateModified":"2025-02-21T13:30:23+00:00","breadcrumb":{"@id":"https:\/\/ceref.helha.be\/technique\/formations\/formation-knx\/#breadcrumb"},"inLanguage":"fr-BE","potentialAction":[{"@type":"ReadAction","target":["https:\/\/ceref.helha.be\/technique\/formations\/formation-knx\/"]}]},{"@type":"BreadcrumbList","@id":"https:\/\/ceref.helha.be\/technique\/formations\/formation-knx\/#breadcrumb","itemListElement":[{"@type":"ListItem","position":1,"name":"Home","item":"https:\/\/ceref.helha.be\/technique\/"},{"@type":"ListItem","position":2,"name":"Formations","item":"https:\/\/ceref.helha.be\/technique\/formations\/"},{"@type":"ListItem","position":3,"name":"Formation: KNX"}]},{"@type":"WebSite","@id":"https:\/\/ceref.helha.be\/technique\/#website","url":"https:\/\/ceref.helha.be\/technique\/","name":"CeREF Technique - Centre de Recherche et de Formation continue de la HELHa","description":"Centre de Recherche et de Formation HELHa","publisher":{"@id":"https:\/\/ceref.helha.be\/technique\/#organization"},"potentialAction":[{"@type":"SearchAction","target":{"@type":"EntryPoint","urlTemplate":"https:\/\/ceref.helha.be\/technique\/?s={search_term_string}"},"query-input":"required name=search_term_string"}],"inLanguage":"fr-BE"},{"@type":"Organization","@id":"https:\/\/ceref.helha.be\/technique\/#organization","name":"CeREF Technique - Centre de Recherche et de Formation continue de la HELHa","url":"https:\/\/ceref.helha.be\/technique\/","logo":{"@type":"ImageObject","inLanguage":"fr-BE","@id":"https:\/\/ceref.helha.be\/technique\/#\/schema\/logo\/image\/","url":"https:\/\/ceref.helha.be\/technique\/app\/uploads\/2019\/12\/logo-cereftechnique.jpg","contentUrl":"https:\/\/ceref.helha.be\/technique\/app\/uploads\/2019\/12\/logo-cereftechnique.jpg","width":278,"height":154,"caption":"CeREF Technique - Centre de Recherche et de Formation continue de la HELHa"},"image":{"@id":"https:\/\/ceref.helha.be\/technique\/#\/schema\/logo\/image\/"},"sameAs":["https:\/\/www.facebook.com\/Ceref.helha","https:\/\/www.linkedin.com\/company\/ceref-helha\/"]}]}},"_links":{"self":[{"href":"https:\/\/ceref.helha.be\/technique\/wp-json\/wp\/v2\/pages\/1334","targetHints":{"allow":["GET"]}}],"collection":[{"href":"https:\/\/ceref.helha.be\/technique\/wp-json\/wp\/v2\/pages"}],"about":[{"href":"https:\/\/ceref.helha.be\/technique\/wp-json\/wp\/v2\/types\/page"}],"author":[{"embeddable":true,"href":"https:\/\/ceref.helha.be\/technique\/wp-json\/wp\/v2\/users\/17"}],"replies":[{"embeddable":true,"href":"https:\/\/ceref.helha.be\/technique\/wp-json\/wp\/v2\/comments?post=1334"}],"version-history":[{"count":10,"href":"https:\/\/ceref.helha.be\/technique\/wp-json\/wp\/v2\/pages\/1334\/revisions"}],"predecessor-version":[{"id":3119,"href":"https:\/\/ceref.helha.be\/technique\/wp-json\/wp\/v2\/pages\/1334\/revisions\/3119"}],"up":[{"embeddable":true,"href":"https:\/\/ceref.helha.be\/technique\/wp-json\/wp\/v2\/pages\/238"}],"wp:attachment":[{"href":"https:\/\/ceref.helha.be\/technique\/wp-json\/wp\/v2\/media?parent=1334"}],"curies":[{"name":"wp","href":"https:\/\/api.w.org\/{rel}","templated":true}]}}