{"id":1331,"date":"2021-02-26T10:45:32","date_gmt":"2021-02-26T09:45:32","guid":{"rendered":"https:\/\/ceref-test.helha.be\/technique\/?page_id=1331"},"modified":"2021-03-12T09:57:09","modified_gmt":"2021-03-12T08:57:09","slug":"formation-electricite-industrielle","status":"publish","type":"page","link":"https:\/\/ceref.helha.be\/technique\/formations\/formation-electricite-industrielle\/","title":{"rendered":"Formation: \u00c9lectricit\u00e9 industrielle"},"content":{"rendered":"<p style=\"text-align: justify;\"><span style=\"text-decoration: underline;\">Objectif et contenu de la formation :<\/span><br \/>\nAppr\u00e9cier la qualit\u00e9 d\u2019un r\u00e9seau de puissance, de mettre en place la maintenance d\u2019UPS (source de puissance ininterrompable) , de maitriser les r\u00e9gimes de neutres et d\u2019appr\u00e9hender les notions de s\u00e9curit\u00e9 des cellules moyennes et hautes tensions. Ce module a pour but de donner les comp\u00e9tences n\u00e9cessaires pour am\u00e9liorer la qualit\u00e9 et la fiabilit\u00e9 des r\u00e9seaux \u00e9lectriques basses tension et d\u2019\u00eatre capable d\u2019op\u00e9rer en toute s\u00e9curit\u00e9 sur des cellules haute tension. Le module abordera les th\u00e8mes de la qualit\u00e9 de la distribution \u00e9lectrique des r\u00e9seaux basse tension, d\u00e9veloppera les comp\u00e9tences dans la gestion des UPS et des g\u00e9n\u00e9rateurs basse tension.<\/p>\n<p style=\"text-align: justify;\"><span style=\"text-decoration: underline;\">Pr\u00e9requis pour suivre la formation :<\/span><br \/>\nNotions d\u2019\u00e9lectricit\u00e9 de base<\/p>\n<p style=\"text-align: justify;\"><span style=\"text-decoration: underline;\">Dur\u00e9e et organisation pratique :<\/span> <br \/>\n20h de th\u00e9orie et 7h de laboratoire <br \/>\n2h pendant 10 semaines et une journ\u00e9e de laboratoire<\/p>\n<p style=\"text-align: justify;\"><span style=\"text-decoration: underline;\">Formateur :<\/span> <br \/>\nLo\u00efc Myster &#8211; Xavier Donnet<\/p>\n<p style=\"text-align: justify;\"><span style=\"text-decoration: underline;\">Lieu si la formation est organis\u00e9e \u00e0 la HELHa :<\/span> <br \/>\nCampus de Mons<br \/>\n169 chauss\u00e9e de Binche<br \/>\n7000 Mons<\/p>\n<p style=\"text-align: justify;\"><span style=\"text-decoration: underline;\">Prix<\/span> : 2200\u20ac \/ apprenant<\/p>\n<p style=\"text-align: justify;\"><span style=\"text-decoration: underline;\">Ch\u00e8que-formation :<\/span><br \/>\nFormation agr\u00e9\u00e9e ch\u00e8que formation<\/p>\n<p style=\"text-align: justify;\"><img decoding=\"async\" src=\"https:\/\/datacenter.helha.be\/wp-content\/uploads\/2021\/01\/IMG-cheque-formation.jpg\" alt=\"\" \/><\/p>\n<p style=\"text-align: justify;\"><span style=\"text-decoration: underline;\">Pour contacter l\u2019organisateur<\/span> : <a href=\"mailto:datacenter@helha.be\">datacenter@helha.be<\/a><\/p>\n<h2>\u00a0<\/h2>\n<h1 style=\"text-align: justify;\"><span style=\"color: #004372;\">Envie d\u2019organiser dans votre entreprise une formation propos\u00e9e ?<\/span><\/h1>\n<p style=\"text-align: justify;\">Selon les besoins en mat\u00e9riels, certaines des formations programm\u00e9es dans notre catalogue peuvent se dispenser au sein de votre organisation. Ces formations \u00ab chez vous \u00bb sont adapt\u00e9es \u00e0 votre r\u00e9alit\u00e9 professionnelle et \u00e0 vos objectifs. Ce sera l\u2019occasion pour votre \u00e9quipe, de partager vos exp\u00e9riences et de confronter vos points de vue de fa\u00e7on conviviale et privil\u00e9gi\u00e9e. Si vous le d\u00e9sirez, la formation peut aussi s\u2019organiser sur une des implantations de la HELHa.<\/p>\n","protected":false},"excerpt":{"rendered":"<p>Objectif et contenu de la formation : Appr\u00e9cier la qualit\u00e9 d\u2019un r\u00e9seau de puissance, de mettre en place la maintenance d\u2019UPS (source de puissance ininterrompable) , de maitriser les r\u00e9gimes de neutres et d\u2019appr\u00e9hender les notions de s\u00e9curit\u00e9 des cellules moyennes et hautes tensions. Ce module a pour but de donner les comp\u00e9tences n\u00e9cessaires pour [&hellip;]<\/p>\n","protected":false},"author":17,"featured_media":0,"parent":238,"menu_order":0,"comment_status":"closed","ping_status":"closed","template":"template-fullwidth.php","meta":{"_acf_changed":false,"footnotes":""},"class_list":["post-1331","page","type-page","status-publish","hentry"],"acf":[],"yoast_head":"<!-- This site is optimized with the Yoast SEO plugin v21.9.1 - https:\/\/yoast.com\/wordpress\/plugins\/seo\/ -->\n<title>Formation: \u00c9lectricit\u00e9 industrielle - CeREF Technique<\/title>\n<meta name=\"robots\" content=\"index, follow, max-snippet:-1, max-image-preview:large, max-video-preview:-1\" \/>\n<link rel=\"canonical\" href=\"https:\/\/ceref.helha.be\/technique\/formations\/formation-electricite-industrielle\/\" \/>\n<meta property=\"og:locale\" content=\"fr_FR\" \/>\n<meta property=\"og:type\" content=\"article\" \/>\n<meta property=\"og:title\" content=\"Formation: \u00c9lectricit\u00e9 industrielle - CeREF Technique\" \/>\n<meta property=\"og:description\" content=\"Objectif et contenu de la formation : Appr\u00e9cier la qualit\u00e9 d\u2019un r\u00e9seau de puissance, de mettre en place la maintenance d\u2019UPS (source de puissance ininterrompable) , de maitriser les r\u00e9gimes de neutres et d\u2019appr\u00e9hender les notions de s\u00e9curit\u00e9 des cellules moyennes et hautes tensions. Ce module a pour but de donner les comp\u00e9tences n\u00e9cessaires pour [&hellip;]\" \/>\n<meta property=\"og:url\" content=\"https:\/\/ceref.helha.be\/technique\/formations\/formation-electricite-industrielle\/\" \/>\n<meta property=\"og:site_name\" content=\"CeREF Technique\" \/>\n<meta property=\"article:publisher\" content=\"https:\/\/www.facebook.com\/Ceref.helha\" \/>\n<meta property=\"article:modified_time\" content=\"2021-03-12T08:57:09+00:00\" \/>\n<meta property=\"og:image\" content=\"https:\/\/datacenter.helha.be\/wp-content\/uploads\/2021\/01\/IMG-cheque-formation.jpg\" \/>\n<meta name=\"twitter:card\" content=\"summary_large_image\" \/>\n<meta name=\"twitter:label1\" content=\"Est. reading time\" \/>\n\t<meta name=\"twitter:data1\" content=\"1 minute\" \/>\n<script type=\"application\/ld+json\" class=\"yoast-schema-graph\">{\"@context\":\"https:\/\/schema.org\",\"@graph\":[{\"@type\":\"WebPage\",\"@id\":\"https:\/\/ceref.helha.be\/technique\/formations\/formation-electricite-industrielle\/\",\"url\":\"https:\/\/ceref.helha.be\/technique\/formations\/formation-electricite-industrielle\/\",\"name\":\"Formation: \u00c9lectricit\u00e9 industrielle - CeREF Technique\",\"isPartOf\":{\"@id\":\"https:\/\/ceref.helha.be\/technique\/#website\"},\"datePublished\":\"2021-02-26T09:45:32+00:00\",\"dateModified\":\"2021-03-12T08:57:09+00:00\",\"breadcrumb\":{\"@id\":\"https:\/\/ceref.helha.be\/technique\/formations\/formation-electricite-industrielle\/#breadcrumb\"},\"inLanguage\":\"fr-BE\",\"potentialAction\":[{\"@type\":\"ReadAction\",\"target\":[\"https:\/\/ceref.helha.be\/technique\/formations\/formation-electricite-industrielle\/\"]}]},{\"@type\":\"BreadcrumbList\",\"@id\":\"https:\/\/ceref.helha.be\/technique\/formations\/formation-electricite-industrielle\/#breadcrumb\",\"itemListElement\":[{\"@type\":\"ListItem\",\"position\":1,\"name\":\"Home\",\"item\":\"https:\/\/ceref.helha.be\/technique\/\"},{\"@type\":\"ListItem\",\"position\":2,\"name\":\"Formations\",\"item\":\"https:\/\/ceref.helha.be\/technique\/formations\/\"},{\"@type\":\"ListItem\",\"position\":3,\"name\":\"Formation: \u00c9lectricit\u00e9 industrielle\"}]},{\"@type\":\"WebSite\",\"@id\":\"https:\/\/ceref.helha.be\/technique\/#website\",\"url\":\"https:\/\/ceref.helha.be\/technique\/\",\"name\":\"CeREF Technique - Centre de Recherche et de Formation continue de la HELHa\",\"description\":\"Centre de Recherche et de Formation HELHa\",\"publisher\":{\"@id\":\"https:\/\/ceref.helha.be\/technique\/#organization\"},\"potentialAction\":[{\"@type\":\"SearchAction\",\"target\":{\"@type\":\"EntryPoint\",\"urlTemplate\":\"https:\/\/ceref.helha.be\/technique\/?s={search_term_string}\"},\"query-input\":\"required name=search_term_string\"}],\"inLanguage\":\"fr-BE\"},{\"@type\":\"Organization\",\"@id\":\"https:\/\/ceref.helha.be\/technique\/#organization\",\"name\":\"CeREF Technique - Centre de Recherche et de Formation continue de la HELHa\",\"url\":\"https:\/\/ceref.helha.be\/technique\/\",\"logo\":{\"@type\":\"ImageObject\",\"inLanguage\":\"fr-BE\",\"@id\":\"https:\/\/ceref.helha.be\/technique\/#\/schema\/logo\/image\/\",\"url\":\"https:\/\/ceref.helha.be\/technique\/app\/uploads\/2019\/12\/logo-cereftechnique.jpg\",\"contentUrl\":\"https:\/\/ceref.helha.be\/technique\/app\/uploads\/2019\/12\/logo-cereftechnique.jpg\",\"width\":278,\"height\":154,\"caption\":\"CeREF Technique - Centre de Recherche et de Formation continue de la HELHa\"},\"image\":{\"@id\":\"https:\/\/ceref.helha.be\/technique\/#\/schema\/logo\/image\/\"},\"sameAs\":[\"https:\/\/www.facebook.com\/Ceref.helha\",\"https:\/\/www.linkedin.com\/company\/ceref-helha\/\"]}]}<\/script>\n<!-- \/ Yoast SEO plugin. -->","yoast_head_json":{"title":"Formation: \u00c9lectricit\u00e9 industrielle - CeREF Technique","robots":{"index":"index","follow":"follow","max-snippet":"max-snippet:-1","max-image-preview":"max-image-preview:large","max-video-preview":"max-video-preview:-1"},"canonical":"https:\/\/ceref.helha.be\/technique\/formations\/formation-electricite-industrielle\/","og_locale":"fr_FR","og_type":"article","og_title":"Formation: \u00c9lectricit\u00e9 industrielle - CeREF Technique","og_description":"Objectif et contenu de la formation : Appr\u00e9cier la qualit\u00e9 d\u2019un r\u00e9seau de puissance, de mettre en place la maintenance d\u2019UPS (source de puissance ininterrompable) , de maitriser les r\u00e9gimes de neutres et d\u2019appr\u00e9hender les notions de s\u00e9curit\u00e9 des cellules moyennes et hautes tensions. Ce module a pour but de donner les comp\u00e9tences n\u00e9cessaires pour [&hellip;]","og_url":"https:\/\/ceref.helha.be\/technique\/formations\/formation-electricite-industrielle\/","og_site_name":"CeREF Technique","article_publisher":"https:\/\/www.facebook.com\/Ceref.helha","article_modified_time":"2021-03-12T08:57:09+00:00","og_image":[{"url":"https:\/\/datacenter.helha.be\/wp-content\/uploads\/2021\/01\/IMG-cheque-formation.jpg"}],"twitter_card":"summary_large_image","twitter_misc":{"Est. reading time":"1 minute"},"schema":{"@context":"https:\/\/schema.org","@graph":[{"@type":"WebPage","@id":"https:\/\/ceref.helha.be\/technique\/formations\/formation-electricite-industrielle\/","url":"https:\/\/ceref.helha.be\/technique\/formations\/formation-electricite-industrielle\/","name":"Formation: \u00c9lectricit\u00e9 industrielle - CeREF Technique","isPartOf":{"@id":"https:\/\/ceref.helha.be\/technique\/#website"},"datePublished":"2021-02-26T09:45:32+00:00","dateModified":"2021-03-12T08:57:09+00:00","breadcrumb":{"@id":"https:\/\/ceref.helha.be\/technique\/formations\/formation-electricite-industrielle\/#breadcrumb"},"inLanguage":"fr-BE","potentialAction":[{"@type":"ReadAction","target":["https:\/\/ceref.helha.be\/technique\/formations\/formation-electricite-industrielle\/"]}]},{"@type":"BreadcrumbList","@id":"https:\/\/ceref.helha.be\/technique\/formations\/formation-electricite-industrielle\/#breadcrumb","itemListElement":[{"@type":"ListItem","position":1,"name":"Home","item":"https:\/\/ceref.helha.be\/technique\/"},{"@type":"ListItem","position":2,"name":"Formations","item":"https:\/\/ceref.helha.be\/technique\/formations\/"},{"@type":"ListItem","position":3,"name":"Formation: \u00c9lectricit\u00e9 industrielle"}]},{"@type":"WebSite","@id":"https:\/\/ceref.helha.be\/technique\/#website","url":"https:\/\/ceref.helha.be\/technique\/","name":"CeREF Technique - Centre de Recherche et de Formation continue de la HELHa","description":"Centre de Recherche et de Formation HELHa","publisher":{"@id":"https:\/\/ceref.helha.be\/technique\/#organization"},"potentialAction":[{"@type":"SearchAction","target":{"@type":"EntryPoint","urlTemplate":"https:\/\/ceref.helha.be\/technique\/?s={search_term_string}"},"query-input":"required name=search_term_string"}],"inLanguage":"fr-BE"},{"@type":"Organization","@id":"https:\/\/ceref.helha.be\/technique\/#organization","name":"CeREF Technique - Centre de Recherche et de Formation continue de la HELHa","url":"https:\/\/ceref.helha.be\/technique\/","logo":{"@type":"ImageObject","inLanguage":"fr-BE","@id":"https:\/\/ceref.helha.be\/technique\/#\/schema\/logo\/image\/","url":"https:\/\/ceref.helha.be\/technique\/app\/uploads\/2019\/12\/logo-cereftechnique.jpg","contentUrl":"https:\/\/ceref.helha.be\/technique\/app\/uploads\/2019\/12\/logo-cereftechnique.jpg","width":278,"height":154,"caption":"CeREF Technique - Centre de Recherche et de Formation continue de la HELHa"},"image":{"@id":"https:\/\/ceref.helha.be\/technique\/#\/schema\/logo\/image\/"},"sameAs":["https:\/\/www.facebook.com\/Ceref.helha","https:\/\/www.linkedin.com\/company\/ceref-helha\/"]}]}},"_links":{"self":[{"href":"https:\/\/ceref.helha.be\/technique\/wp-json\/wp\/v2\/pages\/1331","targetHints":{"allow":["GET"]}}],"collection":[{"href":"https:\/\/ceref.helha.be\/technique\/wp-json\/wp\/v2\/pages"}],"about":[{"href":"https:\/\/ceref.helha.be\/technique\/wp-json\/wp\/v2\/types\/page"}],"author":[{"embeddable":true,"href":"https:\/\/ceref.helha.be\/technique\/wp-json\/wp\/v2\/users\/17"}],"replies":[{"embeddable":true,"href":"https:\/\/ceref.helha.be\/technique\/wp-json\/wp\/v2\/comments?post=1331"}],"version-history":[{"count":5,"href":"https:\/\/ceref.helha.be\/technique\/wp-json\/wp\/v2\/pages\/1331\/revisions"}],"predecessor-version":[{"id":2104,"href":"https:\/\/ceref.helha.be\/technique\/wp-json\/wp\/v2\/pages\/1331\/revisions\/2104"}],"up":[{"embeddable":true,"href":"https:\/\/ceref.helha.be\/technique\/wp-json\/wp\/v2\/pages\/238"}],"wp:attachment":[{"href":"https:\/\/ceref.helha.be\/technique\/wp-json\/wp\/v2\/media?parent=1331"}],"curies":[{"name":"wp","href":"https:\/\/api.w.org\/{rel}","templated":true}]}}