{"id":1267,"date":"2021-02-18T15:43:39","date_gmt":"2021-02-18T14:43:39","guid":{"rendered":"https:\/\/ceref-test.helha.be\/technique\/?page_id=1267"},"modified":"2026-01-07T13:32:33","modified_gmt":"2026-01-07T13:32:33","slug":"offres-emploi","status":"publish","type":"page","link":"https:\/\/ceref.helha.be\/technique\/offres-emploi\/","title":{"rendered":"Offres d\u2019emploi"},"content":{"rendered":"<div class=\"row mt-3\">\n<div class=\"col-12 col-md-7\">\n<p>Le <strong class=\"text-he-current\">CeREF TECHNIQUE<\/strong> propose r\u00e9guli\u00e8rement des offres d&#8217;emplois sur base des financements de projets obtenus.<\/p>\n<\/div>\n<div class=\"col-12 col-md-5\">\n<div class=\"card\">\n<div class=\"card-body\">\n<p class=\"mb-0\">Si vous souhaitez poser votre candidature spontan\u00e9e vous pouvez envoyer votre CV et votre lettre de motivation \u00e0 <a href=\"mailto:contact.tech@ceref.be\">contact.tech@ceref.be<\/a><\/p>\n<\/div>\n<\/div>\n<\/div>\n<\/div>\n<p class=\"mt-3\">Le <strong class=\"text-he-current\">CeREF TECHNIQUE<\/strong> se d\u00e9cline en 3 p\u00f4les et les emplois propos\u00e9s associ\u00e9s peuvent se retrouver via les liens ci-dessous :<\/p>\n<ul class=\"row list-unstyled mt-3\">\n<li class=\"col-12 col-md-6 col-lg-4\">\n<div class=\"card card-link bg-he-current bg-he-styled\">\n<div class=\"card-body\">\n<h3 class=\"text-he-white mb-0\"><a href=\"\/technique\/offres-emploi\/biotechnologie\/\" class=\"stretched-link\"><span class=\"fs-6 fw-light\">Emplois en<\/span><br \/>\nBiotechnologie<\/a><\/h3>\n<div class=\"btn btn-he-grey mt-2 mb-0\">En savoir plus<\/div>\n<\/div>\n<\/div>\n<\/li>\n<li class=\"col-12 col-md-6 col-lg-4 mt-3 mt-md-0\">\n<div class=\"card card-link bg-he-current bg-he-styled\">\n<div class=\"card-body\">\n<h3 class=\"text-he-white mb-0\"><a href=\"\/technique\/offres-emploi\/electricite-electronique\/\" class=\"stretched-link\"><span class=\"fs-6 fw-light\">Emplois en<\/span><br \/>\nElectricit\u00e9 et Electronique<\/a><\/h3>\n<div class=\"btn btn-he-grey mt-2 mb-0\">En savoir plus<\/div>\n<\/div>\n<\/div>\n<\/li>\n<li class=\"col-12 col-md-6 col-lg-4 mt-3 mt-md-0\">\n<div class=\"card card-link bg-he-current bg-he-styled\">\n<div class=\"card-body\">\n<h3 class=\"text-he-white mb-0\"><a href=\"\/technique\/offres-emploi\/electromecanique-et-thermique\/\" class=\"stretched-link\"><\/a><span class=\"fs-6 fw-light\">Emplois en<\/span><br \/>\nElectrom\u00e9canique-Thermique<\/h3>\n<div class=\"btn btn-he-grey mt-2 mb-0\">En savoir plus<\/div>\n<\/div>\n<\/div>\n<\/li>\n<\/ul>\n","protected":false},"excerpt":{"rendered":"<p>Le CeREF TECHNIQUE propose r\u00e9guli\u00e8rement des offres d&#8217;emplois sur base des financements de projets obtenus. Si vous souhaitez poser votre candidature spontan\u00e9e vous pouvez envoyer votre CV et votre lettre de motivation \u00e0 contact.tech@ceref.be Le CeREF TECHNIQUE se d\u00e9cline en 3 p\u00f4les et les emplois propos\u00e9s associ\u00e9s peuvent se retrouver via les liens ci-dessous : [&hellip;]<\/p>\n","protected":false},"author":1,"featured_media":1945,"parent":0,"menu_order":0,"comment_status":"closed","ping_status":"closed","template":"template-fullwidth.php","meta":{"_acf_changed":false,"footnotes":""},"class_list":["post-1267","page","type-page","status-publish","has-post-thumbnail","hentry"],"acf":[],"yoast_head":"<!-- This site is optimized with the Yoast SEO plugin v21.9.1 - https:\/\/yoast.com\/wordpress\/plugins\/seo\/ -->\n<title>Offres d\u2019emploi - CeREF Technique<\/title>\n<meta name=\"robots\" content=\"index, follow, max-snippet:-1, max-image-preview:large, max-video-preview:-1\" \/>\n<link rel=\"canonical\" href=\"https:\/\/ceref.helha.be\/technique\/offres-emploi\/\" \/>\n<meta property=\"og:locale\" content=\"fr_FR\" \/>\n<meta property=\"og:type\" content=\"article\" \/>\n<meta property=\"og:title\" content=\"Offres d\u2019emploi - CeREF Technique\" \/>\n<meta property=\"og:description\" content=\"Le CeREF TECHNIQUE propose r\u00e9guli\u00e8rement des offres d&#8217;emplois sur base des financements de projets obtenus. Si vous souhaitez poser votre candidature spontan\u00e9e vous pouvez envoyer votre CV et votre lettre de motivation \u00e0 contact.tech@ceref.be Le CeREF TECHNIQUE se d\u00e9cline en 3 p\u00f4les et les emplois propos\u00e9s associ\u00e9s peuvent se retrouver via les liens ci-dessous : [&hellip;]\" \/>\n<meta property=\"og:url\" content=\"https:\/\/ceref.helha.be\/technique\/offres-emploi\/\" \/>\n<meta property=\"og:site_name\" content=\"CeREF Technique\" \/>\n<meta property=\"article:publisher\" content=\"https:\/\/www.facebook.com\/Ceref.helha\" \/>\n<meta property=\"article:modified_time\" content=\"2026-01-07T13:32:33+00:00\" \/>\n<meta property=\"og:image\" content=\"https:\/\/ceref.helha.be\/technique\/app\/uploads\/2021\/03\/BandeauEmploymentContract-scaled.jpg\" \/>\n\t<meta property=\"og:image:width\" content=\"2560\" \/>\n\t<meta property=\"og:image:height\" content=\"706\" \/>\n\t<meta property=\"og:image:type\" content=\"image\/jpeg\" \/>\n<meta name=\"twitter:card\" content=\"summary_large_image\" \/>\n<script type=\"application\/ld+json\" class=\"yoast-schema-graph\">{\"@context\":\"https:\/\/schema.org\",\"@graph\":[{\"@type\":\"WebPage\",\"@id\":\"https:\/\/ceref.helha.be\/technique\/offres-emploi\/\",\"url\":\"https:\/\/ceref.helha.be\/technique\/offres-emploi\/\",\"name\":\"Offres d\u2019emploi - CeREF Technique\",\"isPartOf\":{\"@id\":\"https:\/\/ceref.helha.be\/technique\/#website\"},\"datePublished\":\"2021-02-18T14:43:39+00:00\",\"dateModified\":\"2026-01-07T13:32:33+00:00\",\"breadcrumb\":{\"@id\":\"https:\/\/ceref.helha.be\/technique\/offres-emploi\/#breadcrumb\"},\"inLanguage\":\"fr-BE\",\"potentialAction\":[{\"@type\":\"ReadAction\",\"target\":[\"https:\/\/ceref.helha.be\/technique\/offres-emploi\/\"]}]},{\"@type\":\"BreadcrumbList\",\"@id\":\"https:\/\/ceref.helha.be\/technique\/offres-emploi\/#breadcrumb\",\"itemListElement\":[{\"@type\":\"ListItem\",\"position\":1,\"name\":\"Home\",\"item\":\"https:\/\/ceref.helha.be\/technique\/\"},{\"@type\":\"ListItem\",\"position\":2,\"name\":\"Offres d\u2019emploi\"}]},{\"@type\":\"WebSite\",\"@id\":\"https:\/\/ceref.helha.be\/technique\/#website\",\"url\":\"https:\/\/ceref.helha.be\/technique\/\",\"name\":\"CeREF Technique - Centre de Recherche et de Formation continue de la HELHa\",\"description\":\"Centre de Recherche et de Formation HELHa\",\"publisher\":{\"@id\":\"https:\/\/ceref.helha.be\/technique\/#organization\"},\"potentialAction\":[{\"@type\":\"SearchAction\",\"target\":{\"@type\":\"EntryPoint\",\"urlTemplate\":\"https:\/\/ceref.helha.be\/technique\/?s={search_term_string}\"},\"query-input\":\"required name=search_term_string\"}],\"inLanguage\":\"fr-BE\"},{\"@type\":\"Organization\",\"@id\":\"https:\/\/ceref.helha.be\/technique\/#organization\",\"name\":\"CeREF Technique - Centre de Recherche et de Formation continue de la HELHa\",\"url\":\"https:\/\/ceref.helha.be\/technique\/\",\"logo\":{\"@type\":\"ImageObject\",\"inLanguage\":\"fr-BE\",\"@id\":\"https:\/\/ceref.helha.be\/technique\/#\/schema\/logo\/image\/\",\"url\":\"https:\/\/ceref.helha.be\/technique\/app\/uploads\/2019\/12\/logo-cereftechnique.jpg\",\"contentUrl\":\"https:\/\/ceref.helha.be\/technique\/app\/uploads\/2019\/12\/logo-cereftechnique.jpg\",\"width\":278,\"height\":154,\"caption\":\"CeREF Technique - Centre de Recherche et de Formation continue de la HELHa\"},\"image\":{\"@id\":\"https:\/\/ceref.helha.be\/technique\/#\/schema\/logo\/image\/\"},\"sameAs\":[\"https:\/\/www.facebook.com\/Ceref.helha\",\"https:\/\/www.linkedin.com\/company\/ceref-helha\/\"]}]}<\/script>\n<!-- \/ Yoast SEO plugin. -->","yoast_head_json":{"title":"Offres d\u2019emploi - CeREF Technique","robots":{"index":"index","follow":"follow","max-snippet":"max-snippet:-1","max-image-preview":"max-image-preview:large","max-video-preview":"max-video-preview:-1"},"canonical":"https:\/\/ceref.helha.be\/technique\/offres-emploi\/","og_locale":"fr_FR","og_type":"article","og_title":"Offres d\u2019emploi - CeREF Technique","og_description":"Le CeREF TECHNIQUE propose r\u00e9guli\u00e8rement des offres d&#8217;emplois sur base des financements de projets obtenus. Si vous souhaitez poser votre candidature spontan\u00e9e vous pouvez envoyer votre CV et votre lettre de motivation \u00e0 contact.tech@ceref.be Le CeREF TECHNIQUE se d\u00e9cline en 3 p\u00f4les et les emplois propos\u00e9s associ\u00e9s peuvent se retrouver via les liens ci-dessous : [&hellip;]","og_url":"https:\/\/ceref.helha.be\/technique\/offres-emploi\/","og_site_name":"CeREF Technique","article_publisher":"https:\/\/www.facebook.com\/Ceref.helha","article_modified_time":"2026-01-07T13:32:33+00:00","og_image":[{"width":2560,"height":706,"url":"https:\/\/ceref.helha.be\/technique\/app\/uploads\/2021\/03\/BandeauEmploymentContract-scaled.jpg","type":"image\/jpeg"}],"twitter_card":"summary_large_image","schema":{"@context":"https:\/\/schema.org","@graph":[{"@type":"WebPage","@id":"https:\/\/ceref.helha.be\/technique\/offres-emploi\/","url":"https:\/\/ceref.helha.be\/technique\/offres-emploi\/","name":"Offres d\u2019emploi - CeREF Technique","isPartOf":{"@id":"https:\/\/ceref.helha.be\/technique\/#website"},"datePublished":"2021-02-18T14:43:39+00:00","dateModified":"2026-01-07T13:32:33+00:00","breadcrumb":{"@id":"https:\/\/ceref.helha.be\/technique\/offres-emploi\/#breadcrumb"},"inLanguage":"fr-BE","potentialAction":[{"@type":"ReadAction","target":["https:\/\/ceref.helha.be\/technique\/offres-emploi\/"]}]},{"@type":"BreadcrumbList","@id":"https:\/\/ceref.helha.be\/technique\/offres-emploi\/#breadcrumb","itemListElement":[{"@type":"ListItem","position":1,"name":"Home","item":"https:\/\/ceref.helha.be\/technique\/"},{"@type":"ListItem","position":2,"name":"Offres d\u2019emploi"}]},{"@type":"WebSite","@id":"https:\/\/ceref.helha.be\/technique\/#website","url":"https:\/\/ceref.helha.be\/technique\/","name":"CeREF Technique - Centre de Recherche et de Formation continue de la HELHa","description":"Centre de Recherche et de Formation HELHa","publisher":{"@id":"https:\/\/ceref.helha.be\/technique\/#organization"},"potentialAction":[{"@type":"SearchAction","target":{"@type":"EntryPoint","urlTemplate":"https:\/\/ceref.helha.be\/technique\/?s={search_term_string}"},"query-input":"required name=search_term_string"}],"inLanguage":"fr-BE"},{"@type":"Organization","@id":"https:\/\/ceref.helha.be\/technique\/#organization","name":"CeREF Technique - Centre de Recherche et de Formation continue de la HELHa","url":"https:\/\/ceref.helha.be\/technique\/","logo":{"@type":"ImageObject","inLanguage":"fr-BE","@id":"https:\/\/ceref.helha.be\/technique\/#\/schema\/logo\/image\/","url":"https:\/\/ceref.helha.be\/technique\/app\/uploads\/2019\/12\/logo-cereftechnique.jpg","contentUrl":"https:\/\/ceref.helha.be\/technique\/app\/uploads\/2019\/12\/logo-cereftechnique.jpg","width":278,"height":154,"caption":"CeREF Technique - Centre de Recherche et de Formation continue de la HELHa"},"image":{"@id":"https:\/\/ceref.helha.be\/technique\/#\/schema\/logo\/image\/"},"sameAs":["https:\/\/www.facebook.com\/Ceref.helha","https:\/\/www.linkedin.com\/company\/ceref-helha\/"]}]}},"_links":{"self":[{"href":"https:\/\/ceref.helha.be\/technique\/wp-json\/wp\/v2\/pages\/1267","targetHints":{"allow":["GET"]}}],"collection":[{"href":"https:\/\/ceref.helha.be\/technique\/wp-json\/wp\/v2\/pages"}],"about":[{"href":"https:\/\/ceref.helha.be\/technique\/wp-json\/wp\/v2\/types\/page"}],"author":[{"embeddable":true,"href":"https:\/\/ceref.helha.be\/technique\/wp-json\/wp\/v2\/users\/1"}],"replies":[{"embeddable":true,"href":"https:\/\/ceref.helha.be\/technique\/wp-json\/wp\/v2\/comments?post=1267"}],"version-history":[{"count":11,"href":"https:\/\/ceref.helha.be\/technique\/wp-json\/wp\/v2\/pages\/1267\/revisions"}],"predecessor-version":[{"id":3163,"href":"https:\/\/ceref.helha.be\/technique\/wp-json\/wp\/v2\/pages\/1267\/revisions\/3163"}],"wp:featuredmedia":[{"embeddable":true,"href":"https:\/\/ceref.helha.be\/technique\/wp-json\/wp\/v2\/media\/1945"}],"wp:attachment":[{"href":"https:\/\/ceref.helha.be\/technique\/wp-json\/wp\/v2\/media?parent=1267"}],"curies":[{"name":"wp","href":"https:\/\/api.w.org\/{rel}","templated":true}]}}