{"id":1176,"date":"2021-02-09T15:14:01","date_gmt":"2021-02-09T14:14:01","guid":{"rendered":"https:\/\/ceref-test.helha.be\/technique\/?page_id=1176"},"modified":"2023-07-28T11:40:56","modified_gmt":"2023-07-28T09:40:56","slug":"pole-de-recherche-en-electricite-et-electronique","status":"publish","type":"page","link":"https:\/\/ceref.helha.be\/technique\/presentation\/pole-de-recherche-en-electricite-et-electronique\/","title":{"rendered":"P\u00f4le de recherche en \u00e9lectricit\u00e9 et \u00e9lectronique"},"content":{"rendered":"<p style=\"text-align: justify;\" align=\"JUSTIFY\">Le p\u00f4le d&rsquo;Electronique\/Electricit\u00e9 du CeREF TECHNIQUE est reli\u00e9 au service de g\u00e9nie \u00e9lectrique du Domaine SCIENCES ET TECHNOLOGIES de la <a href=\"https:\/\/www.helha.be\">HELHa<\/a> au sein duquel sont form\u00e9s<\/p>\n<ul style=\"text-align: justify;\">\n<li>des Masters en Sciences en Ing\u00e9nieur Industriel \u00e0 finalit\u00e9s Electronique et Electrom\u00e9canique,<\/li>\n<li>des Masters en Alternance en gestion de production,<\/li>\n<li>des Bacheliers en Electronique appliqu\u00e9e.<\/li>\n<\/ul>\n<p style=\"text-align: justify;\" align=\"JUSTIFY\">Nous sommes une \u00e9quipe de 7 enseignants et de 6 ing\u00e9nieurs de projet pouvant offrir un soutien technique dans le cadre d&rsquo;activit\u00e9s de recherche appliqu\u00e9e qu&rsquo;elles soient industrielles ou institutionnelles mais \u00e9galement de formation continu\u00e9e.<\/p>\n<p align=\"JUSTIFY\"><img decoding=\"async\" class=\"aligncenter\" src=\"https:\/\/ceref.helha.be\/technique\/app\/uploads\/2021\/05\/poleElectronique_2-250x300-1.png\" alt=\"\" \/><\/p>\n<p style=\"text-align: justify;\" align=\"JUSTIFY\">D\u00e9velopper une <strong>id\u00e9e nouvelle<\/strong>, \u00e9tudier un <strong>nouveau produit<\/strong> ou <strong>am\u00e9liorer la comp\u00e9titivit\u00e9<\/strong> de l&rsquo;entreprise gr\u00e2ce \u00e0 un projet de recherche appliqu\u00e9e, c&rsquo;est peut-\u00eatre beaucoup plus accessible que vous ne le pensez. D&rsquo;autres l&rsquo;ont fait, en partenariat avec le CeREF TECHNIQUE (anciennement CERISIC), qui ont pu appr\u00e9cier l&rsquo;efficacit\u00e9 de cette collaboration.<\/p>\n<p style=\"text-align: justify;\" align=\"JUSTIFY\">Chaque ann\u00e9e le CeREF TECHNIQUE, seul ou avec d&rsquo;autres centres de recherches, pr\u00e9sente \u00e0 la R\u00e9gion wallonne six \u00e0 dix projets de recherche industrielle en partenariat avec une entreprise. <strong>Pourquoi pas la v\u00f4tre ?<\/strong><\/p>\n<p style=\"text-align: justify;\" align=\"JUSTIFY\">Vous pourrez compter sur l\u2019exp\u00e9rience de l\u2019\u00e9quipe dans le domaine de la conception, la mise en \u0153uvre et le test des commandes \u00e0 contr\u00f4le num\u00e9rique ainsi que dans le domaine de la conception de test. Nos deux axes de recherche sont\u00a0:<\/p>\n<ul style=\"text-align: justify;\">\n<li><strong>Le g\u00e9nie \u00e9lectrique<\/strong>\u00a0en s\u2019investissant dans des projets comme le d\u00e9veloppement de bancs de tests de diverses puissances visant des applications dans l\u2019\u00e9olien, le spatial, l\u2019industriel, etc\u2026<\/li>\n<li><strong>L&rsquo;\u00e9lectronique<\/strong> en s\u2019investissant dans des projets li\u00e9s au d\u00e9veloppement de composants de t\u00e9l\u00e9communication, de capteurs optiques ou d\u2019aide \u00e0 la personne bas\u00e9s sur des plates-formes FPGA, Foxboard. Pour ce dernier sujet, nous collaborons activement avec la section param\u00e9dicale de la HELHa en unifiant les connaissances m\u00e9dicales de kin\u00e9sith\u00e9rapeutes professionnels et les comp\u00e9tences techniques de notre \u00e9quipe.<\/li>\n<\/ul>\n<p><img decoding=\"async\" src=\"https:\/\/ceref.helha.be\/technique\/app\/uploads\/2021\/09\/poleElectronique-1024x565-1.png\" alt=\"\" \/><\/p>\n<p style=\"text-align: justify;\" align=\"JUSTIFY\">\u00a0<\/p>\n<p style=\"text-align: justify;\" align=\"JUSTIFY\">Vous trouverez une description plus compl\u00e8te des projets en cours sur la <a href=\"https:\/\/ceref.helha.be\/technique\/projets\/\">page des projets<\/a>.<\/p>\n","protected":false},"excerpt":{"rendered":"<p>Le p\u00f4le d&rsquo;Electronique\/Electricit\u00e9 du CeREF TECHNIQUE est reli\u00e9 au service de g\u00e9nie \u00e9lectrique du Domaine SCIENCES ET TECHNOLOGIES de la HELHa au sein duquel sont form\u00e9s des Masters en Sciences en Ing\u00e9nieur Industriel \u00e0 finalit\u00e9s Electronique et Electrom\u00e9canique, des Masters en Alternance en gestion de production, des Bacheliers en Electronique appliqu\u00e9e. Nous sommes une \u00e9quipe [&hellip;]<\/p>\n","protected":false},"author":8,"featured_media":1358,"parent":234,"menu_order":2,"comment_status":"closed","ping_status":"closed","template":"template-fullwidth.php","meta":{"_acf_changed":false,"footnotes":""},"class_list":["post-1176","page","type-page","status-publish","has-post-thumbnail","hentry"],"acf":[],"yoast_head":"<!-- This site is optimized with the Yoast SEO plugin v21.9.1 - https:\/\/yoast.com\/wordpress\/plugins\/seo\/ -->\n<title>P\u00f4le de recherche en \u00e9lectricit\u00e9 et \u00e9lectronique - CeREF Technique<\/title>\n<meta name=\"robots\" content=\"index, follow, max-snippet:-1, max-image-preview:large, max-video-preview:-1\" \/>\n<link rel=\"canonical\" href=\"https:\/\/ceref.helha.be\/technique\/presentation\/pole-de-recherche-en-electricite-et-electronique\/\" \/>\n<meta property=\"og:locale\" content=\"fr_FR\" \/>\n<meta property=\"og:type\" content=\"article\" \/>\n<meta property=\"og:title\" content=\"P\u00f4le de recherche en \u00e9lectricit\u00e9 et \u00e9lectronique - CeREF Technique\" \/>\n<meta property=\"og:description\" content=\"Le p\u00f4le d&rsquo;Electronique\/Electricit\u00e9 du CeREF TECHNIQUE est reli\u00e9 au service de g\u00e9nie \u00e9lectrique du Domaine SCIENCES ET TECHNOLOGIES de la HELHa au sein duquel sont form\u00e9s des Masters en Sciences en Ing\u00e9nieur Industriel \u00e0 finalit\u00e9s Electronique et Electrom\u00e9canique, des Masters en Alternance en gestion de production, des Bacheliers en Electronique appliqu\u00e9e. Nous sommes une \u00e9quipe [&hellip;]\" \/>\n<meta property=\"og:url\" content=\"https:\/\/ceref.helha.be\/technique\/presentation\/pole-de-recherche-en-electricite-et-electronique\/\" \/>\n<meta property=\"og:site_name\" content=\"CeREF Technique\" \/>\n<meta property=\"article:publisher\" content=\"https:\/\/www.facebook.com\/Ceref.helha\" \/>\n<meta property=\"article:modified_time\" content=\"2023-07-28T09:40:56+00:00\" \/>\n<meta property=\"og:image\" content=\"https:\/\/ceref.helha.be\/technique\/app\/uploads\/2021\/02\/BandeauElec-1024x171.png\" \/>\n\t<meta property=\"og:image:width\" content=\"1024\" \/>\n\t<meta property=\"og:image:height\" content=\"171\" \/>\n\t<meta property=\"og:image:type\" content=\"image\/png\" \/>\n<meta name=\"twitter:card\" content=\"summary_large_image\" \/>\n<meta name=\"twitter:label1\" content=\"Est. reading time\" \/>\n\t<meta name=\"twitter:data1\" content=\"2 minutes\" \/>\n<script type=\"application\/ld+json\" class=\"yoast-schema-graph\">{\"@context\":\"https:\/\/schema.org\",\"@graph\":[{\"@type\":\"WebPage\",\"@id\":\"https:\/\/ceref.helha.be\/technique\/presentation\/pole-de-recherche-en-electricite-et-electronique\/\",\"url\":\"https:\/\/ceref.helha.be\/technique\/presentation\/pole-de-recherche-en-electricite-et-electronique\/\",\"name\":\"P\u00f4le de recherche en \u00e9lectricit\u00e9 et \u00e9lectronique - CeREF Technique\",\"isPartOf\":{\"@id\":\"https:\/\/ceref.helha.be\/technique\/#website\"},\"datePublished\":\"2021-02-09T14:14:01+00:00\",\"dateModified\":\"2023-07-28T09:40:56+00:00\",\"breadcrumb\":{\"@id\":\"https:\/\/ceref.helha.be\/technique\/presentation\/pole-de-recherche-en-electricite-et-electronique\/#breadcrumb\"},\"inLanguage\":\"fr-BE\",\"potentialAction\":[{\"@type\":\"ReadAction\",\"target\":[\"https:\/\/ceref.helha.be\/technique\/presentation\/pole-de-recherche-en-electricite-et-electronique\/\"]}]},{\"@type\":\"BreadcrumbList\",\"@id\":\"https:\/\/ceref.helha.be\/technique\/presentation\/pole-de-recherche-en-electricite-et-electronique\/#breadcrumb\",\"itemListElement\":[{\"@type\":\"ListItem\",\"position\":1,\"name\":\"Home\",\"item\":\"https:\/\/ceref.helha.be\/technique\/\"},{\"@type\":\"ListItem\",\"position\":2,\"name\":\"CeREF Technique\",\"item\":\"https:\/\/ceref.helha.be\/technique\/\"},{\"@type\":\"ListItem\",\"position\":3,\"name\":\"P\u00f4le de recherche en \u00e9lectricit\u00e9 et \u00e9lectronique\"}]},{\"@type\":\"WebSite\",\"@id\":\"https:\/\/ceref.helha.be\/technique\/#website\",\"url\":\"https:\/\/ceref.helha.be\/technique\/\",\"name\":\"CeREF Technique - Centre de Recherche et de Formation continue de la HELHa\",\"description\":\"Centre de Recherche et de Formation HELHa\",\"publisher\":{\"@id\":\"https:\/\/ceref.helha.be\/technique\/#organization\"},\"potentialAction\":[{\"@type\":\"SearchAction\",\"target\":{\"@type\":\"EntryPoint\",\"urlTemplate\":\"https:\/\/ceref.helha.be\/technique\/?s={search_term_string}\"},\"query-input\":\"required name=search_term_string\"}],\"inLanguage\":\"fr-BE\"},{\"@type\":\"Organization\",\"@id\":\"https:\/\/ceref.helha.be\/technique\/#organization\",\"name\":\"CeREF Technique - Centre de Recherche et de Formation continue de la HELHa\",\"url\":\"https:\/\/ceref.helha.be\/technique\/\",\"logo\":{\"@type\":\"ImageObject\",\"inLanguage\":\"fr-BE\",\"@id\":\"https:\/\/ceref.helha.be\/technique\/#\/schema\/logo\/image\/\",\"url\":\"https:\/\/ceref.helha.be\/technique\/app\/uploads\/2019\/12\/logo-cereftechnique.jpg\",\"contentUrl\":\"https:\/\/ceref.helha.be\/technique\/app\/uploads\/2019\/12\/logo-cereftechnique.jpg\",\"width\":278,\"height\":154,\"caption\":\"CeREF Technique - Centre de Recherche et de Formation continue de la HELHa\"},\"image\":{\"@id\":\"https:\/\/ceref.helha.be\/technique\/#\/schema\/logo\/image\/\"},\"sameAs\":[\"https:\/\/www.facebook.com\/Ceref.helha\",\"https:\/\/www.linkedin.com\/company\/ceref-helha\/\"]}]}<\/script>\n<!-- \/ Yoast SEO plugin. -->","yoast_head_json":{"title":"P\u00f4le de recherche en \u00e9lectricit\u00e9 et \u00e9lectronique - CeREF Technique","robots":{"index":"index","follow":"follow","max-snippet":"max-snippet:-1","max-image-preview":"max-image-preview:large","max-video-preview":"max-video-preview:-1"},"canonical":"https:\/\/ceref.helha.be\/technique\/presentation\/pole-de-recherche-en-electricite-et-electronique\/","og_locale":"fr_FR","og_type":"article","og_title":"P\u00f4le de recherche en \u00e9lectricit\u00e9 et \u00e9lectronique - CeREF Technique","og_description":"Le p\u00f4le d&rsquo;Electronique\/Electricit\u00e9 du CeREF TECHNIQUE est reli\u00e9 au service de g\u00e9nie \u00e9lectrique du Domaine SCIENCES ET TECHNOLOGIES de la HELHa au sein duquel sont form\u00e9s des Masters en Sciences en Ing\u00e9nieur Industriel \u00e0 finalit\u00e9s Electronique et Electrom\u00e9canique, des Masters en Alternance en gestion de production, des Bacheliers en Electronique appliqu\u00e9e. Nous sommes une \u00e9quipe [&hellip;]","og_url":"https:\/\/ceref.helha.be\/technique\/presentation\/pole-de-recherche-en-electricite-et-electronique\/","og_site_name":"CeREF Technique","article_publisher":"https:\/\/www.facebook.com\/Ceref.helha","article_modified_time":"2023-07-28T09:40:56+00:00","og_image":[{"width":1024,"height":171,"url":"https:\/\/ceref.helha.be\/technique\/app\/uploads\/2021\/02\/BandeauElec-1024x171.png","type":"image\/png"}],"twitter_card":"summary_large_image","twitter_misc":{"Est. reading time":"2 minutes"},"schema":{"@context":"https:\/\/schema.org","@graph":[{"@type":"WebPage","@id":"https:\/\/ceref.helha.be\/technique\/presentation\/pole-de-recherche-en-electricite-et-electronique\/","url":"https:\/\/ceref.helha.be\/technique\/presentation\/pole-de-recherche-en-electricite-et-electronique\/","name":"P\u00f4le de recherche en \u00e9lectricit\u00e9 et \u00e9lectronique - CeREF Technique","isPartOf":{"@id":"https:\/\/ceref.helha.be\/technique\/#website"},"datePublished":"2021-02-09T14:14:01+00:00","dateModified":"2023-07-28T09:40:56+00:00","breadcrumb":{"@id":"https:\/\/ceref.helha.be\/technique\/presentation\/pole-de-recherche-en-electricite-et-electronique\/#breadcrumb"},"inLanguage":"fr-BE","potentialAction":[{"@type":"ReadAction","target":["https:\/\/ceref.helha.be\/technique\/presentation\/pole-de-recherche-en-electricite-et-electronique\/"]}]},{"@type":"BreadcrumbList","@id":"https:\/\/ceref.helha.be\/technique\/presentation\/pole-de-recherche-en-electricite-et-electronique\/#breadcrumb","itemListElement":[{"@type":"ListItem","position":1,"name":"Home","item":"https:\/\/ceref.helha.be\/technique\/"},{"@type":"ListItem","position":2,"name":"CeREF Technique","item":"https:\/\/ceref.helha.be\/technique\/"},{"@type":"ListItem","position":3,"name":"P\u00f4le de recherche en \u00e9lectricit\u00e9 et \u00e9lectronique"}]},{"@type":"WebSite","@id":"https:\/\/ceref.helha.be\/technique\/#website","url":"https:\/\/ceref.helha.be\/technique\/","name":"CeREF Technique - Centre de Recherche et de Formation continue de la HELHa","description":"Centre de Recherche et de Formation HELHa","publisher":{"@id":"https:\/\/ceref.helha.be\/technique\/#organization"},"potentialAction":[{"@type":"SearchAction","target":{"@type":"EntryPoint","urlTemplate":"https:\/\/ceref.helha.be\/technique\/?s={search_term_string}"},"query-input":"required name=search_term_string"}],"inLanguage":"fr-BE"},{"@type":"Organization","@id":"https:\/\/ceref.helha.be\/technique\/#organization","name":"CeREF Technique - Centre de Recherche et de Formation continue de la HELHa","url":"https:\/\/ceref.helha.be\/technique\/","logo":{"@type":"ImageObject","inLanguage":"fr-BE","@id":"https:\/\/ceref.helha.be\/technique\/#\/schema\/logo\/image\/","url":"https:\/\/ceref.helha.be\/technique\/app\/uploads\/2019\/12\/logo-cereftechnique.jpg","contentUrl":"https:\/\/ceref.helha.be\/technique\/app\/uploads\/2019\/12\/logo-cereftechnique.jpg","width":278,"height":154,"caption":"CeREF Technique - Centre de Recherche et de Formation continue de la HELHa"},"image":{"@id":"https:\/\/ceref.helha.be\/technique\/#\/schema\/logo\/image\/"},"sameAs":["https:\/\/www.facebook.com\/Ceref.helha","https:\/\/www.linkedin.com\/company\/ceref-helha\/"]}]}},"_links":{"self":[{"href":"https:\/\/ceref.helha.be\/technique\/wp-json\/wp\/v2\/pages\/1176","targetHints":{"allow":["GET"]}}],"collection":[{"href":"https:\/\/ceref.helha.be\/technique\/wp-json\/wp\/v2\/pages"}],"about":[{"href":"https:\/\/ceref.helha.be\/technique\/wp-json\/wp\/v2\/types\/page"}],"author":[{"embeddable":true,"href":"https:\/\/ceref.helha.be\/technique\/wp-json\/wp\/v2\/users\/8"}],"replies":[{"embeddable":true,"href":"https:\/\/ceref.helha.be\/technique\/wp-json\/wp\/v2\/comments?post=1176"}],"version-history":[{"count":10,"href":"https:\/\/ceref.helha.be\/technique\/wp-json\/wp\/v2\/pages\/1176\/revisions"}],"predecessor-version":[{"id":2791,"href":"https:\/\/ceref.helha.be\/technique\/wp-json\/wp\/v2\/pages\/1176\/revisions\/2791"}],"up":[{"embeddable":true,"href":"https:\/\/ceref.helha.be\/technique\/wp-json\/wp\/v2\/pages\/234"}],"wp:featuredmedia":[{"embeddable":true,"href":"https:\/\/ceref.helha.be\/technique\/wp-json\/wp\/v2\/media\/1358"}],"wp:attachment":[{"href":"https:\/\/ceref.helha.be\/technique\/wp-json\/wp\/v2\/media?parent=1176"}],"curies":[{"name":"wp","href":"https:\/\/api.w.org\/{rel}","templated":true}]}}