{"id":1174,"date":"2021-02-09T15:07:04","date_gmt":"2021-02-09T14:07:04","guid":{"rendered":"https:\/\/ceref-test.helha.be\/technique\/?page_id=1174"},"modified":"2021-03-15T10:26:12","modified_gmt":"2021-03-15T09:26:12","slug":"pole-de-recherche-en-electromecanique-et-thermique","status":"publish","type":"page","link":"https:\/\/ceref.helha.be\/technique\/presentation\/pole-de-recherche-en-electromecanique-et-thermique\/","title":{"rendered":"P\u00f4le de recherche en \u00e9lectrom\u00e9canique et thermique"},"content":{"rendered":"<p>Le p\u00f4le de \u00e9lectrom\u00e9canique \/ thermique du CeREF TECHNIQUE est reli\u00e9 au service \u00e9lectrom\u00e9canique et thermique du Domaine SCIENCES ET TECHNOLOGIES de la <a href=\"https:\/\/www.helha.be\">HELHa<\/a> au sein duquel sont form\u00e9s<\/p>\n<ul>\n<li>Des Masters en sciences de l&rsquo;ing\u00e9nieur industriel \u00e0 finalit\u00e9 Electrom\u00e9canique<\/li>\n<li>Des Masters en alternance en Gestion de Production<\/li>\n<\/ul>\n<p>Nous sommes une \u00e9quipe de 15 enseignants et ing\u00e9nieurs de projet pouvant fournir un soutien technique et scientifique, dans le cadre d\u2019activit\u00e9s de recherche appliqu\u00e9e qu\u2019elles soient industrielles ou institutionnelles, mais \u00e9galement de formation continu\u00e9e. Nos domaines d\u2019expertises sont multiples et vari\u00e9s, \u00a0tels que :<\/p>\n<ul>\n<li>La m\u00e9canique g\u00e9n\u00e9rale et construction m\u00e9canique (\u00e9tude et suivi de projet, CAO, r\u00e9sistance des mat\u00e9riaux, \u00e9l\u00e9ments finis)<\/li>\n<li>La m\u00e9canique des fluides appliqu\u00e9e (\u00e9coulements, pompes centrifuges et volum\u00e9triques)<\/li>\n<li>La maintenance pr\u00e9dictive des moteurs thermiques \u00e0 pistons<\/li>\n<li>La combustion du bois, et du gaz<\/li>\n<li>Les installations frigorifiques et les pompes \u00e0 chaleur<\/li>\n<li>Optimisation<\/li>\n<\/ul>\n<p>&nbsp;<\/p>\n<p>Vous trouverez une description plus compl\u00e8te des projets en cours sur la <a href=\"https:\/\/ceref.helha.be\/technique\/projets\/\">page des projets<\/a>.<\/p>\n","protected":false},"excerpt":{"rendered":"<p>Le p\u00f4le de \u00e9lectrom\u00e9canique \/ thermique du CeREF TECHNIQUE est reli\u00e9 au service \u00e9lectrom\u00e9canique et thermique du Domaine SCIENCES ET TECHNOLOGIES de la HELHa au sein duquel sont form\u00e9s Des Masters en sciences de l&rsquo;ing\u00e9nieur industriel \u00e0 finalit\u00e9 Electrom\u00e9canique Des Masters en alternance en Gestion de Production Nous sommes une \u00e9quipe de 15 enseignants et [&hellip;]<\/p>\n","protected":false},"author":8,"featured_media":1360,"parent":234,"menu_order":3,"comment_status":"closed","ping_status":"closed","template":"template-fullwidth.php","meta":{"_acf_changed":false,"footnotes":""},"class_list":["post-1174","page","type-page","status-publish","has-post-thumbnail","hentry"],"acf":[],"yoast_head":"<!-- This site is optimized with the Yoast SEO plugin v21.9.1 - https:\/\/yoast.com\/wordpress\/plugins\/seo\/ -->\n<title>P\u00f4le de recherche en \u00e9lectrom\u00e9canique et thermique - CeREF Technique<\/title>\n<meta name=\"robots\" content=\"index, follow, max-snippet:-1, max-image-preview:large, max-video-preview:-1\" \/>\n<link rel=\"canonical\" href=\"https:\/\/ceref.helha.be\/technique\/presentation\/pole-de-recherche-en-electromecanique-et-thermique\/\" \/>\n<meta property=\"og:locale\" content=\"fr_FR\" \/>\n<meta property=\"og:type\" content=\"article\" \/>\n<meta property=\"og:title\" content=\"P\u00f4le de recherche en \u00e9lectrom\u00e9canique et thermique - CeREF Technique\" \/>\n<meta property=\"og:description\" content=\"Le p\u00f4le de \u00e9lectrom\u00e9canique \/ thermique du CeREF TECHNIQUE est reli\u00e9 au service \u00e9lectrom\u00e9canique et thermique du Domaine SCIENCES ET TECHNOLOGIES de la HELHa au sein duquel sont form\u00e9s Des Masters en sciences de l&rsquo;ing\u00e9nieur industriel \u00e0 finalit\u00e9 Electrom\u00e9canique Des Masters en alternance en Gestion de Production Nous sommes une \u00e9quipe de 15 enseignants et [&hellip;]\" \/>\n<meta property=\"og:url\" content=\"https:\/\/ceref.helha.be\/technique\/presentation\/pole-de-recherche-en-electromecanique-et-thermique\/\" \/>\n<meta property=\"og:site_name\" content=\"CeREF Technique\" \/>\n<meta property=\"article:publisher\" content=\"https:\/\/www.facebook.com\/Ceref.helha\" \/>\n<meta property=\"article:modified_time\" content=\"2021-03-15T09:26:12+00:00\" \/>\n<meta property=\"og:image\" content=\"https:\/\/ceref.helha.be\/technique\/app\/uploads\/2021\/02\/BandeauEMT-1024x171.png\" \/>\n\t<meta property=\"og:image:width\" content=\"1024\" \/>\n\t<meta property=\"og:image:height\" content=\"171\" \/>\n\t<meta property=\"og:image:type\" content=\"image\/png\" \/>\n<meta name=\"twitter:card\" content=\"summary_large_image\" \/>\n<meta name=\"twitter:label1\" content=\"Est. reading time\" \/>\n\t<meta name=\"twitter:data1\" content=\"1 minute\" \/>\n<script type=\"application\/ld+json\" class=\"yoast-schema-graph\">{\"@context\":\"https:\/\/schema.org\",\"@graph\":[{\"@type\":\"WebPage\",\"@id\":\"https:\/\/ceref.helha.be\/technique\/presentation\/pole-de-recherche-en-electromecanique-et-thermique\/\",\"url\":\"https:\/\/ceref.helha.be\/technique\/presentation\/pole-de-recherche-en-electromecanique-et-thermique\/\",\"name\":\"P\u00f4le de recherche en \u00e9lectrom\u00e9canique et thermique - CeREF Technique\",\"isPartOf\":{\"@id\":\"https:\/\/ceref.helha.be\/technique\/#website\"},\"datePublished\":\"2021-02-09T14:07:04+00:00\",\"dateModified\":\"2021-03-15T09:26:12+00:00\",\"breadcrumb\":{\"@id\":\"https:\/\/ceref.helha.be\/technique\/presentation\/pole-de-recherche-en-electromecanique-et-thermique\/#breadcrumb\"},\"inLanguage\":\"fr-BE\",\"potentialAction\":[{\"@type\":\"ReadAction\",\"target\":[\"https:\/\/ceref.helha.be\/technique\/presentation\/pole-de-recherche-en-electromecanique-et-thermique\/\"]}]},{\"@type\":\"BreadcrumbList\",\"@id\":\"https:\/\/ceref.helha.be\/technique\/presentation\/pole-de-recherche-en-electromecanique-et-thermique\/#breadcrumb\",\"itemListElement\":[{\"@type\":\"ListItem\",\"position\":1,\"name\":\"Home\",\"item\":\"https:\/\/ceref.helha.be\/technique\/\"},{\"@type\":\"ListItem\",\"position\":2,\"name\":\"CeREF Technique\",\"item\":\"https:\/\/ceref.helha.be\/technique\/\"},{\"@type\":\"ListItem\",\"position\":3,\"name\":\"P\u00f4le de recherche en \u00e9lectrom\u00e9canique et thermique\"}]},{\"@type\":\"WebSite\",\"@id\":\"https:\/\/ceref.helha.be\/technique\/#website\",\"url\":\"https:\/\/ceref.helha.be\/technique\/\",\"name\":\"CeREF Technique - Centre de Recherche et de Formation continue de la HELHa\",\"description\":\"Centre de Recherche et de Formation HELHa\",\"publisher\":{\"@id\":\"https:\/\/ceref.helha.be\/technique\/#organization\"},\"potentialAction\":[{\"@type\":\"SearchAction\",\"target\":{\"@type\":\"EntryPoint\",\"urlTemplate\":\"https:\/\/ceref.helha.be\/technique\/?s={search_term_string}\"},\"query-input\":\"required name=search_term_string\"}],\"inLanguage\":\"fr-BE\"},{\"@type\":\"Organization\",\"@id\":\"https:\/\/ceref.helha.be\/technique\/#organization\",\"name\":\"CeREF Technique - Centre de Recherche et de Formation continue de la HELHa\",\"url\":\"https:\/\/ceref.helha.be\/technique\/\",\"logo\":{\"@type\":\"ImageObject\",\"inLanguage\":\"fr-BE\",\"@id\":\"https:\/\/ceref.helha.be\/technique\/#\/schema\/logo\/image\/\",\"url\":\"https:\/\/ceref.helha.be\/technique\/app\/uploads\/2019\/12\/logo-cereftechnique.jpg\",\"contentUrl\":\"https:\/\/ceref.helha.be\/technique\/app\/uploads\/2019\/12\/logo-cereftechnique.jpg\",\"width\":278,\"height\":154,\"caption\":\"CeREF Technique - Centre de Recherche et de Formation continue de la HELHa\"},\"image\":{\"@id\":\"https:\/\/ceref.helha.be\/technique\/#\/schema\/logo\/image\/\"},\"sameAs\":[\"https:\/\/www.facebook.com\/Ceref.helha\",\"https:\/\/www.linkedin.com\/company\/ceref-helha\/\"]}]}<\/script>\n<!-- \/ Yoast SEO plugin. -->","yoast_head_json":{"title":"P\u00f4le de recherche en \u00e9lectrom\u00e9canique et thermique - CeREF Technique","robots":{"index":"index","follow":"follow","max-snippet":"max-snippet:-1","max-image-preview":"max-image-preview:large","max-video-preview":"max-video-preview:-1"},"canonical":"https:\/\/ceref.helha.be\/technique\/presentation\/pole-de-recherche-en-electromecanique-et-thermique\/","og_locale":"fr_FR","og_type":"article","og_title":"P\u00f4le de recherche en \u00e9lectrom\u00e9canique et thermique - CeREF Technique","og_description":"Le p\u00f4le de \u00e9lectrom\u00e9canique \/ thermique du CeREF TECHNIQUE est reli\u00e9 au service \u00e9lectrom\u00e9canique et thermique du Domaine SCIENCES ET TECHNOLOGIES de la HELHa au sein duquel sont form\u00e9s Des Masters en sciences de l&rsquo;ing\u00e9nieur industriel \u00e0 finalit\u00e9 Electrom\u00e9canique Des Masters en alternance en Gestion de Production Nous sommes une \u00e9quipe de 15 enseignants et [&hellip;]","og_url":"https:\/\/ceref.helha.be\/technique\/presentation\/pole-de-recherche-en-electromecanique-et-thermique\/","og_site_name":"CeREF Technique","article_publisher":"https:\/\/www.facebook.com\/Ceref.helha","article_modified_time":"2021-03-15T09:26:12+00:00","og_image":[{"width":1024,"height":171,"url":"https:\/\/ceref.helha.be\/technique\/app\/uploads\/2021\/02\/BandeauEMT-1024x171.png","type":"image\/png"}],"twitter_card":"summary_large_image","twitter_misc":{"Est. reading time":"1 minute"},"schema":{"@context":"https:\/\/schema.org","@graph":[{"@type":"WebPage","@id":"https:\/\/ceref.helha.be\/technique\/presentation\/pole-de-recherche-en-electromecanique-et-thermique\/","url":"https:\/\/ceref.helha.be\/technique\/presentation\/pole-de-recherche-en-electromecanique-et-thermique\/","name":"P\u00f4le de recherche en \u00e9lectrom\u00e9canique et thermique - CeREF Technique","isPartOf":{"@id":"https:\/\/ceref.helha.be\/technique\/#website"},"datePublished":"2021-02-09T14:07:04+00:00","dateModified":"2021-03-15T09:26:12+00:00","breadcrumb":{"@id":"https:\/\/ceref.helha.be\/technique\/presentation\/pole-de-recherche-en-electromecanique-et-thermique\/#breadcrumb"},"inLanguage":"fr-BE","potentialAction":[{"@type":"ReadAction","target":["https:\/\/ceref.helha.be\/technique\/presentation\/pole-de-recherche-en-electromecanique-et-thermique\/"]}]},{"@type":"BreadcrumbList","@id":"https:\/\/ceref.helha.be\/technique\/presentation\/pole-de-recherche-en-electromecanique-et-thermique\/#breadcrumb","itemListElement":[{"@type":"ListItem","position":1,"name":"Home","item":"https:\/\/ceref.helha.be\/technique\/"},{"@type":"ListItem","position":2,"name":"CeREF Technique","item":"https:\/\/ceref.helha.be\/technique\/"},{"@type":"ListItem","position":3,"name":"P\u00f4le de recherche en \u00e9lectrom\u00e9canique et thermique"}]},{"@type":"WebSite","@id":"https:\/\/ceref.helha.be\/technique\/#website","url":"https:\/\/ceref.helha.be\/technique\/","name":"CeREF Technique - Centre de Recherche et de Formation continue de la HELHa","description":"Centre de Recherche et de Formation HELHa","publisher":{"@id":"https:\/\/ceref.helha.be\/technique\/#organization"},"potentialAction":[{"@type":"SearchAction","target":{"@type":"EntryPoint","urlTemplate":"https:\/\/ceref.helha.be\/technique\/?s={search_term_string}"},"query-input":"required name=search_term_string"}],"inLanguage":"fr-BE"},{"@type":"Organization","@id":"https:\/\/ceref.helha.be\/technique\/#organization","name":"CeREF Technique - Centre de Recherche et de Formation continue de la HELHa","url":"https:\/\/ceref.helha.be\/technique\/","logo":{"@type":"ImageObject","inLanguage":"fr-BE","@id":"https:\/\/ceref.helha.be\/technique\/#\/schema\/logo\/image\/","url":"https:\/\/ceref.helha.be\/technique\/app\/uploads\/2019\/12\/logo-cereftechnique.jpg","contentUrl":"https:\/\/ceref.helha.be\/technique\/app\/uploads\/2019\/12\/logo-cereftechnique.jpg","width":278,"height":154,"caption":"CeREF Technique - Centre de Recherche et de Formation continue de la HELHa"},"image":{"@id":"https:\/\/ceref.helha.be\/technique\/#\/schema\/logo\/image\/"},"sameAs":["https:\/\/www.facebook.com\/Ceref.helha","https:\/\/www.linkedin.com\/company\/ceref-helha\/"]}]}},"_links":{"self":[{"href":"https:\/\/ceref.helha.be\/technique\/wp-json\/wp\/v2\/pages\/1174","targetHints":{"allow":["GET"]}}],"collection":[{"href":"https:\/\/ceref.helha.be\/technique\/wp-json\/wp\/v2\/pages"}],"about":[{"href":"https:\/\/ceref.helha.be\/technique\/wp-json\/wp\/v2\/types\/page"}],"author":[{"embeddable":true,"href":"https:\/\/ceref.helha.be\/technique\/wp-json\/wp\/v2\/users\/8"}],"replies":[{"embeddable":true,"href":"https:\/\/ceref.helha.be\/technique\/wp-json\/wp\/v2\/comments?post=1174"}],"version-history":[{"count":8,"href":"https:\/\/ceref.helha.be\/technique\/wp-json\/wp\/v2\/pages\/1174\/revisions"}],"predecessor-version":[{"id":2363,"href":"https:\/\/ceref.helha.be\/technique\/wp-json\/wp\/v2\/pages\/1174\/revisions\/2363"}],"up":[{"embeddable":true,"href":"https:\/\/ceref.helha.be\/technique\/wp-json\/wp\/v2\/pages\/234"}],"wp:featuredmedia":[{"embeddable":true,"href":"https:\/\/ceref.helha.be\/technique\/wp-json\/wp\/v2\/media\/1360"}],"wp:attachment":[{"href":"https:\/\/ceref.helha.be\/technique\/wp-json\/wp\/v2\/media?parent=1174"}],"curies":[{"name":"wp","href":"https:\/\/api.w.org\/{rel}","templated":true}]}}