{"id":1161,"date":"2021-02-09T14:33:17","date_gmt":"2021-02-09T13:33:17","guid":{"rendered":"https:\/\/ceref-test.helha.be\/technique\/?page_id=1161"},"modified":"2025-02-05T13:00:07","modified_gmt":"2025-02-05T13:00:07","slug":"stage-biotechnologie","status":"publish","type":"page","link":"https:\/\/ceref.helha.be\/technique\/stage\/stage-biotechnologie\/","title":{"rendered":"Stage Biotechnologie"},"content":{"rendered":"<p>Voici la liste des stages actuellement propos\u00e9s pour le p\u00f4le Biotechnologie.<\/p>\n<p>Si vous ne trouvez pas votre bonheur et que vous souhaitez poster votre candidature spontan\u00e9e, vous pouvez envoyer un mail \u00e0 <a href=\"https:\/\/ceref.helha.be\/technique\/equipe\/vesna-jerkovic\/\">Vesna Jerkovic<\/a>.<\/p>\n","protected":false},"excerpt":{"rendered":"<p>Voici la liste des stages actuellement propos\u00e9s pour le p\u00f4le Biotechnologie. Si vous ne trouvez pas votre bonheur et que vous souhaitez poster votre candidature spontan\u00e9e, vous pouvez envoyer un mail \u00e0 Vesna Jerkovic.<\/p>\n","protected":false},"author":8,"featured_media":0,"parent":914,"menu_order":1,"comment_status":"closed","ping_status":"closed","template":"template-fullwidth.php","meta":{"_acf_changed":false,"footnotes":""},"class_list":["post-1161","page","type-page","status-publish","hentry"],"acf":[],"yoast_head":"<!-- This site is optimized with the Yoast SEO plugin v21.9.1 - https:\/\/yoast.com\/wordpress\/plugins\/seo\/ -->\n<title>Stage Biotechnologie - CeREF Technique<\/title>\n<meta name=\"robots\" content=\"index, follow, max-snippet:-1, max-image-preview:large, max-video-preview:-1\" \/>\n<link rel=\"canonical\" href=\"https:\/\/ceref.helha.be\/technique\/stage\/stage-biotechnologie\/\" \/>\n<meta property=\"og:locale\" content=\"fr_FR\" \/>\n<meta property=\"og:type\" content=\"article\" \/>\n<meta property=\"og:title\" content=\"Stage Biotechnologie - CeREF Technique\" \/>\n<meta property=\"og:description\" content=\"Voici la liste des stages actuellement propos\u00e9s pour le p\u00f4le Biotechnologie. Si vous ne trouvez pas votre bonheur et que vous souhaitez poster votre candidature spontan\u00e9e, vous pouvez envoyer un mail \u00e0 Vesna Jerkovic.\" \/>\n<meta property=\"og:url\" content=\"https:\/\/ceref.helha.be\/technique\/stage\/stage-biotechnologie\/\" \/>\n<meta property=\"og:site_name\" content=\"CeREF Technique\" \/>\n<meta property=\"article:publisher\" content=\"https:\/\/www.facebook.com\/Ceref.helha\" \/>\n<meta property=\"article:modified_time\" content=\"2025-02-05T13:00:07+00:00\" \/>\n<meta name=\"twitter:card\" content=\"summary_large_image\" \/>\n<script type=\"application\/ld+json\" class=\"yoast-schema-graph\">{\"@context\":\"https:\/\/schema.org\",\"@graph\":[{\"@type\":\"WebPage\",\"@id\":\"https:\/\/ceref.helha.be\/technique\/stage\/stage-biotechnologie\/\",\"url\":\"https:\/\/ceref.helha.be\/technique\/stage\/stage-biotechnologie\/\",\"name\":\"Stage Biotechnologie - CeREF Technique\",\"isPartOf\":{\"@id\":\"https:\/\/ceref.helha.be\/technique\/#website\"},\"datePublished\":\"2021-02-09T13:33:17+00:00\",\"dateModified\":\"2025-02-05T13:00:07+00:00\",\"breadcrumb\":{\"@id\":\"https:\/\/ceref.helha.be\/technique\/stage\/stage-biotechnologie\/#breadcrumb\"},\"inLanguage\":\"fr-BE\",\"potentialAction\":[{\"@type\":\"ReadAction\",\"target\":[\"https:\/\/ceref.helha.be\/technique\/stage\/stage-biotechnologie\/\"]}]},{\"@type\":\"BreadcrumbList\",\"@id\":\"https:\/\/ceref.helha.be\/technique\/stage\/stage-biotechnologie\/#breadcrumb\",\"itemListElement\":[{\"@type\":\"ListItem\",\"position\":1,\"name\":\"Home\",\"item\":\"https:\/\/ceref.helha.be\/technique\/\"},{\"@type\":\"ListItem\",\"position\":2,\"name\":\"Stages\",\"item\":\"https:\/\/ceref.helha.be\/technique\/stage\/\"},{\"@type\":\"ListItem\",\"position\":3,\"name\":\"Stage Biotechnologie\"}]},{\"@type\":\"WebSite\",\"@id\":\"https:\/\/ceref.helha.be\/technique\/#website\",\"url\":\"https:\/\/ceref.helha.be\/technique\/\",\"name\":\"CeREF Technique - Centre de Recherche et de Formation continue de la HELHa\",\"description\":\"Centre de Recherche et de Formation HELHa\",\"publisher\":{\"@id\":\"https:\/\/ceref.helha.be\/technique\/#organization\"},\"potentialAction\":[{\"@type\":\"SearchAction\",\"target\":{\"@type\":\"EntryPoint\",\"urlTemplate\":\"https:\/\/ceref.helha.be\/technique\/?s={search_term_string}\"},\"query-input\":\"required name=search_term_string\"}],\"inLanguage\":\"fr-BE\"},{\"@type\":\"Organization\",\"@id\":\"https:\/\/ceref.helha.be\/technique\/#organization\",\"name\":\"CeREF Technique - Centre de Recherche et de Formation continue de la HELHa\",\"url\":\"https:\/\/ceref.helha.be\/technique\/\",\"logo\":{\"@type\":\"ImageObject\",\"inLanguage\":\"fr-BE\",\"@id\":\"https:\/\/ceref.helha.be\/technique\/#\/schema\/logo\/image\/\",\"url\":\"https:\/\/ceref.helha.be\/technique\/app\/uploads\/2019\/12\/logo-cereftechnique.jpg\",\"contentUrl\":\"https:\/\/ceref.helha.be\/technique\/app\/uploads\/2019\/12\/logo-cereftechnique.jpg\",\"width\":278,\"height\":154,\"caption\":\"CeREF Technique - Centre de Recherche et de Formation continue de la HELHa\"},\"image\":{\"@id\":\"https:\/\/ceref.helha.be\/technique\/#\/schema\/logo\/image\/\"},\"sameAs\":[\"https:\/\/www.facebook.com\/Ceref.helha\",\"https:\/\/www.linkedin.com\/company\/ceref-helha\/\"]}]}<\/script>\n<!-- \/ Yoast SEO plugin. -->","yoast_head_json":{"title":"Stage Biotechnologie - CeREF Technique","robots":{"index":"index","follow":"follow","max-snippet":"max-snippet:-1","max-image-preview":"max-image-preview:large","max-video-preview":"max-video-preview:-1"},"canonical":"https:\/\/ceref.helha.be\/technique\/stage\/stage-biotechnologie\/","og_locale":"fr_FR","og_type":"article","og_title":"Stage Biotechnologie - CeREF Technique","og_description":"Voici la liste des stages actuellement propos\u00e9s pour le p\u00f4le Biotechnologie. Si vous ne trouvez pas votre bonheur et que vous souhaitez poster votre candidature spontan\u00e9e, vous pouvez envoyer un mail \u00e0 Vesna Jerkovic.","og_url":"https:\/\/ceref.helha.be\/technique\/stage\/stage-biotechnologie\/","og_site_name":"CeREF Technique","article_publisher":"https:\/\/www.facebook.com\/Ceref.helha","article_modified_time":"2025-02-05T13:00:07+00:00","twitter_card":"summary_large_image","schema":{"@context":"https:\/\/schema.org","@graph":[{"@type":"WebPage","@id":"https:\/\/ceref.helha.be\/technique\/stage\/stage-biotechnologie\/","url":"https:\/\/ceref.helha.be\/technique\/stage\/stage-biotechnologie\/","name":"Stage Biotechnologie - CeREF Technique","isPartOf":{"@id":"https:\/\/ceref.helha.be\/technique\/#website"},"datePublished":"2021-02-09T13:33:17+00:00","dateModified":"2025-02-05T13:00:07+00:00","breadcrumb":{"@id":"https:\/\/ceref.helha.be\/technique\/stage\/stage-biotechnologie\/#breadcrumb"},"inLanguage":"fr-BE","potentialAction":[{"@type":"ReadAction","target":["https:\/\/ceref.helha.be\/technique\/stage\/stage-biotechnologie\/"]}]},{"@type":"BreadcrumbList","@id":"https:\/\/ceref.helha.be\/technique\/stage\/stage-biotechnologie\/#breadcrumb","itemListElement":[{"@type":"ListItem","position":1,"name":"Home","item":"https:\/\/ceref.helha.be\/technique\/"},{"@type":"ListItem","position":2,"name":"Stages","item":"https:\/\/ceref.helha.be\/technique\/stage\/"},{"@type":"ListItem","position":3,"name":"Stage Biotechnologie"}]},{"@type":"WebSite","@id":"https:\/\/ceref.helha.be\/technique\/#website","url":"https:\/\/ceref.helha.be\/technique\/","name":"CeREF Technique - Centre de Recherche et de Formation continue de la HELHa","description":"Centre de Recherche et de Formation HELHa","publisher":{"@id":"https:\/\/ceref.helha.be\/technique\/#organization"},"potentialAction":[{"@type":"SearchAction","target":{"@type":"EntryPoint","urlTemplate":"https:\/\/ceref.helha.be\/technique\/?s={search_term_string}"},"query-input":"required name=search_term_string"}],"inLanguage":"fr-BE"},{"@type":"Organization","@id":"https:\/\/ceref.helha.be\/technique\/#organization","name":"CeREF Technique - Centre de Recherche et de Formation continue de la HELHa","url":"https:\/\/ceref.helha.be\/technique\/","logo":{"@type":"ImageObject","inLanguage":"fr-BE","@id":"https:\/\/ceref.helha.be\/technique\/#\/schema\/logo\/image\/","url":"https:\/\/ceref.helha.be\/technique\/app\/uploads\/2019\/12\/logo-cereftechnique.jpg","contentUrl":"https:\/\/ceref.helha.be\/technique\/app\/uploads\/2019\/12\/logo-cereftechnique.jpg","width":278,"height":154,"caption":"CeREF Technique - Centre de Recherche et de Formation continue de la HELHa"},"image":{"@id":"https:\/\/ceref.helha.be\/technique\/#\/schema\/logo\/image\/"},"sameAs":["https:\/\/www.facebook.com\/Ceref.helha","https:\/\/www.linkedin.com\/company\/ceref-helha\/"]}]}},"_links":{"self":[{"href":"https:\/\/ceref.helha.be\/technique\/wp-json\/wp\/v2\/pages\/1161","targetHints":{"allow":["GET"]}}],"collection":[{"href":"https:\/\/ceref.helha.be\/technique\/wp-json\/wp\/v2\/pages"}],"about":[{"href":"https:\/\/ceref.helha.be\/technique\/wp-json\/wp\/v2\/types\/page"}],"author":[{"embeddable":true,"href":"https:\/\/ceref.helha.be\/technique\/wp-json\/wp\/v2\/users\/8"}],"replies":[{"embeddable":true,"href":"https:\/\/ceref.helha.be\/technique\/wp-json\/wp\/v2\/comments?post=1161"}],"version-history":[{"count":5,"href":"https:\/\/ceref.helha.be\/technique\/wp-json\/wp\/v2\/pages\/1161\/revisions"}],"predecessor-version":[{"id":3063,"href":"https:\/\/ceref.helha.be\/technique\/wp-json\/wp\/v2\/pages\/1161\/revisions\/3063"}],"up":[{"embeddable":true,"href":"https:\/\/ceref.helha.be\/technique\/wp-json\/wp\/v2\/pages\/914"}],"wp:attachment":[{"href":"https:\/\/ceref.helha.be\/technique\/wp-json\/wp\/v2\/media?parent=1161"}],"curies":[{"name":"wp","href":"https:\/\/api.w.org\/{rel}","templated":true}]}}