{"id":1107,"date":"2021-02-03T11:03:29","date_gmt":"2021-02-03T10:03:29","guid":{"rendered":"https:\/\/ceref-test.helha.be\/technique\/?page_id=1107"},"modified":"2025-02-10T12:43:49","modified_gmt":"2025-02-10T12:43:49","slug":"stage-electronique","status":"publish","type":"page","link":"https:\/\/ceref.helha.be\/technique\/stage\/stage-electronique\/","title":{"rendered":"Stage Electronique"},"content":{"rendered":"<p style=\"text-align: justify;\">Voici la liste des stages actuellement propos\u00e9s pour le p\u00f4le \u00e9lectronique :<\/p>\n<table class=\" aligncenter\" style=\"width: 100%; border-collapse: collapse;\" cellspacing=\"5\" cellpadding=\"10\">\n<tbody>\n<tr style=\"height: 70px;\">\n<th style=\"width: 7%; height: 70px;\" scope=\"row\"><strong>Nom<\/strong><\/th>\n<th style=\"width: 40%; height: 70px;\"><strong>Description<\/strong><\/th>\n<th style=\"width: 4%; height: 70px;\"><strong>Langue<\/strong><\/th>\n<th style=\"width: 19%; height: 70px;\"><strong>Profile recherch\u00e9<br \/>\n<\/strong><\/th>\n<th style=\"width: 10%; height: 70px;\"><strong>Fiche de stage<\/strong><\/th>\n<th style=\"width: 20%; height: 70px;\"><strong>Mots cl\u00e9s<\/strong><\/th>\n<\/tr>\n<tr style=\"height: 117px;\">\n<td style=\"width: 7%; height: 117px;\"><strong>DiTS to MuPhyN<\/strong><\/td>\n<td style=\"width: 40%; height: 117px;\">Etude du portage de boites de simulation d\u00e9velopp\u00e9es sous GNU Radio dans le cadre du projet Win 2 Wal DiTS dans le logiciel de simulation multiphysiques d\u00e9velopp\u00e9 part le CeREF, MuPhyN<\/td>\n<td style=\"width: 4%; height: 117px;\">FR\/EN<\/td>\n<td style=\"width: 19%; height: 117px;\">Informaticien ou assimil\u00e9<\/td>\n<td style=\"width: 10%; height: 117px;\"><a href=\"https:\/\/ceref.helha.be\/technique\/app\/uploads\/2023\/11\/Internship-DiTS-to-MuPhyN_FR_EN.pdf\" target=\"_blank\" rel=\"noopener\">En savoir plus<\/a><\/td>\n<td style=\"width: 20%; height: 117px;\">GNU Radio, programmation, simulation, python<\/td>\n<\/tr>\n<tr style=\"height: 93px;\">\n<td style=\"width: 7%; height: 93px;\"><strong>Flowgorithm<\/strong><\/td>\n<td style=\"width: 40%; height: 93px;\">D\u00e9veloppement d\u2019un logiciel de construction et tests d\u2019algorithmes avec Flowgorithm<\/td>\n<td style=\"width: 4%; height: 93px;\">FR\/EN<\/td>\n<td style=\"width: 19%; height: 93px;\">Informaticien ou assimil\u00e9<\/td>\n<td style=\"width: 10%; height: 93px;\"><a href=\"https:\/\/ceref.helha.be\/technique\/app\/uploads\/2023\/11\/Internship-Flowgorithm_FR_EN.pdf\" target=\"_blank\" rel=\"noopener\">En savoir plus<\/a><\/td>\n<td style=\"width: 20%; height: 93px;\">Flowchart, algorithmes, programmation, \u00e9ducation<\/td>\n<\/tr>\n<tr style=\"height: 140px;\">\n<td style=\"width: 7%; height: 140px;\"><strong>DigitalLogicSim<\/strong><\/td>\n<td style=\"width: 40%; height: 140px;\">D\u00e9veloppement d\u2019un logiciel de construction et tests de circuit d\u2019\u00e9lectronique num\u00e9riques sur base du logiciel Digital Logic Sim<\/td>\n<td style=\"width: 4%; height: 140px;\">FR\/EN<\/td>\n<td style=\"width: 19%; height: 140px;\">Informaticien ou assimil\u00e9<\/td>\n<td style=\"width: 10%; height: 140px;\"><a href=\"https:\/\/ceref.helha.be\/technique\/app\/uploads\/2023\/11\/Internship-DigitalLogicSim_FR_EN.pdf\" target=\"_blank\" rel=\"noopener\">En savoir plus<\/a><\/td>\n<td style=\"width: 20%; height: 140px;\">Simulation, logique combinatoire, logique s\u00e9quentielle, \u00e9ducation<\/td>\n<\/tr>\n<tr style=\"height: 117px;\">\n<td style=\"width: 7%; height: 117px;\"><strong>DidrenVR to A-Frame<\/strong><\/td>\n<td style=\"width: 40%; height: 117px;\">Adaptation de l\u2019application de r\u00e9alit\u00e9 virtuelle DidRen VR sous A-Frame<\/td>\n<td style=\"width: 4%; height: 117px;\">FR\/EN<\/td>\n<td style=\"width: 19%; height: 117px;\">Ing\u00e9nieur en \u00e9lectronique, Informaticien ou assimil\u00e9<\/td>\n<td style=\"width: 10%; height: 117px;\"><a href=\"https:\/\/ceref.helha.be\/technique\/app\/uploads\/2023\/11\/Internship-DidRenVR-to-A-Frame_FR_EN-.pdf\" target=\"_blank\" rel=\"noopener\">En savoir plus<\/a><\/td>\n<td style=\"width: 20%; height: 117px;\">R\u00e9alit\u00e9 virtuelle, e-sant\u00e9,\u00a0 MedTech, A-Frame, <span class=\"ui-provider bed bee bbh bef beg beh bei bej bek bel bem ben beo bep beq ber bes bet beu bev bew bex bey bez bfa bfb bfc bfd bfe bff bfg bfh bfi bfj bfk\" dir=\"ltr\">kin\u00e9sith\u00e9rapie <\/span><\/td>\n<\/tr>\n<tr style=\"height: 23px;\">\n<td style=\"width: 7%; height: 23px;\"><span style=\"background-color: #ffffff; color: #000000;\"><strong>BEAN<\/strong><\/span><\/td>\n<td style=\"width: 40%; height: 23px;\">Biologie et Efficacit\u00e9 par l\u2019Automatisation et la Num\u00e9risation<\/td>\n<td style=\"width: 4%; height: 23px;\">FR\/EN<\/td>\n<td style=\"width: 19%; height: 23px;\">Ing\u00e9nieur en \u00e9lectronique, Informaticien, Bio-informaticien ou assimil\u00e9<\/td>\n<td style=\"width: 10%; height: 23px;\"><a href=\"https:\/\/ceref.helha.be\/technique\/app\/uploads\/2025\/01\/BEAN.pdf\">En savoir plus<\/a><\/td>\n<td style=\"width: 20%; height: 23px;\">Computer vision, IA, BioInformatique, Python, Num\u00e9risation<\/td>\n<\/tr>\n<tr style=\"height: 93px;\">\n<td style=\"width: 7%; height: 93px;\"><strong>FT-sens<\/strong><\/td>\n<td style=\"width: 40%; height: 93px;\">Capteur low-complexity mesurant la force de la langue sur le palais<\/td>\n<td style=\"width: 4%; height: 93px;\">FR\/EN<\/td>\n<td style=\"width: 19%; height: 93px;\">Ing\u00e9nieur \u00e9lectronique ou assimil\u00e9<\/td>\n<td style=\"width: 10%; height: 93px;\"><a href=\"https:\/\/ceref.helha.be\/technique\/app\/uploads\/2023\/11\/Internship-FT-sens_FR_EN.pdf\" target=\"_blank\" rel=\"noopener\">En savoir plus<\/a><\/td>\n<td style=\"width: 20%; height: 93px;\">Mesure de force, e-sant\u00e9, bouche, langue, tests<\/td>\n<\/tr>\n<tr style=\"height: 70px;\">\n<td style=\"width: 7%; height: 70px;\"><strong>AnTS<br \/>\n<\/strong><\/td>\n<td style=\"width: 40%; height: 70px;\">Application d&rsquo;analyse en ligne de s\u00e9ries temporelles physiologiques caract\u00e9risant le mouvement humain<\/td>\n<td style=\"width: 4%; height: 70px;\">FR\/EN<\/td>\n<td style=\"width: 19%; height: 70px;\">Ing\u00e9nieur \u00e9lectronique ou assimil\u00e9<\/td>\n<td style=\"width: 10%; height: 70px;\"><a href=\"https:\/\/ceref.helha.be\/technique\/app\/uploads\/2023\/11\/Internship-AnTS_FR_EN.pdf\" target=\"_blank\" rel=\"noopener\">En savoir plus<\/a><\/td>\n<td style=\"width: 20%; height: 70px;\">E-sant\u00e9, analyse, s\u00e9ries temporelles<\/td>\n<\/tr>\n<\/tbody>\n<\/table>\n<p style=\"text-align: justify;\">Si vous ne trouvez pas votre bonheur et que vous souhaitez poster votre candidature spontan\u00e9e, vous pouvez envoyer un mail \u00e0 <a href=\"https:\/\/ceref.helha.be\/technique\/equipe\/stephanie-eggermont\/\">St\u00e9phanie Eggermont<\/a>.<\/p>\n","protected":false},"excerpt":{"rendered":"<p>Voici la liste des stages actuellement propos\u00e9s pour le p\u00f4le \u00e9lectronique : Nom Description Langue Profile recherch\u00e9 Fiche de stage Mots cl\u00e9s DiTS to MuPhyN Etude du portage de boites de simulation d\u00e9velopp\u00e9es sous GNU Radio dans le cadre du projet Win 2 Wal DiTS dans le logiciel de simulation multiphysiques d\u00e9velopp\u00e9 part le CeREF, [&hellip;]<\/p>\n","protected":false},"author":8,"featured_media":0,"parent":914,"menu_order":2,"comment_status":"closed","ping_status":"closed","template":"template-fullwidth.php","meta":{"_acf_changed":false,"footnotes":""},"class_list":["post-1107","page","type-page","status-publish","hentry"],"acf":[],"yoast_head":"<!-- This site is optimized with the Yoast SEO plugin v21.9.1 - https:\/\/yoast.com\/wordpress\/plugins\/seo\/ -->\n<title>Stage Electronique - CeREF Technique<\/title>\n<meta name=\"description\" content=\"Le CeREF Technique (centre de recherche et de formation continue de la HELHa) propose des stages de longue dur\u00e9e pour des \u00e9tudiants.\" \/>\n<meta name=\"robots\" content=\"index, follow, max-snippet:-1, max-image-preview:large, max-video-preview:-1\" \/>\n<link rel=\"canonical\" href=\"https:\/\/ceref.helha.be\/technique\/stage\/stage-electronique\/\" \/>\n<meta property=\"og:locale\" content=\"fr_FR\" \/>\n<meta property=\"og:type\" content=\"article\" \/>\n<meta property=\"og:title\" content=\"Stage Electronique - CeREF Technique\" \/>\n<meta property=\"og:description\" content=\"Le CeREF Technique (centre de recherche et de formation continue de la HELHa) propose des stages de longue dur\u00e9e pour des \u00e9tudiants.\" \/>\n<meta property=\"og:url\" content=\"https:\/\/ceref.helha.be\/technique\/stage\/stage-electronique\/\" \/>\n<meta property=\"og:site_name\" content=\"CeREF Technique\" \/>\n<meta property=\"article:publisher\" content=\"https:\/\/www.facebook.com\/Ceref.helha\" \/>\n<meta property=\"article:modified_time\" content=\"2025-02-10T12:43:49+00:00\" \/>\n<meta name=\"twitter:card\" content=\"summary_large_image\" \/>\n<meta name=\"twitter:label1\" content=\"Est. reading time\" \/>\n\t<meta name=\"twitter:data1\" content=\"2 minutes\" \/>\n<script type=\"application\/ld+json\" class=\"yoast-schema-graph\">{\"@context\":\"https:\/\/schema.org\",\"@graph\":[{\"@type\":\"WebPage\",\"@id\":\"https:\/\/ceref.helha.be\/technique\/stage\/stage-electronique\/\",\"url\":\"https:\/\/ceref.helha.be\/technique\/stage\/stage-electronique\/\",\"name\":\"Stage Electronique - CeREF Technique\",\"isPartOf\":{\"@id\":\"https:\/\/ceref.helha.be\/technique\/#website\"},\"datePublished\":\"2021-02-03T10:03:29+00:00\",\"dateModified\":\"2025-02-10T12:43:49+00:00\",\"description\":\"Le CeREF Technique (centre de recherche et de formation continue de la HELHa) propose des stages de longue dur\u00e9e pour des \u00e9tudiants.\",\"breadcrumb\":{\"@id\":\"https:\/\/ceref.helha.be\/technique\/stage\/stage-electronique\/#breadcrumb\"},\"inLanguage\":\"fr-BE\",\"potentialAction\":[{\"@type\":\"ReadAction\",\"target\":[\"https:\/\/ceref.helha.be\/technique\/stage\/stage-electronique\/\"]}]},{\"@type\":\"BreadcrumbList\",\"@id\":\"https:\/\/ceref.helha.be\/technique\/stage\/stage-electronique\/#breadcrumb\",\"itemListElement\":[{\"@type\":\"ListItem\",\"position\":1,\"name\":\"Home\",\"item\":\"https:\/\/ceref.helha.be\/technique\/\"},{\"@type\":\"ListItem\",\"position\":2,\"name\":\"Stages\",\"item\":\"https:\/\/ceref.helha.be\/technique\/stage\/\"},{\"@type\":\"ListItem\",\"position\":3,\"name\":\"Stage Electronique\"}]},{\"@type\":\"WebSite\",\"@id\":\"https:\/\/ceref.helha.be\/technique\/#website\",\"url\":\"https:\/\/ceref.helha.be\/technique\/\",\"name\":\"CeREF Technique - Centre de Recherche et de Formation continue de la HELHa\",\"description\":\"Centre de Recherche et de Formation HELHa\",\"publisher\":{\"@id\":\"https:\/\/ceref.helha.be\/technique\/#organization\"},\"potentialAction\":[{\"@type\":\"SearchAction\",\"target\":{\"@type\":\"EntryPoint\",\"urlTemplate\":\"https:\/\/ceref.helha.be\/technique\/?s={search_term_string}\"},\"query-input\":\"required name=search_term_string\"}],\"inLanguage\":\"fr-BE\"},{\"@type\":\"Organization\",\"@id\":\"https:\/\/ceref.helha.be\/technique\/#organization\",\"name\":\"CeREF Technique - Centre de Recherche et de Formation continue de la HELHa\",\"url\":\"https:\/\/ceref.helha.be\/technique\/\",\"logo\":{\"@type\":\"ImageObject\",\"inLanguage\":\"fr-BE\",\"@id\":\"https:\/\/ceref.helha.be\/technique\/#\/schema\/logo\/image\/\",\"url\":\"https:\/\/ceref.helha.be\/technique\/app\/uploads\/2019\/12\/logo-cereftechnique.jpg\",\"contentUrl\":\"https:\/\/ceref.helha.be\/technique\/app\/uploads\/2019\/12\/logo-cereftechnique.jpg\",\"width\":278,\"height\":154,\"caption\":\"CeREF Technique - Centre de Recherche et de Formation continue de la HELHa\"},\"image\":{\"@id\":\"https:\/\/ceref.helha.be\/technique\/#\/schema\/logo\/image\/\"},\"sameAs\":[\"https:\/\/www.facebook.com\/Ceref.helha\",\"https:\/\/www.linkedin.com\/company\/ceref-helha\/\"]}]}<\/script>\n<!-- \/ Yoast SEO plugin. -->","yoast_head_json":{"title":"Stage Electronique - CeREF Technique","description":"Le CeREF Technique (centre de recherche et de formation continue de la HELHa) propose des stages de longue dur\u00e9e pour des \u00e9tudiants.","robots":{"index":"index","follow":"follow","max-snippet":"max-snippet:-1","max-image-preview":"max-image-preview:large","max-video-preview":"max-video-preview:-1"},"canonical":"https:\/\/ceref.helha.be\/technique\/stage\/stage-electronique\/","og_locale":"fr_FR","og_type":"article","og_title":"Stage Electronique - CeREF Technique","og_description":"Le CeREF Technique (centre de recherche et de formation continue de la HELHa) propose des stages de longue dur\u00e9e pour des \u00e9tudiants.","og_url":"https:\/\/ceref.helha.be\/technique\/stage\/stage-electronique\/","og_site_name":"CeREF Technique","article_publisher":"https:\/\/www.facebook.com\/Ceref.helha","article_modified_time":"2025-02-10T12:43:49+00:00","twitter_card":"summary_large_image","twitter_misc":{"Est. reading time":"2 minutes"},"schema":{"@context":"https:\/\/schema.org","@graph":[{"@type":"WebPage","@id":"https:\/\/ceref.helha.be\/technique\/stage\/stage-electronique\/","url":"https:\/\/ceref.helha.be\/technique\/stage\/stage-electronique\/","name":"Stage Electronique - CeREF Technique","isPartOf":{"@id":"https:\/\/ceref.helha.be\/technique\/#website"},"datePublished":"2021-02-03T10:03:29+00:00","dateModified":"2025-02-10T12:43:49+00:00","description":"Le CeREF Technique (centre de recherche et de formation continue de la HELHa) propose des stages de longue dur\u00e9e pour des \u00e9tudiants.","breadcrumb":{"@id":"https:\/\/ceref.helha.be\/technique\/stage\/stage-electronique\/#breadcrumb"},"inLanguage":"fr-BE","potentialAction":[{"@type":"ReadAction","target":["https:\/\/ceref.helha.be\/technique\/stage\/stage-electronique\/"]}]},{"@type":"BreadcrumbList","@id":"https:\/\/ceref.helha.be\/technique\/stage\/stage-electronique\/#breadcrumb","itemListElement":[{"@type":"ListItem","position":1,"name":"Home","item":"https:\/\/ceref.helha.be\/technique\/"},{"@type":"ListItem","position":2,"name":"Stages","item":"https:\/\/ceref.helha.be\/technique\/stage\/"},{"@type":"ListItem","position":3,"name":"Stage Electronique"}]},{"@type":"WebSite","@id":"https:\/\/ceref.helha.be\/technique\/#website","url":"https:\/\/ceref.helha.be\/technique\/","name":"CeREF Technique - Centre de Recherche et de Formation continue de la HELHa","description":"Centre de Recherche et de Formation HELHa","publisher":{"@id":"https:\/\/ceref.helha.be\/technique\/#organization"},"potentialAction":[{"@type":"SearchAction","target":{"@type":"EntryPoint","urlTemplate":"https:\/\/ceref.helha.be\/technique\/?s={search_term_string}"},"query-input":"required name=search_term_string"}],"inLanguage":"fr-BE"},{"@type":"Organization","@id":"https:\/\/ceref.helha.be\/technique\/#organization","name":"CeREF Technique - Centre de Recherche et de Formation continue de la HELHa","url":"https:\/\/ceref.helha.be\/technique\/","logo":{"@type":"ImageObject","inLanguage":"fr-BE","@id":"https:\/\/ceref.helha.be\/technique\/#\/schema\/logo\/image\/","url":"https:\/\/ceref.helha.be\/technique\/app\/uploads\/2019\/12\/logo-cereftechnique.jpg","contentUrl":"https:\/\/ceref.helha.be\/technique\/app\/uploads\/2019\/12\/logo-cereftechnique.jpg","width":278,"height":154,"caption":"CeREF Technique - Centre de Recherche et de Formation continue de la HELHa"},"image":{"@id":"https:\/\/ceref.helha.be\/technique\/#\/schema\/logo\/image\/"},"sameAs":["https:\/\/www.facebook.com\/Ceref.helha","https:\/\/www.linkedin.com\/company\/ceref-helha\/"]}]}},"_links":{"self":[{"href":"https:\/\/ceref.helha.be\/technique\/wp-json\/wp\/v2\/pages\/1107","targetHints":{"allow":["GET"]}}],"collection":[{"href":"https:\/\/ceref.helha.be\/technique\/wp-json\/wp\/v2\/pages"}],"about":[{"href":"https:\/\/ceref.helha.be\/technique\/wp-json\/wp\/v2\/types\/page"}],"author":[{"embeddable":true,"href":"https:\/\/ceref.helha.be\/technique\/wp-json\/wp\/v2\/users\/8"}],"replies":[{"embeddable":true,"href":"https:\/\/ceref.helha.be\/technique\/wp-json\/wp\/v2\/comments?post=1107"}],"version-history":[{"count":37,"href":"https:\/\/ceref.helha.be\/technique\/wp-json\/wp\/v2\/pages\/1107\/revisions"}],"predecessor-version":[{"id":3090,"href":"https:\/\/ceref.helha.be\/technique\/wp-json\/wp\/v2\/pages\/1107\/revisions\/3090"}],"up":[{"embeddable":true,"href":"https:\/\/ceref.helha.be\/technique\/wp-json\/wp\/v2\/pages\/914"}],"wp:attachment":[{"href":"https:\/\/ceref.helha.be\/technique\/wp-json\/wp\/v2\/media?parent=1107"}],"curies":[{"name":"wp","href":"https:\/\/api.w.org\/{rel}","templated":true}]}}