{"id":82,"date":"2019-12-17T10:08:58","date_gmt":"2019-12-17T09:08:58","guid":{"rendered":"https:\/\/ceref-test.helha.be\/sante\/?page_id=82"},"modified":"2025-01-22T13:29:02","modified_gmt":"2025-01-22T13:29:02","slug":"presentation","status":"publish","type":"page","link":"https:\/\/ceref.helha.be\/sante\/","title":{"rendered":"CeREF Sant\u00e9"},"content":{"rendered":"<section class=\"row\">\n<h2 class=\"text-he-current\">Pr\u00e9sentation<\/h2>\n<div class=\"col-12 col-md-5\">\n<figure><iframe loading=\"lazy\" title=\"Pr\u00e9sentation du CeREF Sante\u0301\" width=\"500\" height=\"281\" src=\"https:\/\/www.youtube.com\/embed\/hrUAEGhdLVo?feature=oembed\" frameborder=\"0\" allow=\"accelerometer; autoplay; clipboard-write; encrypted-media; gyroscope; picture-in-picture; web-share\" referrerpolicy=\"strict-origin-when-cross-origin\" allowfullscreen><\/iframe><figcaption class=\"figure-caption text-center\">Vid\u00e9o de pr\u00e9sentation du CeREF Sant\u00e9<\/figcaption><\/figure>\n<\/p><\/div>\n<div class=\"col-12 col-md-7 mt-3 mt-mb-0\">\n<p class=\"fs-5\">Le <strong class=\"text-he-current\">CeREF Sant\u00e9<\/strong> vous propose un large choix de formations continues innovantes, adapt\u00e9es \u00e0 vos besoins et \u00e0 vos r\u00e9alit\u00e9s dans le domaine de la sant\u00e9.<\/p>\n<p class=\"fs-5 mb-0\">Les formations du <strong class=\"text-he-current\">CeREF Sant\u00e9<\/strong> s\u2019adressent aux professionnel\u00b7le\u00b7s de la sant\u00e9, entreprises, organisations marchandes et non-marchandes qui souhaitent :<\/p>\n<ul class=\"row\">\n<li>suivre des formations pointues afin d\u2019actualiser leurs connaissances en Kin\u00e9sith\u00e9rapie, en Soins Infirmiers, en Ergonomie, en Ergoth\u00e9rapie, etc ;<\/li>\n<li>b\u00e9n\u00e9ficier de supervisions d\u2019\u00e9quipes ;<\/li>\n<li>booster leurs comp\u00e9tences tant techniques que relationnelles ou manag\u00e9riales ;<\/li>\n<li>porter leur attention sur les probl\u00e9matiques soci\u00e9tales, environnementales, technologiques, etc.<\/li>\n<\/ul><\/div>\n<\/section>\n<p class=\"text-center mt-3\"><a class=\"fs-4 lead text-he-current\" href=\"https:\/\/cerefsante.helha.be\/\" target=\"_blank\" rel=\"noopener\"><strong>\ud83d\udc49D\u00e9couvrez toutes les possibilit\u00e9s de formations continues ici \ud83d\udc48<\/strong><\/a><\/p>\n","protected":false},"excerpt":{"rendered":"<p>Pr\u00e9sentation Vid\u00e9o de pr\u00e9sentation du CeREF Sant\u00e9 Le CeREF Sant\u00e9 vous propose un large choix de formations continues innovantes, adapt\u00e9es \u00e0 vos besoins et \u00e0 vos r\u00e9alit\u00e9s dans le domaine de la sant\u00e9. Les formations du CeREF Sant\u00e9 s\u2019adressent aux professionnel\u00b7le\u00b7s de la sant\u00e9, entreprises, organisations marchandes et non-marchandes qui souhaitent : suivre des formations [&hellip;]<\/p>\n","protected":false},"author":1,"featured_media":0,"parent":0,"menu_order":0,"comment_status":"closed","ping_status":"closed","template":"","meta":{"_acf_changed":false,"footnotes":""},"class_list":["post-82","page","type-page","status-publish","hentry"],"acf":[],"yoast_head":"<!-- This site is optimized with the Yoast SEO plugin v21.9.1 - https:\/\/yoast.com\/wordpress\/plugins\/seo\/ -->\n<title>CeREF Sant\u00e9 - CeREF Sant\u00e9<\/title>\n<meta name=\"description\" content=\"Pour la formation continu\u00e9e, vous devez savoir que nous proposons 2 formules :- la 1ere est d\u00e9clin\u00e9e dans un catalogue de pr\u00e8s de 40 modules de formations. Dans le secteur infirmier, ils concernent 4 th\u00e8mes : la communication - les soins pratiques cliniques et leurs enjeux juridiques, d\u00e9ontologiques et \u00e9thiques - la pr\u00e9vention des risques psycho-sociaux - et enfin la gestion des ressources humaines. Nous d\u00e9veloppons \u00e9galement des formations continues en mati\u00e8re de technologies de laboratoire en collaborant aux Midi de Fleurus.Et enfin, nous organisons des colloques en partenariat avec les formations dipl\u00f4mantes de la sant\u00e9 telles que l\u2019oncologie, l\u2019imagerie m\u00e9dicale, la g\u00e9riatrie, la sant\u00e9 mentale ou encore la section sage-femme. L\u2019ensemble de ces formations est accessible tant \u00e0 un public de professionnels en activit\u00e9 qu\u2019aux enseignants.- Concernant la seconde formule de formations continues du CeREF Sant\u00e9, il s\u2019agit de formations sur mesures. Elles r\u00e9pondent aux demandes sp\u00e9cifiques des institutions. Le CeREF Sant\u00e9 d\u00e9veloppe aussi un second type d\u2019activit\u00e9s : la recherche. \uf0d8 D\u2019une part, nous menons des recherches centr\u00e9es sur des probl\u00e9matiques soci\u00e9tales, environnementales et technologiques. \uf0d8 D\u2019autre part, nous soutenons la qualit\u00e9 scientifique des formations initiales propos\u00e9es par les D\u00e9partements Sant\u00e9 de la HELHa.\" \/>\n<meta name=\"robots\" content=\"index, follow, max-snippet:-1, max-image-preview:large, max-video-preview:-1\" \/>\n<link rel=\"canonical\" href=\"https:\/\/ceref.helha.be\/sante\/\" \/>\n<meta property=\"og:locale\" content=\"fr_FR\" \/>\n<meta property=\"og:type\" content=\"article\" \/>\n<meta property=\"og:title\" content=\"CeREF Sant\u00e9 - CeREF Sant\u00e9\" \/>\n<meta property=\"og:description\" content=\"Pour la formation continu\u00e9e, vous devez savoir que nous proposons 2 formules :- la 1ere est d\u00e9clin\u00e9e dans un catalogue de pr\u00e8s de 40 modules de formations. Dans le secteur infirmier, ils concernent 4 th\u00e8mes : la communication - les soins pratiques cliniques et leurs enjeux juridiques, d\u00e9ontologiques et \u00e9thiques - la pr\u00e9vention des risques psycho-sociaux - et enfin la gestion des ressources humaines. Nous d\u00e9veloppons \u00e9galement des formations continues en mati\u00e8re de technologies de laboratoire en collaborant aux Midi de Fleurus.Et enfin, nous organisons des colloques en partenariat avec les formations dipl\u00f4mantes de la sant\u00e9 telles que l\u2019oncologie, l\u2019imagerie m\u00e9dicale, la g\u00e9riatrie, la sant\u00e9 mentale ou encore la section sage-femme. L\u2019ensemble de ces formations est accessible tant \u00e0 un public de professionnels en activit\u00e9 qu\u2019aux enseignants.- Concernant la seconde formule de formations continues du CeREF Sant\u00e9, il s\u2019agit de formations sur mesures. Elles r\u00e9pondent aux demandes sp\u00e9cifiques des institutions. Le CeREF Sant\u00e9 d\u00e9veloppe aussi un second type d\u2019activit\u00e9s : la recherche. \uf0d8 D\u2019une part, nous menons des recherches centr\u00e9es sur des probl\u00e9matiques soci\u00e9tales, environnementales et technologiques. \uf0d8 D\u2019autre part, nous soutenons la qualit\u00e9 scientifique des formations initiales propos\u00e9es par les D\u00e9partements Sant\u00e9 de la HELHa.\" \/>\n<meta property=\"og:url\" content=\"https:\/\/ceref.helha.be\/sante\/\" \/>\n<meta property=\"og:site_name\" content=\"CeREF Sant\u00e9\" \/>\n<meta property=\"article:publisher\" content=\"https:\/\/www.facebook.com\/Ceref.helha\" \/>\n<meta property=\"article:modified_time\" content=\"2025-01-22T13:29:02+00:00\" \/>\n<meta name=\"twitter:card\" content=\"summary_large_image\" \/>\n<meta name=\"twitter:label1\" content=\"Est. reading time\" \/>\n\t<meta name=\"twitter:data1\" content=\"2 minutes\" \/>\n<script type=\"application\/ld+json\" class=\"yoast-schema-graph\">{\"@context\":\"https:\/\/schema.org\",\"@graph\":[{\"@type\":\"WebPage\",\"@id\":\"https:\/\/ceref.helha.be\/sante\/\",\"url\":\"https:\/\/ceref.helha.be\/sante\/\",\"name\":\"CeREF Sant\u00e9 - CeREF Sant\u00e9\",\"isPartOf\":{\"@id\":\"https:\/\/ceref.helha.be\/sante\/#website\"},\"datePublished\":\"2019-12-17T09:08:58+00:00\",\"dateModified\":\"2025-01-22T13:29:02+00:00\",\"description\":\"Pour la formation continu\u00e9e, vous devez savoir que nous proposons 2 formules :- la 1ere est d\u00e9clin\u00e9e dans un catalogue de pr\u00e8s de 40 modules de formations. Dans le secteur infirmier, ils concernent 4 th\u00e8mes : la communication - les soins pratiques cliniques et leurs enjeux juridiques, d\u00e9ontologiques et \u00e9thiques - la pr\u00e9vention des risques psycho-sociaux - et enfin la gestion des ressources humaines. Nous d\u00e9veloppons \u00e9galement des formations continues en mati\u00e8re de technologies de laboratoire en collaborant aux Midi de Fleurus.Et enfin, nous organisons des colloques en partenariat avec les formations dipl\u00f4mantes de la sant\u00e9 telles que l\u2019oncologie, l\u2019imagerie m\u00e9dicale, la g\u00e9riatrie, la sant\u00e9 mentale ou encore la section sage-femme. L\u2019ensemble de ces formations est accessible tant \u00e0 un public de professionnels en activit\u00e9 qu\u2019aux enseignants.- Concernant la seconde formule de formations continues du CeREF Sant\u00e9, il s\u2019agit de formations sur mesures. Elles r\u00e9pondent aux demandes sp\u00e9cifiques des institutions. Le CeREF Sant\u00e9 d\u00e9veloppe aussi un second type d\u2019activit\u00e9s : la recherche. \uf0d8 D\u2019une part, nous menons des recherches centr\u00e9es sur des probl\u00e9matiques soci\u00e9tales, environnementales et technologiques. \uf0d8 D\u2019autre part, nous soutenons la qualit\u00e9 scientifique des formations initiales propos\u00e9es par les D\u00e9partements Sant\u00e9 de la HELHa.\",\"breadcrumb\":{\"@id\":\"https:\/\/ceref.helha.be\/sante\/#breadcrumb\"},\"inLanguage\":\"fr-FR\",\"potentialAction\":[{\"@type\":\"ReadAction\",\"target\":[\"https:\/\/ceref.helha.be\/sante\/\"]}]},{\"@type\":\"BreadcrumbList\",\"@id\":\"https:\/\/ceref.helha.be\/sante\/#breadcrumb\",\"itemListElement\":[{\"@type\":\"ListItem\",\"position\":1,\"name\":\"Home\",\"item\":\"https:\/\/ceref.helha.be\/sante\/\"},{\"@type\":\"ListItem\",\"position\":2,\"name\":\"CeREF Sant\u00e9\"}]},{\"@type\":\"WebSite\",\"@id\":\"https:\/\/ceref.helha.be\/sante\/#website\",\"url\":\"https:\/\/ceref.helha.be\/sante\/\",\"name\":\"CeREF Sant\u00e9 - Centre de Recherche et de Formation continue de la HELHa\",\"description\":\"\",\"publisher\":{\"@id\":\"https:\/\/ceref.helha.be\/sante\/#organization\"},\"potentialAction\":[{\"@type\":\"SearchAction\",\"target\":{\"@type\":\"EntryPoint\",\"urlTemplate\":\"https:\/\/ceref.helha.be\/sante\/?s={search_term_string}\"},\"query-input\":\"required name=search_term_string\"}],\"inLanguage\":\"fr-FR\"},{\"@type\":\"Organization\",\"@id\":\"https:\/\/ceref.helha.be\/sante\/#organization\",\"name\":\"CeREF Sant\u00e9 - Centre de Recherche et de Formation continue de la HELHa\",\"url\":\"https:\/\/ceref.helha.be\/sante\/\",\"logo\":{\"@type\":\"ImageObject\",\"inLanguage\":\"fr-FR\",\"@id\":\"https:\/\/ceref.helha.be\/sante\/#\/schema\/logo\/image\/\",\"url\":\"https:\/\/ceref.helha.be\/sante\/app\/uploads\/2026\/01\/ceref-sante.jpg\",\"contentUrl\":\"https:\/\/ceref.helha.be\/sante\/app\/uploads\/2026\/01\/ceref-sante.jpg\",\"width\":242,\"height\":84,\"caption\":\"CeREF Sant\u00e9 - Centre de Recherche et de Formation continue de la HELHa\"},\"image\":{\"@id\":\"https:\/\/ceref.helha.be\/sante\/#\/schema\/logo\/image\/\"},\"sameAs\":[\"https:\/\/www.facebook.com\/Ceref.helha\",\"https:\/\/www.linkedin.com\/company\/ceref-helha\/\"]}]}<\/script>\n<!-- \/ Yoast SEO plugin. -->","yoast_head_json":{"title":"CeREF Sant\u00e9 - CeREF Sant\u00e9","description":"Pour la formation continu\u00e9e, vous devez savoir que nous proposons 2 formules :- la 1ere est d\u00e9clin\u00e9e dans un catalogue de pr\u00e8s de 40 modules de formations. Dans le secteur infirmier, ils concernent 4 th\u00e8mes : la communication - les soins pratiques cliniques et leurs enjeux juridiques, d\u00e9ontologiques et \u00e9thiques - la pr\u00e9vention des risques psycho-sociaux - et enfin la gestion des ressources humaines. Nous d\u00e9veloppons \u00e9galement des formations continues en mati\u00e8re de technologies de laboratoire en collaborant aux Midi de Fleurus.Et enfin, nous organisons des colloques en partenariat avec les formations dipl\u00f4mantes de la sant\u00e9 telles que l\u2019oncologie, l\u2019imagerie m\u00e9dicale, la g\u00e9riatrie, la sant\u00e9 mentale ou encore la section sage-femme. L\u2019ensemble de ces formations est accessible tant \u00e0 un public de professionnels en activit\u00e9 qu\u2019aux enseignants.- Concernant la seconde formule de formations continues du CeREF Sant\u00e9, il s\u2019agit de formations sur mesures. Elles r\u00e9pondent aux demandes sp\u00e9cifiques des institutions. Le CeREF Sant\u00e9 d\u00e9veloppe aussi un second type d\u2019activit\u00e9s : la recherche. \uf0d8 D\u2019une part, nous menons des recherches centr\u00e9es sur des probl\u00e9matiques soci\u00e9tales, environnementales et technologiques. \uf0d8 D\u2019autre part, nous soutenons la qualit\u00e9 scientifique des formations initiales propos\u00e9es par les D\u00e9partements Sant\u00e9 de la HELHa.","robots":{"index":"index","follow":"follow","max-snippet":"max-snippet:-1","max-image-preview":"max-image-preview:large","max-video-preview":"max-video-preview:-1"},"canonical":"https:\/\/ceref.helha.be\/sante\/","og_locale":"fr_FR","og_type":"article","og_title":"CeREF Sant\u00e9 - CeREF Sant\u00e9","og_description":"Pour la formation continu\u00e9e, vous devez savoir que nous proposons 2 formules :- la 1ere est d\u00e9clin\u00e9e dans un catalogue de pr\u00e8s de 40 modules de formations. Dans le secteur infirmier, ils concernent 4 th\u00e8mes : la communication - les soins pratiques cliniques et leurs enjeux juridiques, d\u00e9ontologiques et \u00e9thiques - la pr\u00e9vention des risques psycho-sociaux - et enfin la gestion des ressources humaines. Nous d\u00e9veloppons \u00e9galement des formations continues en mati\u00e8re de technologies de laboratoire en collaborant aux Midi de Fleurus.Et enfin, nous organisons des colloques en partenariat avec les formations dipl\u00f4mantes de la sant\u00e9 telles que l\u2019oncologie, l\u2019imagerie m\u00e9dicale, la g\u00e9riatrie, la sant\u00e9 mentale ou encore la section sage-femme. L\u2019ensemble de ces formations est accessible tant \u00e0 un public de professionnels en activit\u00e9 qu\u2019aux enseignants.- Concernant la seconde formule de formations continues du CeREF Sant\u00e9, il s\u2019agit de formations sur mesures. Elles r\u00e9pondent aux demandes sp\u00e9cifiques des institutions. Le CeREF Sant\u00e9 d\u00e9veloppe aussi un second type d\u2019activit\u00e9s : la recherche. \uf0d8 D\u2019une part, nous menons des recherches centr\u00e9es sur des probl\u00e9matiques soci\u00e9tales, environnementales et technologiques. \uf0d8 D\u2019autre part, nous soutenons la qualit\u00e9 scientifique des formations initiales propos\u00e9es par les D\u00e9partements Sant\u00e9 de la HELHa.","og_url":"https:\/\/ceref.helha.be\/sante\/","og_site_name":"CeREF Sant\u00e9","article_publisher":"https:\/\/www.facebook.com\/Ceref.helha","article_modified_time":"2025-01-22T13:29:02+00:00","twitter_card":"summary_large_image","twitter_misc":{"Est. reading time":"2 minutes"},"schema":{"@context":"https:\/\/schema.org","@graph":[{"@type":"WebPage","@id":"https:\/\/ceref.helha.be\/sante\/","url":"https:\/\/ceref.helha.be\/sante\/","name":"CeREF Sant\u00e9 - CeREF Sant\u00e9","isPartOf":{"@id":"https:\/\/ceref.helha.be\/sante\/#website"},"datePublished":"2019-12-17T09:08:58+00:00","dateModified":"2025-01-22T13:29:02+00:00","description":"Pour la formation continu\u00e9e, vous devez savoir que nous proposons 2 formules :- la 1ere est d\u00e9clin\u00e9e dans un catalogue de pr\u00e8s de 40 modules de formations. Dans le secteur infirmier, ils concernent 4 th\u00e8mes : la communication - les soins pratiques cliniques et leurs enjeux juridiques, d\u00e9ontologiques et \u00e9thiques - la pr\u00e9vention des risques psycho-sociaux - et enfin la gestion des ressources humaines. Nous d\u00e9veloppons \u00e9galement des formations continues en mati\u00e8re de technologies de laboratoire en collaborant aux Midi de Fleurus.Et enfin, nous organisons des colloques en partenariat avec les formations dipl\u00f4mantes de la sant\u00e9 telles que l\u2019oncologie, l\u2019imagerie m\u00e9dicale, la g\u00e9riatrie, la sant\u00e9 mentale ou encore la section sage-femme. L\u2019ensemble de ces formations est accessible tant \u00e0 un public de professionnels en activit\u00e9 qu\u2019aux enseignants.- Concernant la seconde formule de formations continues du CeREF Sant\u00e9, il s\u2019agit de formations sur mesures. Elles r\u00e9pondent aux demandes sp\u00e9cifiques des institutions. Le CeREF Sant\u00e9 d\u00e9veloppe aussi un second type d\u2019activit\u00e9s : la recherche. \uf0d8 D\u2019une part, nous menons des recherches centr\u00e9es sur des probl\u00e9matiques soci\u00e9tales, environnementales et technologiques. \uf0d8 D\u2019autre part, nous soutenons la qualit\u00e9 scientifique des formations initiales propos\u00e9es par les D\u00e9partements Sant\u00e9 de la HELHa.","breadcrumb":{"@id":"https:\/\/ceref.helha.be\/sante\/#breadcrumb"},"inLanguage":"fr-FR","potentialAction":[{"@type":"ReadAction","target":["https:\/\/ceref.helha.be\/sante\/"]}]},{"@type":"BreadcrumbList","@id":"https:\/\/ceref.helha.be\/sante\/#breadcrumb","itemListElement":[{"@type":"ListItem","position":1,"name":"Home","item":"https:\/\/ceref.helha.be\/sante\/"},{"@type":"ListItem","position":2,"name":"CeREF Sant\u00e9"}]},{"@type":"WebSite","@id":"https:\/\/ceref.helha.be\/sante\/#website","url":"https:\/\/ceref.helha.be\/sante\/","name":"CeREF Sant\u00e9 - Centre de Recherche et de Formation continue de la HELHa","description":"","publisher":{"@id":"https:\/\/ceref.helha.be\/sante\/#organization"},"potentialAction":[{"@type":"SearchAction","target":{"@type":"EntryPoint","urlTemplate":"https:\/\/ceref.helha.be\/sante\/?s={search_term_string}"},"query-input":"required name=search_term_string"}],"inLanguage":"fr-FR"},{"@type":"Organization","@id":"https:\/\/ceref.helha.be\/sante\/#organization","name":"CeREF Sant\u00e9 - Centre de Recherche et de Formation continue de la HELHa","url":"https:\/\/ceref.helha.be\/sante\/","logo":{"@type":"ImageObject","inLanguage":"fr-FR","@id":"https:\/\/ceref.helha.be\/sante\/#\/schema\/logo\/image\/","url":"https:\/\/ceref.helha.be\/sante\/app\/uploads\/2026\/01\/ceref-sante.jpg","contentUrl":"https:\/\/ceref.helha.be\/sante\/app\/uploads\/2026\/01\/ceref-sante.jpg","width":242,"height":84,"caption":"CeREF Sant\u00e9 - Centre de Recherche et de Formation continue de la HELHa"},"image":{"@id":"https:\/\/ceref.helha.be\/sante\/#\/schema\/logo\/image\/"},"sameAs":["https:\/\/www.facebook.com\/Ceref.helha","https:\/\/www.linkedin.com\/company\/ceref-helha\/"]}]}},"_links":{"self":[{"href":"https:\/\/ceref.helha.be\/sante\/wp-json\/wp\/v2\/pages\/82","targetHints":{"allow":["GET"]}}],"collection":[{"href":"https:\/\/ceref.helha.be\/sante\/wp-json\/wp\/v2\/pages"}],"about":[{"href":"https:\/\/ceref.helha.be\/sante\/wp-json\/wp\/v2\/types\/page"}],"author":[{"embeddable":true,"href":"https:\/\/ceref.helha.be\/sante\/wp-json\/wp\/v2\/users\/1"}],"replies":[{"embeddable":true,"href":"https:\/\/ceref.helha.be\/sante\/wp-json\/wp\/v2\/comments?post=82"}],"version-history":[{"count":38,"href":"https:\/\/ceref.helha.be\/sante\/wp-json\/wp\/v2\/pages\/82\/revisions"}],"predecessor-version":[{"id":1988,"href":"https:\/\/ceref.helha.be\/sante\/wp-json\/wp\/v2\/pages\/82\/revisions\/1988"}],"wp:attachment":[{"href":"https:\/\/ceref.helha.be\/sante\/wp-json\/wp\/v2\/media?parent=82"}],"curies":[{"name":"wp","href":"https:\/\/api.w.org\/{rel}","templated":true}]}}