{"id":2015,"date":"2025-11-03T13:28:47","date_gmt":"2025-11-03T13:28:47","guid":{"rendered":"https:\/\/ceref.helha.be\/sante\/?page_id=2015"},"modified":"2026-03-30T12:14:32","modified_gmt":"2026-03-30T12:14:32","slug":"cas-cliniques-kinesitherapie","status":"publish","type":"page","link":"https:\/\/ceref.helha.be\/sante\/presentation\/cas-cliniques-kinesitherapie\/","title":{"rendered":"Cas Cliniques Kin\u00e9sith\u00e9rapie"},"content":{"rendered":"<p>En plus des cas cliniques disponibles dans le livret de r\u00e8gles, nous vous proposons un assortiment de cas cliniques \u00e9labor\u00e9s par nos partenaires. En fonction des besoins p\u00e9dagogiques et des comp\u00e9tences que le formateur souhaite travailler, les cas sont propos\u00e9s soit sans aucune information compl\u00e9mentaire, soit avec un r\u00e9sum\u00e9 des points d\u2019attention, ou soit encore avec une suggestion de r\u00e9f\u00e9rences bibliographiques pertinentes en lien avec le cas consid\u00e9r\u00e9. Faites votre choix !<\/p>\n<ul>\n<li>Cas <a href=\"https:\/\/ceref.helha.be\/sante\/app\/uploads\/2026\/03\/Alexis.pdf\" target=\"_blank\" rel=\"noopener\">n\u00b01<\/a><\/li>\n<li>Cas <a href=\"https:\/\/ceref.helha.be\/sante\/app\/uploads\/2026\/03\/Claire.pdf\" target=\"_blank\" rel=\"noopener\">n\u00b02<\/a><\/li>\n<li>Cas <a href=\"https:\/\/ceref.helha.be\/sante\/app\/uploads\/2026\/03\/David.pdf\" target=\"_blank\" rel=\"noopener\">n\u00b03<\/a><\/li>\n<li>Cas <a href=\"https:\/\/ceref.helha.be\/sante\/app\/uploads\/2026\/03\/Mme_P.pdf\" target=\"_blank\" rel=\"noopener\">n\u00b04<\/a><\/li>\n<li>Cas <a href=\"https:\/\/ceref.helha.be\/sante\/app\/uploads\/2026\/03\/Mme_R.pdf\" target=\"_blank\" rel=\"noopener\">n\u00b05<\/a><\/li>\n<li>Cas <a href=\"https:\/\/ceref.helha.be\/sante\/app\/uploads\/2026\/03\/Mme_X.pdf\" target=\"_blank\" rel=\"noopener\">n\u00b06<\/a><\/li>\n<li>Cas <a href=\"https:\/\/ceref.helha.be\/sante\/app\/uploads\/2026\/03\/Mme_Y.pdf\" target=\"_blank\" rel=\"noopener\">n\u00b07<\/a><\/li>\n<li>Cas <a href=\"https:\/\/ceref.helha.be\/sante\/app\/uploads\/2026\/03\/Sophie.pdf\" target=\"_blank\" rel=\"noopener\">n\u00b08<\/a><\/li>\n<\/ul>\n","protected":false},"excerpt":{"rendered":"<p>En plus des cas cliniques disponibles dans le livret de r\u00e8gles, nous vous proposons un assortiment de cas cliniques \u00e9labor\u00e9s par nos partenaires. En fonction des besoins p\u00e9dagogiques et des comp\u00e9tences que le formateur souhaite travailler, les cas sont propos\u00e9s soit sans aucune information compl\u00e9mentaire, soit avec un r\u00e9sum\u00e9 des points d\u2019attention, ou soit encore [&hellip;]<\/p>\n","protected":false},"author":29,"featured_media":2014,"parent":82,"menu_order":0,"comment_status":"closed","ping_status":"closed","template":"","meta":{"_acf_changed":false,"footnotes":""},"class_list":["post-2015","page","type-page","status-publish","has-post-thumbnail","hentry"],"acf":[],"yoast_head":"<!-- This site is optimized with the Yoast SEO plugin v21.9.1 - https:\/\/yoast.com\/wordpress\/plugins\/seo\/ -->\n<title>Cas Cliniques Kin\u00e9sith\u00e9rapie - CeREF Sant\u00e9<\/title>\n<meta name=\"robots\" content=\"index, follow, max-snippet:-1, max-image-preview:large, max-video-preview:-1\" \/>\n<link rel=\"canonical\" href=\"https:\/\/ceref.helha.be\/sante\/presentation\/cas-cliniques-kinesitherapie\/\" \/>\n<meta property=\"og:locale\" content=\"fr_FR\" \/>\n<meta property=\"og:type\" content=\"article\" \/>\n<meta property=\"og:title\" content=\"Cas Cliniques Kin\u00e9sith\u00e9rapie - CeREF Sant\u00e9\" \/>\n<meta property=\"og:description\" content=\"En plus des cas cliniques disponibles dans le livret de r\u00e8gles, nous vous proposons un assortiment de cas cliniques \u00e9labor\u00e9s par nos partenaires. En fonction des besoins p\u00e9dagogiques et des comp\u00e9tences que le formateur souhaite travailler, les cas sont propos\u00e9s soit sans aucune information compl\u00e9mentaire, soit avec un r\u00e9sum\u00e9 des points d\u2019attention, ou soit encore [&hellip;]\" \/>\n<meta property=\"og:url\" content=\"https:\/\/ceref.helha.be\/sante\/presentation\/cas-cliniques-kinesitherapie\/\" \/>\n<meta property=\"og:site_name\" content=\"CeREF Sant\u00e9\" \/>\n<meta property=\"article:publisher\" content=\"https:\/\/www.facebook.com\/Ceref.helha\" \/>\n<meta property=\"article:modified_time\" content=\"2026-03-30T12:14:32+00:00\" \/>\n<meta property=\"og:image\" content=\"https:\/\/ceref.helha.be\/sante\/app\/uploads\/2025\/11\/2023-03-22_13_51_46-Poster_SCALENEo__002_.pdf___Mozilla_Firefox-removebg-preview.png\" \/>\n\t<meta property=\"og:image:width\" content=\"610\" \/>\n\t<meta property=\"og:image:height\" content=\"409\" \/>\n\t<meta property=\"og:image:type\" content=\"image\/png\" \/>\n<meta name=\"twitter:card\" content=\"summary_large_image\" \/>\n<meta name=\"twitter:label1\" content=\"Est. reading time\" \/>\n\t<meta name=\"twitter:data1\" content=\"1 minute\" \/>\n<script type=\"application\/ld+json\" class=\"yoast-schema-graph\">{\"@context\":\"https:\/\/schema.org\",\"@graph\":[{\"@type\":\"WebPage\",\"@id\":\"https:\/\/ceref.helha.be\/sante\/presentation\/cas-cliniques-kinesitherapie\/\",\"url\":\"https:\/\/ceref.helha.be\/sante\/presentation\/cas-cliniques-kinesitherapie\/\",\"name\":\"Cas Cliniques Kin\u00e9sith\u00e9rapie - CeREF Sant\u00e9\",\"isPartOf\":{\"@id\":\"https:\/\/ceref.helha.be\/sante\/#website\"},\"datePublished\":\"2025-11-03T13:28:47+00:00\",\"dateModified\":\"2026-03-30T12:14:32+00:00\",\"breadcrumb\":{\"@id\":\"https:\/\/ceref.helha.be\/sante\/presentation\/cas-cliniques-kinesitherapie\/#breadcrumb\"},\"inLanguage\":\"fr-FR\",\"potentialAction\":[{\"@type\":\"ReadAction\",\"target\":[\"https:\/\/ceref.helha.be\/sante\/presentation\/cas-cliniques-kinesitherapie\/\"]}]},{\"@type\":\"BreadcrumbList\",\"@id\":\"https:\/\/ceref.helha.be\/sante\/presentation\/cas-cliniques-kinesitherapie\/#breadcrumb\",\"itemListElement\":[{\"@type\":\"ListItem\",\"position\":1,\"name\":\"Home\",\"item\":\"https:\/\/ceref.helha.be\/sante\/\"},{\"@type\":\"ListItem\",\"position\":2,\"name\":\"CeREF Sant\u00e9\",\"item\":\"https:\/\/ceref.helha.be\/sante\/\"},{\"@type\":\"ListItem\",\"position\":3,\"name\":\"Cas Cliniques Kin\u00e9sith\u00e9rapie\"}]},{\"@type\":\"WebSite\",\"@id\":\"https:\/\/ceref.helha.be\/sante\/#website\",\"url\":\"https:\/\/ceref.helha.be\/sante\/\",\"name\":\"CeREF Sant\u00e9 - Centre de Recherche et de Formation continue de la HELHa\",\"description\":\"\",\"publisher\":{\"@id\":\"https:\/\/ceref.helha.be\/sante\/#organization\"},\"potentialAction\":[{\"@type\":\"SearchAction\",\"target\":{\"@type\":\"EntryPoint\",\"urlTemplate\":\"https:\/\/ceref.helha.be\/sante\/?s={search_term_string}\"},\"query-input\":\"required name=search_term_string\"}],\"inLanguage\":\"fr-FR\"},{\"@type\":\"Organization\",\"@id\":\"https:\/\/ceref.helha.be\/sante\/#organization\",\"name\":\"CeREF Sant\u00e9 - Centre de Recherche et de Formation continue de la HELHa\",\"url\":\"https:\/\/ceref.helha.be\/sante\/\",\"logo\":{\"@type\":\"ImageObject\",\"inLanguage\":\"fr-FR\",\"@id\":\"https:\/\/ceref.helha.be\/sante\/#\/schema\/logo\/image\/\",\"url\":\"https:\/\/ceref.helha.be\/sante\/app\/uploads\/2026\/01\/ceref-sante.jpg\",\"contentUrl\":\"https:\/\/ceref.helha.be\/sante\/app\/uploads\/2026\/01\/ceref-sante.jpg\",\"width\":242,\"height\":84,\"caption\":\"CeREF Sant\u00e9 - Centre de Recherche et de Formation continue de la HELHa\"},\"image\":{\"@id\":\"https:\/\/ceref.helha.be\/sante\/#\/schema\/logo\/image\/\"},\"sameAs\":[\"https:\/\/www.facebook.com\/Ceref.helha\",\"https:\/\/www.linkedin.com\/company\/ceref-helha\/\"]}]}<\/script>\n<!-- \/ Yoast SEO plugin. -->","yoast_head_json":{"title":"Cas Cliniques Kin\u00e9sith\u00e9rapie - CeREF Sant\u00e9","robots":{"index":"index","follow":"follow","max-snippet":"max-snippet:-1","max-image-preview":"max-image-preview:large","max-video-preview":"max-video-preview:-1"},"canonical":"https:\/\/ceref.helha.be\/sante\/presentation\/cas-cliniques-kinesitherapie\/","og_locale":"fr_FR","og_type":"article","og_title":"Cas Cliniques Kin\u00e9sith\u00e9rapie - CeREF Sant\u00e9","og_description":"En plus des cas cliniques disponibles dans le livret de r\u00e8gles, nous vous proposons un assortiment de cas cliniques \u00e9labor\u00e9s par nos partenaires. En fonction des besoins p\u00e9dagogiques et des comp\u00e9tences que le formateur souhaite travailler, les cas sont propos\u00e9s soit sans aucune information compl\u00e9mentaire, soit avec un r\u00e9sum\u00e9 des points d\u2019attention, ou soit encore [&hellip;]","og_url":"https:\/\/ceref.helha.be\/sante\/presentation\/cas-cliniques-kinesitherapie\/","og_site_name":"CeREF Sant\u00e9","article_publisher":"https:\/\/www.facebook.com\/Ceref.helha","article_modified_time":"2026-03-30T12:14:32+00:00","og_image":[{"width":610,"height":409,"url":"https:\/\/ceref.helha.be\/sante\/app\/uploads\/2025\/11\/2023-03-22_13_51_46-Poster_SCALENEo__002_.pdf___Mozilla_Firefox-removebg-preview.png","type":"image\/png"}],"twitter_card":"summary_large_image","twitter_misc":{"Est. reading time":"1 minute"},"schema":{"@context":"https:\/\/schema.org","@graph":[{"@type":"WebPage","@id":"https:\/\/ceref.helha.be\/sante\/presentation\/cas-cliniques-kinesitherapie\/","url":"https:\/\/ceref.helha.be\/sante\/presentation\/cas-cliniques-kinesitherapie\/","name":"Cas Cliniques Kin\u00e9sith\u00e9rapie - CeREF Sant\u00e9","isPartOf":{"@id":"https:\/\/ceref.helha.be\/sante\/#website"},"datePublished":"2025-11-03T13:28:47+00:00","dateModified":"2026-03-30T12:14:32+00:00","breadcrumb":{"@id":"https:\/\/ceref.helha.be\/sante\/presentation\/cas-cliniques-kinesitherapie\/#breadcrumb"},"inLanguage":"fr-FR","potentialAction":[{"@type":"ReadAction","target":["https:\/\/ceref.helha.be\/sante\/presentation\/cas-cliniques-kinesitherapie\/"]}]},{"@type":"BreadcrumbList","@id":"https:\/\/ceref.helha.be\/sante\/presentation\/cas-cliniques-kinesitherapie\/#breadcrumb","itemListElement":[{"@type":"ListItem","position":1,"name":"Home","item":"https:\/\/ceref.helha.be\/sante\/"},{"@type":"ListItem","position":2,"name":"CeREF Sant\u00e9","item":"https:\/\/ceref.helha.be\/sante\/"},{"@type":"ListItem","position":3,"name":"Cas Cliniques Kin\u00e9sith\u00e9rapie"}]},{"@type":"WebSite","@id":"https:\/\/ceref.helha.be\/sante\/#website","url":"https:\/\/ceref.helha.be\/sante\/","name":"CeREF Sant\u00e9 - Centre de Recherche et de Formation continue de la HELHa","description":"","publisher":{"@id":"https:\/\/ceref.helha.be\/sante\/#organization"},"potentialAction":[{"@type":"SearchAction","target":{"@type":"EntryPoint","urlTemplate":"https:\/\/ceref.helha.be\/sante\/?s={search_term_string}"},"query-input":"required name=search_term_string"}],"inLanguage":"fr-FR"},{"@type":"Organization","@id":"https:\/\/ceref.helha.be\/sante\/#organization","name":"CeREF Sant\u00e9 - Centre de Recherche et de Formation continue de la HELHa","url":"https:\/\/ceref.helha.be\/sante\/","logo":{"@type":"ImageObject","inLanguage":"fr-FR","@id":"https:\/\/ceref.helha.be\/sante\/#\/schema\/logo\/image\/","url":"https:\/\/ceref.helha.be\/sante\/app\/uploads\/2026\/01\/ceref-sante.jpg","contentUrl":"https:\/\/ceref.helha.be\/sante\/app\/uploads\/2026\/01\/ceref-sante.jpg","width":242,"height":84,"caption":"CeREF Sant\u00e9 - Centre de Recherche et de Formation continue de la HELHa"},"image":{"@id":"https:\/\/ceref.helha.be\/sante\/#\/schema\/logo\/image\/"},"sameAs":["https:\/\/www.facebook.com\/Ceref.helha","https:\/\/www.linkedin.com\/company\/ceref-helha\/"]}]}},"_links":{"self":[{"href":"https:\/\/ceref.helha.be\/sante\/wp-json\/wp\/v2\/pages\/2015","targetHints":{"allow":["GET"]}}],"collection":[{"href":"https:\/\/ceref.helha.be\/sante\/wp-json\/wp\/v2\/pages"}],"about":[{"href":"https:\/\/ceref.helha.be\/sante\/wp-json\/wp\/v2\/types\/page"}],"author":[{"embeddable":true,"href":"https:\/\/ceref.helha.be\/sante\/wp-json\/wp\/v2\/users\/29"}],"replies":[{"embeddable":true,"href":"https:\/\/ceref.helha.be\/sante\/wp-json\/wp\/v2\/comments?post=2015"}],"version-history":[{"count":5,"href":"https:\/\/ceref.helha.be\/sante\/wp-json\/wp\/v2\/pages\/2015\/revisions"}],"predecessor-version":[{"id":2058,"href":"https:\/\/ceref.helha.be\/sante\/wp-json\/wp\/v2\/pages\/2015\/revisions\/2058"}],"up":[{"embeddable":true,"href":"https:\/\/ceref.helha.be\/sante\/wp-json\/wp\/v2\/pages\/82"}],"wp:featuredmedia":[{"embeddable":true,"href":"https:\/\/ceref.helha.be\/sante\/wp-json\/wp\/v2\/media\/2014"}],"wp:attachment":[{"href":"https:\/\/ceref.helha.be\/sante\/wp-json\/wp\/v2\/media?parent=2015"}],"curies":[{"name":"wp","href":"https:\/\/api.w.org\/{rel}","templated":true}]}}