{"id":248,"date":"2019-12-18T10:18:41","date_gmt":"2019-12-18T09:18:41","guid":{"rendered":"https:\/\/ceref-test.helha.be\/pedagogique\/?page_id=248"},"modified":"2026-05-12T08:44:47","modified_gmt":"2026-05-12T08:44:47","slug":"contact","status":"publish","type":"page","link":"https:\/\/ceref.helha.be\/education\/contact\/","title":{"rendered":"Contact"},"content":{"rendered":"<section class=\"row\">\n<h2 class=\"text-he-current\">Adresse<\/h2>\n<div class=\"col-12 col-lg-4\">\n<div class=\"card\">\n<div><img loading=\"lazy\" decoding=\"async\" class=\"card-img-top\" src=\"\/technique\/app\/uploads\/2024\/12\/helha-implantation-mons.jpg\" alt=\"HELHa implantation Mons\" width=\"300\" height=\"200\" \/><\/div>\n<div class=\"card-body d-flex align-items-center\">\n<p><i class=\"bi bi-geo-alt fs-1 text-he-current me-3\"><\/i><\/p>\n<address><strong class=\"text-he-current\">CeREF \u00c9ducation<\/strong><br \/>\n159 Chauss\u00e9e de Binche<br \/>\n7000 Mons<br \/>\n<a href=\"mailto:ceref-education@helha.be\">ceref-education@helha.be<\/a><\/address>\n<\/div>\n<\/div>\n<\/div>\n<div class=\"col-12 col-lg-8 mt-3 mt-lg-0\"><iframe loading=\"lazy\" style=\"border: 1px solid black;\" src=\"https:\/\/www.openstreetmap.org\/export\/embed.html?bbox=3.975366353988648%2C50.44888312214867%2C3.9931976795196538%2C50.45481955095681&amp;layer=mapnik&amp;marker=50.451848013994514%2C3.9856231212615967\" width=\"800\" height=\"400\" frameborder=\"0\" marginwidth=\"0\" marginheight=\"0\" scrolling=\"no\"><\/iframe><br \/>\n<a href=\"https:\/\/www.openstreetmap.org\/?mlat=50.45185&amp;mlon=3.98562#map=17\/50.451850\/3.985620\">Afficher une carte plus grande<\/a><\/div>\n<\/section>\n<section class=\"mt-5\">\n<h2>Personne de contact<\/h2>\n<ul class=\"row list-unstyled\">\n<li class=\"col-12 col-sm-6 col-lg-4\">\n<article class=\"card card-link\">\n<div class=\"card-body text-center\">\n<h3 class=\"mb-2\">Chlo\u00e9 Malet<\/h3>\n<p class=\"mb-0\"><a class=\"stretched-link\" href=\"mailto:maletc@helha.be\"><small>maletc@helha.be<\/small><\/a><\/p>\n<\/div>\n<\/article>\n<\/li>\n<\/ul>\n<\/section>\n<section class=\"mt-5\">\n<h2 class=\"text-he-current\">Acc\u00e8s<\/h2>\n<ul class=\"row list-unstyled\">\n<li class=\"col-12 col-md-7\">\n<div class=\"card\">\n<div class=\"card-body\">\n<div class=\"text-center\"><i class=\"bi bi-car-front-fill fs-1 text-he-current\"><wbr \/><\/i><\/div>\n<h3 class=\"text-he-current text-center\">En voiture<\/h3>\n<p>Coordonn\u00e9es GPS : Latitude : 50.451516, Longitude : 3.982241<\/p>\n<h3>Via l\u2019autoroute de Wallonie (E19\/E42)<\/h3>\n<p class=\"lead mb-0\">En venant de Tournai : sortie 24 Mons<\/p>\n<ul class=\"mb-3\">\n<li>Prendre le ring urbain,<\/li>\n<li>Le quitter \u00e0 droite \u00e0 la hauteur de la sortie Beaumont\/Binche (place des Flandres),<\/li>\n<li>Prendre la direction de Binche,<\/li>\n<li>Apr\u00e8s le carrefour (feux tricolores) de Beaumont, tourner \u00e0 gauche \u00e0 +\/- 300m pour rentrer sur le campus UCL Mons-HELHa.<\/li>\n<\/ul>\n<p class=\"lead mb-0\">En venant de Bruxelles : sortie Mons Est<\/p>\n<ul>\n<li>Tourner \u00e0 droite, traverser le bois d\u2019Havr\u00e9,<\/li>\n<li>+\/- 3,5 Km apr\u00e8s la sortie de l\u2019autoroute, tourner \u00e0 gauche et prendre le chemin des mourdreux,<\/li>\n<li>Aux feux tricolores prendre \u00e0 gauche vers Binche, \u00e0 +\/- 300m, tourner \u00e0 gauche pour rentrer sur le campus UCL Mons-HELHa.<\/li>\n<\/ul>\n<\/div>\n<\/div>\n<\/li>\n<li class=\"col-12 col-md-5 mt-3 mt-md-0\">\n<div class=\"card\">\n<div class=\"card-body\">\n<div class=\"text-center\"><i class=\"bi bi-train-front-fill fs-1 text-he-current\"><wbr \/><\/i><\/div>\n<h3 class=\"text-he-current text-center\">En train<\/h3>\n<p class=\"mb-0\">Visitez le site de la <a href=\"https:\/\/www.belgiantrain.be\/fr\/\">SNCB<\/a>. La gare la plus proche \u00e9tant celle de Mons.<\/p>\n<\/div>\n<\/div>\n<div class=\"card mt-3\">\n<div class=\"card-body\">\n<div class=\"text-center\"><i class=\"bi bi-bus-front-fill fs-1 text-he-current\"><wbr \/><\/i><\/div>\n<h3 class=\"text-he-current text-center\">En bus<\/h3>\n<p>Le <a href=\"https:\/\/www.letec.be\/\">TEC<\/a> a mis en service des navettes sp\u00e9ciales pour rejoindre le campus au d\u00e9part de la gare de Mons.<\/p>\n<p class=\"mb-0\">Des bus assurent une liaison r\u00e9guli\u00e8re entre le campus, le centre ville et la gare. Quatre lignes principales desservent le campus :<\/p>\n<ul>\n<li>La ligne 22 (Mons-Binche)<\/li>\n<li>La ligne U<\/li>\n<li>La ligne 18 (Mons-St-Denis)<\/li>\n<li>La ligne 82 (Mons-Trazegnies)<\/li>\n<\/ul>\n<p class=\"mb-0\">Les lignes 34 et 134 vous conduisent directement \u00e0 la gare de Mons. Les bus A, B, C circulent gratuitement dans le centre de Mons.<\/p>\n<\/div>\n<\/div>\n<\/li>\n<\/ul>\n<\/section>\n","protected":false},"excerpt":{"rendered":"<p>Adresse CeREF \u00c9ducation 159 Chauss\u00e9e de Binche 7000 Mons ceref-education@helha.be Afficher une carte plus grande Personne de contact Chlo\u00e9 Malet maletc@helha.be Acc\u00e8s En voiture Coordonn\u00e9es GPS : Latitude : 50.451516, Longitude : 3.982241 Via l\u2019autoroute de Wallonie (E19\/E42) En venant de Tournai : sortie 24 Mons Prendre le ring urbain, Le quitter \u00e0 droite \u00e0 [&hellip;]<\/p>\n","protected":false},"author":1,"featured_media":0,"parent":0,"menu_order":0,"comment_status":"closed","ping_status":"closed","template":"","meta":{"_acf_changed":false,"footnotes":""},"class_list":["post-248","page","type-page","status-publish","hentry"],"acf":[],"yoast_head":"<!-- This site is optimized with the Yoast SEO plugin v21.9.1 - https:\/\/yoast.com\/wordpress\/plugins\/seo\/ -->\n<title>Contact - CeREF \u00c9ducation<\/title>\n<meta name=\"robots\" content=\"index, follow, max-snippet:-1, max-image-preview:large, max-video-preview:-1\" \/>\n<link rel=\"canonical\" href=\"https:\/\/ceref.helha.be\/education\/contact\/\" \/>\n<meta property=\"og:locale\" content=\"fr_FR\" \/>\n<meta property=\"og:type\" content=\"article\" \/>\n<meta property=\"og:title\" content=\"Contact - CeREF \u00c9ducation\" \/>\n<meta property=\"og:description\" content=\"Adresse CeREF \u00c9ducation 159 Chauss\u00e9e de Binche 7000 Mons ceref-education@helha.be Afficher une carte plus grande Personne de contact Chlo\u00e9 Malet maletc@helha.be Acc\u00e8s En voiture Coordonn\u00e9es GPS : Latitude : 50.451516, Longitude : 3.982241 Via l\u2019autoroute de Wallonie (E19\/E42) En venant de Tournai : sortie 24 Mons Prendre le ring urbain, Le quitter \u00e0 droite \u00e0 [&hellip;]\" \/>\n<meta property=\"og:url\" content=\"https:\/\/ceref.helha.be\/education\/contact\/\" \/>\n<meta property=\"og:site_name\" content=\"CeREF \u00c9ducation\" \/>\n<meta property=\"article:publisher\" content=\"https:\/\/www.facebook.com\/Ceref.helha\" \/>\n<meta property=\"article:modified_time\" content=\"2026-05-12T08:44:47+00:00\" \/>\n<meta name=\"twitter:card\" content=\"summary_large_image\" \/>\n<meta name=\"twitter:label1\" content=\"Est. reading time\" \/>\n\t<meta name=\"twitter:data1\" content=\"1 minute\" \/>\n<script type=\"application\/ld+json\" class=\"yoast-schema-graph\">{\"@context\":\"https:\/\/schema.org\",\"@graph\":[{\"@type\":\"WebPage\",\"@id\":\"https:\/\/ceref.helha.be\/education\/contact\/\",\"url\":\"https:\/\/ceref.helha.be\/education\/contact\/\",\"name\":\"Contact - CeREF \u00c9ducation\",\"isPartOf\":{\"@id\":\"https:\/\/ceref.helha.be\/education\/#website\"},\"datePublished\":\"2019-12-18T09:18:41+00:00\",\"dateModified\":\"2026-05-12T08:44:47+00:00\",\"breadcrumb\":{\"@id\":\"https:\/\/ceref.helha.be\/education\/contact\/#breadcrumb\"},\"inLanguage\":\"fr-FR\",\"potentialAction\":[{\"@type\":\"ReadAction\",\"target\":[\"https:\/\/ceref.helha.be\/education\/contact\/\"]}]},{\"@type\":\"BreadcrumbList\",\"@id\":\"https:\/\/ceref.helha.be\/education\/contact\/#breadcrumb\",\"itemListElement\":[{\"@type\":\"ListItem\",\"position\":1,\"name\":\"Home\",\"item\":\"https:\/\/ceref.helha.be\/education\/\"},{\"@type\":\"ListItem\",\"position\":2,\"name\":\"Contact\"}]},{\"@type\":\"WebSite\",\"@id\":\"https:\/\/ceref.helha.be\/education\/#website\",\"url\":\"https:\/\/ceref.helha.be\/education\/\",\"name\":\"CeREF \u00c9ducation - Centre de Recherche et de Formation continue de la HELHa\",\"description\":\"\",\"publisher\":{\"@id\":\"https:\/\/ceref.helha.be\/education\/#organization\"},\"potentialAction\":[{\"@type\":\"SearchAction\",\"target\":{\"@type\":\"EntryPoint\",\"urlTemplate\":\"https:\/\/ceref.helha.be\/education\/?s={search_term_string}\"},\"query-input\":\"required name=search_term_string\"}],\"inLanguage\":\"fr-FR\"},{\"@type\":\"Organization\",\"@id\":\"https:\/\/ceref.helha.be\/education\/#organization\",\"name\":\"CeREF \u00c9ducation - Centre de Recherche et de Formation continue de la HELHa\",\"url\":\"https:\/\/ceref.helha.be\/education\/\",\"logo\":{\"@type\":\"ImageObject\",\"inLanguage\":\"fr-FR\",\"@id\":\"https:\/\/ceref.helha.be\/education\/#\/schema\/logo\/image\/\",\"url\":\"https:\/\/ceref.helha.be\/education\/app\/uploads\/2026\/01\/ceref-education.jpg\",\"contentUrl\":\"https:\/\/ceref.helha.be\/education\/app\/uploads\/2026\/01\/ceref-education.jpg\",\"width\":242,\"height\":84,\"caption\":\"CeREF \u00c9ducation - Centre de Recherche et de Formation continue de la HELHa\"},\"image\":{\"@id\":\"https:\/\/ceref.helha.be\/education\/#\/schema\/logo\/image\/\"},\"sameAs\":[\"https:\/\/www.facebook.com\/Ceref.helha\",\"https:\/\/www.linkedin.com\/company\/ceref-helha\/\"]}]}<\/script>\n<!-- \/ Yoast SEO plugin. -->","yoast_head_json":{"title":"Contact - CeREF \u00c9ducation","robots":{"index":"index","follow":"follow","max-snippet":"max-snippet:-1","max-image-preview":"max-image-preview:large","max-video-preview":"max-video-preview:-1"},"canonical":"https:\/\/ceref.helha.be\/education\/contact\/","og_locale":"fr_FR","og_type":"article","og_title":"Contact - CeREF \u00c9ducation","og_description":"Adresse CeREF \u00c9ducation 159 Chauss\u00e9e de Binche 7000 Mons ceref-education@helha.be Afficher une carte plus grande Personne de contact Chlo\u00e9 Malet maletc@helha.be Acc\u00e8s En voiture Coordonn\u00e9es GPS : Latitude : 50.451516, Longitude : 3.982241 Via l\u2019autoroute de Wallonie (E19\/E42) En venant de Tournai : sortie 24 Mons Prendre le ring urbain, Le quitter \u00e0 droite \u00e0 [&hellip;]","og_url":"https:\/\/ceref.helha.be\/education\/contact\/","og_site_name":"CeREF \u00c9ducation","article_publisher":"https:\/\/www.facebook.com\/Ceref.helha","article_modified_time":"2026-05-12T08:44:47+00:00","twitter_card":"summary_large_image","twitter_misc":{"Est. reading time":"1 minute"},"schema":{"@context":"https:\/\/schema.org","@graph":[{"@type":"WebPage","@id":"https:\/\/ceref.helha.be\/education\/contact\/","url":"https:\/\/ceref.helha.be\/education\/contact\/","name":"Contact - CeREF \u00c9ducation","isPartOf":{"@id":"https:\/\/ceref.helha.be\/education\/#website"},"datePublished":"2019-12-18T09:18:41+00:00","dateModified":"2026-05-12T08:44:47+00:00","breadcrumb":{"@id":"https:\/\/ceref.helha.be\/education\/contact\/#breadcrumb"},"inLanguage":"fr-FR","potentialAction":[{"@type":"ReadAction","target":["https:\/\/ceref.helha.be\/education\/contact\/"]}]},{"@type":"BreadcrumbList","@id":"https:\/\/ceref.helha.be\/education\/contact\/#breadcrumb","itemListElement":[{"@type":"ListItem","position":1,"name":"Home","item":"https:\/\/ceref.helha.be\/education\/"},{"@type":"ListItem","position":2,"name":"Contact"}]},{"@type":"WebSite","@id":"https:\/\/ceref.helha.be\/education\/#website","url":"https:\/\/ceref.helha.be\/education\/","name":"CeREF \u00c9ducation - Centre de Recherche et de Formation continue de la HELHa","description":"","publisher":{"@id":"https:\/\/ceref.helha.be\/education\/#organization"},"potentialAction":[{"@type":"SearchAction","target":{"@type":"EntryPoint","urlTemplate":"https:\/\/ceref.helha.be\/education\/?s={search_term_string}"},"query-input":"required name=search_term_string"}],"inLanguage":"fr-FR"},{"@type":"Organization","@id":"https:\/\/ceref.helha.be\/education\/#organization","name":"CeREF \u00c9ducation - Centre de Recherche et de Formation continue de la HELHa","url":"https:\/\/ceref.helha.be\/education\/","logo":{"@type":"ImageObject","inLanguage":"fr-FR","@id":"https:\/\/ceref.helha.be\/education\/#\/schema\/logo\/image\/","url":"https:\/\/ceref.helha.be\/education\/app\/uploads\/2026\/01\/ceref-education.jpg","contentUrl":"https:\/\/ceref.helha.be\/education\/app\/uploads\/2026\/01\/ceref-education.jpg","width":242,"height":84,"caption":"CeREF \u00c9ducation - Centre de Recherche et de Formation continue de la HELHa"},"image":{"@id":"https:\/\/ceref.helha.be\/education\/#\/schema\/logo\/image\/"},"sameAs":["https:\/\/www.facebook.com\/Ceref.helha","https:\/\/www.linkedin.com\/company\/ceref-helha\/"]}]}},"_links":{"self":[{"href":"https:\/\/ceref.helha.be\/education\/wp-json\/wp\/v2\/pages\/248","targetHints":{"allow":["GET"]}}],"collection":[{"href":"https:\/\/ceref.helha.be\/education\/wp-json\/wp\/v2\/pages"}],"about":[{"href":"https:\/\/ceref.helha.be\/education\/wp-json\/wp\/v2\/types\/page"}],"author":[{"embeddable":true,"href":"https:\/\/ceref.helha.be\/education\/wp-json\/wp\/v2\/users\/1"}],"replies":[{"embeddable":true,"href":"https:\/\/ceref.helha.be\/education\/wp-json\/wp\/v2\/comments?post=248"}],"version-history":[{"count":28,"href":"https:\/\/ceref.helha.be\/education\/wp-json\/wp\/v2\/pages\/248\/revisions"}],"predecessor-version":[{"id":2169,"href":"https:\/\/ceref.helha.be\/education\/wp-json\/wp\/v2\/pages\/248\/revisions\/2169"}],"wp:attachment":[{"href":"https:\/\/ceref.helha.be\/education\/wp-json\/wp\/v2\/media?parent=248"}],"curies":[{"name":"wp","href":"https:\/\/api.w.org\/{rel}","templated":true}]}}