{"id":237,"date":"2019-12-17T15:05:37","date_gmt":"2019-12-17T14:05:37","guid":{"rendered":"https:\/\/ceref-test.helha.be\/pedagogique\/?page_id=237"},"modified":"2026-03-02T14:18:59","modified_gmt":"2026-03-02T14:18:59","slug":"formations","status":"publish","type":"page","link":"https:\/\/ceref.helha.be\/education\/formations\/","title":{"rendered":"Formations pour les \u00e9ducateur\u00b7trice\u00b7s sp\u00e9cialis\u00e9\u00b7e\u00b7s"},"content":{"rendered":"<p>Le CeREF \u00c9ducation propose un catalogue de formations continues con\u00e7u pour accompagner le d\u00e9veloppement professionnel des \u00e9ducateur\u00b7trice\u00b7s sp\u00e9cialis\u00e9\u00b7e\u00b7s.<\/p>\n<hr \/>\n<h3><span style=\"color: #eb8125;\"><strong>Formations \u00e0 venir (Gosselies)<\/strong><\/span><\/h3>\n<div id=\"attachment_2024\" style=\"width: 621px\" class=\"wp-caption alignnone\"><img loading=\"lazy\" decoding=\"async\" aria-describedby=\"caption-attachment-2024\" class=\"wp-image-2024\" src=\"https:\/\/ceref.helha.be\/education\/app\/uploads\/2026\/02\/collage-dessin-redimensionne-300x158.jpg\" alt=\"Dessins \u00e9ducateurs sp\u00e9cialis\u00e9s\" width=\"611\" height=\"322\" srcset=\"https:\/\/ceref.helha.be\/education\/app\/uploads\/2026\/02\/collage-dessin-redimensionne-300x158.jpg 300w, https:\/\/ceref.helha.be\/education\/app\/uploads\/2026\/02\/collage-dessin-redimensionne.jpg 750w\" sizes=\"auto, (max-width: 611px) 100vw, 611px\" \/><p id=\"caption-attachment-2024\" class=\"wp-caption-text\"><em><span style=\"font-size: 10pt;\">R\u00e9alisations issues du cours de Techniques Artistiques Plastiques BAC1 et BAC2 Educateur\u00b7trice\u00b7s Sp\u00e9cialis\u00e9\u00b7e\u00b7s en Accompagnement Psycho-\u00e9ducatif<\/span><\/em><\/p><\/div>\n<ul>\n<li><a href=\"https:\/\/ceref.helha.be\/catalogue-de-formations-du-ceref-education\/fonction-maitre-de-stage\/\"> <strong>\u00catre ma\u00eetre de stage : bonnes pratiques et enjeux<\/strong><\/a> &#8211; Jeudi 19 mars 2026, de 9h \u00e0 16h<\/li>\n<li><a href=\"https:\/\/ceref.helha.be\/catalogue-de-formations-du-ceref-education\/violence-conjugale\/\" target=\"_blank\" rel=\"noopener\"><strong>Les enfants face \u00e0 la violence conjugale<\/strong><\/a> &#8211; Lundi 8 et mardi 9 juin 2026<\/li>\n<\/ul>\n<hr \/>\n<h3><span style=\"color: #eb8125;\"><strong>Anciennes formations\u00a0<\/strong><\/span><\/h3>\n<ul>\n<li><a href=\"https:\/\/ceref.helha.be\/catalogue-de-formations-du-ceref-education\/vie-relationnelle-affective-et-sexuelle-pour-toutes-et-tous\/\" rel=\"noopener\"><strong>Vie relationnelle, affective et sexuelle pour toutes et tous (VRAS)<\/strong><\/a><\/li>\n<li><a href=\"https:\/\/ceref.helha.be\/catalogue-de-formations-du-ceref-education\/accrochage-scolaire\/\" rel=\"noopener\"><strong>L&rsquo;accrochage scolaire<\/strong><\/a><\/li>\n<li><strong><a href=\"https:\/\/ceref.helha.be\/catalogue-de-formations-du-ceref-education\/le-conseil-des-usagers\/\" target=\"_blank\" rel=\"noopener\">Le conseil des usagers<\/a><\/strong><\/li>\n<li><strong><a href=\"https:\/\/ceref.helha.be\/catalogue-de-formations-du-ceref-education\/peps-suivi-des-objectifs\/\" target=\"_blank\" rel=\"noopener\">PEPS : suivi des objectifs<\/a><\/strong><\/li>\n<li><strong><a href=\"https:\/\/ceref.helha.be\/catalogue-de-formations-du-ceref-education\/moi-et-mon-equipe-cest-comme\/\" target=\"_blank\" rel=\"noopener\">L\u2019enn\u00e9agramme : un outil efficace pour mieux se conna\u00eetre et fonctionner en \u00e9quipe<\/a><\/strong><\/li>\n<li><strong><a href=\"https:\/\/ceref.helha.be\/catalogue-de-formations-du-ceref-education\/laccueil-en-institutions\/\" target=\"_blank\" rel=\"noopener\">L&rsquo;accueil en institutions<\/a><\/strong><\/li>\n<\/ul>\n<hr \/>\n<p><strong>Vous souhaitez plus d\u2019informations sur notre catalogue de formations ?<\/strong>\u00a0Contactez-nous : <a href=\"mailto:kegelsm@helha.be\"><span data-olk-copy-source=\"MessageBody\">kegelsm@helha.be<\/span><\/a><span data-olk-copy-source=\"MessageBody\"> et <a href=\"mailto:mulliern@helha.be\">mulliern@helha.be<\/a><\/span><\/p>\n<p><strong>Vous souhaitez proposer une formation ?<\/strong>\u00a0Nous sommes constamment \u00e0 la recherche de formateurs volontaires qui souhaitent partager leur savoir.<\/p>\n<p>Ce catalogue continuera \u00e0 \u00e9voluer en fonction de vos attentes. N\u2019h\u00e9sitez donc pas \u00e0 nous faire part de vos besoins et suggestions :\u00a0<a href=\"mailto:ceref@helha.be\" target=\"_blank\" rel=\"noopener\">ceref-education@helha.be.<\/a><\/p>\n","protected":false},"excerpt":{"rendered":"<p>Le CeREF \u00c9ducation propose un catalogue de formations continues con\u00e7u pour accompagner le d\u00e9veloppement professionnel des \u00e9ducateur\u00b7trice\u00b7s sp\u00e9cialis\u00e9\u00b7e\u00b7s. Formations \u00e0 venir (Gosselies) \u00catre ma\u00eetre de stage : bonnes pratiques et enjeux &#8211; Jeudi 19 mars 2026, de 9h \u00e0 16h Les enfants face \u00e0 la violence conjugale &#8211; Lundi 8 et mardi 9 juin 2026 [&hellip;]<\/p>\n","protected":false},"author":1,"featured_media":0,"parent":0,"menu_order":0,"comment_status":"closed","ping_status":"closed","template":"","meta":{"_acf_changed":false,"footnotes":""},"class_list":["post-237","page","type-page","status-publish","hentry"],"acf":[],"yoast_head":"<!-- This site is optimized with the Yoast SEO plugin v21.9.1 - https:\/\/yoast.com\/wordpress\/plugins\/seo\/ -->\n<title>Formations continues du CeREF Education<\/title>\n<meta name=\"description\" content=\"Le CeREF Education propose pour le compte de clients institutionnels (IFC, CECAFOC, FOCEF \u2026) des formations dans ses domaines d\u2019expertises \u00e0 l\u2019intention des professionnels, principalement, de l\u2019enseignement obligatoire.\" \/>\n<meta name=\"robots\" content=\"index, follow, max-snippet:-1, max-image-preview:large, max-video-preview:-1\" \/>\n<link rel=\"canonical\" href=\"https:\/\/ceref.helha.be\/education\/formations\/\" \/>\n<meta property=\"og:locale\" content=\"fr_FR\" \/>\n<meta property=\"og:type\" content=\"article\" \/>\n<meta property=\"og:title\" content=\"Formations continues du CeREF Education\" \/>\n<meta property=\"og:description\" content=\"Le CeREF Education propose pour le compte de clients institutionnels (IFC, CECAFOC, FOCEF \u2026) des formations dans ses domaines d\u2019expertises \u00e0 l\u2019intention des professionnels, principalement, de l\u2019enseignement obligatoire.\" \/>\n<meta property=\"og:url\" content=\"https:\/\/ceref.helha.be\/education\/formations\/\" \/>\n<meta property=\"og:site_name\" content=\"CeREF \u00c9ducation\" \/>\n<meta property=\"article:publisher\" content=\"https:\/\/www.facebook.com\/Ceref.helha\" \/>\n<meta property=\"article:modified_time\" content=\"2026-03-02T14:18:59+00:00\" \/>\n<meta property=\"og:image\" content=\"https:\/\/ceref.helha.be\/education\/app\/uploads\/2026\/02\/collage-dessin-redimensionne-300x158.jpg\" \/>\n<meta name=\"twitter:card\" content=\"summary_large_image\" \/>\n<meta name=\"twitter:label1\" content=\"Est. reading time\" \/>\n\t<meta name=\"twitter:data1\" content=\"2 minutes\" \/>\n<script type=\"application\/ld+json\" class=\"yoast-schema-graph\">{\"@context\":\"https:\/\/schema.org\",\"@graph\":[{\"@type\":\"WebPage\",\"@id\":\"https:\/\/ceref.helha.be\/education\/formations\/\",\"url\":\"https:\/\/ceref.helha.be\/education\/formations\/\",\"name\":\"Formations continues du CeREF Education\",\"isPartOf\":{\"@id\":\"https:\/\/ceref.helha.be\/education\/#website\"},\"datePublished\":\"2019-12-17T14:05:37+00:00\",\"dateModified\":\"2026-03-02T14:18:59+00:00\",\"description\":\"Le CeREF Education propose pour le compte de clients institutionnels (IFC, CECAFOC, FOCEF \u2026) des formations dans ses domaines d\u2019expertises \u00e0 l\u2019intention des professionnels, principalement, de l\u2019enseignement obligatoire.\",\"breadcrumb\":{\"@id\":\"https:\/\/ceref.helha.be\/education\/formations\/#breadcrumb\"},\"inLanguage\":\"fr-FR\",\"potentialAction\":[{\"@type\":\"ReadAction\",\"target\":[\"https:\/\/ceref.helha.be\/education\/formations\/\"]}]},{\"@type\":\"BreadcrumbList\",\"@id\":\"https:\/\/ceref.helha.be\/education\/formations\/#breadcrumb\",\"itemListElement\":[{\"@type\":\"ListItem\",\"position\":1,\"name\":\"Home\",\"item\":\"https:\/\/ceref.helha.be\/education\/\"},{\"@type\":\"ListItem\",\"position\":2,\"name\":\"Formations pour les \u00e9ducateur\u00b7trice\u00b7s sp\u00e9cialis\u00e9\u00b7e\u00b7s\"}]},{\"@type\":\"WebSite\",\"@id\":\"https:\/\/ceref.helha.be\/education\/#website\",\"url\":\"https:\/\/ceref.helha.be\/education\/\",\"name\":\"CeREF \u00c9ducation - Centre de Recherche et de Formation continue de la HELHa\",\"description\":\"\",\"publisher\":{\"@id\":\"https:\/\/ceref.helha.be\/education\/#organization\"},\"potentialAction\":[{\"@type\":\"SearchAction\",\"target\":{\"@type\":\"EntryPoint\",\"urlTemplate\":\"https:\/\/ceref.helha.be\/education\/?s={search_term_string}\"},\"query-input\":\"required name=search_term_string\"}],\"inLanguage\":\"fr-FR\"},{\"@type\":\"Organization\",\"@id\":\"https:\/\/ceref.helha.be\/education\/#organization\",\"name\":\"CeREF \u00c9ducation - Centre de Recherche et de Formation continue de la HELHa\",\"url\":\"https:\/\/ceref.helha.be\/education\/\",\"logo\":{\"@type\":\"ImageObject\",\"inLanguage\":\"fr-FR\",\"@id\":\"https:\/\/ceref.helha.be\/education\/#\/schema\/logo\/image\/\",\"url\":\"https:\/\/ceref.helha.be\/education\/app\/uploads\/2026\/01\/ceref-education.jpg\",\"contentUrl\":\"https:\/\/ceref.helha.be\/education\/app\/uploads\/2026\/01\/ceref-education.jpg\",\"width\":242,\"height\":84,\"caption\":\"CeREF \u00c9ducation - Centre de Recherche et de Formation continue de la HELHa\"},\"image\":{\"@id\":\"https:\/\/ceref.helha.be\/education\/#\/schema\/logo\/image\/\"},\"sameAs\":[\"https:\/\/www.facebook.com\/Ceref.helha\",\"https:\/\/www.linkedin.com\/company\/ceref-helha\/\"]}]}<\/script>\n<!-- \/ Yoast SEO plugin. -->","yoast_head_json":{"title":"Formations continues du CeREF Education","description":"Le CeREF Education propose pour le compte de clients institutionnels (IFC, CECAFOC, FOCEF \u2026) des formations dans ses domaines d\u2019expertises \u00e0 l\u2019intention des professionnels, principalement, de l\u2019enseignement obligatoire.","robots":{"index":"index","follow":"follow","max-snippet":"max-snippet:-1","max-image-preview":"max-image-preview:large","max-video-preview":"max-video-preview:-1"},"canonical":"https:\/\/ceref.helha.be\/education\/formations\/","og_locale":"fr_FR","og_type":"article","og_title":"Formations continues du CeREF Education","og_description":"Le CeREF Education propose pour le compte de clients institutionnels (IFC, CECAFOC, FOCEF \u2026) des formations dans ses domaines d\u2019expertises \u00e0 l\u2019intention des professionnels, principalement, de l\u2019enseignement obligatoire.","og_url":"https:\/\/ceref.helha.be\/education\/formations\/","og_site_name":"CeREF \u00c9ducation","article_publisher":"https:\/\/www.facebook.com\/Ceref.helha","article_modified_time":"2026-03-02T14:18:59+00:00","og_image":[{"url":"https:\/\/ceref.helha.be\/education\/app\/uploads\/2026\/02\/collage-dessin-redimensionne-300x158.jpg"}],"twitter_card":"summary_large_image","twitter_misc":{"Est. reading time":"2 minutes"},"schema":{"@context":"https:\/\/schema.org","@graph":[{"@type":"WebPage","@id":"https:\/\/ceref.helha.be\/education\/formations\/","url":"https:\/\/ceref.helha.be\/education\/formations\/","name":"Formations continues du CeREF Education","isPartOf":{"@id":"https:\/\/ceref.helha.be\/education\/#website"},"datePublished":"2019-12-17T14:05:37+00:00","dateModified":"2026-03-02T14:18:59+00:00","description":"Le CeREF Education propose pour le compte de clients institutionnels (IFC, CECAFOC, FOCEF \u2026) des formations dans ses domaines d\u2019expertises \u00e0 l\u2019intention des professionnels, principalement, de l\u2019enseignement obligatoire.","breadcrumb":{"@id":"https:\/\/ceref.helha.be\/education\/formations\/#breadcrumb"},"inLanguage":"fr-FR","potentialAction":[{"@type":"ReadAction","target":["https:\/\/ceref.helha.be\/education\/formations\/"]}]},{"@type":"BreadcrumbList","@id":"https:\/\/ceref.helha.be\/education\/formations\/#breadcrumb","itemListElement":[{"@type":"ListItem","position":1,"name":"Home","item":"https:\/\/ceref.helha.be\/education\/"},{"@type":"ListItem","position":2,"name":"Formations pour les \u00e9ducateur\u00b7trice\u00b7s sp\u00e9cialis\u00e9\u00b7e\u00b7s"}]},{"@type":"WebSite","@id":"https:\/\/ceref.helha.be\/education\/#website","url":"https:\/\/ceref.helha.be\/education\/","name":"CeREF \u00c9ducation - Centre de Recherche et de Formation continue de la HELHa","description":"","publisher":{"@id":"https:\/\/ceref.helha.be\/education\/#organization"},"potentialAction":[{"@type":"SearchAction","target":{"@type":"EntryPoint","urlTemplate":"https:\/\/ceref.helha.be\/education\/?s={search_term_string}"},"query-input":"required name=search_term_string"}],"inLanguage":"fr-FR"},{"@type":"Organization","@id":"https:\/\/ceref.helha.be\/education\/#organization","name":"CeREF \u00c9ducation - Centre de Recherche et de Formation continue de la HELHa","url":"https:\/\/ceref.helha.be\/education\/","logo":{"@type":"ImageObject","inLanguage":"fr-FR","@id":"https:\/\/ceref.helha.be\/education\/#\/schema\/logo\/image\/","url":"https:\/\/ceref.helha.be\/education\/app\/uploads\/2026\/01\/ceref-education.jpg","contentUrl":"https:\/\/ceref.helha.be\/education\/app\/uploads\/2026\/01\/ceref-education.jpg","width":242,"height":84,"caption":"CeREF \u00c9ducation - Centre de Recherche et de Formation continue de la HELHa"},"image":{"@id":"https:\/\/ceref.helha.be\/education\/#\/schema\/logo\/image\/"},"sameAs":["https:\/\/www.facebook.com\/Ceref.helha","https:\/\/www.linkedin.com\/company\/ceref-helha\/"]}]}},"_links":{"self":[{"href":"https:\/\/ceref.helha.be\/education\/wp-json\/wp\/v2\/pages\/237","targetHints":{"allow":["GET"]}}],"collection":[{"href":"https:\/\/ceref.helha.be\/education\/wp-json\/wp\/v2\/pages"}],"about":[{"href":"https:\/\/ceref.helha.be\/education\/wp-json\/wp\/v2\/types\/page"}],"author":[{"embeddable":true,"href":"https:\/\/ceref.helha.be\/education\/wp-json\/wp\/v2\/users\/1"}],"replies":[{"embeddable":true,"href":"https:\/\/ceref.helha.be\/education\/wp-json\/wp\/v2\/comments?post=237"}],"version-history":[{"count":81,"href":"https:\/\/ceref.helha.be\/education\/wp-json\/wp\/v2\/pages\/237\/revisions"}],"predecessor-version":[{"id":2030,"href":"https:\/\/ceref.helha.be\/education\/wp-json\/wp\/v2\/pages\/237\/revisions\/2030"}],"wp:attachment":[{"href":"https:\/\/ceref.helha.be\/education\/wp-json\/wp\/v2\/media?parent=237"}],"curies":[{"name":"wp","href":"https:\/\/api.w.org\/{rel}","templated":true}]}}