{"id":233,"date":"2019-12-17T15:05:20","date_gmt":"2019-12-17T14:05:20","guid":{"rendered":"https:\/\/ceref-test.helha.be\/pedagogique\/?page_id=233"},"modified":"2026-03-11T07:26:48","modified_gmt":"2026-03-11T07:26:48","slug":"ceref-education-2","status":"publish","type":"page","link":"https:\/\/ceref.helha.be\/education\/","title":{"rendered":"Pr\u00e9sentation"},"content":{"rendered":"<section class=\"row\"><span style=\"font-size: 14pt; color: #eb8125;\"><strong>CeREF \u00c9ducation\u00a0<\/strong><\/span><\/p>\n<div class=\"col-12 col-md-5\">\n<figure><iframe loading=\"lazy\" title=\"Pr\u00e9sentation du CeREF \u00c9ducation\" width=\"500\" height=\"281\" src=\"https:\/\/www.youtube.com\/embed\/icvD7umBcx4?feature=oembed\" frameborder=\"0\" allow=\"accelerometer; autoplay; clipboard-write; encrypted-media; gyroscope; picture-in-picture; web-share\" referrerpolicy=\"strict-origin-when-cross-origin\" allowfullscreen><\/iframe><figcaption class=\"figure-caption text-center\">Vid\u00e9o de pr\u00e9sentation du CeREF \u00c9ducation<\/figcaption><\/figure>\n<\/div>\n<div class=\"col-12 col-md-7 mt-3 mt-mb-0\">\n<h2><span style=\"font-size: 14pt; color: #eb8125;\"><strong>Une banni\u00e8re en pleine expansion<\/strong><\/span><\/h2>\n<p>Cr\u00e9\u00e9 dans la dynamique du CeREF, le <strong>CeREF \u00c9ducation<\/strong> regroupe aujourd\u2019hui un ensemble croissant d\u2019activit\u00e9s de <strong>recherche<\/strong>, de <strong>formation<\/strong> <strong>continue<\/strong> et de <strong>d\u00e9veloppement p\u00e9dagogique<\/strong>. Il constitue un espace f\u00e9d\u00e9rateur pour les enseignants-chercheurs de la HELHa engag\u00e9s dans l\u2019innovation \u00e9ducative et la professionnalisation du secteur.<\/p>\n<\/div>\n<\/section>\n<section class=\"row\"><\/section>\n<section class=\"row mt-2\">\n<h2><span style=\"font-size: 18pt;\"><strong>Recherche\u00a0<\/strong><\/span><\/h2>\n<p>Le CeREF \u00c9ducation joue d\u00e9sormais un r\u00f4le central dans la <strong>coordination<\/strong>, la <strong>visibilisation<\/strong> et le <strong>d\u00e9veloppement<\/strong> des projets de recherche men\u00e9s au sein du D\u00e9partement \u00c9ducation de la HELHa.<\/p>\n<p><span style=\"font-size: 14pt; color: #000000;\"><strong>Des collaborations renforc\u00e9es\u00a0<\/strong><\/span><\/p>\n<p>Les membres du CeREF \u00c9ducation participent activement \u00e0 des groupes et centres de recherche reconnus, tels que :<\/p>\n<ul>\n<li style=\"list-style-type: none;\">\n<ul style=\"list-style-type: disc;\">\n<li><strong>GREFFE<\/strong> (Groupe de Recherche sur l\u2019Enseignement et la Formation de Formateurs d\u2019Enseignants)<\/li>\n<li><strong>GRAPPE <\/strong>(Groupe de Recherche sur l\u2019Accompagnement des Pratiques Professionnelles Enseignantes)<\/li>\n<li><strong>GIRSEF<\/strong> (Groupe interdisciplinaire de Recherche sur la Socialisation, l\u2019\u00c9ducation et la Formation), dont fait d\u00e9sormais partie le CRIPEDIS (Centre de Recherche Interdisciplinaire sur les Pratiques Enseignantes et les Disciplines Scolaires)<\/li>\n<\/ul>\n<\/li>\n<\/ul>\n<p style=\"font-size: 12pt; margin-top: 15px;\">\u27a1\ufe0f Ces collaborations s\u2019inscrivent dans des partenariats \u00e9largis avec l\u2019UCLouvain, la HE Galil\u00e9e, HE Vinci, <span data-olk-copy-source=\"MessageBody\">HE2B<\/span>, HELMo, HeNaLLux.<\/p>\n<p><span style=\"color: #000000;\"><strong><span style=\"font-size: 14pt;\">Une communaut\u00e9 engag\u00e9e\u00a0<\/span><\/strong><\/span><\/p>\n<p>Les enseignants-chercheurs du CeREF \u00c9ducation contribuent \u00e9galement \u00e0 des <strong>think tanks<\/strong> et r\u00e9seaux professionnels tels que le <strong>CREM<\/strong>, l\u2019<strong>ADiS<\/strong>, l\u2019associations <strong>Hypoth\u00e8se<\/strong>, <strong>MatHE<\/strong> ou les <strong>Mathophiles<\/strong>. D\u2019autres d\u00e9veloppent des projets de recherche personnels, volontaires ou li\u00e9s aux dispositifs du <strong>Pacte d\u2019Excellence<\/strong>.<\/p>\n<p><span style=\"font-size: 14pt; color: #000000;\"><strong>Des th\u00e9matiques diversifi\u00e9es\u00a0<\/strong><\/span><\/p>\n<p>Les travaux men\u00e9s couvrent un large \u00e9ventail de sujets, parmi lesquels :<\/p>\n<ul>\n<li style=\"list-style-type: none;\">\n<ul style=\"list-style-type: disc;\">\n<li>l\u2019enseignement de l\u2019oral en fran\u00e7ais et en langues \u00e9trang\u00e8res<\/li>\n<li>l\u2019apprentissage de la lecture \u00e0 destination d\u2019\u00e9l\u00e8ves du primaire aux profils h\u00e9t\u00e9rog\u00e8nes<\/li>\n<li>la didactique de l\u2019histoire et le devoir de m\u00e9moire<\/li>\n<li>la linguistique anglaise et sa grammaire<\/li>\n<li>l\u2019\u00e9cole du dehors<\/li>\n<li>les d\u00e9bats math\u00e9matiques et pratiques argumentatives<\/li>\n<li>la socialisation organisationnelle<\/li>\n<li>la r\u00e9flexivit\u00e9 et l\u2019analyse de pratiques<\/li>\n<li>le d\u00e9veloppement professionnel des formateurs en Haute \u00c9cole<\/li>\n<\/ul>\n<\/li>\n<\/ul>\n<p style=\"font-size: 12pt; margin-top: 15px;\">\u27a1\ufe0f Le CeREF \u00c9ducation soutient l\u2019\u00e9mergence de nouveaux projets, encourage les synergies entre \u00e9quipes et accompagne la mont\u00e9e en puissance des initiatives existantes.<\/p>\n<h2><strong>Formation continue<\/strong><\/h2>\n<p>La HELHa, via le CeREF \u00c9ducation, propose un large \u00e9ventail de formations continues. D\u2019abord, des <strong>formations d\u00e9velopp\u00e9es pour des partenaires institutionnels<\/strong> tels que l\u2019IFPC, l\u2019IFEC ou d\u2019autres op\u00e9rateurs du secteur \u00e9ducatif. Ensuite, un <strong>catalogue sp\u00e9cifique<\/strong> de formations d\u00e9di\u00e9es aux \u00c9ducateurs sp\u00e9cialis\u00e9s. Et enfin, le CeREF \u00c9ducation r\u00e9pond \u00e0 des demandes <strong>sur-mesure<\/strong> de formations continues aupr\u00e8s de ses partenaires qui en font la demande.<\/p>\n<p><span style=\"font-size: 14pt; color: #000000;\"><strong>Un lien direct avec le terrain<\/strong><\/span><\/p>\n<p>Ces formations constituent :<\/p>\n<ul>\n<li style=\"list-style-type: none;\">\n<ul style=\"list-style-type: disc;\">\n<li>un espace de rencontre privil\u00e9gi\u00e9 avec les acteurs du terrain qu\u2019ils soient enseignant\u00b7es, directeur\u00b7rices, d\u00e9l\u00e9gu\u00e9\u00b7es, \u00e9ducateur\u00b7rices sp\u00e9cialis\u00e9\u00b7es\u2026<\/li>\n<li>une vitrine de l\u2019expertise et des recherches d\u00e9velopp\u00e9es au sein de la HELHa<\/li>\n<li>un levier pour enrichir la formation initiale gr\u00e2ce aux retours du terrain<\/li>\n<\/ul>\n<\/li>\n<\/ul>\n<\/section>\n","protected":false},"excerpt":{"rendered":"<p>CeREF \u00c9ducation\u00a0 Vid\u00e9o de pr\u00e9sentation du CeREF \u00c9ducation Une banni\u00e8re en pleine expansion Cr\u00e9\u00e9 dans la dynamique du CeREF, le CeREF \u00c9ducation regroupe aujourd\u2019hui un ensemble croissant d\u2019activit\u00e9s de recherche, de formation continue et de d\u00e9veloppement p\u00e9dagogique. Il constitue un espace f\u00e9d\u00e9rateur pour les enseignants-chercheurs de la HELHa engag\u00e9s dans l\u2019innovation \u00e9ducative et la professionnalisation [&hellip;]<\/p>\n","protected":false},"author":1,"featured_media":0,"parent":0,"menu_order":0,"comment_status":"closed","ping_status":"closed","template":"","meta":{"_acf_changed":false,"footnotes":""},"class_list":["post-233","page","type-page","status-publish","hentry"],"acf":[],"yoast_head":"<!-- This site is optimized with the Yoast SEO plugin v21.9.1 - https:\/\/yoast.com\/wordpress\/plugins\/seo\/ -->\n<title>Pr\u00e9sentation CeREF Education<\/title>\n<meta name=\"description\" content=\"N\u00e9e avec la cr\u00e9ation du CeREF, la banni\u00e8re CeREF \u00c9ducation reprend d\u00e9j\u00e0 de nombreuses activit\u00e9s tant en mati\u00e8re de recherche que de formation.\" \/>\n<meta name=\"robots\" content=\"index, follow, max-snippet:-1, max-image-preview:large, max-video-preview:-1\" \/>\n<link rel=\"canonical\" href=\"https:\/\/ceref.helha.be\/education\/\" \/>\n<meta property=\"og:locale\" content=\"fr_FR\" \/>\n<meta property=\"og:type\" content=\"article\" \/>\n<meta property=\"og:title\" content=\"Pr\u00e9sentation CeREF Education\" \/>\n<meta property=\"og:description\" content=\"N\u00e9e avec la cr\u00e9ation du CeREF, la banni\u00e8re CeREF \u00c9ducation reprend d\u00e9j\u00e0 de nombreuses activit\u00e9s tant en mati\u00e8re de recherche que de formation.\" \/>\n<meta property=\"og:url\" content=\"https:\/\/ceref.helha.be\/education\/\" \/>\n<meta property=\"og:site_name\" content=\"CeREF \u00c9ducation\" \/>\n<meta property=\"article:publisher\" content=\"https:\/\/www.facebook.com\/Ceref.helha\" \/>\n<meta property=\"article:modified_time\" content=\"2026-03-11T07:26:48+00:00\" \/>\n<meta name=\"twitter:card\" content=\"summary_large_image\" \/>\n<meta name=\"twitter:label1\" content=\"Est. reading time\" \/>\n\t<meta name=\"twitter:data1\" content=\"3 minutes\" \/>\n<script type=\"application\/ld+json\" class=\"yoast-schema-graph\">{\"@context\":\"https:\/\/schema.org\",\"@graph\":[{\"@type\":\"WebPage\",\"@id\":\"https:\/\/ceref.helha.be\/education\/\",\"url\":\"https:\/\/ceref.helha.be\/education\/\",\"name\":\"Pr\u00e9sentation CeREF Education\",\"isPartOf\":{\"@id\":\"https:\/\/ceref.helha.be\/education\/#website\"},\"datePublished\":\"2019-12-17T14:05:20+00:00\",\"dateModified\":\"2026-03-11T07:26:48+00:00\",\"description\":\"N\u00e9e avec la cr\u00e9ation du CeREF, la banni\u00e8re CeREF \u00c9ducation reprend d\u00e9j\u00e0 de nombreuses activit\u00e9s tant en mati\u00e8re de recherche que de formation.\",\"breadcrumb\":{\"@id\":\"https:\/\/ceref.helha.be\/education\/#breadcrumb\"},\"inLanguage\":\"fr-FR\",\"potentialAction\":[{\"@type\":\"ReadAction\",\"target\":[\"https:\/\/ceref.helha.be\/education\/\"]}]},{\"@type\":\"BreadcrumbList\",\"@id\":\"https:\/\/ceref.helha.be\/education\/#breadcrumb\",\"itemListElement\":[{\"@type\":\"ListItem\",\"position\":1,\"name\":\"Home\",\"item\":\"https:\/\/ceref.helha.be\/education\/\"},{\"@type\":\"ListItem\",\"position\":2,\"name\":\"Pr\u00e9sentation\"}]},{\"@type\":\"WebSite\",\"@id\":\"https:\/\/ceref.helha.be\/education\/#website\",\"url\":\"https:\/\/ceref.helha.be\/education\/\",\"name\":\"CeREF \u00c9ducation - Centre de Recherche et de Formation continue de la HELHa\",\"description\":\"\",\"publisher\":{\"@id\":\"https:\/\/ceref.helha.be\/education\/#organization\"},\"potentialAction\":[{\"@type\":\"SearchAction\",\"target\":{\"@type\":\"EntryPoint\",\"urlTemplate\":\"https:\/\/ceref.helha.be\/education\/?s={search_term_string}\"},\"query-input\":\"required name=search_term_string\"}],\"inLanguage\":\"fr-FR\"},{\"@type\":\"Organization\",\"@id\":\"https:\/\/ceref.helha.be\/education\/#organization\",\"name\":\"CeREF \u00c9ducation - Centre de Recherche et de Formation continue de la HELHa\",\"url\":\"https:\/\/ceref.helha.be\/education\/\",\"logo\":{\"@type\":\"ImageObject\",\"inLanguage\":\"fr-FR\",\"@id\":\"https:\/\/ceref.helha.be\/education\/#\/schema\/logo\/image\/\",\"url\":\"https:\/\/ceref.helha.be\/education\/app\/uploads\/2026\/01\/ceref-education.jpg\",\"contentUrl\":\"https:\/\/ceref.helha.be\/education\/app\/uploads\/2026\/01\/ceref-education.jpg\",\"width\":242,\"height\":84,\"caption\":\"CeREF \u00c9ducation - Centre de Recherche et de Formation continue de la HELHa\"},\"image\":{\"@id\":\"https:\/\/ceref.helha.be\/education\/#\/schema\/logo\/image\/\"},\"sameAs\":[\"https:\/\/www.facebook.com\/Ceref.helha\",\"https:\/\/www.linkedin.com\/company\/ceref-helha\/\"]}]}<\/script>\n<!-- \/ Yoast SEO plugin. -->","yoast_head_json":{"title":"Pr\u00e9sentation CeREF Education","description":"N\u00e9e avec la cr\u00e9ation du CeREF, la banni\u00e8re CeREF \u00c9ducation reprend d\u00e9j\u00e0 de nombreuses activit\u00e9s tant en mati\u00e8re de recherche que de formation.","robots":{"index":"index","follow":"follow","max-snippet":"max-snippet:-1","max-image-preview":"max-image-preview:large","max-video-preview":"max-video-preview:-1"},"canonical":"https:\/\/ceref.helha.be\/education\/","og_locale":"fr_FR","og_type":"article","og_title":"Pr\u00e9sentation CeREF Education","og_description":"N\u00e9e avec la cr\u00e9ation du CeREF, la banni\u00e8re CeREF \u00c9ducation reprend d\u00e9j\u00e0 de nombreuses activit\u00e9s tant en mati\u00e8re de recherche que de formation.","og_url":"https:\/\/ceref.helha.be\/education\/","og_site_name":"CeREF \u00c9ducation","article_publisher":"https:\/\/www.facebook.com\/Ceref.helha","article_modified_time":"2026-03-11T07:26:48+00:00","twitter_card":"summary_large_image","twitter_misc":{"Est. reading time":"3 minutes"},"schema":{"@context":"https:\/\/schema.org","@graph":[{"@type":"WebPage","@id":"https:\/\/ceref.helha.be\/education\/","url":"https:\/\/ceref.helha.be\/education\/","name":"Pr\u00e9sentation CeREF Education","isPartOf":{"@id":"https:\/\/ceref.helha.be\/education\/#website"},"datePublished":"2019-12-17T14:05:20+00:00","dateModified":"2026-03-11T07:26:48+00:00","description":"N\u00e9e avec la cr\u00e9ation du CeREF, la banni\u00e8re CeREF \u00c9ducation reprend d\u00e9j\u00e0 de nombreuses activit\u00e9s tant en mati\u00e8re de recherche que de formation.","breadcrumb":{"@id":"https:\/\/ceref.helha.be\/education\/#breadcrumb"},"inLanguage":"fr-FR","potentialAction":[{"@type":"ReadAction","target":["https:\/\/ceref.helha.be\/education\/"]}]},{"@type":"BreadcrumbList","@id":"https:\/\/ceref.helha.be\/education\/#breadcrumb","itemListElement":[{"@type":"ListItem","position":1,"name":"Home","item":"https:\/\/ceref.helha.be\/education\/"},{"@type":"ListItem","position":2,"name":"Pr\u00e9sentation"}]},{"@type":"WebSite","@id":"https:\/\/ceref.helha.be\/education\/#website","url":"https:\/\/ceref.helha.be\/education\/","name":"CeREF \u00c9ducation - Centre de Recherche et de Formation continue de la HELHa","description":"","publisher":{"@id":"https:\/\/ceref.helha.be\/education\/#organization"},"potentialAction":[{"@type":"SearchAction","target":{"@type":"EntryPoint","urlTemplate":"https:\/\/ceref.helha.be\/education\/?s={search_term_string}"},"query-input":"required name=search_term_string"}],"inLanguage":"fr-FR"},{"@type":"Organization","@id":"https:\/\/ceref.helha.be\/education\/#organization","name":"CeREF \u00c9ducation - Centre de Recherche et de Formation continue de la HELHa","url":"https:\/\/ceref.helha.be\/education\/","logo":{"@type":"ImageObject","inLanguage":"fr-FR","@id":"https:\/\/ceref.helha.be\/education\/#\/schema\/logo\/image\/","url":"https:\/\/ceref.helha.be\/education\/app\/uploads\/2026\/01\/ceref-education.jpg","contentUrl":"https:\/\/ceref.helha.be\/education\/app\/uploads\/2026\/01\/ceref-education.jpg","width":242,"height":84,"caption":"CeREF \u00c9ducation - Centre de Recherche et de Formation continue de la HELHa"},"image":{"@id":"https:\/\/ceref.helha.be\/education\/#\/schema\/logo\/image\/"},"sameAs":["https:\/\/www.facebook.com\/Ceref.helha","https:\/\/www.linkedin.com\/company\/ceref-helha\/"]}]}},"_links":{"self":[{"href":"https:\/\/ceref.helha.be\/education\/wp-json\/wp\/v2\/pages\/233","targetHints":{"allow":["GET"]}}],"collection":[{"href":"https:\/\/ceref.helha.be\/education\/wp-json\/wp\/v2\/pages"}],"about":[{"href":"https:\/\/ceref.helha.be\/education\/wp-json\/wp\/v2\/types\/page"}],"author":[{"embeddable":true,"href":"https:\/\/ceref.helha.be\/education\/wp-json\/wp\/v2\/users\/1"}],"replies":[{"embeddable":true,"href":"https:\/\/ceref.helha.be\/education\/wp-json\/wp\/v2\/comments?post=233"}],"version-history":[{"count":26,"href":"https:\/\/ceref.helha.be\/education\/wp-json\/wp\/v2\/pages\/233\/revisions"}],"predecessor-version":[{"id":2035,"href":"https:\/\/ceref.helha.be\/education\/wp-json\/wp\/v2\/pages\/233\/revisions\/2035"}],"wp:attachment":[{"href":"https:\/\/ceref.helha.be\/education\/wp-json\/wp\/v2\/media?parent=233"}],"curies":[{"name":"wp","href":"https:\/\/api.w.org\/{rel}","templated":true}]}}