{"id":2211,"date":"2025-01-13T10:28:48","date_gmt":"2025-01-13T10:28:48","guid":{"rendered":"https:\/\/ceref.helha.be\/education\/?page_id=2211"},"modified":"2026-05-13T14:59:30","modified_gmt":"2026-05-13T14:59:30","slug":"peps-suivi-des-objectifs","status":"publish","type":"page","link":"https:\/\/ceref.helha.be\/education\/formations\/educateurs-specialises\/peps-suivi-des-objectifs\/","title":{"rendered":"PEPS : suivi des objectifs"},"content":{"rendered":"<p><img loading=\"lazy\" decoding=\"async\" class=\"alignnone size-large wp-image-2226\" src=\"https:\/\/ceref.helha.be\/education\/app\/uploads\/2026\/05\/formation-peps-suivi-objectifs-1024x100.jpg\" alt=\"Formation PEPS : suivi des objectifs\" width=\"1024\" height=\"100\" srcset=\"https:\/\/ceref.helha.be\/education\/app\/uploads\/2026\/05\/formation-peps-suivi-objectifs-1024x100.jpg 1024w, https:\/\/ceref.helha.be\/education\/app\/uploads\/2026\/05\/formation-peps-suivi-objectifs-300x29.jpg 300w, https:\/\/ceref.helha.be\/education\/app\/uploads\/2026\/05\/formation-peps-suivi-objectifs-768x75.jpg 768w, https:\/\/ceref.helha.be\/education\/app\/uploads\/2026\/05\/formation-peps-suivi-objectifs-1536x150.jpg 1536w, https:\/\/ceref.helha.be\/education\/app\/uploads\/2026\/05\/formation-peps-suivi-objectifs.jpg 2048w\" sizes=\"auto, (max-width: 1024px) 100vw, 1024px\" \/><\/p>\n<p><span style=\"font-size: 18pt;\"><strong>Comprendre le suivi des objectifs dans PEPS<\/strong><\/span><\/p>\n<p><span style=\"color: #333333; font-size: 14pt;\">Cr\u00e9ation d&rsquo;objectifs dans le logiciel PEPS et suivi des observations li\u00e9es \u00e0 chaque objectif travaill\u00e9.<\/span><\/p>\n<h2>Objectifs au terme de cette formation<\/h2>\n<ul>\n<li><strong>Utilisation des statistiques (ligne du temps)<\/strong> : D\u00e9couvrir comment g\u00e9n\u00e9rer des statistiques\/analyses d\u00e9taill\u00e9es sur les observations pour mieux pr\u00e9parer la cr\u00e9ation des objectifs du b\u00e9n\u00e9ficiaire.<\/li>\n<li><strong>Analyser la cr\u00e9ation d\u2019objectifs dans PEPS<\/strong> : Comprendre les \u00e9tapes pour cr\u00e9er et personnaliser des objectifs en fonction des besoins des b\u00e9n\u00e9ficiaires.<\/li>\n<li><strong>Associer des observations aux objectifs<\/strong> : Savoir comment lier des observations sp\u00e9cifiques aux objectifs cr\u00e9\u00e9s pour un suivi pr\u00e9cis du b\u00e9n\u00e9ficiaire<\/li>\n<\/ul>\n<h2 class=\"mt-3\">Formatrice<span style=\"font-size: 14pt; color: #333333;\"><strong><br \/>\n<\/strong><\/span><\/h2>\n<p><strong>M\u00e9lissa HOEBEKE<\/strong><\/p>\n<ul>\n<li>\u00c9ducatrice sp\u00e9cialis\u00e9e<\/li>\n<li>Responsable formations, support et suivi clients chez PEPS<\/li>\n<\/ul>\n<hr \/>\n<p><i class=\"bi bi-arrow-right-circle\"><\/i> <strong>Ce module est destin\u00e9 aux \u00e9ducateur\u00b7rice\u00b7s \u00e9voluant, en priorit\u00e9, dans les secteurs suivants : l&rsquo;aide \u00e0 la jeunesse, le handicap, le milieu scolaire, la g\u00e9rontologie.<\/strong><\/p>\n<div style=\"display: flex; align-items: center; gap: .5rem;\"><i class=\"bi bi-clock-history text-he-current fs-2\"><\/i><span style=\"color: #424d58;\"><em>1 module de 3h<\/em><\/span><\/div>\n<div style=\"display: flex; align-items: center; gap: .5rem;\"><i class=\"bi bi-pin-angle text-he-current fs-2\"><\/i><span style=\"color: #424d58;\"><em>Formation en pr\u00e9sentiel<\/em><\/span><\/div>\n<div style=\"display: flex; align-items: center; gap: .5rem;\"><i class=\"bi bi-geo-alt text-he-current fs-2\"><\/i><em>Gosselies<\/em><\/div>\n<div style=\"display: flex; align-items: center; gap: .5rem;\"><i class=\"bi bi-calendar2-check text-he-current fs-2\"><\/i> <em> Mardi 20 f\u00e9vrier 2025, de 15h30 \u00e0 18h30<\/em><\/div>\n<div style=\"display: flex; align-items: center; gap: .5rem;\"><i class=\"bi bi-currency-euro text-he-current fs-2\"><\/i> <em>45\u20ac<\/em><\/div>\n<p>&nbsp;<\/p>\n<div><span style=\"font-size: 14pt; color: #009790;\"><strong>Code de la formation : <span style=\"color: #d85252;\">Educ-F01<\/span><\/strong><\/span><\/div>\n<p><a href=\"https:\/\/forms.office.com\/e\/W9ig71cC65\" target=\"_blank\" rel=\"noopener\"><img loading=\"lazy\" decoding=\"async\" class=\"alignnone wp-image-8864\" src=\"https:\/\/ceref.helha.be\/education\/app\/uploads\/2026\/05\/inscription-formation.jpg\" alt=\"Je m'inscris !\" width=\"700\" height=\"261\" \/><\/a><\/p>\n","protected":false},"excerpt":{"rendered":"<p>Comprendre le suivi des objectifs dans PEPS Cr\u00e9ation d&rsquo;objectifs dans le logiciel PEPS et suivi des observations li\u00e9es \u00e0 chaque objectif travaill\u00e9. Objectifs au terme de cette formation Utilisation des statistiques (ligne du temps) : D\u00e9couvrir comment g\u00e9n\u00e9rer des statistiques\/analyses d\u00e9taill\u00e9es sur les observations pour mieux pr\u00e9parer la cr\u00e9ation des objectifs du b\u00e9n\u00e9ficiaire. Analyser la [&hellip;]<\/p>\n","protected":false},"author":42,"featured_media":0,"parent":2170,"menu_order":0,"comment_status":"closed","ping_status":"closed","template":"","meta":{"_acf_changed":false,"footnotes":""},"class_list":["post-2211","page","type-page","status-publish","hentry"],"acf":[],"yoast_head":"<!-- This site is optimized with the Yoast SEO plugin v21.9.1 - https:\/\/yoast.com\/wordpress\/plugins\/seo\/ -->\n<title>PEPS : suivi des objectifs - Formations pour les \u00e9ducateur\u00b7trice\u00b7s sp\u00e9cialis\u00e9\u00b7e\u00b7s - CeREF \u00c9ducation<\/title>\n<meta name=\"robots\" content=\"index, follow, max-snippet:-1, max-image-preview:large, max-video-preview:-1\" \/>\n<link rel=\"canonical\" href=\"https:\/\/ceref.helha.be\/education\/formations\/educateurs-specialises\/peps-suivi-des-objectifs\/\" \/>\n<meta property=\"og:locale\" content=\"fr_FR\" \/>\n<meta property=\"og:type\" content=\"article\" \/>\n<meta property=\"og:title\" content=\"PEPS : suivi des objectifs - Formations pour les \u00e9ducateur\u00b7trice\u00b7s sp\u00e9cialis\u00e9\u00b7e\u00b7s - CeREF \u00c9ducation\" \/>\n<meta property=\"og:description\" content=\"Comprendre le suivi des objectifs dans PEPS Cr\u00e9ation d&rsquo;objectifs dans le logiciel PEPS et suivi des observations li\u00e9es \u00e0 chaque objectif travaill\u00e9. Objectifs au terme de cette formation Utilisation des statistiques (ligne du temps) : D\u00e9couvrir comment g\u00e9n\u00e9rer des statistiques\/analyses d\u00e9taill\u00e9es sur les observations pour mieux pr\u00e9parer la cr\u00e9ation des objectifs du b\u00e9n\u00e9ficiaire. Analyser la [&hellip;]\" \/>\n<meta property=\"og:url\" content=\"https:\/\/ceref.helha.be\/education\/formations\/educateurs-specialises\/peps-suivi-des-objectifs\/\" \/>\n<meta property=\"og:site_name\" content=\"CeREF \u00c9ducation\" \/>\n<meta property=\"article:publisher\" content=\"https:\/\/www.facebook.com\/Ceref.helha\" \/>\n<meta property=\"article:modified_time\" content=\"2026-05-13T14:59:30+00:00\" \/>\n<meta property=\"og:image\" content=\"https:\/\/ceref.helha.be\/education\/app\/uploads\/2026\/05\/formation-peps-suivi-objectifs-1024x100.jpg\" \/>\n<meta name=\"twitter:card\" content=\"summary_large_image\" \/>\n<meta name=\"twitter:label1\" content=\"Est. reading time\" \/>\n\t<meta name=\"twitter:data1\" content=\"2 minutes\" \/>\n<script type=\"application\/ld+json\" class=\"yoast-schema-graph\">{\"@context\":\"https:\/\/schema.org\",\"@graph\":[{\"@type\":\"WebPage\",\"@id\":\"https:\/\/ceref.helha.be\/education\/formations\/educateurs-specialises\/peps-suivi-des-objectifs\/\",\"url\":\"https:\/\/ceref.helha.be\/education\/formations\/educateurs-specialises\/peps-suivi-des-objectifs\/\",\"name\":\"PEPS : suivi des objectifs - Formations pour les \u00e9ducateur\u00b7trice\u00b7s sp\u00e9cialis\u00e9\u00b7e\u00b7s - CeREF \u00c9ducation\",\"isPartOf\":{\"@id\":\"https:\/\/ceref.helha.be\/education\/#website\"},\"datePublished\":\"2025-01-13T10:28:48+00:00\",\"dateModified\":\"2026-05-13T14:59:30+00:00\",\"breadcrumb\":{\"@id\":\"https:\/\/ceref.helha.be\/education\/formations\/educateurs-specialises\/peps-suivi-des-objectifs\/#breadcrumb\"},\"inLanguage\":\"fr-FR\",\"potentialAction\":[{\"@type\":\"ReadAction\",\"target\":[\"https:\/\/ceref.helha.be\/education\/formations\/educateurs-specialises\/peps-suivi-des-objectifs\/\"]}]},{\"@type\":\"BreadcrumbList\",\"@id\":\"https:\/\/ceref.helha.be\/education\/formations\/educateurs-specialises\/peps-suivi-des-objectifs\/#breadcrumb\",\"itemListElement\":[{\"@type\":\"ListItem\",\"position\":1,\"name\":\"Home\",\"item\":\"https:\/\/ceref.helha.be\/education\/\"},{\"@type\":\"ListItem\",\"position\":2,\"name\":\"Formations\",\"item\":\"https:\/\/ceref.helha.be\/education\/formations\/\"},{\"@type\":\"ListItem\",\"position\":3,\"name\":\"Formations pour les \u00e9ducateur\u00b7trice\u00b7s sp\u00e9cialis\u00e9\u00b7e\u00b7s\",\"item\":\"https:\/\/ceref.helha.be\/education\/formations\/educateurs-specialises\/\"},{\"@type\":\"ListItem\",\"position\":4,\"name\":\"PEPS : suivi des objectifs\"}]},{\"@type\":\"WebSite\",\"@id\":\"https:\/\/ceref.helha.be\/education\/#website\",\"url\":\"https:\/\/ceref.helha.be\/education\/\",\"name\":\"CeREF \u00c9ducation - Centre de Recherche et de Formation continue de la HELHa\",\"description\":\"\",\"publisher\":{\"@id\":\"https:\/\/ceref.helha.be\/education\/#organization\"},\"potentialAction\":[{\"@type\":\"SearchAction\",\"target\":{\"@type\":\"EntryPoint\",\"urlTemplate\":\"https:\/\/ceref.helha.be\/education\/?s={search_term_string}\"},\"query-input\":\"required name=search_term_string\"}],\"inLanguage\":\"fr-FR\"},{\"@type\":\"Organization\",\"@id\":\"https:\/\/ceref.helha.be\/education\/#organization\",\"name\":\"CeREF \u00c9ducation - Centre de Recherche et de Formation continue de la HELHa\",\"url\":\"https:\/\/ceref.helha.be\/education\/\",\"logo\":{\"@type\":\"ImageObject\",\"inLanguage\":\"fr-FR\",\"@id\":\"https:\/\/ceref.helha.be\/education\/#\/schema\/logo\/image\/\",\"url\":\"https:\/\/ceref.helha.be\/education\/app\/uploads\/2026\/01\/ceref-education.jpg\",\"contentUrl\":\"https:\/\/ceref.helha.be\/education\/app\/uploads\/2026\/01\/ceref-education.jpg\",\"width\":242,\"height\":84,\"caption\":\"CeREF \u00c9ducation - Centre de Recherche et de Formation continue de la HELHa\"},\"image\":{\"@id\":\"https:\/\/ceref.helha.be\/education\/#\/schema\/logo\/image\/\"},\"sameAs\":[\"https:\/\/www.facebook.com\/Ceref.helha\",\"https:\/\/www.linkedin.com\/company\/ceref-helha\/\"]}]}<\/script>\n<!-- \/ Yoast SEO plugin. -->","yoast_head_json":{"title":"PEPS : suivi des objectifs - Formations pour les \u00e9ducateur\u00b7trice\u00b7s sp\u00e9cialis\u00e9\u00b7e\u00b7s - CeREF \u00c9ducation","robots":{"index":"index","follow":"follow","max-snippet":"max-snippet:-1","max-image-preview":"max-image-preview:large","max-video-preview":"max-video-preview:-1"},"canonical":"https:\/\/ceref.helha.be\/education\/formations\/educateurs-specialises\/peps-suivi-des-objectifs\/","og_locale":"fr_FR","og_type":"article","og_title":"PEPS : suivi des objectifs - Formations pour les \u00e9ducateur\u00b7trice\u00b7s sp\u00e9cialis\u00e9\u00b7e\u00b7s - CeREF \u00c9ducation","og_description":"Comprendre le suivi des objectifs dans PEPS Cr\u00e9ation d&rsquo;objectifs dans le logiciel PEPS et suivi des observations li\u00e9es \u00e0 chaque objectif travaill\u00e9. Objectifs au terme de cette formation Utilisation des statistiques (ligne du temps) : D\u00e9couvrir comment g\u00e9n\u00e9rer des statistiques\/analyses d\u00e9taill\u00e9es sur les observations pour mieux pr\u00e9parer la cr\u00e9ation des objectifs du b\u00e9n\u00e9ficiaire. Analyser la [&hellip;]","og_url":"https:\/\/ceref.helha.be\/education\/formations\/educateurs-specialises\/peps-suivi-des-objectifs\/","og_site_name":"CeREF \u00c9ducation","article_publisher":"https:\/\/www.facebook.com\/Ceref.helha","article_modified_time":"2026-05-13T14:59:30+00:00","og_image":[{"url":"https:\/\/ceref.helha.be\/education\/app\/uploads\/2026\/05\/formation-peps-suivi-objectifs-1024x100.jpg"}],"twitter_card":"summary_large_image","twitter_misc":{"Est. reading time":"2 minutes"},"schema":{"@context":"https:\/\/schema.org","@graph":[{"@type":"WebPage","@id":"https:\/\/ceref.helha.be\/education\/formations\/educateurs-specialises\/peps-suivi-des-objectifs\/","url":"https:\/\/ceref.helha.be\/education\/formations\/educateurs-specialises\/peps-suivi-des-objectifs\/","name":"PEPS : suivi des objectifs - Formations pour les \u00e9ducateur\u00b7trice\u00b7s sp\u00e9cialis\u00e9\u00b7e\u00b7s - CeREF \u00c9ducation","isPartOf":{"@id":"https:\/\/ceref.helha.be\/education\/#website"},"datePublished":"2025-01-13T10:28:48+00:00","dateModified":"2026-05-13T14:59:30+00:00","breadcrumb":{"@id":"https:\/\/ceref.helha.be\/education\/formations\/educateurs-specialises\/peps-suivi-des-objectifs\/#breadcrumb"},"inLanguage":"fr-FR","potentialAction":[{"@type":"ReadAction","target":["https:\/\/ceref.helha.be\/education\/formations\/educateurs-specialises\/peps-suivi-des-objectifs\/"]}]},{"@type":"BreadcrumbList","@id":"https:\/\/ceref.helha.be\/education\/formations\/educateurs-specialises\/peps-suivi-des-objectifs\/#breadcrumb","itemListElement":[{"@type":"ListItem","position":1,"name":"Home","item":"https:\/\/ceref.helha.be\/education\/"},{"@type":"ListItem","position":2,"name":"Formations","item":"https:\/\/ceref.helha.be\/education\/formations\/"},{"@type":"ListItem","position":3,"name":"Formations pour les \u00e9ducateur\u00b7trice\u00b7s sp\u00e9cialis\u00e9\u00b7e\u00b7s","item":"https:\/\/ceref.helha.be\/education\/formations\/educateurs-specialises\/"},{"@type":"ListItem","position":4,"name":"PEPS : suivi des objectifs"}]},{"@type":"WebSite","@id":"https:\/\/ceref.helha.be\/education\/#website","url":"https:\/\/ceref.helha.be\/education\/","name":"CeREF \u00c9ducation - Centre de Recherche et de Formation continue de la HELHa","description":"","publisher":{"@id":"https:\/\/ceref.helha.be\/education\/#organization"},"potentialAction":[{"@type":"SearchAction","target":{"@type":"EntryPoint","urlTemplate":"https:\/\/ceref.helha.be\/education\/?s={search_term_string}"},"query-input":"required name=search_term_string"}],"inLanguage":"fr-FR"},{"@type":"Organization","@id":"https:\/\/ceref.helha.be\/education\/#organization","name":"CeREF \u00c9ducation - Centre de Recherche et de Formation continue de la HELHa","url":"https:\/\/ceref.helha.be\/education\/","logo":{"@type":"ImageObject","inLanguage":"fr-FR","@id":"https:\/\/ceref.helha.be\/education\/#\/schema\/logo\/image\/","url":"https:\/\/ceref.helha.be\/education\/app\/uploads\/2026\/01\/ceref-education.jpg","contentUrl":"https:\/\/ceref.helha.be\/education\/app\/uploads\/2026\/01\/ceref-education.jpg","width":242,"height":84,"caption":"CeREF \u00c9ducation - Centre de Recherche et de Formation continue de la HELHa"},"image":{"@id":"https:\/\/ceref.helha.be\/education\/#\/schema\/logo\/image\/"},"sameAs":["https:\/\/www.facebook.com\/Ceref.helha","https:\/\/www.linkedin.com\/company\/ceref-helha\/"]}]}},"_links":{"self":[{"href":"https:\/\/ceref.helha.be\/education\/wp-json\/wp\/v2\/pages\/2211","targetHints":{"allow":["GET"]}}],"collection":[{"href":"https:\/\/ceref.helha.be\/education\/wp-json\/wp\/v2\/pages"}],"about":[{"href":"https:\/\/ceref.helha.be\/education\/wp-json\/wp\/v2\/types\/page"}],"author":[{"embeddable":true,"href":"https:\/\/ceref.helha.be\/education\/wp-json\/wp\/v2\/users\/42"}],"replies":[{"embeddable":true,"href":"https:\/\/ceref.helha.be\/education\/wp-json\/wp\/v2\/comments?post=2211"}],"version-history":[{"count":9,"href":"https:\/\/ceref.helha.be\/education\/wp-json\/wp\/v2\/pages\/2211\/revisions"}],"predecessor-version":[{"id":2262,"href":"https:\/\/ceref.helha.be\/education\/wp-json\/wp\/v2\/pages\/2211\/revisions\/2262"}],"up":[{"embeddable":true,"href":"https:\/\/ceref.helha.be\/education\/wp-json\/wp\/v2\/pages\/2170"}],"wp:attachment":[{"href":"https:\/\/ceref.helha.be\/education\/wp-json\/wp\/v2\/media?parent=2211"}],"curies":[{"name":"wp","href":"https:\/\/api.w.org\/{rel}","templated":true}]}}