{"id":2199,"date":"2025-11-13T09:13:02","date_gmt":"2025-11-13T09:13:02","guid":{"rendered":"https:\/\/ceref.helha.be\/education\/?page_id=2199"},"modified":"2026-05-13T14:58:23","modified_gmt":"2026-05-13T14:58:23","slug":"accrochage-scolaire","status":"publish","type":"page","link":"https:\/\/ceref.helha.be\/education\/formations\/educateurs-specialises\/accrochage-scolaire\/","title":{"rendered":"L&rsquo;accrochage scolaire"},"content":{"rendered":"<p><span style=\"color: #ff9900;\"><strong><span style=\"font-size: 18pt;\"><img loading=\"lazy\" decoding=\"async\" class=\"alignnone size-large wp-image-2221\" src=\"https:\/\/ceref.helha.be\/education\/app\/uploads\/2026\/05\/formation-accrochage-scolaire-1024x103.png\" alt=\"Formation accrochage scolaire\" width=\"1024\" height=\"103\" srcset=\"https:\/\/ceref.helha.be\/education\/app\/uploads\/2026\/05\/formation-accrochage-scolaire-1024x103.png 1024w, https:\/\/ceref.helha.be\/education\/app\/uploads\/2026\/05\/formation-accrochage-scolaire-300x30.png 300w, https:\/\/ceref.helha.be\/education\/app\/uploads\/2026\/05\/formation-accrochage-scolaire-768x77.png 768w, https:\/\/ceref.helha.be\/education\/app\/uploads\/2026\/05\/formation-accrochage-scolaire-1536x154.png 1536w, https:\/\/ceref.helha.be\/education\/app\/uploads\/2026\/05\/formation-accrochage-scolaire.png 2048w\" sizes=\"auto, (max-width: 1024px) 100vw, 1024px\" \/><\/span><\/strong><\/span><\/p>\n<p><strong><span style=\"font-size: 18pt;\">Accrochage scolaire : co-construire des dispositifs d\u2019aide et d\u2019accompagnement des jeunes<\/span><\/strong><\/p>\n<h2>Objectifs au terme de cette formation<\/h2>\n<ul>\n<li><span style=\"font-size: 14pt;\">D\u00e9couvrir, construire et utiliser des outils d&rsquo;analyse r\u00e9flexive afin de mieux comprendre les m\u00e9canismes et les enjeux de l\u2019accrochage scolaire ;<\/span><\/li>\n<li><span style=\"font-size: 14pt;\">Valoriser la <strong>co-intervention comme levier d\u2019accrochage<\/strong> ;<\/span><\/li>\n<li><span style=\"font-size: 14pt;\">Partager des exp\u00e9riences d&rsquo;accrochage scolaire afin de <strong>favoriser des pistes alternatives d\u2019actions<\/strong> au sein de son propre contexte d\u2019intervention ;<\/span><\/li>\n<\/ul>\n<p>&nbsp;<\/p>\n<h2>Contenu de la formation<span style=\"font-size: 14pt; color: #333333;\"><strong><span style=\"color: #ff9900;\"><br \/>\n<\/span><\/strong><\/span><\/h2>\n<ul>\n<li><span style=\"font-size: 14pt;\">Introduction aux \u00ab 5 balises \u00bb de l\u2019intervention sociale et au Triangle \u00e9thique de Ricoeur comme outils d\u2019analyse r\u00e9flexive ;<\/span><\/li>\n<li><span style=\"font-size: 14pt;\">Exploration des pratiques d\u2019accrochage scolaire \u00e0 l\u2019\u0153uvre dans notre bassin d\u2019activit\u00e9, identification des partenaires du r\u00e9seau professionnel et mise en contacts ;<\/span><\/li>\n<li><span style=\"font-size: 14pt;\">Proposition d\u2019outils d\u2019accompagnement et d\u2019id\u00e9es de projets \u00e0 d\u00e9velopper afin de lever les difficult\u00e9s rencontr\u00e9es par un jeune en situation de d\u00e9crochage ;<\/span><\/li>\n<li><span style=\"font-size: 14pt;\">Mise en place de temps d\u2019\u00e9changes des pratiques d\u2019accrochage des participants ;<\/span><\/li>\n<li><span style=\"font-size: 14pt;\">D\u00e9couvrir, construire et utiliser des outils d&rsquo;analyse r\u00e9flexive afin de mieux comprendre les m\u00e9canismes et les enjeux de l\u2019accrochage scolaire ;<\/span><\/li>\n<li><span style=\"font-size: 14pt;\">Valoriser la co-intervention comme levier d\u2019accrochage ;<\/span><\/li>\n<li><span style=\"font-size: 14pt;\">Partager des exp\u00e9riences d&rsquo;accrochage scolaire afin de favoriser de pistes alternatives d\u2019actions au sein de son propre contexte d\u2019intervention. <\/span><\/li>\n<\/ul>\n<p>&nbsp;<\/p>\n<h2>Formatrices<\/h2>\n<h3>Isabelle POCOROBBA<\/h3>\n<ul>\n<li><span style=\"font-size: 14pt;\">\u00c9ducatrice sp\u00e9cialis\u00e9e dans l\u2019enseignement secondaire de plein exercice (25 ans) ;<\/span><\/li>\n<li><span style=\"font-size: 14pt;\">R\u00e9f\u00e9rente Amarrages (depuis 5 ans) ;<\/span><\/li>\n<li><span style=\"font-size: 14pt;\">Enseignante \u00e0 la HELHa de Gosselies (depuis 7 ans) dans la section Educateurs sp\u00e9cialis\u00e9s ;<\/span><\/li>\n<li><span style=\"font-size: 14pt;\">Active au niveau de la Commission Mixte Territoriale (CMT) du Centre.<\/span><\/li>\n<\/ul>\n<p>&nbsp;<\/p>\n<h3>D\u00e9borah DECUYPER <span style=\"font-size: 14pt;\"><br \/>\n<\/span><\/h3>\n<ul>\n<li><span style=\"font-size: 14pt;\">Enseignante dans le secondaire depuis 10 ans <\/span><\/li>\n<li><span style=\"font-size: 14pt;\">Enseignante dans le sup\u00e9rieur de promotion sociale en philosophie, d\u00e9ontologie et encadrement des travaux de fin d\u2019\u00e9tude. <\/span><strong><span style=\"font-size: 14pt; color: #333333;\"><span style=\"color: #ff9900;\"><br \/>\n<\/span><\/span><\/strong><\/li>\n<\/ul>\n<p>&nbsp;<\/p>\n<p><i class=\"bi bi-arrow-right-circle\"><\/i> <strong>Ce module est destin\u00e9 aux \u00e9ducateur\u00b7rice\u00b7s \u00e9voluant, en priorit\u00e9, dans les secteurs suivants : le milieu scolaire et l&rsquo;aide \u00e0 la jeunesse.<\/strong><\/p>\n<div style=\"display: flex; align-items: center; gap: .5rem;\"><i class=\"bi bi-clock-history text-he-current fs-2\"><\/i><span style=\"color: #424d58;\"><em>1 module de 7h<\/em><\/span><\/div>\n<div style=\"display: flex; align-items: center; gap: .5rem;\"><i class=\"bi bi-pin-angle text-he-current fs-2\"><\/i><span style=\"color: #424d58;\"><em>Formation en pr\u00e9sentiel<\/em><\/span><\/div>\n<div style=\"display: flex; align-items: center; gap: .5rem;\"><i class=\"bi bi-geo-alt text-he-current fs-2\"><\/i><em>Gosselies<\/em><\/div>\n<div style=\"display: flex; align-items: center; gap: .5rem;\"><i class=\"bi bi-calendar2-check text-he-current fs-2\"><\/i> <em>Mardi 9 d\u00e9cembre 2025<\/em><\/div>\n<div style=\"display: flex; align-items: center; gap: .5rem;\"><i class=\"bi bi-currency-euro text-he-current fs-2\"><\/i> <em>90\u20ac (lunch compris)<\/em><\/div>\n<p>&nbsp;<\/p>\n<div><span style=\"font-size: 14pt; color: #009790;\"><strong>Code de la formation : <span style=\"color: #d85252;\">Educ-F06<\/span><\/strong><\/span><\/div>\n<p><a href=\"https:\/\/forms.office.com\/pages\/responsepage.aspx?id=DdTDAQXPJkODYP7OfaVEFFvRTa3QYIROomVWYZjaOlxUOTRMR1dFN1BQWkpHUDJIMUtSUzFBMkY0My4u&amp;route=shorturl\" target=\"_blank\" rel=\"noopener\"><img loading=\"lazy\" decoding=\"async\" class=\"alignnone wp-image-8864\" src=\"https:\/\/ceref.helha.be\/education\/app\/uploads\/2026\/05\/inscription-formation.jpg\" alt=\"Je m'inscris !\" width=\"700\" height=\"261\" \/><\/a><\/p>\n","protected":false},"excerpt":{"rendered":"<p>Accrochage scolaire : co-construire des dispositifs d\u2019aide et d\u2019accompagnement des jeunes Objectifs au terme de cette formation D\u00e9couvrir, construire et utiliser des outils d&rsquo;analyse r\u00e9flexive afin de mieux comprendre les m\u00e9canismes et les enjeux de l\u2019accrochage scolaire ; Valoriser la co-intervention comme levier d\u2019accrochage ; Partager des exp\u00e9riences d&rsquo;accrochage scolaire afin de favoriser des pistes [&hellip;]<\/p>\n","protected":false},"author":42,"featured_media":0,"parent":2170,"menu_order":0,"comment_status":"closed","ping_status":"closed","template":"","meta":{"_acf_changed":false,"footnotes":""},"class_list":["post-2199","page","type-page","status-publish","hentry"],"acf":[],"yoast_head":"<!-- This site is optimized with the Yoast SEO plugin v21.9.1 - https:\/\/yoast.com\/wordpress\/plugins\/seo\/ -->\n<title>L&#039;accrochage scolaire - Formations pour les \u00e9ducateur\u00b7trice\u00b7s sp\u00e9cialis\u00e9\u00b7e\u00b7s - CeREF \u00c9ducation<\/title>\n<meta name=\"robots\" content=\"index, follow, max-snippet:-1, max-image-preview:large, max-video-preview:-1\" \/>\n<link rel=\"canonical\" href=\"https:\/\/ceref.helha.be\/education\/formations\/educateurs-specialises\/accrochage-scolaire\/\" \/>\n<meta property=\"og:locale\" content=\"fr_FR\" \/>\n<meta property=\"og:type\" content=\"article\" \/>\n<meta property=\"og:title\" content=\"L&#039;accrochage scolaire - Formations pour les \u00e9ducateur\u00b7trice\u00b7s sp\u00e9cialis\u00e9\u00b7e\u00b7s - CeREF \u00c9ducation\" \/>\n<meta property=\"og:description\" content=\"Accrochage scolaire : co-construire des dispositifs d\u2019aide et d\u2019accompagnement des jeunes Objectifs au terme de cette formation D\u00e9couvrir, construire et utiliser des outils d&rsquo;analyse r\u00e9flexive afin de mieux comprendre les m\u00e9canismes et les enjeux de l\u2019accrochage scolaire ; Valoriser la co-intervention comme levier d\u2019accrochage ; Partager des exp\u00e9riences d&rsquo;accrochage scolaire afin de favoriser des pistes [&hellip;]\" \/>\n<meta property=\"og:url\" content=\"https:\/\/ceref.helha.be\/education\/formations\/educateurs-specialises\/accrochage-scolaire\/\" \/>\n<meta property=\"og:site_name\" content=\"CeREF \u00c9ducation\" \/>\n<meta property=\"article:publisher\" content=\"https:\/\/www.facebook.com\/Ceref.helha\" \/>\n<meta property=\"article:modified_time\" content=\"2026-05-13T14:58:23+00:00\" \/>\n<meta property=\"og:image\" content=\"https:\/\/ceref.helha.be\/education\/app\/uploads\/2026\/05\/formation-accrochage-scolaire-1024x103.png\" \/>\n<meta name=\"twitter:card\" content=\"summary_large_image\" \/>\n<meta name=\"twitter:label1\" content=\"Est. reading time\" \/>\n\t<meta name=\"twitter:data1\" content=\"2 minutes\" \/>\n<script type=\"application\/ld+json\" class=\"yoast-schema-graph\">{\"@context\":\"https:\/\/schema.org\",\"@graph\":[{\"@type\":\"WebPage\",\"@id\":\"https:\/\/ceref.helha.be\/education\/formations\/educateurs-specialises\/accrochage-scolaire\/\",\"url\":\"https:\/\/ceref.helha.be\/education\/formations\/educateurs-specialises\/accrochage-scolaire\/\",\"name\":\"L'accrochage scolaire - Formations pour les \u00e9ducateur\u00b7trice\u00b7s sp\u00e9cialis\u00e9\u00b7e\u00b7s - CeREF \u00c9ducation\",\"isPartOf\":{\"@id\":\"https:\/\/ceref.helha.be\/education\/#website\"},\"datePublished\":\"2025-11-13T09:13:02+00:00\",\"dateModified\":\"2026-05-13T14:58:23+00:00\",\"breadcrumb\":{\"@id\":\"https:\/\/ceref.helha.be\/education\/formations\/educateurs-specialises\/accrochage-scolaire\/#breadcrumb\"},\"inLanguage\":\"fr-FR\",\"potentialAction\":[{\"@type\":\"ReadAction\",\"target\":[\"https:\/\/ceref.helha.be\/education\/formations\/educateurs-specialises\/accrochage-scolaire\/\"]}]},{\"@type\":\"BreadcrumbList\",\"@id\":\"https:\/\/ceref.helha.be\/education\/formations\/educateurs-specialises\/accrochage-scolaire\/#breadcrumb\",\"itemListElement\":[{\"@type\":\"ListItem\",\"position\":1,\"name\":\"Home\",\"item\":\"https:\/\/ceref.helha.be\/education\/\"},{\"@type\":\"ListItem\",\"position\":2,\"name\":\"Formations\",\"item\":\"https:\/\/ceref.helha.be\/education\/formations\/\"},{\"@type\":\"ListItem\",\"position\":3,\"name\":\"Formations pour les \u00e9ducateur\u00b7trice\u00b7s sp\u00e9cialis\u00e9\u00b7e\u00b7s\",\"item\":\"https:\/\/ceref.helha.be\/education\/formations\/educateurs-specialises\/\"},{\"@type\":\"ListItem\",\"position\":4,\"name\":\"L&rsquo;accrochage scolaire\"}]},{\"@type\":\"WebSite\",\"@id\":\"https:\/\/ceref.helha.be\/education\/#website\",\"url\":\"https:\/\/ceref.helha.be\/education\/\",\"name\":\"CeREF \u00c9ducation - Centre de Recherche et de Formation continue de la HELHa\",\"description\":\"\",\"publisher\":{\"@id\":\"https:\/\/ceref.helha.be\/education\/#organization\"},\"potentialAction\":[{\"@type\":\"SearchAction\",\"target\":{\"@type\":\"EntryPoint\",\"urlTemplate\":\"https:\/\/ceref.helha.be\/education\/?s={search_term_string}\"},\"query-input\":\"required name=search_term_string\"}],\"inLanguage\":\"fr-FR\"},{\"@type\":\"Organization\",\"@id\":\"https:\/\/ceref.helha.be\/education\/#organization\",\"name\":\"CeREF \u00c9ducation - Centre de Recherche et de Formation continue de la HELHa\",\"url\":\"https:\/\/ceref.helha.be\/education\/\",\"logo\":{\"@type\":\"ImageObject\",\"inLanguage\":\"fr-FR\",\"@id\":\"https:\/\/ceref.helha.be\/education\/#\/schema\/logo\/image\/\",\"url\":\"https:\/\/ceref.helha.be\/education\/app\/uploads\/2026\/01\/ceref-education.jpg\",\"contentUrl\":\"https:\/\/ceref.helha.be\/education\/app\/uploads\/2026\/01\/ceref-education.jpg\",\"width\":242,\"height\":84,\"caption\":\"CeREF \u00c9ducation - Centre de Recherche et de Formation continue de la HELHa\"},\"image\":{\"@id\":\"https:\/\/ceref.helha.be\/education\/#\/schema\/logo\/image\/\"},\"sameAs\":[\"https:\/\/www.facebook.com\/Ceref.helha\",\"https:\/\/www.linkedin.com\/company\/ceref-helha\/\"]}]}<\/script>\n<!-- \/ Yoast SEO plugin. -->","yoast_head_json":{"title":"L'accrochage scolaire - Formations pour les \u00e9ducateur\u00b7trice\u00b7s sp\u00e9cialis\u00e9\u00b7e\u00b7s - CeREF \u00c9ducation","robots":{"index":"index","follow":"follow","max-snippet":"max-snippet:-1","max-image-preview":"max-image-preview:large","max-video-preview":"max-video-preview:-1"},"canonical":"https:\/\/ceref.helha.be\/education\/formations\/educateurs-specialises\/accrochage-scolaire\/","og_locale":"fr_FR","og_type":"article","og_title":"L'accrochage scolaire - Formations pour les \u00e9ducateur\u00b7trice\u00b7s sp\u00e9cialis\u00e9\u00b7e\u00b7s - CeREF \u00c9ducation","og_description":"Accrochage scolaire : co-construire des dispositifs d\u2019aide et d\u2019accompagnement des jeunes Objectifs au terme de cette formation D\u00e9couvrir, construire et utiliser des outils d&rsquo;analyse r\u00e9flexive afin de mieux comprendre les m\u00e9canismes et les enjeux de l\u2019accrochage scolaire ; Valoriser la co-intervention comme levier d\u2019accrochage ; Partager des exp\u00e9riences d&rsquo;accrochage scolaire afin de favoriser des pistes [&hellip;]","og_url":"https:\/\/ceref.helha.be\/education\/formations\/educateurs-specialises\/accrochage-scolaire\/","og_site_name":"CeREF \u00c9ducation","article_publisher":"https:\/\/www.facebook.com\/Ceref.helha","article_modified_time":"2026-05-13T14:58:23+00:00","og_image":[{"url":"https:\/\/ceref.helha.be\/education\/app\/uploads\/2026\/05\/formation-accrochage-scolaire-1024x103.png"}],"twitter_card":"summary_large_image","twitter_misc":{"Est. reading time":"2 minutes"},"schema":{"@context":"https:\/\/schema.org","@graph":[{"@type":"WebPage","@id":"https:\/\/ceref.helha.be\/education\/formations\/educateurs-specialises\/accrochage-scolaire\/","url":"https:\/\/ceref.helha.be\/education\/formations\/educateurs-specialises\/accrochage-scolaire\/","name":"L'accrochage scolaire - Formations pour les \u00e9ducateur\u00b7trice\u00b7s sp\u00e9cialis\u00e9\u00b7e\u00b7s - CeREF \u00c9ducation","isPartOf":{"@id":"https:\/\/ceref.helha.be\/education\/#website"},"datePublished":"2025-11-13T09:13:02+00:00","dateModified":"2026-05-13T14:58:23+00:00","breadcrumb":{"@id":"https:\/\/ceref.helha.be\/education\/formations\/educateurs-specialises\/accrochage-scolaire\/#breadcrumb"},"inLanguage":"fr-FR","potentialAction":[{"@type":"ReadAction","target":["https:\/\/ceref.helha.be\/education\/formations\/educateurs-specialises\/accrochage-scolaire\/"]}]},{"@type":"BreadcrumbList","@id":"https:\/\/ceref.helha.be\/education\/formations\/educateurs-specialises\/accrochage-scolaire\/#breadcrumb","itemListElement":[{"@type":"ListItem","position":1,"name":"Home","item":"https:\/\/ceref.helha.be\/education\/"},{"@type":"ListItem","position":2,"name":"Formations","item":"https:\/\/ceref.helha.be\/education\/formations\/"},{"@type":"ListItem","position":3,"name":"Formations pour les \u00e9ducateur\u00b7trice\u00b7s sp\u00e9cialis\u00e9\u00b7e\u00b7s","item":"https:\/\/ceref.helha.be\/education\/formations\/educateurs-specialises\/"},{"@type":"ListItem","position":4,"name":"L&rsquo;accrochage scolaire"}]},{"@type":"WebSite","@id":"https:\/\/ceref.helha.be\/education\/#website","url":"https:\/\/ceref.helha.be\/education\/","name":"CeREF \u00c9ducation - Centre de Recherche et de Formation continue de la HELHa","description":"","publisher":{"@id":"https:\/\/ceref.helha.be\/education\/#organization"},"potentialAction":[{"@type":"SearchAction","target":{"@type":"EntryPoint","urlTemplate":"https:\/\/ceref.helha.be\/education\/?s={search_term_string}"},"query-input":"required name=search_term_string"}],"inLanguage":"fr-FR"},{"@type":"Organization","@id":"https:\/\/ceref.helha.be\/education\/#organization","name":"CeREF \u00c9ducation - Centre de Recherche et de Formation continue de la HELHa","url":"https:\/\/ceref.helha.be\/education\/","logo":{"@type":"ImageObject","inLanguage":"fr-FR","@id":"https:\/\/ceref.helha.be\/education\/#\/schema\/logo\/image\/","url":"https:\/\/ceref.helha.be\/education\/app\/uploads\/2026\/01\/ceref-education.jpg","contentUrl":"https:\/\/ceref.helha.be\/education\/app\/uploads\/2026\/01\/ceref-education.jpg","width":242,"height":84,"caption":"CeREF \u00c9ducation - Centre de Recherche et de Formation continue de la HELHa"},"image":{"@id":"https:\/\/ceref.helha.be\/education\/#\/schema\/logo\/image\/"},"sameAs":["https:\/\/www.facebook.com\/Ceref.helha","https:\/\/www.linkedin.com\/company\/ceref-helha\/"]}]}},"_links":{"self":[{"href":"https:\/\/ceref.helha.be\/education\/wp-json\/wp\/v2\/pages\/2199","targetHints":{"allow":["GET"]}}],"collection":[{"href":"https:\/\/ceref.helha.be\/education\/wp-json\/wp\/v2\/pages"}],"about":[{"href":"https:\/\/ceref.helha.be\/education\/wp-json\/wp\/v2\/types\/page"}],"author":[{"embeddable":true,"href":"https:\/\/ceref.helha.be\/education\/wp-json\/wp\/v2\/users\/42"}],"replies":[{"embeddable":true,"href":"https:\/\/ceref.helha.be\/education\/wp-json\/wp\/v2\/comments?post=2199"}],"version-history":[{"count":11,"href":"https:\/\/ceref.helha.be\/education\/wp-json\/wp\/v2\/pages\/2199\/revisions"}],"predecessor-version":[{"id":2252,"href":"https:\/\/ceref.helha.be\/education\/wp-json\/wp\/v2\/pages\/2199\/revisions\/2252"}],"up":[{"embeddable":true,"href":"https:\/\/ceref.helha.be\/education\/wp-json\/wp\/v2\/pages\/2170"}],"wp:attachment":[{"href":"https:\/\/ceref.helha.be\/education\/wp-json\/wp\/v2\/media?parent=2199"}],"curies":[{"name":"wp","href":"https:\/\/api.w.org\/{rel}","templated":true}]}}