{"id":2180,"date":"2026-05-13T07:56:54","date_gmt":"2026-05-13T07:56:54","guid":{"rendered":"https:\/\/ceref.helha.be\/education\/?page_id=2180"},"modified":"2026-05-13T14:58:56","modified_gmt":"2026-05-13T14:58:56","slug":"les-enfants-face-a-la-violence-conjugale","status":"publish","type":"page","link":"https:\/\/ceref.helha.be\/education\/formations\/educateurs-specialises\/les-enfants-face-a-la-violence-conjugale\/","title":{"rendered":"Les enfants face \u00e0 la violence conjugale"},"content":{"rendered":"<p><img loading=\"lazy\" decoding=\"async\" class=\"alignnone size-large wp-image-2224\" src=\"https:\/\/ceref.helha.be\/education\/app\/uploads\/2026\/05\/formation-enfants-face-violence-conjugale-1024x100.png\" alt=\"Formation enfants face \u00e0 la violence conjugale\" width=\"1024\" height=\"100\" srcset=\"https:\/\/ceref.helha.be\/education\/app\/uploads\/2026\/05\/formation-enfants-face-violence-conjugale-1024x100.png 1024w, https:\/\/ceref.helha.be\/education\/app\/uploads\/2026\/05\/formation-enfants-face-violence-conjugale-300x29.png 300w, https:\/\/ceref.helha.be\/education\/app\/uploads\/2026\/05\/formation-enfants-face-violence-conjugale-768x75.png 768w, https:\/\/ceref.helha.be\/education\/app\/uploads\/2026\/05\/formation-enfants-face-violence-conjugale-1536x150.png 1536w, https:\/\/ceref.helha.be\/education\/app\/uploads\/2026\/05\/formation-enfants-face-violence-conjugale.png 2048w\" sizes=\"auto, (max-width: 1024px) 100vw, 1024px\" \/><\/p>\n<p><span style=\"font-size: 18pt;\"><strong>Les enfants victimes de violence conjugale : quel accueil et quel accompagnement ?<\/strong><\/span><\/p>\n<h2><strong>Objectifs au terme de cette formation<\/strong><\/h2>\n<ul>\n<li><span style=\"font-size: 14pt;\">Comprendre la violence conjugale en ses diff\u00e9rents aspects afin de pouvoir en rep\u00e9rer, \u00ab souvent entre les lignes \u00bb, les signes et les cons\u00e9quences pr\u00e9coces sur les enfants.<\/span><\/li>\n<li><span style=\"font-size: 14pt;\">Cerner le cadre l\u00e9gal et politique li\u00e9s \u00e0 la protection des victimes ;<\/span><\/li>\n<li><span style=\"font-size: 14pt;\">Apprendre \u00e0 d\u00e9velopper des techniques d\u2019entretien permettant de restaurer la Parole de l\u2019enfant ;<\/span><\/li>\n<li><span style=\"font-size: 14pt;\">Apprendre \u00e0 d\u00e9velopper les comp\u00e9tences des enfants \u00e0 communiquer pour les aider \u00e0 prendre la parole ;<\/span><\/li>\n<li><span style=\"font-size: 14pt;\">S\u2019initier et d\u00e9couvrir le concept de \u00ab sc\u00e9narios de protection \u00bb.<\/span><\/li>\n<li><span style=\"font-size: 14pt;\">Apprendre \u00e0 d\u00e9velopper en co-construction avec les enfants des scenarios de protection.<\/span><\/li>\n<\/ul>\n<p>&nbsp;<\/p>\n<h2><strong>Contenu de la formation<\/strong><span style=\"font-size: 14pt; color: #333333;\"><strong><span style=\"color: #ff9900;\"><br \/>\n<\/span><\/strong><\/span><\/h2>\n<h3><span style=\"font-size: 14pt;\"><strong>Aspects th\u00e9oriques<\/strong> : <\/span><\/h3>\n<ul>\n<li><span style=\"font-size: 14pt;\">Pr\u00e9sentation approfondie des aspects psychologiques, relationnels et juridiques li\u00e9s \u00e0 des situations de violence conjugale ;<\/span><\/li>\n<li><span style=\"font-size: 14pt;\">Exploration des cons\u00e9quences sp\u00e9cifiques de la violence conjugale sur les enfants.<\/span><\/li>\n<\/ul>\n<p>&nbsp;<\/p>\n<h3><span style=\"font-size: 14pt;\"><strong>Aspects pratiques<\/strong> :<br \/>\n<\/span><\/h3>\n<ul>\n<li><span style=\"font-size: 14pt;\">D\u00e9couverte et exp\u00e9rimentation d\u2019outils d\u2019accompagnement concret permettant aux intervenants psycho-sociaux d\u2019identifier les signes de violence conjugale et de stress post-traumatique ;<\/span><\/li>\n<li><span style=\"font-size: 14pt;\">D\u00e9couverte et exp\u00e9rimentation d\u2019outils d\u2019accompagnement concret permettant aux participants d\u2019intervenir et de soutenir les enfants dans des situations de violence conjugale ;<\/span><\/li>\n<li><span style=\"font-size: 14pt;\">Application des outils pr\u00e9sent\u00e9s dans les contextes professionnels des participants.<\/span><\/li>\n<\/ul>\n<p>&nbsp;<\/p>\n<h2><strong>M\u00e9thodologie <\/strong><\/h2>\n<ul>\n<li><span style=\"font-size: 14pt;\">Pr\u00e9sentations br\u00e8ves des aspects et notions th\u00e9oriques<\/span><\/li>\n<li><span style=\"font-size: 14pt;\">Etudes de cas et simulations de situations permettant d\u2019int\u00e9grer la th\u00e9orie \u00e0 la pratique<\/span><\/li>\n<li><span style=\"font-size: 14pt;\">Attention accord\u00e9e au partage et \u00e0 l\u2019\u00e9change des difficult\u00e9s \u00e0 g\u00e9rer le stress et la charge \u00e9motionnelle li\u00e9s \u00e0 l\u2019accompagnement d\u2019enfants victimes de violence conjugale.<\/span><\/li>\n<\/ul>\n<p>&nbsp;<\/p>\n<h2><strong>Formatrices<\/strong><\/h2>\n<p><span style=\"font-size: 14pt;\"><strong>Anne GASIA <\/strong><\/span><\/p>\n<p><span style=\"font-size: 14pt;\">\u00c9ducatrice sp\u00e9cialis\u00e9e, th\u00e9rapeute syst\u00e9mique, certifi\u00e9e en accompagnement \u00e0 la parentalit\u00e9.<\/span><\/p>\n<p><span style=\"font-size: 14pt;\"><span style=\"font-size: 14pt;\"><strong>Marie KEGELS <\/strong><\/span><br \/>\n<\/span><\/p>\n<p><span style=\"font-size: 14pt;\">Neuropsychologue, psychologue clinicienne, animatrice et formatrice dans la section Educateur sp\u00e9cialis\u00e9 de la HELHa. <\/span><strong><span style=\"font-size: 14pt; color: #333333;\"><span style=\"color: #ff9900;\"><br \/>\n<\/span><\/span><\/strong><\/p>\n<p>&nbsp;<\/p>\n<p><i class=\"bi bi-arrow-right-circle\"><\/i> <strong>Ce module est destin\u00e9 aux \u00e9ducateur\u00b7rice\u00b7s \u00e9voluant, en priorit\u00e9, dans les secteurs suivants : l&rsquo;aide \u00e0 la jeunesse, la petite enfance. Au-del\u00e0 des personnes : \u00e0 la crois\u00e9e des chemins.<\/strong><\/p>\n<div style=\"display: flex; align-items: center; gap: .5rem;\"><i class=\"bi bi-clock-history text-he-current fs-2\"><\/i><span style=\"color: #424d58;\"><em>2 journ\u00e9es\u00a0 (12h)<\/em><\/span><\/div>\n<div style=\"display: flex; align-items: center; gap: .5rem;\"><i class=\"bi bi-pin-angle text-he-current fs-2\"><\/i><span style=\"color: #424d58;\"><em>Formation en pr\u00e9sentiel<\/em><\/span><\/div>\n<div style=\"display: flex; align-items: center; gap: .5rem;\"><i class=\"bi bi-geo-alt text-he-current fs-2\"><\/i><em>Gosselies<\/em><\/div>\n<div style=\"display: flex; align-items: center; gap: .5rem;\"><i class=\"bi bi-calendar2-check text-he-current fs-2\"><\/i> <em>Les lundi 8 et mardi 9 juin 2026<\/em><\/div>\n<div style=\"display: flex; align-items: center; gap: .5rem;\"><i class=\"bi bi-currency-euro text-he-current fs-2\"><\/i> <em>170\u20ac (lunch compris)<\/em><\/div>\n<div><\/div>\n<p><a href=\"https:\/\/forms.cloud.microsoft\/pages\/responsepage.aspx?id=DdTDAQXPJkODYP7OfaVEFP0koyExPIJNr1cD_RIg4nRUQjBPTzVXOFhJSDdFVFpGUEs0VDhaQ09VQS4u&amp;route=shorturl\" target=\"_blank\" rel=\"noopener\"><img loading=\"lazy\" decoding=\"async\" class=\"alignnone wp-image-8864\" src=\"https:\/\/ceref.helha.be\/education\/app\/uploads\/2026\/05\/inscription-formation.jpg\" alt=\"Je m'inscris !\" width=\"700\" height=\"261\" \/><\/a><\/p>\n","protected":false},"excerpt":{"rendered":"<p>Les enfants victimes de violence conjugale : quel accueil et quel accompagnement ? Objectifs au terme de cette formation Comprendre la violence conjugale en ses diff\u00e9rents aspects afin de pouvoir en rep\u00e9rer, \u00ab souvent entre les lignes \u00bb, les signes et les cons\u00e9quences pr\u00e9coces sur les enfants. Cerner le cadre l\u00e9gal et politique li\u00e9s \u00e0 [&hellip;]<\/p>\n","protected":false},"author":42,"featured_media":0,"parent":2170,"menu_order":0,"comment_status":"closed","ping_status":"closed","template":"","meta":{"_acf_changed":false,"footnotes":""},"class_list":["post-2180","page","type-page","status-publish","hentry"],"acf":[],"yoast_head":"<!-- This site is optimized with the Yoast SEO plugin v21.9.1 - https:\/\/yoast.com\/wordpress\/plugins\/seo\/ -->\n<title>Les enfants face \u00e0 la violence conjugale - Formations pour les \u00e9ducateur\u00b7trice\u00b7s sp\u00e9cialis\u00e9\u00b7e\u00b7s - CeREF \u00c9ducation<\/title>\n<meta name=\"description\" content=\"Les enfants victimes de violence conjugale : quel accueil et quel accompagnement ?\" \/>\n<meta name=\"robots\" content=\"index, follow, max-snippet:-1, max-image-preview:large, max-video-preview:-1\" \/>\n<link rel=\"canonical\" href=\"https:\/\/ceref.helha.be\/education\/formations\/educateurs-specialises\/les-enfants-face-a-la-violence-conjugale\/\" \/>\n<meta property=\"og:locale\" content=\"fr_FR\" \/>\n<meta property=\"og:type\" content=\"article\" \/>\n<meta property=\"og:title\" content=\"Les enfants face \u00e0 la violence conjugale - Formations pour les \u00e9ducateur\u00b7trice\u00b7s sp\u00e9cialis\u00e9\u00b7e\u00b7s - CeREF \u00c9ducation\" \/>\n<meta property=\"og:description\" content=\"Les enfants victimes de violence conjugale : quel accueil et quel accompagnement ?\" \/>\n<meta property=\"og:url\" content=\"https:\/\/ceref.helha.be\/education\/formations\/educateurs-specialises\/les-enfants-face-a-la-violence-conjugale\/\" \/>\n<meta property=\"og:site_name\" content=\"CeREF \u00c9ducation\" \/>\n<meta property=\"article:publisher\" content=\"https:\/\/www.facebook.com\/Ceref.helha\" \/>\n<meta property=\"article:modified_time\" content=\"2026-05-13T14:58:56+00:00\" \/>\n<meta property=\"og:image\" content=\"https:\/\/ceref.helha.be\/education\/app\/uploads\/2026\/05\/formation-enfants-face-violence-conjugale-1024x100.png\" \/>\n<meta name=\"twitter:card\" content=\"summary_large_image\" \/>\n<meta name=\"twitter:label1\" content=\"Est. reading time\" \/>\n\t<meta name=\"twitter:data1\" content=\"2 minutes\" \/>\n<script type=\"application\/ld+json\" class=\"yoast-schema-graph\">{\"@context\":\"https:\/\/schema.org\",\"@graph\":[{\"@type\":\"WebPage\",\"@id\":\"https:\/\/ceref.helha.be\/education\/formations\/educateurs-specialises\/les-enfants-face-a-la-violence-conjugale\/\",\"url\":\"https:\/\/ceref.helha.be\/education\/formations\/educateurs-specialises\/les-enfants-face-a-la-violence-conjugale\/\",\"name\":\"Les enfants face \u00e0 la violence conjugale - Formations pour les \u00e9ducateur\u00b7trice\u00b7s sp\u00e9cialis\u00e9\u00b7e\u00b7s - CeREF \u00c9ducation\",\"isPartOf\":{\"@id\":\"https:\/\/ceref.helha.be\/education\/#website\"},\"datePublished\":\"2026-05-13T07:56:54+00:00\",\"dateModified\":\"2026-05-13T14:58:56+00:00\",\"description\":\"Les enfants victimes de violence conjugale : quel accueil et quel accompagnement ?\",\"breadcrumb\":{\"@id\":\"https:\/\/ceref.helha.be\/education\/formations\/educateurs-specialises\/les-enfants-face-a-la-violence-conjugale\/#breadcrumb\"},\"inLanguage\":\"fr-FR\",\"potentialAction\":[{\"@type\":\"ReadAction\",\"target\":[\"https:\/\/ceref.helha.be\/education\/formations\/educateurs-specialises\/les-enfants-face-a-la-violence-conjugale\/\"]}]},{\"@type\":\"BreadcrumbList\",\"@id\":\"https:\/\/ceref.helha.be\/education\/formations\/educateurs-specialises\/les-enfants-face-a-la-violence-conjugale\/#breadcrumb\",\"itemListElement\":[{\"@type\":\"ListItem\",\"position\":1,\"name\":\"Home\",\"item\":\"https:\/\/ceref.helha.be\/education\/\"},{\"@type\":\"ListItem\",\"position\":2,\"name\":\"Formations\",\"item\":\"https:\/\/ceref.helha.be\/education\/formations\/\"},{\"@type\":\"ListItem\",\"position\":3,\"name\":\"Formations pour les \u00e9ducateur\u00b7trice\u00b7s sp\u00e9cialis\u00e9\u00b7e\u00b7s\",\"item\":\"https:\/\/ceref.helha.be\/education\/formations\/educateurs-specialises\/\"},{\"@type\":\"ListItem\",\"position\":4,\"name\":\"Les enfants face \u00e0 la violence conjugale\"}]},{\"@type\":\"WebSite\",\"@id\":\"https:\/\/ceref.helha.be\/education\/#website\",\"url\":\"https:\/\/ceref.helha.be\/education\/\",\"name\":\"CeREF \u00c9ducation - Centre de Recherche et de Formation continue de la HELHa\",\"description\":\"\",\"publisher\":{\"@id\":\"https:\/\/ceref.helha.be\/education\/#organization\"},\"potentialAction\":[{\"@type\":\"SearchAction\",\"target\":{\"@type\":\"EntryPoint\",\"urlTemplate\":\"https:\/\/ceref.helha.be\/education\/?s={search_term_string}\"},\"query-input\":\"required name=search_term_string\"}],\"inLanguage\":\"fr-FR\"},{\"@type\":\"Organization\",\"@id\":\"https:\/\/ceref.helha.be\/education\/#organization\",\"name\":\"CeREF \u00c9ducation - Centre de Recherche et de Formation continue de la HELHa\",\"url\":\"https:\/\/ceref.helha.be\/education\/\",\"logo\":{\"@type\":\"ImageObject\",\"inLanguage\":\"fr-FR\",\"@id\":\"https:\/\/ceref.helha.be\/education\/#\/schema\/logo\/image\/\",\"url\":\"https:\/\/ceref.helha.be\/education\/app\/uploads\/2026\/01\/ceref-education.jpg\",\"contentUrl\":\"https:\/\/ceref.helha.be\/education\/app\/uploads\/2026\/01\/ceref-education.jpg\",\"width\":242,\"height\":84,\"caption\":\"CeREF \u00c9ducation - Centre de Recherche et de Formation continue de la HELHa\"},\"image\":{\"@id\":\"https:\/\/ceref.helha.be\/education\/#\/schema\/logo\/image\/\"},\"sameAs\":[\"https:\/\/www.facebook.com\/Ceref.helha\",\"https:\/\/www.linkedin.com\/company\/ceref-helha\/\"]}]}<\/script>\n<!-- \/ Yoast SEO plugin. -->","yoast_head_json":{"title":"Les enfants face \u00e0 la violence conjugale - Formations pour les \u00e9ducateur\u00b7trice\u00b7s sp\u00e9cialis\u00e9\u00b7e\u00b7s - CeREF \u00c9ducation","description":"Les enfants victimes de violence conjugale : quel accueil et quel accompagnement ?","robots":{"index":"index","follow":"follow","max-snippet":"max-snippet:-1","max-image-preview":"max-image-preview:large","max-video-preview":"max-video-preview:-1"},"canonical":"https:\/\/ceref.helha.be\/education\/formations\/educateurs-specialises\/les-enfants-face-a-la-violence-conjugale\/","og_locale":"fr_FR","og_type":"article","og_title":"Les enfants face \u00e0 la violence conjugale - Formations pour les \u00e9ducateur\u00b7trice\u00b7s sp\u00e9cialis\u00e9\u00b7e\u00b7s - CeREF \u00c9ducation","og_description":"Les enfants victimes de violence conjugale : quel accueil et quel accompagnement ?","og_url":"https:\/\/ceref.helha.be\/education\/formations\/educateurs-specialises\/les-enfants-face-a-la-violence-conjugale\/","og_site_name":"CeREF \u00c9ducation","article_publisher":"https:\/\/www.facebook.com\/Ceref.helha","article_modified_time":"2026-05-13T14:58:56+00:00","og_image":[{"url":"https:\/\/ceref.helha.be\/education\/app\/uploads\/2026\/05\/formation-enfants-face-violence-conjugale-1024x100.png"}],"twitter_card":"summary_large_image","twitter_misc":{"Est. reading time":"2 minutes"},"schema":{"@context":"https:\/\/schema.org","@graph":[{"@type":"WebPage","@id":"https:\/\/ceref.helha.be\/education\/formations\/educateurs-specialises\/les-enfants-face-a-la-violence-conjugale\/","url":"https:\/\/ceref.helha.be\/education\/formations\/educateurs-specialises\/les-enfants-face-a-la-violence-conjugale\/","name":"Les enfants face \u00e0 la violence conjugale - Formations pour les \u00e9ducateur\u00b7trice\u00b7s sp\u00e9cialis\u00e9\u00b7e\u00b7s - CeREF \u00c9ducation","isPartOf":{"@id":"https:\/\/ceref.helha.be\/education\/#website"},"datePublished":"2026-05-13T07:56:54+00:00","dateModified":"2026-05-13T14:58:56+00:00","description":"Les enfants victimes de violence conjugale : quel accueil et quel accompagnement ?","breadcrumb":{"@id":"https:\/\/ceref.helha.be\/education\/formations\/educateurs-specialises\/les-enfants-face-a-la-violence-conjugale\/#breadcrumb"},"inLanguage":"fr-FR","potentialAction":[{"@type":"ReadAction","target":["https:\/\/ceref.helha.be\/education\/formations\/educateurs-specialises\/les-enfants-face-a-la-violence-conjugale\/"]}]},{"@type":"BreadcrumbList","@id":"https:\/\/ceref.helha.be\/education\/formations\/educateurs-specialises\/les-enfants-face-a-la-violence-conjugale\/#breadcrumb","itemListElement":[{"@type":"ListItem","position":1,"name":"Home","item":"https:\/\/ceref.helha.be\/education\/"},{"@type":"ListItem","position":2,"name":"Formations","item":"https:\/\/ceref.helha.be\/education\/formations\/"},{"@type":"ListItem","position":3,"name":"Formations pour les \u00e9ducateur\u00b7trice\u00b7s sp\u00e9cialis\u00e9\u00b7e\u00b7s","item":"https:\/\/ceref.helha.be\/education\/formations\/educateurs-specialises\/"},{"@type":"ListItem","position":4,"name":"Les enfants face \u00e0 la violence conjugale"}]},{"@type":"WebSite","@id":"https:\/\/ceref.helha.be\/education\/#website","url":"https:\/\/ceref.helha.be\/education\/","name":"CeREF \u00c9ducation - Centre de Recherche et de Formation continue de la HELHa","description":"","publisher":{"@id":"https:\/\/ceref.helha.be\/education\/#organization"},"potentialAction":[{"@type":"SearchAction","target":{"@type":"EntryPoint","urlTemplate":"https:\/\/ceref.helha.be\/education\/?s={search_term_string}"},"query-input":"required name=search_term_string"}],"inLanguage":"fr-FR"},{"@type":"Organization","@id":"https:\/\/ceref.helha.be\/education\/#organization","name":"CeREF \u00c9ducation - Centre de Recherche et de Formation continue de la HELHa","url":"https:\/\/ceref.helha.be\/education\/","logo":{"@type":"ImageObject","inLanguage":"fr-FR","@id":"https:\/\/ceref.helha.be\/education\/#\/schema\/logo\/image\/","url":"https:\/\/ceref.helha.be\/education\/app\/uploads\/2026\/01\/ceref-education.jpg","contentUrl":"https:\/\/ceref.helha.be\/education\/app\/uploads\/2026\/01\/ceref-education.jpg","width":242,"height":84,"caption":"CeREF \u00c9ducation - Centre de Recherche et de Formation continue de la HELHa"},"image":{"@id":"https:\/\/ceref.helha.be\/education\/#\/schema\/logo\/image\/"},"sameAs":["https:\/\/www.facebook.com\/Ceref.helha","https:\/\/www.linkedin.com\/company\/ceref-helha\/"]}]}},"_links":{"self":[{"href":"https:\/\/ceref.helha.be\/education\/wp-json\/wp\/v2\/pages\/2180","targetHints":{"allow":["GET"]}}],"collection":[{"href":"https:\/\/ceref.helha.be\/education\/wp-json\/wp\/v2\/pages"}],"about":[{"href":"https:\/\/ceref.helha.be\/education\/wp-json\/wp\/v2\/types\/page"}],"author":[{"embeddable":true,"href":"https:\/\/ceref.helha.be\/education\/wp-json\/wp\/v2\/users\/42"}],"replies":[{"embeddable":true,"href":"https:\/\/ceref.helha.be\/education\/wp-json\/wp\/v2\/comments?post=2180"}],"version-history":[{"count":10,"href":"https:\/\/ceref.helha.be\/education\/wp-json\/wp\/v2\/pages\/2180\/revisions"}],"predecessor-version":[{"id":2261,"href":"https:\/\/ceref.helha.be\/education\/wp-json\/wp\/v2\/pages\/2180\/revisions\/2261"}],"up":[{"embeddable":true,"href":"https:\/\/ceref.helha.be\/education\/wp-json\/wp\/v2\/pages\/2170"}],"wp:attachment":[{"href":"https:\/\/ceref.helha.be\/education\/wp-json\/wp\/v2\/media?parent=2180"}],"curies":[{"name":"wp","href":"https:\/\/api.w.org\/{rel}","templated":true}]}}