{"id":2178,"date":"2026-05-13T07:54:35","date_gmt":"2026-05-13T07:54:35","guid":{"rendered":"https:\/\/ceref.helha.be\/education\/?page_id=2178"},"modified":"2026-05-13T13:33:15","modified_gmt":"2026-05-13T13:33:15","slug":"etre-maitre-de-stage-bonnes-pratiques-et-enjeux","status":"publish","type":"page","link":"https:\/\/ceref.helha.be\/education\/formations\/educateurs-specialises\/etre-maitre-de-stage-bonnes-pratiques-et-enjeux\/","title":{"rendered":"\u00catre ma\u00eetre de stage : bonnes pratiques et enjeux"},"content":{"rendered":"<p><img loading=\"lazy\" decoding=\"async\" class=\"alignnone size-large wp-image-2239\" src=\"https:\/\/ceref.helha.be\/education\/app\/uploads\/2026\/05\/formation-maitre-de-stage-1024x100.jpg\" alt=\"Formation ma\u00eetre de stage\" width=\"1024\" height=\"100\" srcset=\"https:\/\/ceref.helha.be\/education\/app\/uploads\/2026\/05\/formation-maitre-de-stage-1024x100.jpg 1024w, https:\/\/ceref.helha.be\/education\/app\/uploads\/2026\/05\/formation-maitre-de-stage-300x29.jpg 300w, https:\/\/ceref.helha.be\/education\/app\/uploads\/2026\/05\/formation-maitre-de-stage-768x75.jpg 768w, https:\/\/ceref.helha.be\/education\/app\/uploads\/2026\/05\/formation-maitre-de-stage.jpg 1200w\" sizes=\"auto, (max-width: 1024px) 100vw, 1024px\" \/><\/p>\n<p><strong>Cette formation explore les bonnes pratiques et les enjeux de la fonction de ma\u00eetre de stage. L&rsquo;objectif est d&rsquo;aider et accompagner les ma\u00eetres de stage \u00e0 construire un cadre g\u00e9n\u00e9ral d\u2019accueil, d\u2019accompagnement et d\u2019\u00e9valuation des stagiaires au sein de leurs institutions.<\/strong><\/p>\n<h2>Exploration des bonnes pratiques<\/h2>\n<ul>\n<li>Introduction aux comp\u00e9tences d\u2019un ma\u00eetre de stage : p\u00e9dagogie, \u00e9coute, bienveillance et rigueur<\/li>\n<li>Pr\u00e9sentation d\u2019outils et de m\u00e9thodes utiles \u00e0 l\u2019accompagnement p\u00e9dagogique d\u2019un stagiaire : la communication, la gestion de projet et la gestion des conflits<\/li>\n<li>Pr\u00e9sentation d\u2019outils et de m\u00e9thodes utiles \u00e0 l\u2019\u00e9valuation d\u2019un stagiaire : observations, entretiens et grilles d\u2019\u00e9valuation<\/li>\n<li>Analyse de cas pratiques v\u00e9cus par les participants ou amen\u00e9s par le formateur pour illustrer et questionner le r\u00f4le du ma\u00eetre de stage dans diff\u00e9rentes situations<\/li>\n<\/ul>\n<p>&nbsp;<\/p>\n<h2>Exploration des enjeux<\/h2>\n<ul>\n<li>Valorisation de l\u2019exp\u00e9rience de stage pour l\u2019\u00e9tudiant, l\u2019\u00e9tablissement scolaire et l\u2019institution accueillante<\/li>\n<li>Discussion sur les limites et difficult\u00e9s de l\u2019\u00e9valuation du stagiaire<\/li>\n<li>Identification des risques li\u00e9s \u00e0 la fonction de ma\u00eetre de stage : protection des donn\u00e9es, conflits \u00e9ventuels et d\u00e9ontologie professionnelle<\/li>\n<\/ul>\n<p>&nbsp;<\/p>\n<p><i class=\"bi bi-arrow-right-circle\"><\/i> <strong>Ce module est destin\u00e9 aux \u00e9ducateur\u00b7rice\u00b7s \u00e9voluant, en priorit\u00e9, dans les secteurs suivants : l\u2019aide \u00e0 la jeunesse, le handicap, le milieu scolaire, la g\u00e9rontologie, la petite enfance, coh\u00e9sion sociale et insertion socio-professionnelle, au-del\u00e0 des personnes, \u00e0 la crois\u00e9e des chemins<\/strong><\/p>\n<h2>Formateur : Nicolas Bedynek<\/h2>\n<ul>\n<li>Enseignant et coordinateur p\u00e9dagogique \u00e0 la HELHa dans la section Educateur sp\u00e9cialis\u00e9<\/li>\n<li>R\u00e9f\u00e9rent de stages<\/li>\n<li>Psychologue, th\u00e9rapeute familial et conjugal<\/li>\n<\/ul>\n<p>&nbsp;<\/p>\n<div style=\"display: flex; align-items: center; gap: .5rem;\"><i class=\"bi bi-clock-history text-he-pe fs-2\"><\/i><span style=\"color: #424d58;\"><em>1 module de 7 h<\/em><\/span><\/div>\n<div style=\"display: flex; align-items: center; gap: .5rem;\"><i class=\"bi bi-geo-alt text-he-pe fs-2\"><\/i><em>HELHA, implantation Gosselies \u2013 Rue circulaire, 4 \u00e0 6041 Gosselies<\/em><\/div>\n<div style=\"display: flex; align-items: center; gap: .5rem;\"><i class=\"bi bi-calendar2-check text-he-pe fs-2\"><\/i> <em>Jeudi 19 mars 2026, de 9h \u00e0 16h<\/em><\/div>\n<div style=\"display: flex; align-items: center; gap: .5rem;\"><i class=\"bi bi-currency-euro text-he-pe fs-2\"><\/i> <em>90 \u20ac (lunch compris)<\/em><\/div>\n<div><span style=\"color: #ffffff;\">e<\/span><\/div>\n<div><span style=\"font-size: 14pt;\"><strong><span style=\"color: #009790;\">Code de la formation :<\/span> <span style=\"color: #d85252;\">EDUC-F02-2026<\/span><\/strong><\/span><\/div>\n<p><a href=\"https:\/\/forms.office.com\/pages\/responsepage.aspx?id=DdTDAQXPJkODYP7OfaVEFFvRTa3QYIROomVWYZjaOlxUOTRMR1dFN1BQWkpHUDJIMUtSUzFBMkY0My4u&amp;route=shorturl\" target=\"_blank\" rel=\"noopener\"><img loading=\"lazy\" decoding=\"async\" class=\"alignnone wp-image-8864\" src=\"https:\/\/ceref.helha.be\/education\/app\/uploads\/2026\/05\/inscription-formation.jpg\" alt=\"Je m'inscris !\" width=\"700\" height=\"261\" \/><\/a><\/p>\n<p>&nbsp;<\/p>\n<p>&nbsp;<\/p>\n","protected":false},"excerpt":{"rendered":"<p>Cette formation explore les bonnes pratiques et les enjeux de la fonction de ma\u00eetre de stage. L&rsquo;objectif est d&rsquo;aider et accompagner les ma\u00eetres de stage \u00e0 construire un cadre g\u00e9n\u00e9ral d\u2019accueil, d\u2019accompagnement et d\u2019\u00e9valuation des stagiaires au sein de leurs institutions. Exploration des bonnes pratiques Introduction aux comp\u00e9tences d\u2019un ma\u00eetre de stage : p\u00e9dagogie, \u00e9coute, [&hellip;]<\/p>\n","protected":false},"author":42,"featured_media":0,"parent":2170,"menu_order":0,"comment_status":"closed","ping_status":"closed","template":"","meta":{"_acf_changed":false,"footnotes":""},"class_list":["post-2178","page","type-page","status-publish","hentry"],"acf":[],"yoast_head":"<!-- This site is optimized with the Yoast SEO plugin v21.9.1 - https:\/\/yoast.com\/wordpress\/plugins\/seo\/ -->\n<title>\u00catre ma\u00eetre de stage : bonnes pratiques et enjeux - Formations pour les \u00e9ducateur\u00b7trice\u00b7s sp\u00e9cialis\u00e9\u00b7e\u00b7s - CeREF \u00c9ducation<\/title>\n<meta name=\"robots\" content=\"index, follow, max-snippet:-1, max-image-preview:large, max-video-preview:-1\" \/>\n<link rel=\"canonical\" href=\"https:\/\/ceref.helha.be\/education\/formations\/educateurs-specialises\/etre-maitre-de-stage-bonnes-pratiques-et-enjeux\/\" \/>\n<meta property=\"og:locale\" content=\"fr_FR\" \/>\n<meta property=\"og:type\" content=\"article\" \/>\n<meta property=\"og:title\" content=\"\u00catre ma\u00eetre de stage : bonnes pratiques et enjeux - Formations pour les \u00e9ducateur\u00b7trice\u00b7s sp\u00e9cialis\u00e9\u00b7e\u00b7s - CeREF \u00c9ducation\" \/>\n<meta property=\"og:description\" content=\"Cette formation explore les bonnes pratiques et les enjeux de la fonction de ma\u00eetre de stage. L&rsquo;objectif est d&rsquo;aider et accompagner les ma\u00eetres de stage \u00e0 construire un cadre g\u00e9n\u00e9ral d\u2019accueil, d\u2019accompagnement et d\u2019\u00e9valuation des stagiaires au sein de leurs institutions. Exploration des bonnes pratiques Introduction aux comp\u00e9tences d\u2019un ma\u00eetre de stage : p\u00e9dagogie, \u00e9coute, [&hellip;]\" \/>\n<meta property=\"og:url\" content=\"https:\/\/ceref.helha.be\/education\/formations\/educateurs-specialises\/etre-maitre-de-stage-bonnes-pratiques-et-enjeux\/\" \/>\n<meta property=\"og:site_name\" content=\"CeREF \u00c9ducation\" \/>\n<meta property=\"article:publisher\" content=\"https:\/\/www.facebook.com\/Ceref.helha\" \/>\n<meta property=\"article:modified_time\" content=\"2026-05-13T13:33:15+00:00\" \/>\n<meta property=\"og:image\" content=\"https:\/\/ceref.helha.be\/education\/app\/uploads\/2026\/05\/formation-maitre-de-stage-1024x100.jpg\" \/>\n<meta name=\"twitter:card\" content=\"summary_large_image\" \/>\n<meta name=\"twitter:label1\" content=\"Est. reading time\" \/>\n\t<meta name=\"twitter:data1\" content=\"2 minutes\" \/>\n<script type=\"application\/ld+json\" class=\"yoast-schema-graph\">{\"@context\":\"https:\/\/schema.org\",\"@graph\":[{\"@type\":\"WebPage\",\"@id\":\"https:\/\/ceref.helha.be\/education\/formations\/educateurs-specialises\/etre-maitre-de-stage-bonnes-pratiques-et-enjeux\/\",\"url\":\"https:\/\/ceref.helha.be\/education\/formations\/educateurs-specialises\/etre-maitre-de-stage-bonnes-pratiques-et-enjeux\/\",\"name\":\"\u00catre ma\u00eetre de stage : bonnes pratiques et enjeux - Formations pour les \u00e9ducateur\u00b7trice\u00b7s sp\u00e9cialis\u00e9\u00b7e\u00b7s - CeREF \u00c9ducation\",\"isPartOf\":{\"@id\":\"https:\/\/ceref.helha.be\/education\/#website\"},\"datePublished\":\"2026-05-13T07:54:35+00:00\",\"dateModified\":\"2026-05-13T13:33:15+00:00\",\"breadcrumb\":{\"@id\":\"https:\/\/ceref.helha.be\/education\/formations\/educateurs-specialises\/etre-maitre-de-stage-bonnes-pratiques-et-enjeux\/#breadcrumb\"},\"inLanguage\":\"fr-FR\",\"potentialAction\":[{\"@type\":\"ReadAction\",\"target\":[\"https:\/\/ceref.helha.be\/education\/formations\/educateurs-specialises\/etre-maitre-de-stage-bonnes-pratiques-et-enjeux\/\"]}]},{\"@type\":\"BreadcrumbList\",\"@id\":\"https:\/\/ceref.helha.be\/education\/formations\/educateurs-specialises\/etre-maitre-de-stage-bonnes-pratiques-et-enjeux\/#breadcrumb\",\"itemListElement\":[{\"@type\":\"ListItem\",\"position\":1,\"name\":\"Home\",\"item\":\"https:\/\/ceref.helha.be\/education\/\"},{\"@type\":\"ListItem\",\"position\":2,\"name\":\"Formations\",\"item\":\"https:\/\/ceref.helha.be\/education\/formations\/\"},{\"@type\":\"ListItem\",\"position\":3,\"name\":\"Formations pour les \u00e9ducateur\u00b7trice\u00b7s sp\u00e9cialis\u00e9\u00b7e\u00b7s\",\"item\":\"https:\/\/ceref.helha.be\/education\/formations\/educateurs-specialises\/\"},{\"@type\":\"ListItem\",\"position\":4,\"name\":\"\u00catre ma\u00eetre de stage : bonnes pratiques et enjeux\"}]},{\"@type\":\"WebSite\",\"@id\":\"https:\/\/ceref.helha.be\/education\/#website\",\"url\":\"https:\/\/ceref.helha.be\/education\/\",\"name\":\"CeREF \u00c9ducation - Centre de Recherche et de Formation continue de la HELHa\",\"description\":\"\",\"publisher\":{\"@id\":\"https:\/\/ceref.helha.be\/education\/#organization\"},\"potentialAction\":[{\"@type\":\"SearchAction\",\"target\":{\"@type\":\"EntryPoint\",\"urlTemplate\":\"https:\/\/ceref.helha.be\/education\/?s={search_term_string}\"},\"query-input\":\"required name=search_term_string\"}],\"inLanguage\":\"fr-FR\"},{\"@type\":\"Organization\",\"@id\":\"https:\/\/ceref.helha.be\/education\/#organization\",\"name\":\"CeREF \u00c9ducation - Centre de Recherche et de Formation continue de la HELHa\",\"url\":\"https:\/\/ceref.helha.be\/education\/\",\"logo\":{\"@type\":\"ImageObject\",\"inLanguage\":\"fr-FR\",\"@id\":\"https:\/\/ceref.helha.be\/education\/#\/schema\/logo\/image\/\",\"url\":\"https:\/\/ceref.helha.be\/education\/app\/uploads\/2026\/01\/ceref-education.jpg\",\"contentUrl\":\"https:\/\/ceref.helha.be\/education\/app\/uploads\/2026\/01\/ceref-education.jpg\",\"width\":242,\"height\":84,\"caption\":\"CeREF \u00c9ducation - Centre de Recherche et de Formation continue de la HELHa\"},\"image\":{\"@id\":\"https:\/\/ceref.helha.be\/education\/#\/schema\/logo\/image\/\"},\"sameAs\":[\"https:\/\/www.facebook.com\/Ceref.helha\",\"https:\/\/www.linkedin.com\/company\/ceref-helha\/\"]}]}<\/script>\n<!-- \/ Yoast SEO plugin. -->","yoast_head_json":{"title":"\u00catre ma\u00eetre de stage : bonnes pratiques et enjeux - Formations pour les \u00e9ducateur\u00b7trice\u00b7s sp\u00e9cialis\u00e9\u00b7e\u00b7s - CeREF \u00c9ducation","robots":{"index":"index","follow":"follow","max-snippet":"max-snippet:-1","max-image-preview":"max-image-preview:large","max-video-preview":"max-video-preview:-1"},"canonical":"https:\/\/ceref.helha.be\/education\/formations\/educateurs-specialises\/etre-maitre-de-stage-bonnes-pratiques-et-enjeux\/","og_locale":"fr_FR","og_type":"article","og_title":"\u00catre ma\u00eetre de stage : bonnes pratiques et enjeux - Formations pour les \u00e9ducateur\u00b7trice\u00b7s sp\u00e9cialis\u00e9\u00b7e\u00b7s - CeREF \u00c9ducation","og_description":"Cette formation explore les bonnes pratiques et les enjeux de la fonction de ma\u00eetre de stage. L&rsquo;objectif est d&rsquo;aider et accompagner les ma\u00eetres de stage \u00e0 construire un cadre g\u00e9n\u00e9ral d\u2019accueil, d\u2019accompagnement et d\u2019\u00e9valuation des stagiaires au sein de leurs institutions. Exploration des bonnes pratiques Introduction aux comp\u00e9tences d\u2019un ma\u00eetre de stage : p\u00e9dagogie, \u00e9coute, [&hellip;]","og_url":"https:\/\/ceref.helha.be\/education\/formations\/educateurs-specialises\/etre-maitre-de-stage-bonnes-pratiques-et-enjeux\/","og_site_name":"CeREF \u00c9ducation","article_publisher":"https:\/\/www.facebook.com\/Ceref.helha","article_modified_time":"2026-05-13T13:33:15+00:00","og_image":[{"url":"https:\/\/ceref.helha.be\/education\/app\/uploads\/2026\/05\/formation-maitre-de-stage-1024x100.jpg"}],"twitter_card":"summary_large_image","twitter_misc":{"Est. reading time":"2 minutes"},"schema":{"@context":"https:\/\/schema.org","@graph":[{"@type":"WebPage","@id":"https:\/\/ceref.helha.be\/education\/formations\/educateurs-specialises\/etre-maitre-de-stage-bonnes-pratiques-et-enjeux\/","url":"https:\/\/ceref.helha.be\/education\/formations\/educateurs-specialises\/etre-maitre-de-stage-bonnes-pratiques-et-enjeux\/","name":"\u00catre ma\u00eetre de stage : bonnes pratiques et enjeux - Formations pour les \u00e9ducateur\u00b7trice\u00b7s sp\u00e9cialis\u00e9\u00b7e\u00b7s - CeREF \u00c9ducation","isPartOf":{"@id":"https:\/\/ceref.helha.be\/education\/#website"},"datePublished":"2026-05-13T07:54:35+00:00","dateModified":"2026-05-13T13:33:15+00:00","breadcrumb":{"@id":"https:\/\/ceref.helha.be\/education\/formations\/educateurs-specialises\/etre-maitre-de-stage-bonnes-pratiques-et-enjeux\/#breadcrumb"},"inLanguage":"fr-FR","potentialAction":[{"@type":"ReadAction","target":["https:\/\/ceref.helha.be\/education\/formations\/educateurs-specialises\/etre-maitre-de-stage-bonnes-pratiques-et-enjeux\/"]}]},{"@type":"BreadcrumbList","@id":"https:\/\/ceref.helha.be\/education\/formations\/educateurs-specialises\/etre-maitre-de-stage-bonnes-pratiques-et-enjeux\/#breadcrumb","itemListElement":[{"@type":"ListItem","position":1,"name":"Home","item":"https:\/\/ceref.helha.be\/education\/"},{"@type":"ListItem","position":2,"name":"Formations","item":"https:\/\/ceref.helha.be\/education\/formations\/"},{"@type":"ListItem","position":3,"name":"Formations pour les \u00e9ducateur\u00b7trice\u00b7s sp\u00e9cialis\u00e9\u00b7e\u00b7s","item":"https:\/\/ceref.helha.be\/education\/formations\/educateurs-specialises\/"},{"@type":"ListItem","position":4,"name":"\u00catre ma\u00eetre de stage : bonnes pratiques et enjeux"}]},{"@type":"WebSite","@id":"https:\/\/ceref.helha.be\/education\/#website","url":"https:\/\/ceref.helha.be\/education\/","name":"CeREF \u00c9ducation - Centre de Recherche et de Formation continue de la HELHa","description":"","publisher":{"@id":"https:\/\/ceref.helha.be\/education\/#organization"},"potentialAction":[{"@type":"SearchAction","target":{"@type":"EntryPoint","urlTemplate":"https:\/\/ceref.helha.be\/education\/?s={search_term_string}"},"query-input":"required name=search_term_string"}],"inLanguage":"fr-FR"},{"@type":"Organization","@id":"https:\/\/ceref.helha.be\/education\/#organization","name":"CeREF \u00c9ducation - Centre de Recherche et de Formation continue de la HELHa","url":"https:\/\/ceref.helha.be\/education\/","logo":{"@type":"ImageObject","inLanguage":"fr-FR","@id":"https:\/\/ceref.helha.be\/education\/#\/schema\/logo\/image\/","url":"https:\/\/ceref.helha.be\/education\/app\/uploads\/2026\/01\/ceref-education.jpg","contentUrl":"https:\/\/ceref.helha.be\/education\/app\/uploads\/2026\/01\/ceref-education.jpg","width":242,"height":84,"caption":"CeREF \u00c9ducation - Centre de Recherche et de Formation continue de la HELHa"},"image":{"@id":"https:\/\/ceref.helha.be\/education\/#\/schema\/logo\/image\/"},"sameAs":["https:\/\/www.facebook.com\/Ceref.helha","https:\/\/www.linkedin.com\/company\/ceref-helha\/"]}]}},"_links":{"self":[{"href":"https:\/\/ceref.helha.be\/education\/wp-json\/wp\/v2\/pages\/2178","targetHints":{"allow":["GET"]}}],"collection":[{"href":"https:\/\/ceref.helha.be\/education\/wp-json\/wp\/v2\/pages"}],"about":[{"href":"https:\/\/ceref.helha.be\/education\/wp-json\/wp\/v2\/types\/page"}],"author":[{"embeddable":true,"href":"https:\/\/ceref.helha.be\/education\/wp-json\/wp\/v2\/users\/42"}],"replies":[{"embeddable":true,"href":"https:\/\/ceref.helha.be\/education\/wp-json\/wp\/v2\/comments?post=2178"}],"version-history":[{"count":8,"href":"https:\/\/ceref.helha.be\/education\/wp-json\/wp\/v2\/pages\/2178\/revisions"}],"predecessor-version":[{"id":2249,"href":"https:\/\/ceref.helha.be\/education\/wp-json\/wp\/v2\/pages\/2178\/revisions\/2249"}],"up":[{"embeddable":true,"href":"https:\/\/ceref.helha.be\/education\/wp-json\/wp\/v2\/pages\/2170"}],"wp:attachment":[{"href":"https:\/\/ceref.helha.be\/education\/wp-json\/wp\/v2\/media?parent=2178"}],"curies":[{"name":"wp","href":"https:\/\/api.w.org\/{rel}","templated":true}]}}