{"id":238,"date":"2019-12-17T15:02:57","date_gmt":"2019-12-17T14:02:57","guid":{"rendered":"https:\/\/ceref-test.helha.be\/economique\/?page_id=238"},"modified":"2026-01-05T13:18:22","modified_gmt":"2026-01-05T13:18:22","slug":"formations","status":"publish","type":"page","link":"https:\/\/ceref.helha.be\/economique\/formations\/","title":{"rendered":"Formations"},"content":{"rendered":"<p><strong>D\u00e9couvrez les formations continues organis\u00e9es par le <span style=\"color: #0089c4;\">CeREF \u00c9conomique.<\/span><\/strong><\/p>\n<p><span style=\"color: #0089c4;\"><strong>Actuellement au programme 2025-2026<\/strong> <strong>:<\/strong><\/span><\/p>\n<ul>\n<li><a href=\"https:\/\/ceref.helha.be\/economique\/formations\/7-modules-de-formation-sur-les-outils-bureautiques\/\">7 modules de formation sur les <strong>outils bureautiques<\/strong><\/a><\/li>\n<li><a href=\"https:\/\/ceref.helha.be\/economique\/formations\/formation-entreprise-durable-et-strategie-responsable\/\"><strong>Entreprise durable<\/strong> et strat\u00e9gie responsable<\/a><\/li>\n<li><a href=\"https:\/\/ceref.helha.be\/economique\/formations\/cycle-complet-de-modules-de-formation-continue-en-strategie-supply-chain-15-ects\/\">Certificat de formation continue Haute Ecole en <strong>Strat\u00e9gie Supply Chain\u00a0<\/strong><\/a><\/li>\n<\/ul>\n<h3><\/h3>\n<h3><span style=\"font-size: 12pt;\"><strong>D&rsquo;autres formations pass\u00e9es et \u00e0 venir<\/strong><\/span><\/h3>\n<p>Le CeREF \u00c9conomique propose \u00e9galement d&rsquo;autres formations sur demande. Vous trouverez un exemple de pr\u00e9c\u00e9dentes formations <a href=\"https:\/\/ceref.helha.be\/economique\/formations\/anciennes-formations\/\" target=\"_blank\" rel=\"noopener\">sur cette page.<\/a><\/p>\n<p>N&rsquo;h\u00e9sitez pas \u00e0 prendre contact avec notre <a href=\"https:\/\/ceref.helha.be\/economique\/contact\/\">\u00e9quipe<\/a>.<\/p>\n","protected":false},"excerpt":{"rendered":"<p>D\u00e9couvrez les formations continues organis\u00e9es par le CeREF \u00c9conomique. Actuellement au programme 2025-2026 : 7 modules de formation sur les outils bureautiques Entreprise durable et strat\u00e9gie responsable Certificat de formation continue Haute Ecole en Strat\u00e9gie Supply Chain\u00a0 D&rsquo;autres formations pass\u00e9es et \u00e0 venir Le CeREF \u00c9conomique propose \u00e9galement d&rsquo;autres formations sur demande. Vous trouverez un [&hellip;]<\/p>\n","protected":false},"author":1,"featured_media":0,"parent":0,"menu_order":0,"comment_status":"closed","ping_status":"closed","template":"","meta":{"_acf_changed":false,"footnotes":""},"class_list":["post-238","page","type-page","status-publish","hentry"],"acf":[],"yoast_head":"<!-- This site is optimized with the Yoast SEO plugin v21.9.1 - https:\/\/yoast.com\/wordpress\/plugins\/seo\/ -->\n<title>Formations - CeREF Economique<\/title>\n<meta name=\"description\" content=\"Le CeREF Economique propose des formations continues dans le domaine Economique et plus particuli\u00e8rement en Cybers\u00e9curit\u00e9 en horaire d\u00e9cal\u00e9.\" \/>\n<meta name=\"robots\" content=\"index, follow, max-snippet:-1, max-image-preview:large, max-video-preview:-1\" \/>\n<link rel=\"canonical\" href=\"https:\/\/ceref.helha.be\/economique\/formations\/\" \/>\n<meta property=\"og:locale\" content=\"fr_FR\" \/>\n<meta property=\"og:type\" content=\"article\" \/>\n<meta property=\"og:title\" content=\"Formations - CeREF Economique\" \/>\n<meta property=\"og:description\" content=\"Le CeREF Economique propose des formations continues dans le domaine Economique et plus particuli\u00e8rement en Cybers\u00e9curit\u00e9 en horaire d\u00e9cal\u00e9.\" \/>\n<meta property=\"og:url\" content=\"https:\/\/ceref.helha.be\/economique\/formations\/\" \/>\n<meta property=\"og:site_name\" content=\"CeREF Economique\" \/>\n<meta property=\"article:publisher\" content=\"https:\/\/www.facebook.com\/Ceref.helha\" \/>\n<meta property=\"article:modified_time\" content=\"2026-01-05T13:18:22+00:00\" \/>\n<meta name=\"twitter:card\" content=\"summary_large_image\" \/>\n<meta name=\"twitter:label1\" content=\"Est. reading time\" \/>\n\t<meta name=\"twitter:data1\" content=\"10 minutes\" \/>\n<script type=\"application\/ld+json\" class=\"yoast-schema-graph\">{\"@context\":\"https:\/\/schema.org\",\"@graph\":[{\"@type\":\"WebPage\",\"@id\":\"https:\/\/ceref.helha.be\/economique\/formations\/\",\"url\":\"https:\/\/ceref.helha.be\/economique\/formations\/\",\"name\":\"Formations - CeREF Economique\",\"isPartOf\":{\"@id\":\"https:\/\/ceref.helha.be\/economique\/#website\"},\"datePublished\":\"2019-12-17T14:02:57+00:00\",\"dateModified\":\"2026-01-05T13:18:22+00:00\",\"description\":\"Le CeREF Economique propose des formations continues dans le domaine Economique et plus particuli\u00e8rement en Cybers\u00e9curit\u00e9 en horaire d\u00e9cal\u00e9.\",\"breadcrumb\":{\"@id\":\"https:\/\/ceref.helha.be\/economique\/formations\/#breadcrumb\"},\"inLanguage\":\"fr-FR\",\"potentialAction\":[{\"@type\":\"ReadAction\",\"target\":[\"https:\/\/ceref.helha.be\/economique\/formations\/\"]}]},{\"@type\":\"BreadcrumbList\",\"@id\":\"https:\/\/ceref.helha.be\/economique\/formations\/#breadcrumb\",\"itemListElement\":[{\"@type\":\"ListItem\",\"position\":1,\"name\":\"Home\",\"item\":\"https:\/\/ceref.helha.be\/economique\/\"},{\"@type\":\"ListItem\",\"position\":2,\"name\":\"Formations\"}]},{\"@type\":\"WebSite\",\"@id\":\"https:\/\/ceref.helha.be\/economique\/#website\",\"url\":\"https:\/\/ceref.helha.be\/economique\/\",\"name\":\"CeREF Economique - Centre de Recherche et de Formation continue de la HELHa\",\"description\":\"Centre de Recherche et de Formation HELHa\",\"publisher\":{\"@id\":\"https:\/\/ceref.helha.be\/economique\/#organization\"},\"potentialAction\":[{\"@type\":\"SearchAction\",\"target\":{\"@type\":\"EntryPoint\",\"urlTemplate\":\"https:\/\/ceref.helha.be\/economique\/?s={search_term_string}\"},\"query-input\":\"required name=search_term_string\"}],\"inLanguage\":\"fr-FR\"},{\"@type\":\"Organization\",\"@id\":\"https:\/\/ceref.helha.be\/economique\/#organization\",\"name\":\"CeREF Economique - Centre de Recherche et de Formation continue de la HELHa\",\"url\":\"https:\/\/ceref.helha.be\/economique\/\",\"logo\":{\"@type\":\"ImageObject\",\"inLanguage\":\"fr-FR\",\"@id\":\"https:\/\/ceref.helha.be\/economique\/#\/schema\/logo\/image\/\",\"url\":\"https:\/\/ceref.helha.be\/economique\/app\/uploads\/2021\/03\/logo-cerefeconomique.jpg\",\"contentUrl\":\"https:\/\/ceref.helha.be\/economique\/app\/uploads\/2021\/03\/logo-cerefeconomique.jpg\",\"width\":278,\"height\":154,\"caption\":\"CeREF Economique - Centre de Recherche et de Formation continue de la HELHa\"},\"image\":{\"@id\":\"https:\/\/ceref.helha.be\/economique\/#\/schema\/logo\/image\/\"},\"sameAs\":[\"https:\/\/www.facebook.com\/Ceref.helha\",\"https:\/\/www.linkedin.com\/company\/ceref-helha\/\"]}]}<\/script>\n<!-- \/ Yoast SEO plugin. -->","yoast_head_json":{"title":"Formations - CeREF Economique","description":"Le CeREF Economique propose des formations continues dans le domaine Economique et plus particuli\u00e8rement en Cybers\u00e9curit\u00e9 en horaire d\u00e9cal\u00e9.","robots":{"index":"index","follow":"follow","max-snippet":"max-snippet:-1","max-image-preview":"max-image-preview:large","max-video-preview":"max-video-preview:-1"},"canonical":"https:\/\/ceref.helha.be\/economique\/formations\/","og_locale":"fr_FR","og_type":"article","og_title":"Formations - CeREF Economique","og_description":"Le CeREF Economique propose des formations continues dans le domaine Economique et plus particuli\u00e8rement en Cybers\u00e9curit\u00e9 en horaire d\u00e9cal\u00e9.","og_url":"https:\/\/ceref.helha.be\/economique\/formations\/","og_site_name":"CeREF Economique","article_publisher":"https:\/\/www.facebook.com\/Ceref.helha","article_modified_time":"2026-01-05T13:18:22+00:00","twitter_card":"summary_large_image","twitter_misc":{"Est. reading time":"10 minutes"},"schema":{"@context":"https:\/\/schema.org","@graph":[{"@type":"WebPage","@id":"https:\/\/ceref.helha.be\/economique\/formations\/","url":"https:\/\/ceref.helha.be\/economique\/formations\/","name":"Formations - CeREF Economique","isPartOf":{"@id":"https:\/\/ceref.helha.be\/economique\/#website"},"datePublished":"2019-12-17T14:02:57+00:00","dateModified":"2026-01-05T13:18:22+00:00","description":"Le CeREF Economique propose des formations continues dans le domaine Economique et plus particuli\u00e8rement en Cybers\u00e9curit\u00e9 en horaire d\u00e9cal\u00e9.","breadcrumb":{"@id":"https:\/\/ceref.helha.be\/economique\/formations\/#breadcrumb"},"inLanguage":"fr-FR","potentialAction":[{"@type":"ReadAction","target":["https:\/\/ceref.helha.be\/economique\/formations\/"]}]},{"@type":"BreadcrumbList","@id":"https:\/\/ceref.helha.be\/economique\/formations\/#breadcrumb","itemListElement":[{"@type":"ListItem","position":1,"name":"Home","item":"https:\/\/ceref.helha.be\/economique\/"},{"@type":"ListItem","position":2,"name":"Formations"}]},{"@type":"WebSite","@id":"https:\/\/ceref.helha.be\/economique\/#website","url":"https:\/\/ceref.helha.be\/economique\/","name":"CeREF Economique - Centre de Recherche et de Formation continue de la HELHa","description":"Centre de Recherche et de Formation HELHa","publisher":{"@id":"https:\/\/ceref.helha.be\/economique\/#organization"},"potentialAction":[{"@type":"SearchAction","target":{"@type":"EntryPoint","urlTemplate":"https:\/\/ceref.helha.be\/economique\/?s={search_term_string}"},"query-input":"required name=search_term_string"}],"inLanguage":"fr-FR"},{"@type":"Organization","@id":"https:\/\/ceref.helha.be\/economique\/#organization","name":"CeREF Economique - Centre de Recherche et de Formation continue de la HELHa","url":"https:\/\/ceref.helha.be\/economique\/","logo":{"@type":"ImageObject","inLanguage":"fr-FR","@id":"https:\/\/ceref.helha.be\/economique\/#\/schema\/logo\/image\/","url":"https:\/\/ceref.helha.be\/economique\/app\/uploads\/2021\/03\/logo-cerefeconomique.jpg","contentUrl":"https:\/\/ceref.helha.be\/economique\/app\/uploads\/2021\/03\/logo-cerefeconomique.jpg","width":278,"height":154,"caption":"CeREF Economique - Centre de Recherche et de Formation continue de la HELHa"},"image":{"@id":"https:\/\/ceref.helha.be\/economique\/#\/schema\/logo\/image\/"},"sameAs":["https:\/\/www.facebook.com\/Ceref.helha","https:\/\/www.linkedin.com\/company\/ceref-helha\/"]}]}},"_links":{"self":[{"href":"https:\/\/ceref.helha.be\/economique\/wp-json\/wp\/v2\/pages\/238","targetHints":{"allow":["GET"]}}],"collection":[{"href":"https:\/\/ceref.helha.be\/economique\/wp-json\/wp\/v2\/pages"}],"about":[{"href":"https:\/\/ceref.helha.be\/economique\/wp-json\/wp\/v2\/types\/page"}],"author":[{"embeddable":true,"href":"https:\/\/ceref.helha.be\/economique\/wp-json\/wp\/v2\/users\/1"}],"replies":[{"embeddable":true,"href":"https:\/\/ceref.helha.be\/economique\/wp-json\/wp\/v2\/comments?post=238"}],"version-history":[{"count":181,"href":"https:\/\/ceref.helha.be\/economique\/wp-json\/wp\/v2\/pages\/238\/revisions"}],"predecessor-version":[{"id":2070,"href":"https:\/\/ceref.helha.be\/economique\/wp-json\/wp\/v2\/pages\/238\/revisions\/2070"}],"wp:attachment":[{"href":"https:\/\/ceref.helha.be\/economique\/wp-json\/wp\/v2\/media?parent=238"}],"curies":[{"name":"wp","href":"https:\/\/api.w.org\/{rel}","templated":true}]}}