{"id":234,"date":"2019-12-17T15:02:36","date_gmt":"2019-12-17T14:02:36","guid":{"rendered":"https:\/\/ceref-test.helha.be\/economique\/?page_id=234"},"modified":"2026-01-06T15:45:56","modified_gmt":"2026-01-06T15:45:56","slug":"presentation","status":"publish","type":"page","link":"https:\/\/ceref.helha.be\/economique\/","title":{"rendered":"CeREF \u00c9conomique"},"content":{"rendered":"<section class=\"row\">\n<h2 class=\"text-he-current\">Pr\u00e9sentation<\/h2>\n<div class=\"col-12 col-md-5\">\n<figure><iframe loading=\"lazy\" title=\"Pr\u00e9sentation du CeREF Economique\" width=\"500\" height=\"281\" src=\"https:\/\/www.youtube.com\/embed\/30MvD0Q6Cj0?feature=oembed\" frameborder=\"0\" allow=\"accelerometer; autoplay; clipboard-write; encrypted-media; gyroscope; picture-in-picture; web-share\" referrerpolicy=\"strict-origin-when-cross-origin\" allowfullscreen><\/iframe><figcaption class=\"figure-caption text-center\">Vid\u00e9o de pr\u00e9sentation du CeREF \u00c9conomique<\/figcaption><\/figure>\n<\/p><\/div>\n<div class=\"col-12 col-md-7 mt-3 mt-mb-0\">\n<p class=\"fs-5\">Depuis 2019, le <strong class=\"text-he-current\">CeREF \u00c9conomique<\/strong> propose ses services pour des recherches appliqu\u00e9es dans les diff\u00e9rents domaines de l\u2019\u00e9conomie. Il est un acteur de d\u00e9veloppement des comp\u00e9tences en Hainaut et organise des formations continu\u00e9es vari\u00e9es.<\/p>\n<\/p><\/div>\n<\/section>\n<section class=\"row mt-3\">\n<h2 class=\"text-he-current\">P\u00f4les<\/h2>\n<p>La force de proposition du <strong class=\"text-he-current\">CeREF \u00c9conomique<\/strong> s&rsquo;ancre dans les p\u00f4les suivants :<\/p>\n<ul class=\"row list-unstyled\">\n<li class=\"col-12 col-md-4\">\n<div class=\"card\">\n<div class=\"card-body\">\n<h3 class=\"mb-0\">La logistique<\/h3>\n<\/div>\n<\/div>\n<\/li>\n<li class=\"col-12 col-md-4 mt-3 mt-md-0\">\n<div class=\"card\">\n<div class=\"card-body\">\n<h3 class=\"mb-0\">Le tourisme et les loisirs<\/h3>\n<\/div>\n<\/div>\n<\/li>\n<li class=\"col-12 col-md-4 mt-3 mt-md-0\">\n<div class=\"card\">\n<div class=\"card-body\">\n<h3 class=\"mb-0\">Le marketing<\/h3>\n<\/div>\n<\/div>\n<\/li>\n<\/ul>\n<\/section>\n<section class=\"row mt-5\">\n<h2 class=\"text-he-current\">\u00c9quipe<\/h2>\n<p>Le\u00a0<strong class=\"text-he-current\">CeREF \u00c9conomique<\/strong> se renforce avec l&rsquo;arriv\u00e9e d&rsquo;une nouvelle \u00e9quipe !<\/p>\n<div class=\"row\">\n<div class=\"col-12 col-md-7\">\n<div class=\"card\">\n<p class=\"card-body mb-0\">En septembre 2023, <a href=\"https:\/\/ceref.helha.be\/economique\/equipe\/perrine-pigeon\/\">Perrine Pigeon<\/a> reprend, sous la Direction d&rsquo;Etienne Lh\u00f4te, la coordination du Centre et de son portefeuille de recherches et de formations continues. Elle entend &#8211; tout en pr\u00e9servant l&rsquo;existant &#8211; co-construire des offres de recherche et de formation continue s&rsquo;ancrant dans l&rsquo;interdisciplinarit\u00e9. Perrine apportera, sur l&rsquo;ensemble de nos projets tout comme sur les enjeux \u00e9conomiques contemporains, son regard de sociologue.<\/p>\n<\/div>\n<\/div>\n<div class=\"col-12 col-md-5 mt-3 mt-md-0\">\n<div class=\"card\">\n<p class=\"card-body mb-0\"><a href=\"https:\/\/ceref.helha.be\/economique\/equipe\/pauline-claeys\/\">Pauline Claeys<\/a> &#8211; Docteure en Sciences de gestion (UCLouvain) &#8211; se voit, quant \u00e0 elle, rattach\u00e9e \u00e0 l&rsquo;\u00e9quipe de recherche o\u00f9 elle s&rsquo;att\u00e8lera \u00e0 faire vivre la recherche en Marketing au service de la HELHa, de ses enseignements mais \u00e9galement de notre r\u00e9seau de partenaires ext\u00e9rieurs.<\/p>\n<\/div>\n<\/div>\n<\/div>\n<\/section>\n<section class=\"row mt-4\">\n<h2 class=\"text-he-current\">Perspectives et projets<\/h2>\n<p>Dans son plan strat\u00e9gique pour l&rsquo;ann\u00e9e acad\u00e9mique 2023-2024, le <strong class=\"text-he-current\">CeREF ECONOMIQUE<\/strong> affirme son ambition d&rsquo;asseoir davantage ses p\u00f4les &#8211; <strong>Logistique<\/strong>, <strong>Tourisme et loisirs<\/strong>, <strong>Marketing<\/strong> &#8211; dans la perspective de les mettre au service d&rsquo;un monde plus juste, plus durable et plus solidaire.<\/p>\n<div class=\"col-12 col-md-4\">\n        <img loading=\"lazy\" decoding=\"async\" src=\"https:\/\/ceref.helha.be\/economique\/app\/uploads\/2023\/10\/IMG_8748-e1725961368349.jpg\" alt=\"Projet EXIST TOUR\" width=\"600\" height=\"400\" \/>\n    <\/div>\n<div class=\"col-12 col-md-8 mt-3 mt-md-0\">\n<p>Dans cette optique, les \u00e9quipes du <strong class=\"text-he-current\">P\u00f4le \u00ab\u00a0Tourisme\u00a0\u00bb<\/strong> ont soumis &#8211; en juin 2023 et en consortium avec l&rsquo;EPHEC Business\u00a0 &#8211; <a href=\"https:\/\/ceref.helha.be\/economique\/projets\/projet-frhe-exist-tour\/\">\u00ab\u00a0EXIST TOUR\u00a0\u00bb<\/a>, leur tout premier <a href=\"https:\/\/www.recherchescientifique.be\/index.php?id=1607\" target=\"_blank\">FRHE<\/a>.<\/p>\n<div class=\"card\">\n<p class=\"card-body mb-0\"><a href=\"https:\/\/ceref.helha.be\/economique\/projets\/projet-frhe-exist-tour\/\">EXIST TOUR<\/a> vise \u00e0 d\u00e9velopper un projet d\u2019offre touristique de nature existentielle \u00e0 Charleroi qui servira aussi bien les habitant.e.s de la M\u00e9tropole que le red\u00e9ploiement \u00e9conomique mais \u00e9galement social et culturel de la Ville.<\/p>\n<\/div>\n<\/div>\n<\/section>\n","protected":false},"excerpt":{"rendered":"<p>Pr\u00e9sentation Vid\u00e9o de pr\u00e9sentation du CeREF \u00c9conomique Depuis 2019, le CeREF \u00c9conomique propose ses services pour des recherches appliqu\u00e9es dans les diff\u00e9rents domaines de l\u2019\u00e9conomie. Il est un acteur de d\u00e9veloppement des comp\u00e9tences en Hainaut et organise des formations continu\u00e9es vari\u00e9es. P\u00f4les La force de proposition du CeREF \u00c9conomique s&rsquo;ancre dans les p\u00f4les suivants : [&hellip;]<\/p>\n","protected":false},"author":1,"featured_media":0,"parent":0,"menu_order":0,"comment_status":"closed","ping_status":"closed","template":"","meta":{"_acf_changed":false,"footnotes":""},"class_list":["post-234","page","type-page","status-publish","hentry"],"acf":[],"yoast_head":"<!-- This site is optimized with the Yoast SEO plugin v21.9.1 - https:\/\/yoast.com\/wordpress\/plugins\/seo\/ -->\n<title>CeREF \u00c9conomique - CeREF Economique<\/title>\n<meta name=\"description\" content=\"Le CeREF ECONOMIQUE propose ses services pour des recherches appliqu\u00e9es dans les diff\u00e9rents domaines de l\u2019\u00e9conomie. Il est un acteur de d\u00e9veloppement des comp\u00e9tences en Hainaut et organise des formations continu\u00e9es vari\u00e9es.\" \/>\n<meta name=\"robots\" content=\"index, follow, max-snippet:-1, max-image-preview:large, max-video-preview:-1\" \/>\n<link rel=\"canonical\" href=\"https:\/\/ceref.helha.be\/economique\/\" \/>\n<meta property=\"og:locale\" content=\"fr_FR\" \/>\n<meta property=\"og:type\" content=\"article\" \/>\n<meta property=\"og:title\" content=\"CeREF \u00c9conomique - CeREF Economique\" \/>\n<meta property=\"og:description\" content=\"Le CeREF ECONOMIQUE propose ses services pour des recherches appliqu\u00e9es dans les diff\u00e9rents domaines de l\u2019\u00e9conomie. Il est un acteur de d\u00e9veloppement des comp\u00e9tences en Hainaut et organise des formations continu\u00e9es vari\u00e9es.\" \/>\n<meta property=\"og:url\" content=\"https:\/\/ceref.helha.be\/economique\/\" \/>\n<meta property=\"og:site_name\" content=\"CeREF Economique\" \/>\n<meta property=\"article:publisher\" content=\"https:\/\/www.facebook.com\/Ceref.helha\" \/>\n<meta property=\"article:modified_time\" content=\"2026-01-06T15:45:56+00:00\" \/>\n<meta property=\"og:image\" content=\"https:\/\/ceref.helha.be\/economique\/app\/uploads\/2023\/10\/IMG_8748-e1725961368349.jpg\" \/>\n<meta name=\"twitter:card\" content=\"summary_large_image\" \/>\n<meta name=\"twitter:label1\" content=\"Est. reading time\" \/>\n\t<meta name=\"twitter:data1\" content=\"2 minutes\" \/>\n<script type=\"application\/ld+json\" class=\"yoast-schema-graph\">{\"@context\":\"https:\/\/schema.org\",\"@graph\":[{\"@type\":\"WebPage\",\"@id\":\"https:\/\/ceref.helha.be\/economique\/\",\"url\":\"https:\/\/ceref.helha.be\/economique\/\",\"name\":\"CeREF \u00c9conomique - CeREF Economique\",\"isPartOf\":{\"@id\":\"https:\/\/ceref.helha.be\/economique\/#website\"},\"datePublished\":\"2019-12-17T14:02:36+00:00\",\"dateModified\":\"2026-01-06T15:45:56+00:00\",\"description\":\"Le CeREF ECONOMIQUE propose ses services pour des recherches appliqu\u00e9es dans les diff\u00e9rents domaines de l\u2019\u00e9conomie. Il est un acteur de d\u00e9veloppement des comp\u00e9tences en Hainaut et organise des formations continu\u00e9es vari\u00e9es.\",\"breadcrumb\":{\"@id\":\"https:\/\/ceref.helha.be\/economique\/#breadcrumb\"},\"inLanguage\":\"fr-FR\",\"potentialAction\":[{\"@type\":\"ReadAction\",\"target\":[\"https:\/\/ceref.helha.be\/economique\/\"]}]},{\"@type\":\"BreadcrumbList\",\"@id\":\"https:\/\/ceref.helha.be\/economique\/#breadcrumb\",\"itemListElement\":[{\"@type\":\"ListItem\",\"position\":1,\"name\":\"Home\",\"item\":\"https:\/\/ceref.helha.be\/economique\/\"},{\"@type\":\"ListItem\",\"position\":2,\"name\":\"CeREF \u00c9conomique\"}]},{\"@type\":\"WebSite\",\"@id\":\"https:\/\/ceref.helha.be\/economique\/#website\",\"url\":\"https:\/\/ceref.helha.be\/economique\/\",\"name\":\"CeREF Economique - Centre de Recherche et de Formation continue de la HELHa\",\"description\":\"Centre de Recherche et de Formation HELHa\",\"publisher\":{\"@id\":\"https:\/\/ceref.helha.be\/economique\/#organization\"},\"potentialAction\":[{\"@type\":\"SearchAction\",\"target\":{\"@type\":\"EntryPoint\",\"urlTemplate\":\"https:\/\/ceref.helha.be\/economique\/?s={search_term_string}\"},\"query-input\":\"required name=search_term_string\"}],\"inLanguage\":\"fr-FR\"},{\"@type\":\"Organization\",\"@id\":\"https:\/\/ceref.helha.be\/economique\/#organization\",\"name\":\"CeREF Economique - Centre de Recherche et de Formation continue de la HELHa\",\"url\":\"https:\/\/ceref.helha.be\/economique\/\",\"logo\":{\"@type\":\"ImageObject\",\"inLanguage\":\"fr-FR\",\"@id\":\"https:\/\/ceref.helha.be\/economique\/#\/schema\/logo\/image\/\",\"url\":\"https:\/\/ceref.helha.be\/economique\/app\/uploads\/2021\/03\/logo-cerefeconomique.jpg\",\"contentUrl\":\"https:\/\/ceref.helha.be\/economique\/app\/uploads\/2021\/03\/logo-cerefeconomique.jpg\",\"width\":278,\"height\":154,\"caption\":\"CeREF Economique - Centre de Recherche et de Formation continue de la HELHa\"},\"image\":{\"@id\":\"https:\/\/ceref.helha.be\/economique\/#\/schema\/logo\/image\/\"},\"sameAs\":[\"https:\/\/www.facebook.com\/Ceref.helha\",\"https:\/\/www.linkedin.com\/company\/ceref-helha\/\"]}]}<\/script>\n<!-- \/ Yoast SEO plugin. -->","yoast_head_json":{"title":"CeREF \u00c9conomique - CeREF Economique","description":"Le CeREF ECONOMIQUE propose ses services pour des recherches appliqu\u00e9es dans les diff\u00e9rents domaines de l\u2019\u00e9conomie. Il est un acteur de d\u00e9veloppement des comp\u00e9tences en Hainaut et organise des formations continu\u00e9es vari\u00e9es.","robots":{"index":"index","follow":"follow","max-snippet":"max-snippet:-1","max-image-preview":"max-image-preview:large","max-video-preview":"max-video-preview:-1"},"canonical":"https:\/\/ceref.helha.be\/economique\/","og_locale":"fr_FR","og_type":"article","og_title":"CeREF \u00c9conomique - CeREF Economique","og_description":"Le CeREF ECONOMIQUE propose ses services pour des recherches appliqu\u00e9es dans les diff\u00e9rents domaines de l\u2019\u00e9conomie. Il est un acteur de d\u00e9veloppement des comp\u00e9tences en Hainaut et organise des formations continu\u00e9es vari\u00e9es.","og_url":"https:\/\/ceref.helha.be\/economique\/","og_site_name":"CeREF Economique","article_publisher":"https:\/\/www.facebook.com\/Ceref.helha","article_modified_time":"2026-01-06T15:45:56+00:00","og_image":[{"url":"https:\/\/ceref.helha.be\/economique\/app\/uploads\/2023\/10\/IMG_8748-e1725961368349.jpg"}],"twitter_card":"summary_large_image","twitter_misc":{"Est. reading time":"2 minutes"},"schema":{"@context":"https:\/\/schema.org","@graph":[{"@type":"WebPage","@id":"https:\/\/ceref.helha.be\/economique\/","url":"https:\/\/ceref.helha.be\/economique\/","name":"CeREF \u00c9conomique - CeREF Economique","isPartOf":{"@id":"https:\/\/ceref.helha.be\/economique\/#website"},"datePublished":"2019-12-17T14:02:36+00:00","dateModified":"2026-01-06T15:45:56+00:00","description":"Le CeREF ECONOMIQUE propose ses services pour des recherches appliqu\u00e9es dans les diff\u00e9rents domaines de l\u2019\u00e9conomie. Il est un acteur de d\u00e9veloppement des comp\u00e9tences en Hainaut et organise des formations continu\u00e9es vari\u00e9es.","breadcrumb":{"@id":"https:\/\/ceref.helha.be\/economique\/#breadcrumb"},"inLanguage":"fr-FR","potentialAction":[{"@type":"ReadAction","target":["https:\/\/ceref.helha.be\/economique\/"]}]},{"@type":"BreadcrumbList","@id":"https:\/\/ceref.helha.be\/economique\/#breadcrumb","itemListElement":[{"@type":"ListItem","position":1,"name":"Home","item":"https:\/\/ceref.helha.be\/economique\/"},{"@type":"ListItem","position":2,"name":"CeREF \u00c9conomique"}]},{"@type":"WebSite","@id":"https:\/\/ceref.helha.be\/economique\/#website","url":"https:\/\/ceref.helha.be\/economique\/","name":"CeREF Economique - Centre de Recherche et de Formation continue de la HELHa","description":"Centre de Recherche et de Formation HELHa","publisher":{"@id":"https:\/\/ceref.helha.be\/economique\/#organization"},"potentialAction":[{"@type":"SearchAction","target":{"@type":"EntryPoint","urlTemplate":"https:\/\/ceref.helha.be\/economique\/?s={search_term_string}"},"query-input":"required name=search_term_string"}],"inLanguage":"fr-FR"},{"@type":"Organization","@id":"https:\/\/ceref.helha.be\/economique\/#organization","name":"CeREF Economique - Centre de Recherche et de Formation continue de la HELHa","url":"https:\/\/ceref.helha.be\/economique\/","logo":{"@type":"ImageObject","inLanguage":"fr-FR","@id":"https:\/\/ceref.helha.be\/economique\/#\/schema\/logo\/image\/","url":"https:\/\/ceref.helha.be\/economique\/app\/uploads\/2021\/03\/logo-cerefeconomique.jpg","contentUrl":"https:\/\/ceref.helha.be\/economique\/app\/uploads\/2021\/03\/logo-cerefeconomique.jpg","width":278,"height":154,"caption":"CeREF Economique - Centre de Recherche et de Formation continue de la HELHa"},"image":{"@id":"https:\/\/ceref.helha.be\/economique\/#\/schema\/logo\/image\/"},"sameAs":["https:\/\/www.facebook.com\/Ceref.helha","https:\/\/www.linkedin.com\/company\/ceref-helha\/"]}]}},"_links":{"self":[{"href":"https:\/\/ceref.helha.be\/economique\/wp-json\/wp\/v2\/pages\/234","targetHints":{"allow":["GET"]}}],"collection":[{"href":"https:\/\/ceref.helha.be\/economique\/wp-json\/wp\/v2\/pages"}],"about":[{"href":"https:\/\/ceref.helha.be\/economique\/wp-json\/wp\/v2\/types\/page"}],"author":[{"embeddable":true,"href":"https:\/\/ceref.helha.be\/economique\/wp-json\/wp\/v2\/users\/1"}],"replies":[{"embeddable":true,"href":"https:\/\/ceref.helha.be\/economique\/wp-json\/wp\/v2\/comments?post=234"}],"version-history":[{"count":49,"href":"https:\/\/ceref.helha.be\/economique\/wp-json\/wp\/v2\/pages\/234\/revisions"}],"predecessor-version":[{"id":2074,"href":"https:\/\/ceref.helha.be\/economique\/wp-json\/wp\/v2\/pages\/234\/revisions\/2074"}],"wp:attachment":[{"href":"https:\/\/ceref.helha.be\/economique\/wp-json\/wp\/v2\/media?parent=234"}],"curies":[{"name":"wp","href":"https:\/\/api.w.org\/{rel}","templated":true}]}}