{"id":1975,"date":"2025-12-01T15:25:28","date_gmt":"2025-12-01T15:25:28","guid":{"rendered":"https:\/\/ceref.helha.be\/economique\/?page_id=1975"},"modified":"2025-12-04T12:47:40","modified_gmt":"2025-12-04T12:47:40","slug":"formation-entreprise-durable-et-strategie-responsable","status":"publish","type":"page","link":"https:\/\/ceref.helha.be\/economique\/formations\/formation-entreprise-durable-et-strategie-responsable\/","title":{"rendered":"Entreprise durable et strat\u00e9gie responsable"},"content":{"rendered":"<h2><span style=\"color: #0089c4\"><strong>Objectif de la formation<\/strong><\/span><\/h2>\n<p>Cette formation innovante vise \u00e0 outiller les participant.e.s pour concevoir et mettre en \u0153uvre des <strong>strat\u00e9gies entrepreneuriales durables,<\/strong> align\u00e9es notamment sur les principes <strong>People \u2013 Planet \u2013 Profit<\/strong>. Les apprenant.e.s auront \u00e9galement l\u2019opportunit\u00e9 de <strong>tester leur propre projet<\/strong> (d\u2019entreprise notamment) dans le cadre des ateliers et de l&rsquo;\u00e9valuation finale et ce, afin de mettre en pratique les concepts \u00e9tudi\u00e9s.<\/p>\n<h2><span style=\"color: #0089c4\"><strong>\u00c0\u00a0qui s&rsquo;adresse cette formation ?<\/strong><\/span><\/h2>\n<p>La formation s\u2019adresse aux <strong>professionnel.le.s des secteurs public et priv\u00e9<\/strong>, en particulier celles et ceux occupant des <strong>postes de d\u00e9cision strat\u00e9gique<\/strong>.<\/p>\n<h2><span style=\"color: #0089c4\"><strong>Dates et organisation<\/strong><\/span><\/h2>\n<p><strong>\u21d2 4 samedis<\/strong> (9h \u00e0 16h) :<\/p>\n<ul>\n<li><strong>31\/01\/2026<\/strong> \u2013 <em>Formateur : Denis Cariat<\/em><\/li>\n<li><strong>07\/02\/2026<\/strong> \u2013 <em>Formateurs : Denis Cariat &amp; Coralie Helleputte<\/em><\/li>\n<li><strong>14\/03\/2026<\/strong> \u2013 <em>Formatrice : Anna Tinebra<\/em><\/li>\n<li><strong>28\/03\/2026<\/strong> \u2013 <em>Formateurs : Denis Cariat, Anna Tinebra, Coralie Helleputte avec un jury externe (pr\u00e9sentation et \u00e9valuation des travaux)<\/em><\/li>\n<\/ul>\n<p>&nbsp;<\/p>\n<p><strong>Lieu<\/strong>\u00a0: <em>La Fabrique de V\u00eatements, Binche (salle du premier \u00e9tage)<\/em><\/p>\n<p><img loading=\"lazy\" decoding=\"async\" class=\"alignnone wp-image-2025\" src=\"https:\/\/ceref.helha.be\/economique\/app\/uploads\/2025\/12\/LOGO-Fabrique-300x300.png\" alt=\"\" width=\"163\" height=\"163\" srcset=\"https:\/\/ceref.helha.be\/economique\/app\/uploads\/2025\/12\/LOGO-Fabrique-300x300.png 300w, https:\/\/ceref.helha.be\/economique\/app\/uploads\/2025\/12\/LOGO-Fabrique-1024x1024.png 1024w, https:\/\/ceref.helha.be\/economique\/app\/uploads\/2025\/12\/LOGO-Fabrique-150x150.png 150w, https:\/\/ceref.helha.be\/economique\/app\/uploads\/2025\/12\/LOGO-Fabrique-768x768.png 768w, https:\/\/ceref.helha.be\/economique\/app\/uploads\/2025\/12\/LOGO-Fabrique-1536x1536.png 1536w, https:\/\/ceref.helha.be\/economique\/app\/uploads\/2025\/12\/LOGO-Fabrique.png 1848w\" sizes=\"auto, (max-width: 163px) 100vw, 163px\" \/><\/p>\n<p><strong>Prix<\/strong> : <em>1500 euros pour les 4 samedis, avec pour chaque samedi, une formule accueil (caf\u00e9, th\u00e9, jus, viennoiserie, boissons soft), une formule pause-caf\u00e9 10h (caf\u00e9, th\u00e9, jus, soft) et une formule lunch (sandwich, soupe, soft, fruits) <\/em><\/p>\n<p><strong>Inscriptions <a href=\"https:\/\/forms.office.com\/pages\/responsepage.aspx?id=DdTDAQXPJkODYP7OfaVEFNmTfGGAFq5El16-SrKHu_BUOFRVS0hKMkgxQTIwRlFLQkU2U0gxVDBRMC4u&amp;route=shorturl\">via ce formulaire<\/a><\/strong><\/p>\n<h2><span style=\"color: #0089c4\"><strong>Le programme d\u00e9taill\u00e9\u00a0<\/strong><\/span><\/h2>\n<h3><span style=\"color: #0089c4\"><strong>Samedi 1<\/strong><\/span><\/h3>\n<ul style=\"list-style-type: circle\">\n<li>Pr\u00e9sentation des modalit\u00e9s de la formation et de ses modes d\u2019\u00e9valuation<\/li>\n<li>Quizz d&rsquo;auto-\u00e9valuation et de compr\u00e9hension des enjeux<\/li>\n<li>Consensus scientifique\/Limites plan\u00e9taires et in\u00e9galit\u00e9s sociales\/Fresque du climat\/Zoom sur le changement climatique en Belgique\/Wallonie\/Charleroi M\u00e9tropole<\/li>\n<\/ul>\n<h3><span style=\"color: #0089c4\"><strong>Samedi 2<\/strong><\/span><\/h3>\n<ul style=\"list-style-type: circle\">\n<li>\u00c9ventail des solutions d&rsquo;att\u00e9nuation et d&rsquo;adaptation compatibles avec les limites plan\u00e9taires<\/li>\n<li>Exemples de villes\/entreprises ambitieuses\/avant-gardistes<\/li>\n<li>Financement des solutions \/solutions existantes<\/li>\n<li>T\u00e9moignages d&rsquo;entrepreneurs \/visionnage de contenus inspirants<\/li>\n<li>Mod\u00e8les \u00e9conomiques alternatifs<\/li>\n<li>Nouveaux mod\u00e8les d&rsquo;entreprises<\/li>\n<li>Indicateurs de prosp\u00e9rit\u00e9 alternatifs<\/li>\n<\/ul>\n<h3><span style=\"color: #0089c4\"><strong>Samedi 3<\/strong><\/span><\/h3>\n<p>Aligner les 3P : une strat\u00e9gie qui rapporte : concilier performance \u00e9conomique, responsabilit\u00e9 sociale et transition \u00e9cologique.<\/p>\n<ul style=\"list-style-type: circle\">\n<li>Approche p\u00e9dagogique active (cas, co-construction, outils concrets)<\/li>\n<li>\u00c9quilibre entre th\u00e9orie, d\u00e9bat et mise en pratique<\/li>\n<li>Mise \u00e0 disposition de livrables transf\u00e9rables dans l\u2019activit\u00e9 professionnelle<\/li>\n<\/ul>\n<h3><span style=\"color: #0089c4\"><strong>Samedi 4<\/strong><\/span><\/h3>\n<ul style=\"list-style-type: circle\">\n<li>\u00c9valuation de la compr\u00e9hension des enjeux \u00e0 la suite de la formation<\/li>\n<li>Pr\u00e9sentation des travaux de groupe<\/li>\n<li>En sus des s\u00e9ances de formation, un portefeuille de lectures sera mis \u00e0 disposition des participant.e.s<\/li>\n<\/ul>\n<p>&nbsp;<\/p>\n<h2><strong><span style=\"color: #0089c4\">Les formateurs<\/span><\/strong><\/h2>\n<p><img loading=\"lazy\" decoding=\"async\" class=\"alignleft wp-image-1976 size-thumbnail\" style=\"float: left;margin-right: 1rem\" src=\"https:\/\/ceref.helha.be\/economique\/app\/uploads\/2025\/11\/Denis-Cariat-150x150.jpg\" alt=\"\" width=\"150\" height=\"150\" srcset=\"https:\/\/ceref.helha.be\/economique\/app\/uploads\/2025\/11\/Denis-Cariat-150x150.jpg 150w, https:\/\/ceref.helha.be\/economique\/app\/uploads\/2025\/11\/Denis-Cariat-300x300.jpg 300w, https:\/\/ceref.helha.be\/economique\/app\/uploads\/2025\/11\/Denis-Cariat-768x768.jpg 768w, https:\/\/ceref.helha.be\/economique\/app\/uploads\/2025\/11\/Denis-Cariat.jpg 800w\" sizes=\"auto, (max-width: 150px) 100vw, 150px\" \/><strong>Denis Cariat<\/strong>, carolo pure souche, est titulaire d\u2019un master d\u2019ing\u00e9nieur de gestion (2013). Apr\u00e8s quatre ann\u00e9es d\u2019exp\u00e9rience dans le secteur priv\u00e9, il rejoint la sph\u00e8re publique o\u00f9 il contribue \u00e0 des projets structurants pour le d\u00e9veloppement du territoire de Charleroi (plan CATCH, Charleroi M\u00e9tropole avec un focus sur la ceinture alimentaire et le hub A6K-E6K). Passionn\u00e9 par la pr\u00e9servation de l\u2019environnement et les enjeux climatiques, il obtient en 2024 un master en climatologie afin de r\u00e9orienter sa carri\u00e8re. Depuis f\u00e9vrier 2025, il est attach\u00e9 \u00ab transition \u00e9cologique \u00bb \u00e0 la Ville de Charleroi. En parall\u00e8le, il aime transmettre ses connaissances \u00e0 tous les publics sur ces enjeux, notamment via l\u2019atelier \u201cFresque du Climat\u201d et souhaite, via cette formation, contribuer \u00e0 l\u2019adaptation des territoires et des entreprises aux limites plan\u00e9taires.<\/p>\n<p>&nbsp;<\/p>\n<p><img loading=\"lazy\" decoding=\"async\" class=\"alignnone wp-image-1977 size-thumbnail\" style=\"float: left;margin-right: 1rem\" src=\"https:\/\/ceref.helha.be\/economique\/app\/uploads\/2025\/11\/Anna-Tinebra-e1764245118114-150x150.jpg\" alt=\"Anna Tinebra\" width=\"150\" height=\"150\" srcset=\"https:\/\/ceref.helha.be\/economique\/app\/uploads\/2025\/11\/Anna-Tinebra-e1764245118114-150x150.jpg 150w, https:\/\/ceref.helha.be\/economique\/app\/uploads\/2025\/11\/Anna-Tinebra-e1764245118114-300x300.jpg 300w, https:\/\/ceref.helha.be\/economique\/app\/uploads\/2025\/11\/Anna-Tinebra-e1764245118114.jpg 500w\" sizes=\"auto, (max-width: 150px) 100vw, 150px\" \/><strong>Anna Tinebra<\/strong>\u00a0est titulaire d\u2019un master en gestion d\u2019entreprise, elle a accompagn\u00e9 pendant plusieurs ann\u00e9es des porteurs de projets dans la cr\u00e9ation et le d\u00e9veloppement de leur entreprise, renfor\u00e7ant ainsi le tissu \u00e9conomique local. Elle s\u2019est sp\u00e9cialis\u00e9e dans le secteur non marchand, mettant son expertise en gestion au service d\u2019associations et d\u2019organisations \u00e0 but non lucratif. En parall\u00e8le, elle est ma\u00eetre-assistante et enseigne le commerce \u00e9quitable, transmettant aux \u00e9tudiants les valeurs de durabilit\u00e9, d\u2019\u00e9thique et de responsabilit\u00e9 \u00e9conomique.<\/p>\n<p>&nbsp;<\/p>\n<h2><strong><span style=\"color: #0089c4\">Avec l&rsquo;intervention de\u00a0<\/span><\/strong><\/h2>\n<p><img loading=\"lazy\" decoding=\"async\" class=\"wp-image-1978 alignleft\" style=\"float: left;margin-right: 1rem\" src=\"https:\/\/ceref.helha.be\/economique\/app\/uploads\/2025\/11\/Coralie-Helleputte-1.jpg\" alt=\"\" width=\"150\" height=\"150\" \/><strong>Coralie Helleputte<\/strong> est charg\u00e9e de cours invit\u00e9e et assistante de recherche \u00e0 l\u2019UCLouvain, o\u00f9 elle est affili\u00e9e au Louvain Institute of Data Analysis and Modeling in economics and statistics (LIDAM) et \u00e0 l\u2019Institut de recherches \u00e9conomiques et sociales (IRES), au sein de la facult\u00e9 des sciences \u00e9conomiques, sociales, politiques et de communication (ESPO). Docteure en sciences \u00e9conomiques et de gestion, elle s\u2019est sp\u00e9cialis\u00e9e dans l\u2019\u00e9tude des entreprises sociales, du tiers secteur et des m\u00e9thodes d\u2019\u00e9valuation de l\u2019impact social. Ses travaux explorent les tensions entre rigueur m\u00e9thodologique et respect des valeurs sociales dans les dispositifs d\u2019\u00e9valuation. Elle d\u00e9fend une approche transdisciplinaire et partenariale, en lien \u00e9troit avec les acteurs de terrain, comme en t\u00e9moigne sa collaboration avec Les Petits Riens. Coralie Helleputte participe \u00e0 la Chaire en \u00e9conomie sociale (2022-2025), financ\u00e9e par la R\u00e9gion wallonne, qui vise \u00e0 renforcer la recherche et l\u2019enseignement sur les entreprises sociales. Elle est \u00e9galement impliqu\u00e9e dans le projet europ\u00e9en WISESHIFT (2025-2029), consacr\u00e9 au r\u00f4le des entreprises sociales d\u2019insertion dans les transitions inclusives et durables. Ses recherches interrogent la mani\u00e8re dont les organisations \u00e0 mission sociale peuvent rendre compte de leurs r\u00e9sultats sans trahir leurs valeurs, en d\u00e9veloppant des outils adapt\u00e9s et appropri\u00e9s.<\/p>\n<p>Pour toute demande d&rsquo;informations, contactez Perrine Pigeon, Responsable \u00ab\u00a0Formation continue\u00a0\u00bb pour le CeREF \u00e9conomique, \u00e0 pigeonp@helha.be<\/p>\n<p>&nbsp;<\/p>\n<p><strong><em>D\u00e9couvrez \u00e9galement nos 7 modules de formation sur les <a href=\"https:\/\/ceref.helha.be\/economique\/formations\/\">outils bureautiques<\/a> !<\/em><\/strong><\/p>\n","protected":false},"excerpt":{"rendered":"<p>Objectif de la formation Cette formation innovante vise \u00e0 outiller les participant.e.s pour concevoir et mettre en \u0153uvre des strat\u00e9gies entrepreneuriales durables, align\u00e9es notamment sur les principes People \u2013 Planet \u2013 Profit. Les apprenant.e.s auront \u00e9galement l\u2019opportunit\u00e9 de tester leur propre projet (d\u2019entreprise notamment) dans le cadre des ateliers et de l&rsquo;\u00e9valuation finale et ce, [&hellip;]<\/p>\n","protected":false},"author":46,"featured_media":0,"parent":238,"menu_order":0,"comment_status":"closed","ping_status":"closed","template":"","meta":{"_acf_changed":false,"footnotes":""},"class_list":["post-1975","page","type-page","status-publish","hentry"],"acf":[],"yoast_head":"<!-- This site is optimized with the Yoast SEO plugin v21.9.1 - https:\/\/yoast.com\/wordpress\/plugins\/seo\/ -->\n<title>Entreprise durable et strat\u00e9gie responsable - CeREF Economique<\/title>\n<meta name=\"robots\" content=\"index, follow, max-snippet:-1, max-image-preview:large, max-video-preview:-1\" \/>\n<link rel=\"canonical\" href=\"https:\/\/ceref.helha.be\/economique\/formations\/formation-entreprise-durable-et-strategie-responsable\/\" \/>\n<meta property=\"og:locale\" content=\"fr_FR\" \/>\n<meta property=\"og:type\" content=\"article\" \/>\n<meta property=\"og:title\" content=\"Entreprise durable et strat\u00e9gie responsable - CeREF Economique\" \/>\n<meta property=\"og:description\" content=\"Objectif de la formation Cette formation innovante vise \u00e0 outiller les participant.e.s pour concevoir et mettre en \u0153uvre des strat\u00e9gies entrepreneuriales durables, align\u00e9es notamment sur les principes People \u2013 Planet \u2013 Profit. Les apprenant.e.s auront \u00e9galement l\u2019opportunit\u00e9 de tester leur propre projet (d\u2019entreprise notamment) dans le cadre des ateliers et de l&rsquo;\u00e9valuation finale et ce, [&hellip;]\" \/>\n<meta property=\"og:url\" content=\"https:\/\/ceref.helha.be\/economique\/formations\/formation-entreprise-durable-et-strategie-responsable\/\" \/>\n<meta property=\"og:site_name\" content=\"CeREF Economique\" \/>\n<meta property=\"article:publisher\" content=\"https:\/\/www.facebook.com\/Ceref.helha\" \/>\n<meta property=\"article:modified_time\" content=\"2025-12-04T12:47:40+00:00\" \/>\n<meta property=\"og:image\" content=\"https:\/\/ceref.helha.be\/economique\/app\/uploads\/2025\/12\/LOGO-Fabrique-300x300.png\" \/>\n<meta name=\"twitter:card\" content=\"summary_large_image\" \/>\n<meta name=\"twitter:label1\" content=\"Est. reading time\" \/>\n\t<meta name=\"twitter:data1\" content=\"4 minutes\" \/>\n<script type=\"application\/ld+json\" class=\"yoast-schema-graph\">{\"@context\":\"https:\/\/schema.org\",\"@graph\":[{\"@type\":\"WebPage\",\"@id\":\"https:\/\/ceref.helha.be\/economique\/formations\/formation-entreprise-durable-et-strategie-responsable\/\",\"url\":\"https:\/\/ceref.helha.be\/economique\/formations\/formation-entreprise-durable-et-strategie-responsable\/\",\"name\":\"Entreprise durable et strat\u00e9gie responsable - CeREF Economique\",\"isPartOf\":{\"@id\":\"https:\/\/ceref.helha.be\/economique\/#website\"},\"datePublished\":\"2025-12-01T15:25:28+00:00\",\"dateModified\":\"2025-12-04T12:47:40+00:00\",\"breadcrumb\":{\"@id\":\"https:\/\/ceref.helha.be\/economique\/formations\/formation-entreprise-durable-et-strategie-responsable\/#breadcrumb\"},\"inLanguage\":\"fr-FR\",\"potentialAction\":[{\"@type\":\"ReadAction\",\"target\":[\"https:\/\/ceref.helha.be\/economique\/formations\/formation-entreprise-durable-et-strategie-responsable\/\"]}]},{\"@type\":\"BreadcrumbList\",\"@id\":\"https:\/\/ceref.helha.be\/economique\/formations\/formation-entreprise-durable-et-strategie-responsable\/#breadcrumb\",\"itemListElement\":[{\"@type\":\"ListItem\",\"position\":1,\"name\":\"Home\",\"item\":\"https:\/\/ceref.helha.be\/economique\/\"},{\"@type\":\"ListItem\",\"position\":2,\"name\":\"Formations\",\"item\":\"https:\/\/ceref.helha.be\/economique\/formations\/\"},{\"@type\":\"ListItem\",\"position\":3,\"name\":\"Entreprise durable et strat\u00e9gie responsable\"}]},{\"@type\":\"WebSite\",\"@id\":\"https:\/\/ceref.helha.be\/economique\/#website\",\"url\":\"https:\/\/ceref.helha.be\/economique\/\",\"name\":\"CeREF Economique - Centre de Recherche et de Formation continue de la HELHa\",\"description\":\"Centre de Recherche et de Formation HELHa\",\"publisher\":{\"@id\":\"https:\/\/ceref.helha.be\/economique\/#organization\"},\"potentialAction\":[{\"@type\":\"SearchAction\",\"target\":{\"@type\":\"EntryPoint\",\"urlTemplate\":\"https:\/\/ceref.helha.be\/economique\/?s={search_term_string}\"},\"query-input\":\"required name=search_term_string\"}],\"inLanguage\":\"fr-FR\"},{\"@type\":\"Organization\",\"@id\":\"https:\/\/ceref.helha.be\/economique\/#organization\",\"name\":\"CeREF Economique - Centre de Recherche et de Formation continue de la HELHa\",\"url\":\"https:\/\/ceref.helha.be\/economique\/\",\"logo\":{\"@type\":\"ImageObject\",\"inLanguage\":\"fr-FR\",\"@id\":\"https:\/\/ceref.helha.be\/economique\/#\/schema\/logo\/image\/\",\"url\":\"https:\/\/ceref.helha.be\/economique\/app\/uploads\/2021\/03\/logo-cerefeconomique.jpg\",\"contentUrl\":\"https:\/\/ceref.helha.be\/economique\/app\/uploads\/2021\/03\/logo-cerefeconomique.jpg\",\"width\":278,\"height\":154,\"caption\":\"CeREF Economique - Centre de Recherche et de Formation continue de la HELHa\"},\"image\":{\"@id\":\"https:\/\/ceref.helha.be\/economique\/#\/schema\/logo\/image\/\"},\"sameAs\":[\"https:\/\/www.facebook.com\/Ceref.helha\",\"https:\/\/www.linkedin.com\/company\/ceref-helha\/\"]}]}<\/script>\n<!-- \/ Yoast SEO plugin. -->","yoast_head_json":{"title":"Entreprise durable et strat\u00e9gie responsable - CeREF Economique","robots":{"index":"index","follow":"follow","max-snippet":"max-snippet:-1","max-image-preview":"max-image-preview:large","max-video-preview":"max-video-preview:-1"},"canonical":"https:\/\/ceref.helha.be\/economique\/formations\/formation-entreprise-durable-et-strategie-responsable\/","og_locale":"fr_FR","og_type":"article","og_title":"Entreprise durable et strat\u00e9gie responsable - CeREF Economique","og_description":"Objectif de la formation Cette formation innovante vise \u00e0 outiller les participant.e.s pour concevoir et mettre en \u0153uvre des strat\u00e9gies entrepreneuriales durables, align\u00e9es notamment sur les principes People \u2013 Planet \u2013 Profit. Les apprenant.e.s auront \u00e9galement l\u2019opportunit\u00e9 de tester leur propre projet (d\u2019entreprise notamment) dans le cadre des ateliers et de l&rsquo;\u00e9valuation finale et ce, [&hellip;]","og_url":"https:\/\/ceref.helha.be\/economique\/formations\/formation-entreprise-durable-et-strategie-responsable\/","og_site_name":"CeREF Economique","article_publisher":"https:\/\/www.facebook.com\/Ceref.helha","article_modified_time":"2025-12-04T12:47:40+00:00","og_image":[{"url":"https:\/\/ceref.helha.be\/economique\/app\/uploads\/2025\/12\/LOGO-Fabrique-300x300.png"}],"twitter_card":"summary_large_image","twitter_misc":{"Est. reading time":"4 minutes"},"schema":{"@context":"https:\/\/schema.org","@graph":[{"@type":"WebPage","@id":"https:\/\/ceref.helha.be\/economique\/formations\/formation-entreprise-durable-et-strategie-responsable\/","url":"https:\/\/ceref.helha.be\/economique\/formations\/formation-entreprise-durable-et-strategie-responsable\/","name":"Entreprise durable et strat\u00e9gie responsable - CeREF Economique","isPartOf":{"@id":"https:\/\/ceref.helha.be\/economique\/#website"},"datePublished":"2025-12-01T15:25:28+00:00","dateModified":"2025-12-04T12:47:40+00:00","breadcrumb":{"@id":"https:\/\/ceref.helha.be\/economique\/formations\/formation-entreprise-durable-et-strategie-responsable\/#breadcrumb"},"inLanguage":"fr-FR","potentialAction":[{"@type":"ReadAction","target":["https:\/\/ceref.helha.be\/economique\/formations\/formation-entreprise-durable-et-strategie-responsable\/"]}]},{"@type":"BreadcrumbList","@id":"https:\/\/ceref.helha.be\/economique\/formations\/formation-entreprise-durable-et-strategie-responsable\/#breadcrumb","itemListElement":[{"@type":"ListItem","position":1,"name":"Home","item":"https:\/\/ceref.helha.be\/economique\/"},{"@type":"ListItem","position":2,"name":"Formations","item":"https:\/\/ceref.helha.be\/economique\/formations\/"},{"@type":"ListItem","position":3,"name":"Entreprise durable et strat\u00e9gie responsable"}]},{"@type":"WebSite","@id":"https:\/\/ceref.helha.be\/economique\/#website","url":"https:\/\/ceref.helha.be\/economique\/","name":"CeREF Economique - Centre de Recherche et de Formation continue de la HELHa","description":"Centre de Recherche et de Formation HELHa","publisher":{"@id":"https:\/\/ceref.helha.be\/economique\/#organization"},"potentialAction":[{"@type":"SearchAction","target":{"@type":"EntryPoint","urlTemplate":"https:\/\/ceref.helha.be\/economique\/?s={search_term_string}"},"query-input":"required name=search_term_string"}],"inLanguage":"fr-FR"},{"@type":"Organization","@id":"https:\/\/ceref.helha.be\/economique\/#organization","name":"CeREF Economique - Centre de Recherche et de Formation continue de la HELHa","url":"https:\/\/ceref.helha.be\/economique\/","logo":{"@type":"ImageObject","inLanguage":"fr-FR","@id":"https:\/\/ceref.helha.be\/economique\/#\/schema\/logo\/image\/","url":"https:\/\/ceref.helha.be\/economique\/app\/uploads\/2021\/03\/logo-cerefeconomique.jpg","contentUrl":"https:\/\/ceref.helha.be\/economique\/app\/uploads\/2021\/03\/logo-cerefeconomique.jpg","width":278,"height":154,"caption":"CeREF Economique - Centre de Recherche et de Formation continue de la HELHa"},"image":{"@id":"https:\/\/ceref.helha.be\/economique\/#\/schema\/logo\/image\/"},"sameAs":["https:\/\/www.facebook.com\/Ceref.helha","https:\/\/www.linkedin.com\/company\/ceref-helha\/"]}]}},"_links":{"self":[{"href":"https:\/\/ceref.helha.be\/economique\/wp-json\/wp\/v2\/pages\/1975","targetHints":{"allow":["GET"]}}],"collection":[{"href":"https:\/\/ceref.helha.be\/economique\/wp-json\/wp\/v2\/pages"}],"about":[{"href":"https:\/\/ceref.helha.be\/economique\/wp-json\/wp\/v2\/types\/page"}],"author":[{"embeddable":true,"href":"https:\/\/ceref.helha.be\/economique\/wp-json\/wp\/v2\/users\/46"}],"replies":[{"embeddable":true,"href":"https:\/\/ceref.helha.be\/economique\/wp-json\/wp\/v2\/comments?post=1975"}],"version-history":[{"count":26,"href":"https:\/\/ceref.helha.be\/economique\/wp-json\/wp\/v2\/pages\/1975\/revisions"}],"predecessor-version":[{"id":2029,"href":"https:\/\/ceref.helha.be\/economique\/wp-json\/wp\/v2\/pages\/1975\/revisions\/2029"}],"up":[{"embeddable":true,"href":"https:\/\/ceref.helha.be\/economique\/wp-json\/wp\/v2\/pages\/238"}],"wp:attachment":[{"href":"https:\/\/ceref.helha.be\/economique\/wp-json\/wp\/v2\/media?parent=1975"}],"curies":[{"name":"wp","href":"https:\/\/api.w.org\/{rel}","templated":true}]}}