{"id":304,"date":"2019-12-17T14:07:44","date_gmt":"2019-12-17T13:07:44","guid":{"rendered":"https:\/\/ceref-test.helha.be\/cerso\/?page_id=304"},"modified":"2025-01-22T13:32:30","modified_gmt":"2025-01-22T13:32:30","slug":"contact","status":"publish","type":"page","link":"https:\/\/ceref.helha.be\/cerso\/contact\/","title":{"rendered":"Contact"},"content":{"rendered":"<section>\n<h2 class=\"text-he-current\">CERSO Formations Catalogue<\/h2>\n<ul class=\"row list-unstyled gy-4\">\n<li class=\"col-12 col-sm-6 col-lg-4\">\n<article class=\"card\">\n<div class=\"card-body text-center\">\n<h3 class=\"text-he-grey mb-1\">Laurence Brootcorne (responsable)<\/h3>\n<p class=\"mb-0\"><a href=\"mailto:brootcornel@helha.be\"><small>brootcornel@helha.be<\/small><\/a><\/p>\n<p class=\"mb-0\"><a href=\"tel:+3271159804\"><small>+32 (0) 71 15 98 04<\/small><\/a><\/p>\n<\/div>\n<\/article>\n<\/li>\n<li class=\"col-12 col-sm-6 col-lg-4\">\n<article class=\"card\">\n<div class=\"card-body text-center\">\n<h3 class=\"text-he-grey mb-1\">Marie-Ange Hunt<\/h3>\n<p class=\"mb-0\"><a href=\"mailto:huntma@helha.be\"><small>huntma@helha.be<\/small><\/a><\/p>\n<p class=\"mb-0\"><a href=\"tel:+3265404167\"><small>+32 (0)65 40 41 67<\/small><\/a><\/p>\n<\/div>\n<\/article>\n<\/li>\n<li class=\"col-12 col-sm-6 col-lg-4\">\n<article class=\"card\">\n<div class=\"card-body text-center\">\n<h3 class=\"text-he-grey mb-1\">B\u00e9reng\u00e8re Juvent<\/h3>\n<p class=\"mb-0\"><a href=\"mailto:huntma@helha.be\"><small>juventb@helha.be<\/small><\/a><\/p>\n<p class=\"mb-0\"><a href=\"tel:+3265404167\"><small>+32 (0)65 40 41 67<\/small><\/a><\/p>\n<\/div>\n<\/article>\n<\/li>\n<\/ul>\n<h3 class=\"text-he-current mt-4\">Responsables administratives et financi\u00e8res<\/h3>\n<ul class=\"row list-unstyled gy-4\">\n<li class=\"col-12 col-sm-6\">\u00c0 <strong>Montignies-sur-Sambre<\/strong><br \/>\n(Rue Trieu Kaisin 136, 6061) :<\/p>\n<article class=\"card\">\n<div class=\"card-body text-center\">\n<h3 class=\"text-he-grey mb-1\">Anne Sottiaux<\/h3>\n<p class=\"mb-0\">Les lundis, mardis et jeudis de 8h10 \u00e0 15h en p\u00e9riode scolaire<\/p>\n<p class=\"mb-0\"><a href=\"mailto:sottiauxa@helha.be\"><small>sottiauxa@helha.be<\/small><\/a><\/p>\n<p class=\"mb-0\"><a href=\"tel:+3271159830\"><small>+32 (0)71 15 98 30<\/small><\/a><\/p>\n<\/div>\n<\/article>\n<\/li>\n<li class=\"col-12 col-sm-6\">\u00c0 <strong>Mons<\/strong><br \/>\n(Chauss\u00e9e de Binche 159, 7000) :<\/p>\n<article class=\"card\">\n<div class=\"card-body text-center\">\n<h3 class=\"text-he-grey mb-1\">Sophie Delvaux<\/h3>\n<p class=\"mb-0\"><a href=\"mailto:huntma@helha.be\"><small>delvauxs@helha.be<\/small><\/a><\/p>\n<p class=\"mb-0\"><a href=\"tel:+3265404167\"><small>+32 (0)65 40 41 67<\/small><\/a><\/p>\n<\/div>\n<\/article>\n<\/li>\n<\/ul>\n<\/section>\n<section>\n<h2 class=\"text-he-current mt-5\">CERSO Interventions sur Mesure<\/h2>\n<ul class=\"row list-unstyled gy-4\">\n<li class=\"col-12 col-sm-6\">\n<article class=\"card\">\n<div class=\"card-body text-center\">\n<h3 class=\"text-he-grey mb-1\">Maurizio Cerchiari (responsable)<\/h3>\n<p class=\"mb-0\"><a href=\"mailto:cerchiarim@helha.be\"><small>cerchiarim@helha.be<\/small><\/a><\/p>\n<p class=\"mb-0\"><a href=\"tel:+3210482977\"><small>+32(0) 10 48 29 77<\/small><\/a><\/p>\n<\/div>\n<\/article>\n<\/li>\n<li class=\"col-12 col-sm-6\">\n<article class=\"card\">\n<div class=\"card-body text-center\">\n<h3 class=\"text-he-grey mb-1\">Aurore Strappazon<\/h3>\n<p class=\"mb-0\"><a href=\"mailto:strappazona@helha.be\"><small>strappazona@helha.be<\/small><\/a><\/p>\n<p class=\"mb-0\"><a href=\"tel:+32476545633\"><small>+32 (0)476 54 56 33<\/small><\/a><\/p>\n<\/div>\n<\/article>\n<\/li>\n<\/ul>\n<h3 class=\"text-he-current mt-4\">Responsables administratives et financi\u00e8res<\/h3>\n<ul class=\"row list-unstyled gy-4\">\n<li class=\"col-12 col-sm-6\">\u00c0 <strong>Louvain-la-Neuve<\/strong><br \/>\n(Rue de l\u2019Hocaille 10, 1348) :<\/p>\n<article class=\"card\">\n<div class=\"card-body text-center\">\n<h3 class=\"text-he-grey mb-1\">Martine Somerhausen<\/h3>\n<p class=\"mb-0\"><a href=\"mailto:somerhausenm@helha.be\"><small>somerhausenm@helha.be<\/small><\/a><\/p>\n<p class=\"mb-0\"><a href=\"tel:+3210482962\"><small>+32(0) 10 48 29 62<\/small><\/a><\/p>\n<\/div>\n<\/article>\n<\/li>\n<li class=\"col-12 col-sm-6\">\u00c0 <strong>Mons<\/strong><br \/>\n(Chauss\u00e9e de Binche 159, 7000) :<\/p>\n<article class=\"card\">\n<div class=\"card-body text-center\">\n<h3 class=\"text-he-grey mb-1\">Sophie Delvaux<\/h3>\n<p class=\"mb-0\"><a href=\"mailto:delvauxs@helha.be\"><small>delvauxs@helha.be<\/small><\/a><\/p>\n<p class=\"mb-0\"><a href=\"tel:+3265404167\"><small>+32 (0)65 40 41 67<\/small><\/a><\/p>\n<\/div>\n<\/article>\n<\/li>\n<\/ul>\n<\/section>\n<section>\n<h2 class=\"text-he-current mt-5\">CERSO Recherche<\/h2>\n<ul class=\"row list-unstyled gy-4\">\n<li class=\"col-12 col-sm-6\">\n<h3 class=\"text-he-current\">Responsable du CERSO Recherche<\/h3>\n<article class=\"card\">\n<div class=\"card-body text-center\">\n<h3 class=\"text-he-grey mb-1\">David Laloy<\/h3>\n<p class=\"mb-0\"><a href=\"mailto:laloyd@helha.be\"><small>laloyd@helha.be<\/small><\/a><\/p>\n<p class=\"mb-0\"><a href=\"tel:+3210482950\"><small>+32(0) 10 48 29 50<\/small><\/a><\/p>\n<\/div>\n<\/article>\n<\/li>\n<li class=\"col-12 col-sm-6\">\n<h3 class=\"text-he-current\">Responsable administrative et financi\u00e8re<\/h3>\n<article class=\"card\">\n<div class=\"card-body text-center\">\n<h3 class=\"text-he-grey mb-1\">Martine Somerhausen<\/h3>\n<p class=\"mb-0\"><a href=\"mailto:somerhausenm@helha.be\"><small>somerhausenm@helha.be<\/small><\/a><\/p>\n<p class=\"mb-0\"><a href=\"tel:+3210482962\"><small>+32(0) 10 48 29 62<\/small><\/a><\/p>\n<\/div>\n<\/article>\n<\/li>\n<\/ul>\n<\/section>\n","protected":false},"excerpt":{"rendered":"<p>CERSO Formations Catalogue Laurence Brootcorne (responsable) brootcornel@helha.be +32 (0) 71 15 98 04 Marie-Ange Hunt huntma@helha.be +32 (0)65 40 41 67 B\u00e9reng\u00e8re Juvent juventb@helha.be +32 (0)65 40 41 67 Responsables administratives et financi\u00e8res \u00c0 Montignies-sur-Sambre (Rue Trieu Kaisin 136, 6061) : Anne Sottiaux Les lundis, mardis et jeudis de 8h10 \u00e0 15h en p\u00e9riode scolaire [&hellip;]<\/p>\n","protected":false},"author":1,"featured_media":0,"parent":0,"menu_order":0,"comment_status":"closed","ping_status":"closed","template":"template-fullwidth.php","meta":{"_acf_changed":false,"footnotes":""},"class_list":["post-304","page","type-page","status-publish","hentry"],"acf":[],"yoast_head":"<!-- This site is optimized with the Yoast SEO plugin v21.9.1 - https:\/\/yoast.com\/wordpress\/plugins\/seo\/ -->\n<title>Contact - CeRS0<\/title>\n<meta name=\"robots\" content=\"index, follow, max-snippet:-1, max-image-preview:large, max-video-preview:-1\" \/>\n<link rel=\"canonical\" href=\"https:\/\/ceref.helha.be\/cerso\/contact\/\" \/>\n<meta property=\"og:locale\" content=\"fr_FR\" \/>\n<meta property=\"og:type\" content=\"article\" \/>\n<meta property=\"og:title\" content=\"Contact - CeRS0\" \/>\n<meta property=\"og:description\" content=\"CERSO Formations Catalogue Laurence Brootcorne (responsable) brootcornel@helha.be +32 (0) 71 15 98 04 Marie-Ange Hunt huntma@helha.be +32 (0)65 40 41 67 B\u00e9reng\u00e8re Juvent juventb@helha.be +32 (0)65 40 41 67 Responsables administratives et financi\u00e8res \u00c0 Montignies-sur-Sambre (Rue Trieu Kaisin 136, 6061) : Anne Sottiaux Les lundis, mardis et jeudis de 8h10 \u00e0 15h en p\u00e9riode scolaire [&hellip;]\" \/>\n<meta property=\"og:url\" content=\"https:\/\/ceref.helha.be\/cerso\/contact\/\" \/>\n<meta property=\"og:site_name\" content=\"CeRS0\" \/>\n<meta property=\"article:publisher\" content=\"https:\/\/www.facebook.com\/Ceref.helha\" \/>\n<meta property=\"article:modified_time\" content=\"2025-01-22T13:32:30+00:00\" \/>\n<meta name=\"twitter:card\" content=\"summary_large_image\" \/>\n<meta name=\"twitter:label1\" content=\"Est. reading time\" \/>\n\t<meta name=\"twitter:data1\" content=\"1 minute\" \/>\n<script type=\"application\/ld+json\" class=\"yoast-schema-graph\">{\"@context\":\"https:\/\/schema.org\",\"@graph\":[{\"@type\":\"WebPage\",\"@id\":\"https:\/\/ceref.helha.be\/cerso\/contact\/\",\"url\":\"https:\/\/ceref.helha.be\/cerso\/contact\/\",\"name\":\"Contact - CeRS0\",\"isPartOf\":{\"@id\":\"https:\/\/ceref.helha.be\/cerso\/#website\"},\"datePublished\":\"2019-12-17T13:07:44+00:00\",\"dateModified\":\"2025-01-22T13:32:30+00:00\",\"breadcrumb\":{\"@id\":\"https:\/\/ceref.helha.be\/cerso\/contact\/#breadcrumb\"},\"inLanguage\":\"fr-FR\",\"potentialAction\":[{\"@type\":\"ReadAction\",\"target\":[\"https:\/\/ceref.helha.be\/cerso\/contact\/\"]}]},{\"@type\":\"BreadcrumbList\",\"@id\":\"https:\/\/ceref.helha.be\/cerso\/contact\/#breadcrumb\",\"itemListElement\":[{\"@type\":\"ListItem\",\"position\":1,\"name\":\"Home\",\"item\":\"https:\/\/ceref.helha.be\/cerso\/\"},{\"@type\":\"ListItem\",\"position\":2,\"name\":\"Contact\"}]},{\"@type\":\"WebSite\",\"@id\":\"https:\/\/ceref.helha.be\/cerso\/#website\",\"url\":\"https:\/\/ceref.helha.be\/cerso\/\",\"name\":\"CeRS0 - Centre de Recherche et de Formation continue de la HELHa\",\"description\":\"Centre de Recherche et de Formation HELHa\",\"publisher\":{\"@id\":\"https:\/\/ceref.helha.be\/cerso\/#organization\"},\"potentialAction\":[{\"@type\":\"SearchAction\",\"target\":{\"@type\":\"EntryPoint\",\"urlTemplate\":\"https:\/\/ceref.helha.be\/cerso\/?s={search_term_string}\"},\"query-input\":\"required name=search_term_string\"}],\"inLanguage\":\"fr-FR\"},{\"@type\":\"Organization\",\"@id\":\"https:\/\/ceref.helha.be\/cerso\/#organization\",\"name\":\"CeRS0 - Centre de Recherche et de Formation continue de la HELHa\",\"url\":\"https:\/\/ceref.helha.be\/cerso\/\",\"logo\":{\"@type\":\"ImageObject\",\"inLanguage\":\"fr-FR\",\"@id\":\"https:\/\/ceref.helha.be\/cerso\/#\/schema\/logo\/image\/\",\"url\":\"https:\/\/ceref.helha.be\/cerso\/app\/uploads\/2026\/01\/ceref-cerso.jpg\",\"contentUrl\":\"https:\/\/ceref.helha.be\/cerso\/app\/uploads\/2026\/01\/ceref-cerso.jpg\",\"width\":242,\"height\":84,\"caption\":\"CeRS0 - Centre de Recherche et de Formation continue de la HELHa\"},\"image\":{\"@id\":\"https:\/\/ceref.helha.be\/cerso\/#\/schema\/logo\/image\/\"},\"sameAs\":[\"https:\/\/www.facebook.com\/Ceref.helha\",\"https:\/\/www.linkedin.com\/company\/ceref-helha\/\"]}]}<\/script>\n<!-- \/ Yoast SEO plugin. -->","yoast_head_json":{"title":"Contact - CeRS0","robots":{"index":"index","follow":"follow","max-snippet":"max-snippet:-1","max-image-preview":"max-image-preview:large","max-video-preview":"max-video-preview:-1"},"canonical":"https:\/\/ceref.helha.be\/cerso\/contact\/","og_locale":"fr_FR","og_type":"article","og_title":"Contact - CeRS0","og_description":"CERSO Formations Catalogue Laurence Brootcorne (responsable) brootcornel@helha.be +32 (0) 71 15 98 04 Marie-Ange Hunt huntma@helha.be +32 (0)65 40 41 67 B\u00e9reng\u00e8re Juvent juventb@helha.be +32 (0)65 40 41 67 Responsables administratives et financi\u00e8res \u00c0 Montignies-sur-Sambre (Rue Trieu Kaisin 136, 6061) : Anne Sottiaux Les lundis, mardis et jeudis de 8h10 \u00e0 15h en p\u00e9riode scolaire [&hellip;]","og_url":"https:\/\/ceref.helha.be\/cerso\/contact\/","og_site_name":"CeRS0","article_publisher":"https:\/\/www.facebook.com\/Ceref.helha","article_modified_time":"2025-01-22T13:32:30+00:00","twitter_card":"summary_large_image","twitter_misc":{"Est. reading time":"1 minute"},"schema":{"@context":"https:\/\/schema.org","@graph":[{"@type":"WebPage","@id":"https:\/\/ceref.helha.be\/cerso\/contact\/","url":"https:\/\/ceref.helha.be\/cerso\/contact\/","name":"Contact - CeRS0","isPartOf":{"@id":"https:\/\/ceref.helha.be\/cerso\/#website"},"datePublished":"2019-12-17T13:07:44+00:00","dateModified":"2025-01-22T13:32:30+00:00","breadcrumb":{"@id":"https:\/\/ceref.helha.be\/cerso\/contact\/#breadcrumb"},"inLanguage":"fr-FR","potentialAction":[{"@type":"ReadAction","target":["https:\/\/ceref.helha.be\/cerso\/contact\/"]}]},{"@type":"BreadcrumbList","@id":"https:\/\/ceref.helha.be\/cerso\/contact\/#breadcrumb","itemListElement":[{"@type":"ListItem","position":1,"name":"Home","item":"https:\/\/ceref.helha.be\/cerso\/"},{"@type":"ListItem","position":2,"name":"Contact"}]},{"@type":"WebSite","@id":"https:\/\/ceref.helha.be\/cerso\/#website","url":"https:\/\/ceref.helha.be\/cerso\/","name":"CeRS0 - Centre de Recherche et de Formation continue de la HELHa","description":"Centre de Recherche et de Formation HELHa","publisher":{"@id":"https:\/\/ceref.helha.be\/cerso\/#organization"},"potentialAction":[{"@type":"SearchAction","target":{"@type":"EntryPoint","urlTemplate":"https:\/\/ceref.helha.be\/cerso\/?s={search_term_string}"},"query-input":"required name=search_term_string"}],"inLanguage":"fr-FR"},{"@type":"Organization","@id":"https:\/\/ceref.helha.be\/cerso\/#organization","name":"CeRS0 - Centre de Recherche et de Formation continue de la HELHa","url":"https:\/\/ceref.helha.be\/cerso\/","logo":{"@type":"ImageObject","inLanguage":"fr-FR","@id":"https:\/\/ceref.helha.be\/cerso\/#\/schema\/logo\/image\/","url":"https:\/\/ceref.helha.be\/cerso\/app\/uploads\/2026\/01\/ceref-cerso.jpg","contentUrl":"https:\/\/ceref.helha.be\/cerso\/app\/uploads\/2026\/01\/ceref-cerso.jpg","width":242,"height":84,"caption":"CeRS0 - Centre de Recherche et de Formation continue de la HELHa"},"image":{"@id":"https:\/\/ceref.helha.be\/cerso\/#\/schema\/logo\/image\/"},"sameAs":["https:\/\/www.facebook.com\/Ceref.helha","https:\/\/www.linkedin.com\/company\/ceref-helha\/"]}]}},"_links":{"self":[{"href":"https:\/\/ceref.helha.be\/cerso\/wp-json\/wp\/v2\/pages\/304","targetHints":{"allow":["GET"]}}],"collection":[{"href":"https:\/\/ceref.helha.be\/cerso\/wp-json\/wp\/v2\/pages"}],"about":[{"href":"https:\/\/ceref.helha.be\/cerso\/wp-json\/wp\/v2\/types\/page"}],"author":[{"embeddable":true,"href":"https:\/\/ceref.helha.be\/cerso\/wp-json\/wp\/v2\/users\/1"}],"replies":[{"embeddable":true,"href":"https:\/\/ceref.helha.be\/cerso\/wp-json\/wp\/v2\/comments?post=304"}],"version-history":[{"count":9,"href":"https:\/\/ceref.helha.be\/cerso\/wp-json\/wp\/v2\/pages\/304\/revisions"}],"predecessor-version":[{"id":1744,"href":"https:\/\/ceref.helha.be\/cerso\/wp-json\/wp\/v2\/pages\/304\/revisions\/1744"}],"wp:attachment":[{"href":"https:\/\/ceref.helha.be\/cerso\/wp-json\/wp\/v2\/media?parent=304"}],"curies":[{"name":"wp","href":"https:\/\/api.w.org\/{rel}","templated":true}]}}