{"id":294,"date":"2019-12-17T14:05:39","date_gmt":"2019-12-17T13:05:39","guid":{"rendered":"https:\/\/ceref-test.helha.be\/cerso\/?page_id=294"},"modified":"2021-03-12T16:17:09","modified_gmt":"2021-03-12T15:17:09","slug":"formations","status":"publish","type":"page","link":"https:\/\/ceref.helha.be\/cerso\/formations\/","title":{"rendered":"Formations"},"content":{"rendered":"<p>Le\u00a0<a href=\"https:\/\/cerso.helha.be\/a-venir\/\"><strong>CeRSO Formations catalogue<\/strong><\/a>, dont la mission principale est de pr\u00e9parer chaque ann\u00e9e un programme de formations diversifi\u00e9 et complet pour r\u00e9pondre au mieux \u00e0 vos pr\u00e9occupations professionnelles ;<\/p>\n<p>Le\u00a0<a href=\"https:\/\/cerso.helha.be\/presentation-3\/\"><strong>CeRSO Interventions sur mesure<\/strong><\/a>, dont l\u2019objectif est de r\u00e9pondre \u00e0 vos besoins d\u2019accompagnement d\u2019\u00e9quipes, d\u2019intervision, de supervision collective ou individuelle ;<\/p>\n","protected":false},"excerpt":{"rendered":"<p>Le\u00a0CeRSO Formations catalogue, dont la mission principale est de pr\u00e9parer chaque ann\u00e9e un programme de formations diversifi\u00e9 et complet pour r\u00e9pondre au mieux \u00e0 vos pr\u00e9occupations professionnelles ; Le\u00a0CeRSO Interventions sur mesure, dont l\u2019objectif est de r\u00e9pondre \u00e0 vos besoins d\u2019accompagnement d\u2019\u00e9quipes, d\u2019intervision, de supervision collective ou individuelle ;<\/p>\n","protected":false},"author":1,"featured_media":0,"parent":0,"menu_order":0,"comment_status":"closed","ping_status":"closed","template":"template-fullwidth.php","meta":{"_acf_changed":false,"footnotes":""},"class_list":["post-294","page","type-page","status-publish","hentry"],"acf":[],"yoast_head":"<!-- This site is optimized with the Yoast SEO plugin v21.9.1 - https:\/\/yoast.com\/wordpress\/plugins\/seo\/ -->\n<title>Formations - CeRS0<\/title>\n<meta name=\"robots\" content=\"index, follow, max-snippet:-1, max-image-preview:large, max-video-preview:-1\" \/>\n<link rel=\"canonical\" href=\"https:\/\/ceref.helha.be\/cerso\/formations\/\" \/>\n<meta property=\"og:locale\" content=\"fr_FR\" \/>\n<meta property=\"og:type\" content=\"article\" \/>\n<meta property=\"og:title\" content=\"Formations - CeRS0\" \/>\n<meta property=\"og:description\" content=\"Le\u00a0CeRSO Formations catalogue, dont la mission principale est de pr\u00e9parer chaque ann\u00e9e un programme de formations diversifi\u00e9 et complet pour r\u00e9pondre au mieux \u00e0 vos pr\u00e9occupations professionnelles ; Le\u00a0CeRSO Interventions sur mesure, dont l\u2019objectif est de r\u00e9pondre \u00e0 vos besoins d\u2019accompagnement d\u2019\u00e9quipes, d\u2019intervision, de supervision collective ou individuelle ;\" \/>\n<meta property=\"og:url\" content=\"https:\/\/ceref.helha.be\/cerso\/formations\/\" \/>\n<meta property=\"og:site_name\" content=\"CeRS0\" \/>\n<meta property=\"article:publisher\" content=\"https:\/\/www.facebook.com\/Ceref.helha\" \/>\n<meta property=\"article:modified_time\" content=\"2021-03-12T15:17:09+00:00\" \/>\n<meta name=\"twitter:card\" content=\"summary_large_image\" \/>\n<script type=\"application\/ld+json\" class=\"yoast-schema-graph\">{\"@context\":\"https:\/\/schema.org\",\"@graph\":[{\"@type\":\"WebPage\",\"@id\":\"https:\/\/ceref.helha.be\/cerso\/formations\/\",\"url\":\"https:\/\/ceref.helha.be\/cerso\/formations\/\",\"name\":\"Formations - CeRS0\",\"isPartOf\":{\"@id\":\"https:\/\/ceref.helha.be\/cerso\/#website\"},\"datePublished\":\"2019-12-17T13:05:39+00:00\",\"dateModified\":\"2021-03-12T15:17:09+00:00\",\"breadcrumb\":{\"@id\":\"https:\/\/ceref.helha.be\/cerso\/formations\/#breadcrumb\"},\"inLanguage\":\"fr-FR\",\"potentialAction\":[{\"@type\":\"ReadAction\",\"target\":[\"https:\/\/ceref.helha.be\/cerso\/formations\/\"]}]},{\"@type\":\"BreadcrumbList\",\"@id\":\"https:\/\/ceref.helha.be\/cerso\/formations\/#breadcrumb\",\"itemListElement\":[{\"@type\":\"ListItem\",\"position\":1,\"name\":\"Home\",\"item\":\"https:\/\/ceref.helha.be\/cerso\/\"},{\"@type\":\"ListItem\",\"position\":2,\"name\":\"Formations\"}]},{\"@type\":\"WebSite\",\"@id\":\"https:\/\/ceref.helha.be\/cerso\/#website\",\"url\":\"https:\/\/ceref.helha.be\/cerso\/\",\"name\":\"CeRS0 - Centre de Recherche et de Formation continue de la HELHa\",\"description\":\"Centre de Recherche et de Formation HELHa\",\"publisher\":{\"@id\":\"https:\/\/ceref.helha.be\/cerso\/#organization\"},\"potentialAction\":[{\"@type\":\"SearchAction\",\"target\":{\"@type\":\"EntryPoint\",\"urlTemplate\":\"https:\/\/ceref.helha.be\/cerso\/?s={search_term_string}\"},\"query-input\":\"required name=search_term_string\"}],\"inLanguage\":\"fr-FR\"},{\"@type\":\"Organization\",\"@id\":\"https:\/\/ceref.helha.be\/cerso\/#organization\",\"name\":\"CeRS0 - Centre de Recherche et de Formation continue de la HELHa\",\"url\":\"https:\/\/ceref.helha.be\/cerso\/\",\"logo\":{\"@type\":\"ImageObject\",\"inLanguage\":\"fr-FR\",\"@id\":\"https:\/\/ceref.helha.be\/cerso\/#\/schema\/logo\/image\/\",\"url\":\"https:\/\/ceref.helha.be\/cerso\/app\/uploads\/2026\/01\/ceref-cerso.jpg\",\"contentUrl\":\"https:\/\/ceref.helha.be\/cerso\/app\/uploads\/2026\/01\/ceref-cerso.jpg\",\"width\":242,\"height\":84,\"caption\":\"CeRS0 - Centre de Recherche et de Formation continue de la HELHa\"},\"image\":{\"@id\":\"https:\/\/ceref.helha.be\/cerso\/#\/schema\/logo\/image\/\"},\"sameAs\":[\"https:\/\/www.facebook.com\/Ceref.helha\",\"https:\/\/www.linkedin.com\/company\/ceref-helha\/\"]}]}<\/script>\n<!-- \/ Yoast SEO plugin. -->","yoast_head_json":{"title":"Formations - CeRS0","robots":{"index":"index","follow":"follow","max-snippet":"max-snippet:-1","max-image-preview":"max-image-preview:large","max-video-preview":"max-video-preview:-1"},"canonical":"https:\/\/ceref.helha.be\/cerso\/formations\/","og_locale":"fr_FR","og_type":"article","og_title":"Formations - CeRS0","og_description":"Le\u00a0CeRSO Formations catalogue, dont la mission principale est de pr\u00e9parer chaque ann\u00e9e un programme de formations diversifi\u00e9 et complet pour r\u00e9pondre au mieux \u00e0 vos pr\u00e9occupations professionnelles ; Le\u00a0CeRSO Interventions sur mesure, dont l\u2019objectif est de r\u00e9pondre \u00e0 vos besoins d\u2019accompagnement d\u2019\u00e9quipes, d\u2019intervision, de supervision collective ou individuelle ;","og_url":"https:\/\/ceref.helha.be\/cerso\/formations\/","og_site_name":"CeRS0","article_publisher":"https:\/\/www.facebook.com\/Ceref.helha","article_modified_time":"2021-03-12T15:17:09+00:00","twitter_card":"summary_large_image","schema":{"@context":"https:\/\/schema.org","@graph":[{"@type":"WebPage","@id":"https:\/\/ceref.helha.be\/cerso\/formations\/","url":"https:\/\/ceref.helha.be\/cerso\/formations\/","name":"Formations - CeRS0","isPartOf":{"@id":"https:\/\/ceref.helha.be\/cerso\/#website"},"datePublished":"2019-12-17T13:05:39+00:00","dateModified":"2021-03-12T15:17:09+00:00","breadcrumb":{"@id":"https:\/\/ceref.helha.be\/cerso\/formations\/#breadcrumb"},"inLanguage":"fr-FR","potentialAction":[{"@type":"ReadAction","target":["https:\/\/ceref.helha.be\/cerso\/formations\/"]}]},{"@type":"BreadcrumbList","@id":"https:\/\/ceref.helha.be\/cerso\/formations\/#breadcrumb","itemListElement":[{"@type":"ListItem","position":1,"name":"Home","item":"https:\/\/ceref.helha.be\/cerso\/"},{"@type":"ListItem","position":2,"name":"Formations"}]},{"@type":"WebSite","@id":"https:\/\/ceref.helha.be\/cerso\/#website","url":"https:\/\/ceref.helha.be\/cerso\/","name":"CeRS0 - Centre de Recherche et de Formation continue de la HELHa","description":"Centre de Recherche et de Formation HELHa","publisher":{"@id":"https:\/\/ceref.helha.be\/cerso\/#organization"},"potentialAction":[{"@type":"SearchAction","target":{"@type":"EntryPoint","urlTemplate":"https:\/\/ceref.helha.be\/cerso\/?s={search_term_string}"},"query-input":"required name=search_term_string"}],"inLanguage":"fr-FR"},{"@type":"Organization","@id":"https:\/\/ceref.helha.be\/cerso\/#organization","name":"CeRS0 - Centre de Recherche et de Formation continue de la HELHa","url":"https:\/\/ceref.helha.be\/cerso\/","logo":{"@type":"ImageObject","inLanguage":"fr-FR","@id":"https:\/\/ceref.helha.be\/cerso\/#\/schema\/logo\/image\/","url":"https:\/\/ceref.helha.be\/cerso\/app\/uploads\/2026\/01\/ceref-cerso.jpg","contentUrl":"https:\/\/ceref.helha.be\/cerso\/app\/uploads\/2026\/01\/ceref-cerso.jpg","width":242,"height":84,"caption":"CeRS0 - Centre de Recherche et de Formation continue de la HELHa"},"image":{"@id":"https:\/\/ceref.helha.be\/cerso\/#\/schema\/logo\/image\/"},"sameAs":["https:\/\/www.facebook.com\/Ceref.helha","https:\/\/www.linkedin.com\/company\/ceref-helha\/"]}]}},"_links":{"self":[{"href":"https:\/\/ceref.helha.be\/cerso\/wp-json\/wp\/v2\/pages\/294","targetHints":{"allow":["GET"]}}],"collection":[{"href":"https:\/\/ceref.helha.be\/cerso\/wp-json\/wp\/v2\/pages"}],"about":[{"href":"https:\/\/ceref.helha.be\/cerso\/wp-json\/wp\/v2\/types\/page"}],"author":[{"embeddable":true,"href":"https:\/\/ceref.helha.be\/cerso\/wp-json\/wp\/v2\/users\/1"}],"replies":[{"embeddable":true,"href":"https:\/\/ceref.helha.be\/cerso\/wp-json\/wp\/v2\/comments?post=294"}],"version-history":[{"count":3,"href":"https:\/\/ceref.helha.be\/cerso\/wp-json\/wp\/v2\/pages\/294\/revisions"}],"predecessor-version":[{"id":1449,"href":"https:\/\/ceref.helha.be\/cerso\/wp-json\/wp\/v2\/pages\/294\/revisions\/1449"}],"wp:attachment":[{"href":"https:\/\/ceref.helha.be\/cerso\/wp-json\/wp\/v2\/media?parent=294"}],"curies":[{"name":"wp","href":"https:\/\/api.w.org\/{rel}","templated":true}]}}