{"id":290,"date":"2019-12-17T14:05:05","date_gmt":"2019-12-17T13:05:05","guid":{"rendered":"https:\/\/ceref-test.helha.be\/cerso\/?page_id=290"},"modified":"2026-01-06T16:41:25","modified_gmt":"2026-01-06T16:41:25","slug":"presentation","status":"publish","type":"page","link":"https:\/\/ceref.helha.be\/cerso\/","title":{"rendered":"CeRSO"},"content":{"rendered":"<section class=\"row\">\n<h2 class=\"text-he-current\">Pr\u00e9sentation<\/h2>\n<div class=\"col-12 col-md-5\">\n<figure><iframe loading=\"lazy\" title=\"Pr\u00e9sentation du CeRSO\" width=\"500\" height=\"281\" src=\"https:\/\/www.youtube.com\/embed\/gHF_9EoKaiE?feature=oembed\" frameborder=\"0\" allow=\"accelerometer; autoplay; clipboard-write; encrypted-media; gyroscope; picture-in-picture; web-share\" referrerpolicy=\"strict-origin-when-cross-origin\" allowfullscreen><\/iframe><figcaption class=\"figure-caption text-center\">Vid\u00e9o de pr\u00e9sentation du CeRSO<\/figcaption><\/figure>\n<\/div>\n<div class=\"col-12 col-md-7 mt-3 mt-mb-0\">\n<p class=\"fs-5\">Le <strong class=\"text-he-current\">CeRSO<\/strong> est le Centre de Ressources pour le Social de la Haute \u00c9cole Louvain en Hainaut.<\/p>\n<p class=\"fs-5 mb-0\"><a href=\"https:\/\/cerso.helha.be\/\"><strong class=\"text-he-current\">CeRSO Centre de Ressources pour le Social Formation continue \u2013 Interventions sur mesure \u2013 Recherche<\/strong><\/a><\/p>\n<p><span style=\"color: #ffffff\">&gt;<\/span><\/p>\n<p><strong>D\u00e9couvrez la version PDF du catalogue des formations 2026 du CeRSO\u00a0 : <a href=\"https:\/\/www.calameo.com\/books\/007065657745913b9cb6f\">Catalogue\u00a0Cerso 2026<\/a><\/strong><\/div>\n<\/section>\n<section class=\"row mt-3\">\n<h2 class=\"text-he-current\">P\u00f4les<\/h2>\n<p>Le CeRSO est constitu\u00e9 de 3 p\u00f4les :<\/p>\n<ul class=\"row list-unstyled\">\n<li class=\"col-12 col-md-6 col-lg-4\">\n<article class=\"card card-link bg-he-current bg-he-styled\">\n<div class=\"card-body\">\n<div class=\"text-he-white\">CeRSO<\/div>\n<h3 class=\"text-he-white\"><a class=\"stretched-link mb-0\" href=\"https:\/\/cerso.helha.be\/presentation-2\/\" target=\"_blank\" rel=\"noopener\">Formations catalogue<\/a><\/h3>\n<p class=\"text-he-white\">Dont la mission principale est de pr\u00e9parer chaque ann\u00e9e un programme de formations diversifi\u00e9 et complet pour r\u00e9pondre au mieux \u00e0 vos pr\u00e9occupations professionnelles ;<\/p>\n<div class=\"btn btn-he-grey mb-0\">En savoir plus<\/div>\n<\/div>\n<\/article>\n<\/li>\n<li class=\"col-12 col-md-6 col-lg-4 mt-3 mt-md-0\">\n<article class=\"card card-link bg-he-current bg-he-styled\">\n<div class=\"card-body\">\n<div class=\"text-he-white\">CeRSO<\/div>\n<h3 class=\"text-he-white\"><a class=\"stretched-link mb-0\" href=\"https:\/\/cerso.helha.be\/presentation-3\/\" target=\"_blank\" rel=\"noopener\">Interventions sur mesure<\/a><\/h3>\n<p class=\"text-he-white\">Son objectif est de r\u00e9pondre \u00e0 vos besoins d\u2019accompagnement d\u2019\u00e9quipes, d\u2019intervision, de supervision collective ou individuelle ;<\/p>\n<div class=\"btn btn-he-grey mb-0\">En savoir plus<\/div>\n<\/div>\n<\/article>\n<\/li>\n<li class=\"col-12 col-lg-4 mt-3 mt-lg-0\">\n<article class=\"card card-link bg-he-current bg-he-styled\">\n<div class=\"card-body\">\n<div class=\"text-he-white\">CeRSO<\/div>\n<h3 class=\"text-he-white\"><a class=\"stretched-link mb-0\" href=\"https:\/\/cerso.helha.be\/presentation\/\" target=\"_blank\" rel=\"noopener\">Recherche<\/a><\/h3>\n<p class=\"text-he-white\">Il met \u00e0 disposition des milieux professionnels son expertise en mati\u00e8re de recherche, d\u2019\u00e9valuation de dispositifs d\u2019action sociale, de r\u00e9alisation d\u2019\u00e9tudes dans le domaine social, ou encore d\u2019accompagnement m\u00e9thodologique de recherche.<\/p>\n<div class=\"btn btn-he-grey mb-0\">En savoir plus<\/div>\n<\/div>\n<\/article>\n<\/li>\n<\/ul>\n<\/section>\n","protected":false},"excerpt":{"rendered":"<p>Pr\u00e9sentation Vid\u00e9o de pr\u00e9sentation du CeRSO Le CeRSO est le Centre de Ressources pour le Social de la Haute \u00c9cole Louvain en Hainaut. CeRSO Centre de Ressources pour le Social Formation continue \u2013 Interventions sur mesure \u2013 Recherche &gt; D\u00e9couvrez la version PDF du catalogue des formations 2026 du CeRSO\u00a0 : Catalogue\u00a0Cerso 2026 P\u00f4les Le [&hellip;]<\/p>\n","protected":false},"author":1,"featured_media":0,"parent":0,"menu_order":0,"comment_status":"closed","ping_status":"closed","template":"template-homepage.php","meta":{"_acf_changed":false,"footnotes":""},"class_list":["post-290","page","type-page","status-publish","hentry"],"acf":[],"yoast_head":"<!-- This site is optimized with the Yoast SEO plugin v21.9.1 - https:\/\/yoast.com\/wordpress\/plugins\/seo\/ -->\n<title>CeRSO - CeRS0<\/title>\n<meta name=\"robots\" content=\"index, follow, max-snippet:-1, max-image-preview:large, max-video-preview:-1\" \/>\n<link rel=\"canonical\" href=\"https:\/\/ceref.helha.be\/cerso\/\" \/>\n<meta property=\"og:locale\" content=\"fr_FR\" \/>\n<meta property=\"og:type\" content=\"article\" \/>\n<meta property=\"og:title\" content=\"CeRSO - CeRS0\" \/>\n<meta property=\"og:description\" content=\"Pr\u00e9sentation Vid\u00e9o de pr\u00e9sentation du CeRSO Le CeRSO est le Centre de Ressources pour le Social de la Haute \u00c9cole Louvain en Hainaut. CeRSO Centre de Ressources pour le Social Formation continue \u2013 Interventions sur mesure \u2013 Recherche &gt; D\u00e9couvrez la version PDF du catalogue des formations 2026 du CeRSO\u00a0 : Catalogue\u00a0Cerso 2026 P\u00f4les Le [&hellip;]\" \/>\n<meta property=\"og:url\" content=\"https:\/\/ceref.helha.be\/cerso\/\" \/>\n<meta property=\"og:site_name\" content=\"CeRS0\" \/>\n<meta property=\"article:publisher\" content=\"https:\/\/www.facebook.com\/Ceref.helha\" \/>\n<meta property=\"article:modified_time\" content=\"2026-01-06T16:41:25+00:00\" \/>\n<meta name=\"twitter:card\" content=\"summary_large_image\" \/>\n<meta name=\"twitter:label1\" content=\"Est. reading time\" \/>\n\t<meta name=\"twitter:data1\" content=\"1 minute\" \/>\n<script type=\"application\/ld+json\" class=\"yoast-schema-graph\">{\"@context\":\"https:\/\/schema.org\",\"@graph\":[{\"@type\":\"WebPage\",\"@id\":\"https:\/\/ceref.helha.be\/cerso\/\",\"url\":\"https:\/\/ceref.helha.be\/cerso\/\",\"name\":\"CeRSO - CeRS0\",\"isPartOf\":{\"@id\":\"https:\/\/ceref.helha.be\/cerso\/#website\"},\"datePublished\":\"2019-12-17T13:05:05+00:00\",\"dateModified\":\"2026-01-06T16:41:25+00:00\",\"breadcrumb\":{\"@id\":\"https:\/\/ceref.helha.be\/cerso\/#breadcrumb\"},\"inLanguage\":\"fr-FR\",\"potentialAction\":[{\"@type\":\"ReadAction\",\"target\":[\"https:\/\/ceref.helha.be\/cerso\/\"]}]},{\"@type\":\"BreadcrumbList\",\"@id\":\"https:\/\/ceref.helha.be\/cerso\/#breadcrumb\",\"itemListElement\":[{\"@type\":\"ListItem\",\"position\":1,\"name\":\"Home\",\"item\":\"https:\/\/ceref.helha.be\/cerso\/\"},{\"@type\":\"ListItem\",\"position\":2,\"name\":\"CeRSO\"}]},{\"@type\":\"WebSite\",\"@id\":\"https:\/\/ceref.helha.be\/cerso\/#website\",\"url\":\"https:\/\/ceref.helha.be\/cerso\/\",\"name\":\"CeRS0 - Centre de Recherche et de Formation continue de la HELHa\",\"description\":\"Centre de Recherche et de Formation HELHa\",\"publisher\":{\"@id\":\"https:\/\/ceref.helha.be\/cerso\/#organization\"},\"potentialAction\":[{\"@type\":\"SearchAction\",\"target\":{\"@type\":\"EntryPoint\",\"urlTemplate\":\"https:\/\/ceref.helha.be\/cerso\/?s={search_term_string}\"},\"query-input\":\"required name=search_term_string\"}],\"inLanguage\":\"fr-FR\"},{\"@type\":\"Organization\",\"@id\":\"https:\/\/ceref.helha.be\/cerso\/#organization\",\"name\":\"CeRS0 - Centre de Recherche et de Formation continue de la HELHa\",\"url\":\"https:\/\/ceref.helha.be\/cerso\/\",\"logo\":{\"@type\":\"ImageObject\",\"inLanguage\":\"fr-FR\",\"@id\":\"https:\/\/ceref.helha.be\/cerso\/#\/schema\/logo\/image\/\",\"url\":\"https:\/\/ceref.helha.be\/cerso\/app\/uploads\/2026\/01\/ceref-cerso.jpg\",\"contentUrl\":\"https:\/\/ceref.helha.be\/cerso\/app\/uploads\/2026\/01\/ceref-cerso.jpg\",\"width\":242,\"height\":84,\"caption\":\"CeRS0 - Centre de Recherche et de Formation continue de la HELHa\"},\"image\":{\"@id\":\"https:\/\/ceref.helha.be\/cerso\/#\/schema\/logo\/image\/\"},\"sameAs\":[\"https:\/\/www.facebook.com\/Ceref.helha\",\"https:\/\/www.linkedin.com\/company\/ceref-helha\/\"]}]}<\/script>\n<!-- \/ Yoast SEO plugin. -->","yoast_head_json":{"title":"CeRSO - CeRS0","robots":{"index":"index","follow":"follow","max-snippet":"max-snippet:-1","max-image-preview":"max-image-preview:large","max-video-preview":"max-video-preview:-1"},"canonical":"https:\/\/ceref.helha.be\/cerso\/","og_locale":"fr_FR","og_type":"article","og_title":"CeRSO - CeRS0","og_description":"Pr\u00e9sentation Vid\u00e9o de pr\u00e9sentation du CeRSO Le CeRSO est le Centre de Ressources pour le Social de la Haute \u00c9cole Louvain en Hainaut. CeRSO Centre de Ressources pour le Social Formation continue \u2013 Interventions sur mesure \u2013 Recherche &gt; D\u00e9couvrez la version PDF du catalogue des formations 2026 du CeRSO\u00a0 : Catalogue\u00a0Cerso 2026 P\u00f4les Le [&hellip;]","og_url":"https:\/\/ceref.helha.be\/cerso\/","og_site_name":"CeRS0","article_publisher":"https:\/\/www.facebook.com\/Ceref.helha","article_modified_time":"2026-01-06T16:41:25+00:00","twitter_card":"summary_large_image","twitter_misc":{"Est. reading time":"1 minute"},"schema":{"@context":"https:\/\/schema.org","@graph":[{"@type":"WebPage","@id":"https:\/\/ceref.helha.be\/cerso\/","url":"https:\/\/ceref.helha.be\/cerso\/","name":"CeRSO - CeRS0","isPartOf":{"@id":"https:\/\/ceref.helha.be\/cerso\/#website"},"datePublished":"2019-12-17T13:05:05+00:00","dateModified":"2026-01-06T16:41:25+00:00","breadcrumb":{"@id":"https:\/\/ceref.helha.be\/cerso\/#breadcrumb"},"inLanguage":"fr-FR","potentialAction":[{"@type":"ReadAction","target":["https:\/\/ceref.helha.be\/cerso\/"]}]},{"@type":"BreadcrumbList","@id":"https:\/\/ceref.helha.be\/cerso\/#breadcrumb","itemListElement":[{"@type":"ListItem","position":1,"name":"Home","item":"https:\/\/ceref.helha.be\/cerso\/"},{"@type":"ListItem","position":2,"name":"CeRSO"}]},{"@type":"WebSite","@id":"https:\/\/ceref.helha.be\/cerso\/#website","url":"https:\/\/ceref.helha.be\/cerso\/","name":"CeRS0 - Centre de Recherche et de Formation continue de la HELHa","description":"Centre de Recherche et de Formation HELHa","publisher":{"@id":"https:\/\/ceref.helha.be\/cerso\/#organization"},"potentialAction":[{"@type":"SearchAction","target":{"@type":"EntryPoint","urlTemplate":"https:\/\/ceref.helha.be\/cerso\/?s={search_term_string}"},"query-input":"required name=search_term_string"}],"inLanguage":"fr-FR"},{"@type":"Organization","@id":"https:\/\/ceref.helha.be\/cerso\/#organization","name":"CeRS0 - Centre de Recherche et de Formation continue de la HELHa","url":"https:\/\/ceref.helha.be\/cerso\/","logo":{"@type":"ImageObject","inLanguage":"fr-FR","@id":"https:\/\/ceref.helha.be\/cerso\/#\/schema\/logo\/image\/","url":"https:\/\/ceref.helha.be\/cerso\/app\/uploads\/2026\/01\/ceref-cerso.jpg","contentUrl":"https:\/\/ceref.helha.be\/cerso\/app\/uploads\/2026\/01\/ceref-cerso.jpg","width":242,"height":84,"caption":"CeRS0 - Centre de Recherche et de Formation continue de la HELHa"},"image":{"@id":"https:\/\/ceref.helha.be\/cerso\/#\/schema\/logo\/image\/"},"sameAs":["https:\/\/www.facebook.com\/Ceref.helha","https:\/\/www.linkedin.com\/company\/ceref-helha\/"]}]}},"_links":{"self":[{"href":"https:\/\/ceref.helha.be\/cerso\/wp-json\/wp\/v2\/pages\/290","targetHints":{"allow":["GET"]}}],"collection":[{"href":"https:\/\/ceref.helha.be\/cerso\/wp-json\/wp\/v2\/pages"}],"about":[{"href":"https:\/\/ceref.helha.be\/cerso\/wp-json\/wp\/v2\/types\/page"}],"author":[{"embeddable":true,"href":"https:\/\/ceref.helha.be\/cerso\/wp-json\/wp\/v2\/users\/1"}],"replies":[{"embeddable":true,"href":"https:\/\/ceref.helha.be\/cerso\/wp-json\/wp\/v2\/comments?post=290"}],"version-history":[{"count":45,"href":"https:\/\/ceref.helha.be\/cerso\/wp-json\/wp\/v2\/pages\/290\/revisions"}],"predecessor-version":[{"id":1765,"href":"https:\/\/ceref.helha.be\/cerso\/wp-json\/wp\/v2\/pages\/290\/revisions\/1765"}],"wp:attachment":[{"href":"https:\/\/ceref.helha.be\/cerso\/wp-json\/wp\/v2\/media?parent=290"}],"curies":[{"name":"wp","href":"https:\/\/api.w.org\/{rel}","templated":true}]}}