{"id":248,"date":"2019-12-18T09:55:39","date_gmt":"2019-12-18T08:55:39","guid":{"rendered":"https:\/\/ceref-test.helha.be\/arts-appliques\/?page_id=248"},"modified":"2026-01-06T15:35:58","modified_gmt":"2026-01-06T15:35:58","slug":"contact","status":"publish","type":"page","link":"https:\/\/ceref.helha.be\/arts-appliques\/contact\/","title":{"rendered":"Contact"},"content":{"rendered":"<section class=\"row\">\n<h2 class=\"text-he-current\">Adresse<\/h2>\n<div class=\"col-12 col-lg-4\">\n<div class=\"card\">\n<div><img loading=\"lazy\" decoding=\"async\" class=\"card-img-top\" src=\"\/arts-appliques\/app\/uploads\/2024\/12\/helha-implantation-mons.jpg\" alt=\"HELHa implantation de Mons\" width=\"300\" height=\"200\"><\/div>\n<div class=\"card-body d-flex align-items-center\">\n                <i class=\"bi bi-geo-alt fs-1 text-he-current me-3\"><\/i><\/p>\n<address>\n                    <strong class=\"text-he-current\">Motion Design academy<\/strong><br \/>\n                    HELHa Mons<br \/>\n                    Chauss\u00e9e de Binche 159<br \/>\n                    7000 Mons, Belgium<\/address>\n<\/div>\n<\/div><\/div>\n<div class=\"col-12 col-lg-8 mt-3 mt-lg-0\">\n        <iframe src=\"https:\/\/www.google.com\/maps\/embed?pb=!1m18!1m12!1m3!1d3697.9409469062584!2d3.9869983376879667!3d50.452280452755645!2m3!1f0!2f0!3f0!3m2!1i1024!2i768!4f13.1!3m3!1m2!1s0x47c24f8c6d057a9b%3A0x3cd5fd540db90ee1!2sHaute%20%C3%89cole%20Louvain%20en%20Hainaut%20Mons!5e0!3m2!1sfr!2sfr!4v1733917530845!5m2!1sfr!2sfr\" width=\"800\" height=\"400\" style=\"border:0;\" allowfullscreen=\"\" loading=\"lazy\" referrerpolicy=\"no-referrer-when-downgrade\"><\/iframe>\n    <\/div>\n<\/section>\n<section class=\"mt-5\">\n<h2 class=\"text-he-current\">Personne de contact<\/h2>\n<ul class=\"row list-unstyled\">\n<li class=\"col-12 col-sm-6 col-lg-3\">\n<article class=\"card card-link\">\n<div class=\"card-body text-center\">\n<div><img loading=\"lazy\" decoding=\"async\" src=\"\/arts-appliques\/app\/uploads\/2024\/06\/samuel-buxin-arts-appliques.png\" alt=\"Samuel Buxin, coordinateur de p\u00f4le au CeREF Arts appliqu\u00e9s\" width=\"64\" height=\"64\" class=\"rounded border mb-2\"><\/div>\n<h3 class=\"text-he-grey mb-1\"><a href=\"\/arts-appliques\/equipe\/buxin-samuel\/\" class=\"stretched-link\">Samuel Buxin<\/a><\/h3>\n<p class=\"mb-0\">Coordinateur de p\u00f4le<\/p>\n<\/article>\n<\/li>\n<\/ul>\n<\/section>\n<section class=\"mt-5\">\n<h2 class=\"text-he-current\">Acc\u00e8s<\/h2>\n<ul class=\"row list-unstyled\">\n<li class=\"col-12 col-md-7\">\n<div class=\"card\">\n<div class=\"card-body\">\n<div class=\"text-center\"><i class=\"bi bi-car-front-fill fs-1 text-he-current\"><wbr><\/i><\/div>\n<h3 class=\"text-he-current text-center\">En voiture<\/h3>\n<p>Coordonn\u00e9es GPS : Latitude : 50.451516, Longitude : 3.982241<\/p>\n<h3>Via l\u2019autoroute de Wallonie (E19\/E42)<\/h3>\n<p class=\"lead mb-0\">En venant de Tournai\u00a0: sortie 24 Mons<\/p>\n<ul class=\"mb-3\">\n<li>Prendre le ring urbain,<\/li>\n<li>Le quitter \u00e0 droite \u00e0 la hauteur de la sortie Beaumont\/Binche (place des Flandres),<\/li>\n<li>Prendre la direction de Binche,<\/li>\n<li>Apr\u00e8s le carrefour (feux tricolores) de Beaumont, tourner \u00e0 gauche \u00e0 +\/- 300m pour rentrer sur le campus UCL Mons-HELHa.<\/li>\n<\/ul>\n<p class=\"lead mb-0\">En venant de Bruxelles\u00a0: sortie Mons Est<\/p>\n<ul>\n<li>Tourner \u00e0 droite, traverser le bois d\u2019Havr\u00e9,<\/li>\n<li>+\/- 3,5 Km apr\u00e8s la sortie de l\u2019autoroute, tourner \u00e0 gauche et prendre le chemin des mourdreux,<\/li>\n<li>Aux feux tricolores prendre \u00e0 gauche vers Binche, \u00e0 +\/- 300m, tourner \u00e0 gauche pour rentrer sur le campus UCL Mons-HELHa.<\/li>\n<\/ul><\/div>\n<\/p><\/div>\n<\/li>\n<li class=\"col-12 col-md-5 mt-3 mt-md-0\">\n<div class=\"card\">\n<div class=\"card-body\">\n<div class=\"text-center\"><i class=\"bi bi-train-front-fill fs-1 text-he-current\"><wbr><\/i><\/div>\n<h3 class=\"text-he-current text-center\">En train<\/h3>\n<p class=\"mb-0\">\n                        Visitez le site de la\u00a0<a href=\"https:\/\/www.belgiantrain.be\/fr\/\">SNCB<\/a>. La gare la plus proche \u00e9tant celle de Mons.<\/p>\n<\/div><\/div>\n<div class=\"card mt-3\">\n<div class=\"card-body\">\n<div class=\"text-center\"><i class=\"bi bi-bus-front-fill fs-1 text-he-current\"><wbr><\/i><\/div>\n<h3 class=\"text-he-current text-center\">En bus<\/h3>\n<p>\n                        Le <a href=\"https:\/\/www.letec.be\/\">TEC<\/a> a mis en service des navettes sp\u00e9ciales pour rejoindre le campus au d\u00e9part de la gare de Mons.\n                    <\/p>\n<p class=\"mb-0\">\n                        Des bus assurent une liaison r\u00e9guli\u00e8re entre le campus, le centre ville et la gare. Quatre\u00a0lignes principales desservent le campus :\n                    <\/p>\n<ul>\n<li>La ligne 22 (Mons-Binche)<\/li>\n<li>La ligne U<\/li>\n<li>La ligne 18 (Mons-St-Denis)<\/li>\n<li>La ligne 82 (Mons-Trazegnies)<\/li>\n<\/ul>\n<p class=\"mb-0\">Les lignes 34 et 134 vous conduisent directement \u00e0 la gare de Mons. Les bus A, B, C circulent gratuitement dans le centre de Mons.<\/p>\n<\/div><\/div>\n<\/li>\n<\/ul>\n<\/section>\n","protected":false},"excerpt":{"rendered":"<p>Adresse Motion Design academy HELHa Mons Chauss\u00e9e de Binche 159 7000 Mons, Belgium Personne de contact Samuel Buxin Coordinateur de p\u00f4le Acc\u00e8s En voiture Coordonn\u00e9es GPS : Latitude : 50.451516, Longitude : 3.982241 Via l\u2019autoroute de Wallonie (E19\/E42) En venant de Tournai\u00a0: sortie 24 Mons Prendre le ring urbain, Le quitter \u00e0 droite \u00e0 la [&hellip;]<\/p>\n","protected":false},"author":1,"featured_media":0,"parent":0,"menu_order":0,"comment_status":"closed","ping_status":"closed","template":"","meta":{"_acf_changed":false,"footnotes":""},"class_list":["post-248","page","type-page","status-publish","hentry"],"acf":[],"yoast_head":"<!-- This site is optimized with the Yoast SEO plugin v21.9.1 - https:\/\/yoast.com\/wordpress\/plugins\/seo\/ -->\n<title>Contact - CeREF Arts-Appliqu\u00e9s<\/title>\n<meta name=\"robots\" content=\"index, follow, max-snippet:-1, max-image-preview:large, max-video-preview:-1\" \/>\n<link rel=\"canonical\" href=\"https:\/\/ceref.helha.be\/arts-appliques\/contact\/\" \/>\n<meta property=\"og:locale\" content=\"fr_FR\" \/>\n<meta property=\"og:type\" content=\"article\" \/>\n<meta property=\"og:title\" content=\"Contact - CeREF Arts-Appliqu\u00e9s\" \/>\n<meta property=\"og:description\" content=\"Adresse Motion Design academy HELHa Mons Chauss\u00e9e de Binche 159 7000 Mons, Belgium Personne de contact Samuel Buxin Coordinateur de p\u00f4le Acc\u00e8s En voiture Coordonn\u00e9es GPS : Latitude : 50.451516, Longitude : 3.982241 Via l\u2019autoroute de Wallonie (E19\/E42) En venant de Tournai\u00a0: sortie 24 Mons Prendre le ring urbain, Le quitter \u00e0 droite \u00e0 la [&hellip;]\" \/>\n<meta property=\"og:url\" content=\"https:\/\/ceref.helha.be\/arts-appliques\/contact\/\" \/>\n<meta property=\"og:site_name\" content=\"CeREF Arts-Appliqu\u00e9s\" \/>\n<meta property=\"article:publisher\" content=\"https:\/\/www.facebook.com\/Ceref.helha\" \/>\n<meta property=\"article:modified_time\" content=\"2026-01-06T15:35:58+00:00\" \/>\n<meta name=\"twitter:card\" content=\"summary_large_image\" \/>\n<meta name=\"twitter:label1\" content=\"Est. reading time\" \/>\n\t<meta name=\"twitter:data1\" content=\"1 minute\" \/>\n<script type=\"application\/ld+json\" class=\"yoast-schema-graph\">{\"@context\":\"https:\/\/schema.org\",\"@graph\":[{\"@type\":\"WebPage\",\"@id\":\"https:\/\/ceref.helha.be\/arts-appliques\/contact\/\",\"url\":\"https:\/\/ceref.helha.be\/arts-appliques\/contact\/\",\"name\":\"Contact - CeREF Arts-Appliqu\u00e9s\",\"isPartOf\":{\"@id\":\"https:\/\/ceref.helha.be\/arts-appliques\/#website\"},\"datePublished\":\"2019-12-18T08:55:39+00:00\",\"dateModified\":\"2026-01-06T15:35:58+00:00\",\"breadcrumb\":{\"@id\":\"https:\/\/ceref.helha.be\/arts-appliques\/contact\/#breadcrumb\"},\"inLanguage\":\"fr-FR\",\"potentialAction\":[{\"@type\":\"ReadAction\",\"target\":[\"https:\/\/ceref.helha.be\/arts-appliques\/contact\/\"]}]},{\"@type\":\"BreadcrumbList\",\"@id\":\"https:\/\/ceref.helha.be\/arts-appliques\/contact\/#breadcrumb\",\"itemListElement\":[{\"@type\":\"ListItem\",\"position\":1,\"name\":\"Home\",\"item\":\"https:\/\/ceref.helha.be\/arts-appliques\/\"},{\"@type\":\"ListItem\",\"position\":2,\"name\":\"Contact\"}]},{\"@type\":\"WebSite\",\"@id\":\"https:\/\/ceref.helha.be\/arts-appliques\/#website\",\"url\":\"https:\/\/ceref.helha.be\/arts-appliques\/\",\"name\":\"CeREF Arts-Appliqu\u00e9s - Centre de Recherche et de Formation continue de la HELHa\",\"description\":\"\",\"publisher\":{\"@id\":\"https:\/\/ceref.helha.be\/arts-appliques\/#organization\"},\"potentialAction\":[{\"@type\":\"SearchAction\",\"target\":{\"@type\":\"EntryPoint\",\"urlTemplate\":\"https:\/\/ceref.helha.be\/arts-appliques\/?s={search_term_string}\"},\"query-input\":\"required name=search_term_string\"}],\"inLanguage\":\"fr-FR\"},{\"@type\":\"Organization\",\"@id\":\"https:\/\/ceref.helha.be\/arts-appliques\/#organization\",\"name\":\"CeREF Arts-Appliqu\u00e9s - Centre de Recherche et de Formation continue de la HELHa\",\"url\":\"https:\/\/ceref.helha.be\/arts-appliques\/\",\"logo\":{\"@type\":\"ImageObject\",\"inLanguage\":\"fr-FR\",\"@id\":\"https:\/\/ceref.helha.be\/arts-appliques\/#\/schema\/logo\/image\/\",\"url\":\"https:\/\/ceref.helha.be\/arts-appliques\/app\/uploads\/2019\/12\/logo-cerefarts-appliques.jpg\",\"contentUrl\":\"https:\/\/ceref.helha.be\/arts-appliques\/app\/uploads\/2019\/12\/logo-cerefarts-appliques.jpg\",\"width\":278,\"height\":154,\"caption\":\"CeREF Arts-Appliqu\u00e9s - Centre de Recherche et de Formation continue de la HELHa\"},\"image\":{\"@id\":\"https:\/\/ceref.helha.be\/arts-appliques\/#\/schema\/logo\/image\/\"},\"sameAs\":[\"https:\/\/www.facebook.com\/Ceref.helha\",\"https:\/\/www.linkedin.com\/company\/ceref-helha\/\"]}]}<\/script>\n<!-- \/ Yoast SEO plugin. -->","yoast_head_json":{"title":"Contact - CeREF Arts-Appliqu\u00e9s","robots":{"index":"index","follow":"follow","max-snippet":"max-snippet:-1","max-image-preview":"max-image-preview:large","max-video-preview":"max-video-preview:-1"},"canonical":"https:\/\/ceref.helha.be\/arts-appliques\/contact\/","og_locale":"fr_FR","og_type":"article","og_title":"Contact - CeREF Arts-Appliqu\u00e9s","og_description":"Adresse Motion Design academy HELHa Mons Chauss\u00e9e de Binche 159 7000 Mons, Belgium Personne de contact Samuel Buxin Coordinateur de p\u00f4le Acc\u00e8s En voiture Coordonn\u00e9es GPS : Latitude : 50.451516, Longitude : 3.982241 Via l\u2019autoroute de Wallonie (E19\/E42) En venant de Tournai\u00a0: sortie 24 Mons Prendre le ring urbain, Le quitter \u00e0 droite \u00e0 la [&hellip;]","og_url":"https:\/\/ceref.helha.be\/arts-appliques\/contact\/","og_site_name":"CeREF Arts-Appliqu\u00e9s","article_publisher":"https:\/\/www.facebook.com\/Ceref.helha","article_modified_time":"2026-01-06T15:35:58+00:00","twitter_card":"summary_large_image","twitter_misc":{"Est. reading time":"1 minute"},"schema":{"@context":"https:\/\/schema.org","@graph":[{"@type":"WebPage","@id":"https:\/\/ceref.helha.be\/arts-appliques\/contact\/","url":"https:\/\/ceref.helha.be\/arts-appliques\/contact\/","name":"Contact - CeREF Arts-Appliqu\u00e9s","isPartOf":{"@id":"https:\/\/ceref.helha.be\/arts-appliques\/#website"},"datePublished":"2019-12-18T08:55:39+00:00","dateModified":"2026-01-06T15:35:58+00:00","breadcrumb":{"@id":"https:\/\/ceref.helha.be\/arts-appliques\/contact\/#breadcrumb"},"inLanguage":"fr-FR","potentialAction":[{"@type":"ReadAction","target":["https:\/\/ceref.helha.be\/arts-appliques\/contact\/"]}]},{"@type":"BreadcrumbList","@id":"https:\/\/ceref.helha.be\/arts-appliques\/contact\/#breadcrumb","itemListElement":[{"@type":"ListItem","position":1,"name":"Home","item":"https:\/\/ceref.helha.be\/arts-appliques\/"},{"@type":"ListItem","position":2,"name":"Contact"}]},{"@type":"WebSite","@id":"https:\/\/ceref.helha.be\/arts-appliques\/#website","url":"https:\/\/ceref.helha.be\/arts-appliques\/","name":"CeREF Arts-Appliqu\u00e9s - Centre de Recherche et de Formation continue de la HELHa","description":"","publisher":{"@id":"https:\/\/ceref.helha.be\/arts-appliques\/#organization"},"potentialAction":[{"@type":"SearchAction","target":{"@type":"EntryPoint","urlTemplate":"https:\/\/ceref.helha.be\/arts-appliques\/?s={search_term_string}"},"query-input":"required name=search_term_string"}],"inLanguage":"fr-FR"},{"@type":"Organization","@id":"https:\/\/ceref.helha.be\/arts-appliques\/#organization","name":"CeREF Arts-Appliqu\u00e9s - Centre de Recherche et de Formation continue de la HELHa","url":"https:\/\/ceref.helha.be\/arts-appliques\/","logo":{"@type":"ImageObject","inLanguage":"fr-FR","@id":"https:\/\/ceref.helha.be\/arts-appliques\/#\/schema\/logo\/image\/","url":"https:\/\/ceref.helha.be\/arts-appliques\/app\/uploads\/2019\/12\/logo-cerefarts-appliques.jpg","contentUrl":"https:\/\/ceref.helha.be\/arts-appliques\/app\/uploads\/2019\/12\/logo-cerefarts-appliques.jpg","width":278,"height":154,"caption":"CeREF Arts-Appliqu\u00e9s - Centre de Recherche et de Formation continue de la HELHa"},"image":{"@id":"https:\/\/ceref.helha.be\/arts-appliques\/#\/schema\/logo\/image\/"},"sameAs":["https:\/\/www.facebook.com\/Ceref.helha","https:\/\/www.linkedin.com\/company\/ceref-helha\/"]}]}},"_links":{"self":[{"href":"https:\/\/ceref.helha.be\/arts-appliques\/wp-json\/wp\/v2\/pages\/248","targetHints":{"allow":["GET"]}}],"collection":[{"href":"https:\/\/ceref.helha.be\/arts-appliques\/wp-json\/wp\/v2\/pages"}],"about":[{"href":"https:\/\/ceref.helha.be\/arts-appliques\/wp-json\/wp\/v2\/types\/page"}],"author":[{"embeddable":true,"href":"https:\/\/ceref.helha.be\/arts-appliques\/wp-json\/wp\/v2\/users\/1"}],"replies":[{"embeddable":true,"href":"https:\/\/ceref.helha.be\/arts-appliques\/wp-json\/wp\/v2\/comments?post=248"}],"version-history":[{"count":11,"href":"https:\/\/ceref.helha.be\/arts-appliques\/wp-json\/wp\/v2\/pages\/248\/revisions"}],"predecessor-version":[{"id":1683,"href":"https:\/\/ceref.helha.be\/arts-appliques\/wp-json\/wp\/v2\/pages\/248\/revisions\/1683"}],"wp:attachment":[{"href":"https:\/\/ceref.helha.be\/arts-appliques\/wp-json\/wp\/v2\/media?parent=248"}],"curies":[{"name":"wp","href":"https:\/\/api.w.org\/{rel}","templated":true}]}}