{"id":237,"date":"2019-12-17T15:04:20","date_gmt":"2019-12-17T14:04:20","guid":{"rendered":"https:\/\/ceref-test.helha.be\/arts-appliques\/?page_id=237"},"modified":"2023-12-11T12:42:26","modified_gmt":"2023-12-11T11:42:26","slug":"formations","status":"publish","type":"page","link":"https:\/\/ceref.helha.be\/arts-appliques\/formations\/","title":{"rendered":"Formation"},"content":{"rendered":"<div><span class=\"texteditor-inline-color\">Point\u00e9 du doigt comme m\u00e9tier d&rsquo;avenir le motion design, la Motion Design Academy de la HELHa, forte de son exp\u00e9rience dans le domaine de la publicit\u00e9 \u00a0a d\u00e9cid\u00e9 de proposer des formations continues en lien avec les\u00a0\u00e9volutions du monde professionnel.<\/span><\/div>\n<div>\u00a0<\/div>\n<div><strong><span class=\"texteditor-inline-color\">Le motion design est un domaine incontournable \u00e0 l&rsquo;heure actuelle dans le monde de la communication.\u00a0<\/span><\/strong><\/div>\n<div>\u00a0<\/div>\n<div><span class=\"texteditor-inline-color\">Notre formation continue offre un environnement p\u00e9dagogique \u00e0 taille humaine, les \u00e9tudiants sont ainsi accompagn\u00e9s dans leur sp\u00e9cialisation gr\u00e2ce \u00e0 un enseignement en classe r\u00e9duite et \u00e0 la disponibilit\u00e9 des intervenants. Un m\u00e9lange parfait de professionnels aguerris provenant de l\u2019industrie et de formateurs sp\u00e9cialis\u00e9s.\u00a0<\/span><\/div>\n<div>\u00a0<\/div>\n<div><span class=\"texteditor-inline-color\">De\u00a0plus,\u00a0<strong>cette formation est organis\u00e9e en horaire d\u00e9cal\u00e9<\/strong>, ce qui offre la possibilit\u00e9 \u00e0 des professionnels de d\u00e9velopper de nouvelles comp\u00e9tences \u00e0 proposer dans leurs agences ou \u00e0 leurs clients.\u00a0<\/span><\/div>\n<p>&nbsp;<\/p>\n<p><strong>Plus d&rsquo;informations : <a href=\"https:\/\/motiondesignacademy.myportfolio.com\/work\">Motion Design Academy<\/a>\u00a0<\/strong><\/p>\n<p>&nbsp;<\/p>\n<p>&nbsp;<\/p>\n","protected":false},"excerpt":{"rendered":"<p>Point\u00e9 du doigt comme m\u00e9tier d&rsquo;avenir le motion design, la Motion Design Academy de la HELHa, forte de son exp\u00e9rience dans le domaine de la publicit\u00e9 \u00a0a d\u00e9cid\u00e9 de proposer des formations continues en lien avec les\u00a0\u00e9volutions du monde professionnel. \u00a0 Le motion design est un domaine incontournable \u00e0 l&rsquo;heure actuelle dans le monde de [&hellip;]<\/p>\n","protected":false},"author":1,"featured_media":0,"parent":0,"menu_order":0,"comment_status":"closed","ping_status":"closed","template":"template-fullwidth.php","meta":{"_acf_changed":false,"footnotes":""},"class_list":["post-237","page","type-page","status-publish","hentry"],"acf":[],"yoast_head":"<!-- This site is optimized with the Yoast SEO plugin v21.9.1 - https:\/\/yoast.com\/wordpress\/plugins\/seo\/ -->\n<title>Formation - CeREF Arts-Appliqu\u00e9s<\/title>\n<meta name=\"description\" content=\"Les objectifs du CeREF Arts Appliqu\u00e9s sont assez simples : continuer \u00e0 organiser cette formation continue en motion design et en d\u00e9velopper d\u2019autres.\" \/>\n<meta name=\"robots\" content=\"index, follow, max-snippet:-1, max-image-preview:large, max-video-preview:-1\" \/>\n<link rel=\"canonical\" href=\"https:\/\/ceref.helha.be\/arts-appliques\/formations\/\" \/>\n<meta property=\"og:locale\" content=\"fr_FR\" \/>\n<meta property=\"og:type\" content=\"article\" \/>\n<meta property=\"og:title\" content=\"Formation - CeREF Arts-Appliqu\u00e9s\" \/>\n<meta property=\"og:description\" content=\"Les objectifs du CeREF Arts Appliqu\u00e9s sont assez simples : continuer \u00e0 organiser cette formation continue en motion design et en d\u00e9velopper d\u2019autres.\" \/>\n<meta property=\"og:url\" content=\"https:\/\/ceref.helha.be\/arts-appliques\/formations\/\" \/>\n<meta property=\"og:site_name\" content=\"CeREF Arts-Appliqu\u00e9s\" \/>\n<meta property=\"article:publisher\" content=\"https:\/\/www.facebook.com\/Ceref.helha\" \/>\n<meta property=\"article:modified_time\" content=\"2023-12-11T11:42:26+00:00\" \/>\n<meta name=\"twitter:card\" content=\"summary_large_image\" \/>\n<meta name=\"twitter:label1\" content=\"Est. reading time\" \/>\n\t<meta name=\"twitter:data1\" content=\"1 minute\" \/>\n<script type=\"application\/ld+json\" class=\"yoast-schema-graph\">{\"@context\":\"https:\/\/schema.org\",\"@graph\":[{\"@type\":\"WebPage\",\"@id\":\"https:\/\/ceref.helha.be\/arts-appliques\/formations\/\",\"url\":\"https:\/\/ceref.helha.be\/arts-appliques\/formations\/\",\"name\":\"Formation - CeREF Arts-Appliqu\u00e9s\",\"isPartOf\":{\"@id\":\"https:\/\/ceref.helha.be\/arts-appliques\/#website\"},\"datePublished\":\"2019-12-17T14:04:20+00:00\",\"dateModified\":\"2023-12-11T11:42:26+00:00\",\"description\":\"Les objectifs du CeREF Arts Appliqu\u00e9s sont assez simples : continuer \u00e0 organiser cette formation continue en motion design et en d\u00e9velopper d\u2019autres.\",\"breadcrumb\":{\"@id\":\"https:\/\/ceref.helha.be\/arts-appliques\/formations\/#breadcrumb\"},\"inLanguage\":\"fr-FR\",\"potentialAction\":[{\"@type\":\"ReadAction\",\"target\":[\"https:\/\/ceref.helha.be\/arts-appliques\/formations\/\"]}]},{\"@type\":\"BreadcrumbList\",\"@id\":\"https:\/\/ceref.helha.be\/arts-appliques\/formations\/#breadcrumb\",\"itemListElement\":[{\"@type\":\"ListItem\",\"position\":1,\"name\":\"Home\",\"item\":\"https:\/\/ceref.helha.be\/arts-appliques\/\"},{\"@type\":\"ListItem\",\"position\":2,\"name\":\"Formation\"}]},{\"@type\":\"WebSite\",\"@id\":\"https:\/\/ceref.helha.be\/arts-appliques\/#website\",\"url\":\"https:\/\/ceref.helha.be\/arts-appliques\/\",\"name\":\"CeREF Arts-Appliqu\u00e9s - Centre de Recherche et de Formation continue de la HELHa\",\"description\":\"\",\"publisher\":{\"@id\":\"https:\/\/ceref.helha.be\/arts-appliques\/#organization\"},\"potentialAction\":[{\"@type\":\"SearchAction\",\"target\":{\"@type\":\"EntryPoint\",\"urlTemplate\":\"https:\/\/ceref.helha.be\/arts-appliques\/?s={search_term_string}\"},\"query-input\":\"required name=search_term_string\"}],\"inLanguage\":\"fr-FR\"},{\"@type\":\"Organization\",\"@id\":\"https:\/\/ceref.helha.be\/arts-appliques\/#organization\",\"name\":\"CeREF Arts-Appliqu\u00e9s - Centre de Recherche et de Formation continue de la HELHa\",\"url\":\"https:\/\/ceref.helha.be\/arts-appliques\/\",\"logo\":{\"@type\":\"ImageObject\",\"inLanguage\":\"fr-FR\",\"@id\":\"https:\/\/ceref.helha.be\/arts-appliques\/#\/schema\/logo\/image\/\",\"url\":\"https:\/\/ceref.helha.be\/arts-appliques\/app\/uploads\/2019\/12\/logo-cerefarts-appliques.jpg\",\"contentUrl\":\"https:\/\/ceref.helha.be\/arts-appliques\/app\/uploads\/2019\/12\/logo-cerefarts-appliques.jpg\",\"width\":278,\"height\":154,\"caption\":\"CeREF Arts-Appliqu\u00e9s - Centre de Recherche et de Formation continue de la HELHa\"},\"image\":{\"@id\":\"https:\/\/ceref.helha.be\/arts-appliques\/#\/schema\/logo\/image\/\"},\"sameAs\":[\"https:\/\/www.facebook.com\/Ceref.helha\",\"https:\/\/www.linkedin.com\/company\/ceref-helha\/\"]}]}<\/script>\n<!-- \/ Yoast SEO plugin. -->","yoast_head_json":{"title":"Formation - CeREF Arts-Appliqu\u00e9s","description":"Les objectifs du CeREF Arts Appliqu\u00e9s sont assez simples : continuer \u00e0 organiser cette formation continue en motion design et en d\u00e9velopper d\u2019autres.","robots":{"index":"index","follow":"follow","max-snippet":"max-snippet:-1","max-image-preview":"max-image-preview:large","max-video-preview":"max-video-preview:-1"},"canonical":"https:\/\/ceref.helha.be\/arts-appliques\/formations\/","og_locale":"fr_FR","og_type":"article","og_title":"Formation - CeREF Arts-Appliqu\u00e9s","og_description":"Les objectifs du CeREF Arts Appliqu\u00e9s sont assez simples : continuer \u00e0 organiser cette formation continue en motion design et en d\u00e9velopper d\u2019autres.","og_url":"https:\/\/ceref.helha.be\/arts-appliques\/formations\/","og_site_name":"CeREF Arts-Appliqu\u00e9s","article_publisher":"https:\/\/www.facebook.com\/Ceref.helha","article_modified_time":"2023-12-11T11:42:26+00:00","twitter_card":"summary_large_image","twitter_misc":{"Est. reading time":"1 minute"},"schema":{"@context":"https:\/\/schema.org","@graph":[{"@type":"WebPage","@id":"https:\/\/ceref.helha.be\/arts-appliques\/formations\/","url":"https:\/\/ceref.helha.be\/arts-appliques\/formations\/","name":"Formation - CeREF Arts-Appliqu\u00e9s","isPartOf":{"@id":"https:\/\/ceref.helha.be\/arts-appliques\/#website"},"datePublished":"2019-12-17T14:04:20+00:00","dateModified":"2023-12-11T11:42:26+00:00","description":"Les objectifs du CeREF Arts Appliqu\u00e9s sont assez simples : continuer \u00e0 organiser cette formation continue en motion design et en d\u00e9velopper d\u2019autres.","breadcrumb":{"@id":"https:\/\/ceref.helha.be\/arts-appliques\/formations\/#breadcrumb"},"inLanguage":"fr-FR","potentialAction":[{"@type":"ReadAction","target":["https:\/\/ceref.helha.be\/arts-appliques\/formations\/"]}]},{"@type":"BreadcrumbList","@id":"https:\/\/ceref.helha.be\/arts-appliques\/formations\/#breadcrumb","itemListElement":[{"@type":"ListItem","position":1,"name":"Home","item":"https:\/\/ceref.helha.be\/arts-appliques\/"},{"@type":"ListItem","position":2,"name":"Formation"}]},{"@type":"WebSite","@id":"https:\/\/ceref.helha.be\/arts-appliques\/#website","url":"https:\/\/ceref.helha.be\/arts-appliques\/","name":"CeREF Arts-Appliqu\u00e9s - Centre de Recherche et de Formation continue de la HELHa","description":"","publisher":{"@id":"https:\/\/ceref.helha.be\/arts-appliques\/#organization"},"potentialAction":[{"@type":"SearchAction","target":{"@type":"EntryPoint","urlTemplate":"https:\/\/ceref.helha.be\/arts-appliques\/?s={search_term_string}"},"query-input":"required name=search_term_string"}],"inLanguage":"fr-FR"},{"@type":"Organization","@id":"https:\/\/ceref.helha.be\/arts-appliques\/#organization","name":"CeREF Arts-Appliqu\u00e9s - Centre de Recherche et de Formation continue de la HELHa","url":"https:\/\/ceref.helha.be\/arts-appliques\/","logo":{"@type":"ImageObject","inLanguage":"fr-FR","@id":"https:\/\/ceref.helha.be\/arts-appliques\/#\/schema\/logo\/image\/","url":"https:\/\/ceref.helha.be\/arts-appliques\/app\/uploads\/2019\/12\/logo-cerefarts-appliques.jpg","contentUrl":"https:\/\/ceref.helha.be\/arts-appliques\/app\/uploads\/2019\/12\/logo-cerefarts-appliques.jpg","width":278,"height":154,"caption":"CeREF Arts-Appliqu\u00e9s - Centre de Recherche et de Formation continue de la HELHa"},"image":{"@id":"https:\/\/ceref.helha.be\/arts-appliques\/#\/schema\/logo\/image\/"},"sameAs":["https:\/\/www.facebook.com\/Ceref.helha","https:\/\/www.linkedin.com\/company\/ceref-helha\/"]}]}},"_links":{"self":[{"href":"https:\/\/ceref.helha.be\/arts-appliques\/wp-json\/wp\/v2\/pages\/237","targetHints":{"allow":["GET"]}}],"collection":[{"href":"https:\/\/ceref.helha.be\/arts-appliques\/wp-json\/wp\/v2\/pages"}],"about":[{"href":"https:\/\/ceref.helha.be\/arts-appliques\/wp-json\/wp\/v2\/types\/page"}],"author":[{"embeddable":true,"href":"https:\/\/ceref.helha.be\/arts-appliques\/wp-json\/wp\/v2\/users\/1"}],"replies":[{"embeddable":true,"href":"https:\/\/ceref.helha.be\/arts-appliques\/wp-json\/wp\/v2\/comments?post=237"}],"version-history":[{"count":7,"href":"https:\/\/ceref.helha.be\/arts-appliques\/wp-json\/wp\/v2\/pages\/237\/revisions"}],"predecessor-version":[{"id":1635,"href":"https:\/\/ceref.helha.be\/arts-appliques\/wp-json\/wp\/v2\/pages\/237\/revisions\/1635"}],"wp:attachment":[{"href":"https:\/\/ceref.helha.be\/arts-appliques\/wp-json\/wp\/v2\/media?parent=237"}],"curies":[{"name":"wp","href":"https:\/\/api.w.org\/{rel}","templated":true}]}}