{"id":235,"date":"2019-12-17T15:04:11","date_gmt":"2019-12-17T14:04:11","guid":{"rendered":"https:\/\/ceref-test.helha.be\/arts-appliques\/?page_id=235"},"modified":"2021-03-12T13:59:34","modified_gmt":"2021-03-12T12:59:34","slug":"recherches","status":"publish","type":"page","link":"https:\/\/ceref.helha.be\/arts-appliques\/recherches\/","title":{"rendered":"Recherches"},"content":{"rendered":"<p>La cellule ARTS APPLIQU\u00c9S d\u00e9veloppera des projets de recherche prochainement.<\/p>\n","protected":false},"excerpt":{"rendered":"<p>La cellule ARTS APPLIQU\u00c9S d\u00e9veloppera des projets de recherche prochainement.<\/p>\n","protected":false},"author":1,"featured_media":0,"parent":0,"menu_order":0,"comment_status":"closed","ping_status":"closed","template":"template-fullwidth.php","meta":{"_acf_changed":false,"footnotes":""},"class_list":["post-235","page","type-page","status-publish","hentry"],"acf":[],"yoast_head":"<!-- This site is optimized with the Yoast SEO plugin v21.9.1 - https:\/\/yoast.com\/wordpress\/plugins\/seo\/ -->\n<title>Recherches - CeREF Arts-Appliqu\u00e9s<\/title>\n<meta name=\"robots\" content=\"index, follow, max-snippet:-1, max-image-preview:large, max-video-preview:-1\" \/>\n<link rel=\"canonical\" href=\"https:\/\/ceref.helha.be\/arts-appliques\/recherches\/\" \/>\n<meta property=\"og:locale\" content=\"fr_FR\" \/>\n<meta property=\"og:type\" content=\"article\" \/>\n<meta property=\"og:title\" content=\"Recherches - CeREF Arts-Appliqu\u00e9s\" \/>\n<meta property=\"og:description\" content=\"La cellule ARTS APPLIQU\u00c9S d\u00e9veloppera des projets de recherche prochainement.\" \/>\n<meta property=\"og:url\" content=\"https:\/\/ceref.helha.be\/arts-appliques\/recherches\/\" \/>\n<meta property=\"og:site_name\" content=\"CeREF Arts-Appliqu\u00e9s\" \/>\n<meta property=\"article:publisher\" content=\"https:\/\/www.facebook.com\/Ceref.helha\" \/>\n<meta property=\"article:modified_time\" content=\"2021-03-12T12:59:34+00:00\" \/>\n<meta name=\"twitter:card\" content=\"summary_large_image\" \/>\n<script type=\"application\/ld+json\" class=\"yoast-schema-graph\">{\"@context\":\"https:\/\/schema.org\",\"@graph\":[{\"@type\":\"WebPage\",\"@id\":\"https:\/\/ceref.helha.be\/arts-appliques\/recherches\/\",\"url\":\"https:\/\/ceref.helha.be\/arts-appliques\/recherches\/\",\"name\":\"Recherches - CeREF Arts-Appliqu\u00e9s\",\"isPartOf\":{\"@id\":\"https:\/\/ceref.helha.be\/arts-appliques\/#website\"},\"datePublished\":\"2019-12-17T14:04:11+00:00\",\"dateModified\":\"2021-03-12T12:59:34+00:00\",\"breadcrumb\":{\"@id\":\"https:\/\/ceref.helha.be\/arts-appliques\/recherches\/#breadcrumb\"},\"inLanguage\":\"fr-FR\",\"potentialAction\":[{\"@type\":\"ReadAction\",\"target\":[\"https:\/\/ceref.helha.be\/arts-appliques\/recherches\/\"]}]},{\"@type\":\"BreadcrumbList\",\"@id\":\"https:\/\/ceref.helha.be\/arts-appliques\/recherches\/#breadcrumb\",\"itemListElement\":[{\"@type\":\"ListItem\",\"position\":1,\"name\":\"Home\",\"item\":\"https:\/\/ceref.helha.be\/arts-appliques\/\"},{\"@type\":\"ListItem\",\"position\":2,\"name\":\"Recherches\"}]},{\"@type\":\"WebSite\",\"@id\":\"https:\/\/ceref.helha.be\/arts-appliques\/#website\",\"url\":\"https:\/\/ceref.helha.be\/arts-appliques\/\",\"name\":\"CeREF Arts-Appliqu\u00e9s - Centre de Recherche et de Formation continue de la HELHa\",\"description\":\"\",\"publisher\":{\"@id\":\"https:\/\/ceref.helha.be\/arts-appliques\/#organization\"},\"potentialAction\":[{\"@type\":\"SearchAction\",\"target\":{\"@type\":\"EntryPoint\",\"urlTemplate\":\"https:\/\/ceref.helha.be\/arts-appliques\/?s={search_term_string}\"},\"query-input\":\"required name=search_term_string\"}],\"inLanguage\":\"fr-FR\"},{\"@type\":\"Organization\",\"@id\":\"https:\/\/ceref.helha.be\/arts-appliques\/#organization\",\"name\":\"CeREF Arts-Appliqu\u00e9s - Centre de Recherche et de Formation continue de la HELHa\",\"url\":\"https:\/\/ceref.helha.be\/arts-appliques\/\",\"logo\":{\"@type\":\"ImageObject\",\"inLanguage\":\"fr-FR\",\"@id\":\"https:\/\/ceref.helha.be\/arts-appliques\/#\/schema\/logo\/image\/\",\"url\":\"https:\/\/ceref.helha.be\/arts-appliques\/app\/uploads\/2019\/12\/logo-cerefarts-appliques.jpg\",\"contentUrl\":\"https:\/\/ceref.helha.be\/arts-appliques\/app\/uploads\/2019\/12\/logo-cerefarts-appliques.jpg\",\"width\":278,\"height\":154,\"caption\":\"CeREF Arts-Appliqu\u00e9s - Centre de Recherche et de Formation continue de la HELHa\"},\"image\":{\"@id\":\"https:\/\/ceref.helha.be\/arts-appliques\/#\/schema\/logo\/image\/\"},\"sameAs\":[\"https:\/\/www.facebook.com\/Ceref.helha\",\"https:\/\/www.linkedin.com\/company\/ceref-helha\/\"]}]}<\/script>\n<!-- \/ Yoast SEO plugin. -->","yoast_head_json":{"title":"Recherches - CeREF Arts-Appliqu\u00e9s","robots":{"index":"index","follow":"follow","max-snippet":"max-snippet:-1","max-image-preview":"max-image-preview:large","max-video-preview":"max-video-preview:-1"},"canonical":"https:\/\/ceref.helha.be\/arts-appliques\/recherches\/","og_locale":"fr_FR","og_type":"article","og_title":"Recherches - CeREF Arts-Appliqu\u00e9s","og_description":"La cellule ARTS APPLIQU\u00c9S d\u00e9veloppera des projets de recherche prochainement.","og_url":"https:\/\/ceref.helha.be\/arts-appliques\/recherches\/","og_site_name":"CeREF Arts-Appliqu\u00e9s","article_publisher":"https:\/\/www.facebook.com\/Ceref.helha","article_modified_time":"2021-03-12T12:59:34+00:00","twitter_card":"summary_large_image","schema":{"@context":"https:\/\/schema.org","@graph":[{"@type":"WebPage","@id":"https:\/\/ceref.helha.be\/arts-appliques\/recherches\/","url":"https:\/\/ceref.helha.be\/arts-appliques\/recherches\/","name":"Recherches - CeREF Arts-Appliqu\u00e9s","isPartOf":{"@id":"https:\/\/ceref.helha.be\/arts-appliques\/#website"},"datePublished":"2019-12-17T14:04:11+00:00","dateModified":"2021-03-12T12:59:34+00:00","breadcrumb":{"@id":"https:\/\/ceref.helha.be\/arts-appliques\/recherches\/#breadcrumb"},"inLanguage":"fr-FR","potentialAction":[{"@type":"ReadAction","target":["https:\/\/ceref.helha.be\/arts-appliques\/recherches\/"]}]},{"@type":"BreadcrumbList","@id":"https:\/\/ceref.helha.be\/arts-appliques\/recherches\/#breadcrumb","itemListElement":[{"@type":"ListItem","position":1,"name":"Home","item":"https:\/\/ceref.helha.be\/arts-appliques\/"},{"@type":"ListItem","position":2,"name":"Recherches"}]},{"@type":"WebSite","@id":"https:\/\/ceref.helha.be\/arts-appliques\/#website","url":"https:\/\/ceref.helha.be\/arts-appliques\/","name":"CeREF Arts-Appliqu\u00e9s - Centre de Recherche et de Formation continue de la HELHa","description":"","publisher":{"@id":"https:\/\/ceref.helha.be\/arts-appliques\/#organization"},"potentialAction":[{"@type":"SearchAction","target":{"@type":"EntryPoint","urlTemplate":"https:\/\/ceref.helha.be\/arts-appliques\/?s={search_term_string}"},"query-input":"required name=search_term_string"}],"inLanguage":"fr-FR"},{"@type":"Organization","@id":"https:\/\/ceref.helha.be\/arts-appliques\/#organization","name":"CeREF Arts-Appliqu\u00e9s - Centre de Recherche et de Formation continue de la HELHa","url":"https:\/\/ceref.helha.be\/arts-appliques\/","logo":{"@type":"ImageObject","inLanguage":"fr-FR","@id":"https:\/\/ceref.helha.be\/arts-appliques\/#\/schema\/logo\/image\/","url":"https:\/\/ceref.helha.be\/arts-appliques\/app\/uploads\/2019\/12\/logo-cerefarts-appliques.jpg","contentUrl":"https:\/\/ceref.helha.be\/arts-appliques\/app\/uploads\/2019\/12\/logo-cerefarts-appliques.jpg","width":278,"height":154,"caption":"CeREF Arts-Appliqu\u00e9s - Centre de Recherche et de Formation continue de la HELHa"},"image":{"@id":"https:\/\/ceref.helha.be\/arts-appliques\/#\/schema\/logo\/image\/"},"sameAs":["https:\/\/www.facebook.com\/Ceref.helha","https:\/\/www.linkedin.com\/company\/ceref-helha\/"]}]}},"_links":{"self":[{"href":"https:\/\/ceref.helha.be\/arts-appliques\/wp-json\/wp\/v2\/pages\/235","targetHints":{"allow":["GET"]}}],"collection":[{"href":"https:\/\/ceref.helha.be\/arts-appliques\/wp-json\/wp\/v2\/pages"}],"about":[{"href":"https:\/\/ceref.helha.be\/arts-appliques\/wp-json\/wp\/v2\/types\/page"}],"author":[{"embeddable":true,"href":"https:\/\/ceref.helha.be\/arts-appliques\/wp-json\/wp\/v2\/users\/1"}],"replies":[{"embeddable":true,"href":"https:\/\/ceref.helha.be\/arts-appliques\/wp-json\/wp\/v2\/comments?post=235"}],"version-history":[{"count":4,"href":"https:\/\/ceref.helha.be\/arts-appliques\/wp-json\/wp\/v2\/pages\/235\/revisions"}],"predecessor-version":[{"id":1262,"href":"https:\/\/ceref.helha.be\/arts-appliques\/wp-json\/wp\/v2\/pages\/235\/revisions\/1262"}],"wp:attachment":[{"href":"https:\/\/ceref.helha.be\/arts-appliques\/wp-json\/wp\/v2\/media?parent=235"}],"curies":[{"name":"wp","href":"https:\/\/api.w.org\/{rel}","templated":true}]}}