{"id":233,"date":"2019-12-17T15:04:03","date_gmt":"2019-12-17T14:04:03","guid":{"rendered":"https:\/\/ceref-test.helha.be\/arts-appliques\/?page_id=233"},"modified":"2025-01-22T13:14:58","modified_gmt":"2025-01-22T13:14:58","slug":"presentation","status":"publish","type":"page","link":"https:\/\/ceref.helha.be\/arts-appliques\/","title":{"rendered":"CeREF Arts Appliqu\u00e9s"},"content":{"rendered":"<section class=\"row\">\n<h2 class=\"text-he-current\">Pr\u00e9sentation<\/h2>\n<div class=\"col-12 col-md-5\">\n<figure><iframe loading=\"lazy\" title=\"Pr\u00e9sentation du CeREF Arts Applique\u0301s\" width=\"500\" height=\"281\" src=\"https:\/\/www.youtube.com\/embed\/wo_N_i5njjY?feature=oembed\" frameborder=\"0\" allow=\"accelerometer; autoplay; clipboard-write; encrypted-media; gyroscope; picture-in-picture; web-share\" referrerpolicy=\"strict-origin-when-cross-origin\" allowfullscreen><\/iframe><figcaption class=\"figure-caption text-center\">Vid\u00e9o de pr\u00e9sentation du CeREF Arts Appliqu\u00e9s<\/figcaption><\/figure>\n<\/p><\/div>\n<div class=\"col-12 col-md-7 mt-3 mt-mb-0\">\n<h3 class=\"text-he-grey\">Et si le motion design \u00e9tait la nouvelle comp\u00e9tence indispensable du graphiste de demain ?<\/h3>\n<p>La <strong class=\"text-he-current\">Motion Design Academy<\/strong> de la HELHa, forte de son exp\u00e9rience dans le domaine de la publicit\u00e9, de la communication cr\u00e9ative et multim\u00e9dia, a d\u00e9cid\u00e9 de proposer des formations continues en lien avec les \u00e9volutions du monde professionnel.<\/p>\n<div class=\"card\"><strong class=\"card-body fs-5\">Le motion design devient, \u00e0 l\u2019heure actuelle, un domaine incontournable dans le monde de la communication.<\/strong><\/div>\n<\/p><\/div>\n<\/section>\n<section class=\"col-12 mt-4\">\n<h2 class=\"text-he-current\">Formation continue<\/h2>\n<p>Notre formation continue offre un environnement p\u00e9dagogique \u00e0 taille humaine, les \u00e9tudiants sont ainsi accompagn\u00e9s dans leur sp\u00e9cialisation gr\u00e2ce \u00e0 un enseignement en classe r\u00e9duite et \u00e0 la disponibilit\u00e9 des intervenants.<\/p>\n<p>De plus, <b>cette formation est organis\u00e9e en horaire d\u00e9cal\u00e9<\/b>, ce qui offre la possibilit\u00e9 de d\u00e9velopper de nouvelles comp\u00e9tences \u00e0 proposer sur son lieu de travail ou \u00e0 ses clients.<\/p>\n<\/section>\n","protected":false},"excerpt":{"rendered":"<p>Pr\u00e9sentation Vid\u00e9o de pr\u00e9sentation du CeREF Arts Appliqu\u00e9s Et si le motion design \u00e9tait la nouvelle comp\u00e9tence indispensable du graphiste de demain ? La Motion Design Academy de la HELHa, forte de son exp\u00e9rience dans le domaine de la publicit\u00e9, de la communication cr\u00e9ative et multim\u00e9dia, a d\u00e9cid\u00e9 de proposer des formations continues en lien [&hellip;]<\/p>\n","protected":false},"author":1,"featured_media":0,"parent":0,"menu_order":0,"comment_status":"closed","ping_status":"closed","template":"","meta":{"_acf_changed":false,"footnotes":""},"class_list":["post-233","page","type-page","status-publish","hentry"],"acf":[],"yoast_head":"<!-- This site is optimized with the Yoast SEO plugin v21.9.1 - https:\/\/yoast.com\/wordpress\/plugins\/seo\/ -->\n<title>CeREF Arts Appliqu\u00e9s - CeREF Arts-Appliqu\u00e9s<\/title>\n<meta name=\"description\" content=\"Le CeREF Arts Appliqu\u00e9s propose une formation continue en motion design. La Motion Design Academy permet de se former \u00e0 une discipline qui prend de plus en plus d\u2019importance dans le domaine de la communication. Elle profite de l\u2019exp\u00e9rience de la HELHa dans des domaines tels que la publicit\u00e9, la communication cr\u00e9ative et multim\u00e9dia mais \u00e9galement de l\u2019animation puisque nous organisons 3 bacheliers qui couvrent ces champs de comp\u00e9tences.\" \/>\n<meta name=\"robots\" content=\"index, follow, max-snippet:-1, max-image-preview:large, max-video-preview:-1\" \/>\n<link rel=\"canonical\" href=\"https:\/\/ceref.helha.be\/arts-appliques\/\" \/>\n<meta property=\"og:locale\" content=\"fr_FR\" \/>\n<meta property=\"og:type\" content=\"article\" \/>\n<meta property=\"og:title\" content=\"CeREF Arts Appliqu\u00e9s - CeREF Arts-Appliqu\u00e9s\" \/>\n<meta property=\"og:description\" content=\"Le CeREF Arts Appliqu\u00e9s propose une formation continue en motion design. La Motion Design Academy permet de se former \u00e0 une discipline qui prend de plus en plus d\u2019importance dans le domaine de la communication. Elle profite de l\u2019exp\u00e9rience de la HELHa dans des domaines tels que la publicit\u00e9, la communication cr\u00e9ative et multim\u00e9dia mais \u00e9galement de l\u2019animation puisque nous organisons 3 bacheliers qui couvrent ces champs de comp\u00e9tences.\" \/>\n<meta property=\"og:url\" content=\"https:\/\/ceref.helha.be\/arts-appliques\/\" \/>\n<meta property=\"og:site_name\" content=\"CeREF Arts-Appliqu\u00e9s\" \/>\n<meta property=\"article:publisher\" content=\"https:\/\/www.facebook.com\/Ceref.helha\" \/>\n<meta property=\"article:modified_time\" content=\"2025-01-22T13:14:58+00:00\" \/>\n<meta name=\"twitter:card\" content=\"summary_large_image\" \/>\n<meta name=\"twitter:label1\" content=\"Est. reading time\" \/>\n\t<meta name=\"twitter:data1\" content=\"1 minute\" \/>\n<script type=\"application\/ld+json\" class=\"yoast-schema-graph\">{\"@context\":\"https:\/\/schema.org\",\"@graph\":[{\"@type\":\"WebPage\",\"@id\":\"https:\/\/ceref.helha.be\/arts-appliques\/\",\"url\":\"https:\/\/ceref.helha.be\/arts-appliques\/\",\"name\":\"CeREF Arts Appliqu\u00e9s - CeREF Arts-Appliqu\u00e9s\",\"isPartOf\":{\"@id\":\"https:\/\/ceref.helha.be\/arts-appliques\/#website\"},\"datePublished\":\"2019-12-17T14:04:03+00:00\",\"dateModified\":\"2025-01-22T13:14:58+00:00\",\"description\":\"Le CeREF Arts Appliqu\u00e9s propose une formation continue en motion design. La Motion Design Academy permet de se former \u00e0 une discipline qui prend de plus en plus d\u2019importance dans le domaine de la communication. Elle profite de l\u2019exp\u00e9rience de la HELHa dans des domaines tels que la publicit\u00e9, la communication cr\u00e9ative et multim\u00e9dia mais \u00e9galement de l\u2019animation puisque nous organisons 3 bacheliers qui couvrent ces champs de comp\u00e9tences.\",\"breadcrumb\":{\"@id\":\"https:\/\/ceref.helha.be\/arts-appliques\/#breadcrumb\"},\"inLanguage\":\"fr-FR\",\"potentialAction\":[{\"@type\":\"ReadAction\",\"target\":[\"https:\/\/ceref.helha.be\/arts-appliques\/\"]}]},{\"@type\":\"BreadcrumbList\",\"@id\":\"https:\/\/ceref.helha.be\/arts-appliques\/#breadcrumb\",\"itemListElement\":[{\"@type\":\"ListItem\",\"position\":1,\"name\":\"Home\",\"item\":\"https:\/\/ceref.helha.be\/arts-appliques\/\"},{\"@type\":\"ListItem\",\"position\":2,\"name\":\"CeREF Arts Appliqu\u00e9s\"}]},{\"@type\":\"WebSite\",\"@id\":\"https:\/\/ceref.helha.be\/arts-appliques\/#website\",\"url\":\"https:\/\/ceref.helha.be\/arts-appliques\/\",\"name\":\"CeREF Arts-Appliqu\u00e9s - Centre de Recherche et de Formation continue de la HELHa\",\"description\":\"\",\"publisher\":{\"@id\":\"https:\/\/ceref.helha.be\/arts-appliques\/#organization\"},\"potentialAction\":[{\"@type\":\"SearchAction\",\"target\":{\"@type\":\"EntryPoint\",\"urlTemplate\":\"https:\/\/ceref.helha.be\/arts-appliques\/?s={search_term_string}\"},\"query-input\":\"required name=search_term_string\"}],\"inLanguage\":\"fr-FR\"},{\"@type\":\"Organization\",\"@id\":\"https:\/\/ceref.helha.be\/arts-appliques\/#organization\",\"name\":\"CeREF Arts-Appliqu\u00e9s - Centre de Recherche et de Formation continue de la HELHa\",\"url\":\"https:\/\/ceref.helha.be\/arts-appliques\/\",\"logo\":{\"@type\":\"ImageObject\",\"inLanguage\":\"fr-FR\",\"@id\":\"https:\/\/ceref.helha.be\/arts-appliques\/#\/schema\/logo\/image\/\",\"url\":\"https:\/\/ceref.helha.be\/arts-appliques\/app\/uploads\/2019\/12\/logo-cerefarts-appliques.jpg\",\"contentUrl\":\"https:\/\/ceref.helha.be\/arts-appliques\/app\/uploads\/2019\/12\/logo-cerefarts-appliques.jpg\",\"width\":278,\"height\":154,\"caption\":\"CeREF Arts-Appliqu\u00e9s - Centre de Recherche et de Formation continue de la HELHa\"},\"image\":{\"@id\":\"https:\/\/ceref.helha.be\/arts-appliques\/#\/schema\/logo\/image\/\"},\"sameAs\":[\"https:\/\/www.facebook.com\/Ceref.helha\",\"https:\/\/www.linkedin.com\/company\/ceref-helha\/\"]}]}<\/script>\n<!-- \/ Yoast SEO plugin. -->","yoast_head_json":{"title":"CeREF Arts Appliqu\u00e9s - CeREF Arts-Appliqu\u00e9s","description":"Le CeREF Arts Appliqu\u00e9s propose une formation continue en motion design. La Motion Design Academy permet de se former \u00e0 une discipline qui prend de plus en plus d\u2019importance dans le domaine de la communication. Elle profite de l\u2019exp\u00e9rience de la HELHa dans des domaines tels que la publicit\u00e9, la communication cr\u00e9ative et multim\u00e9dia mais \u00e9galement de l\u2019animation puisque nous organisons 3 bacheliers qui couvrent ces champs de comp\u00e9tences.","robots":{"index":"index","follow":"follow","max-snippet":"max-snippet:-1","max-image-preview":"max-image-preview:large","max-video-preview":"max-video-preview:-1"},"canonical":"https:\/\/ceref.helha.be\/arts-appliques\/","og_locale":"fr_FR","og_type":"article","og_title":"CeREF Arts Appliqu\u00e9s - CeREF Arts-Appliqu\u00e9s","og_description":"Le CeREF Arts Appliqu\u00e9s propose une formation continue en motion design. La Motion Design Academy permet de se former \u00e0 une discipline qui prend de plus en plus d\u2019importance dans le domaine de la communication. Elle profite de l\u2019exp\u00e9rience de la HELHa dans des domaines tels que la publicit\u00e9, la communication cr\u00e9ative et multim\u00e9dia mais \u00e9galement de l\u2019animation puisque nous organisons 3 bacheliers qui couvrent ces champs de comp\u00e9tences.","og_url":"https:\/\/ceref.helha.be\/arts-appliques\/","og_site_name":"CeREF Arts-Appliqu\u00e9s","article_publisher":"https:\/\/www.facebook.com\/Ceref.helha","article_modified_time":"2025-01-22T13:14:58+00:00","twitter_card":"summary_large_image","twitter_misc":{"Est. reading time":"1 minute"},"schema":{"@context":"https:\/\/schema.org","@graph":[{"@type":"WebPage","@id":"https:\/\/ceref.helha.be\/arts-appliques\/","url":"https:\/\/ceref.helha.be\/arts-appliques\/","name":"CeREF Arts Appliqu\u00e9s - CeREF Arts-Appliqu\u00e9s","isPartOf":{"@id":"https:\/\/ceref.helha.be\/arts-appliques\/#website"},"datePublished":"2019-12-17T14:04:03+00:00","dateModified":"2025-01-22T13:14:58+00:00","description":"Le CeREF Arts Appliqu\u00e9s propose une formation continue en motion design. La Motion Design Academy permet de se former \u00e0 une discipline qui prend de plus en plus d\u2019importance dans le domaine de la communication. Elle profite de l\u2019exp\u00e9rience de la HELHa dans des domaines tels que la publicit\u00e9, la communication cr\u00e9ative et multim\u00e9dia mais \u00e9galement de l\u2019animation puisque nous organisons 3 bacheliers qui couvrent ces champs de comp\u00e9tences.","breadcrumb":{"@id":"https:\/\/ceref.helha.be\/arts-appliques\/#breadcrumb"},"inLanguage":"fr-FR","potentialAction":[{"@type":"ReadAction","target":["https:\/\/ceref.helha.be\/arts-appliques\/"]}]},{"@type":"BreadcrumbList","@id":"https:\/\/ceref.helha.be\/arts-appliques\/#breadcrumb","itemListElement":[{"@type":"ListItem","position":1,"name":"Home","item":"https:\/\/ceref.helha.be\/arts-appliques\/"},{"@type":"ListItem","position":2,"name":"CeREF Arts Appliqu\u00e9s"}]},{"@type":"WebSite","@id":"https:\/\/ceref.helha.be\/arts-appliques\/#website","url":"https:\/\/ceref.helha.be\/arts-appliques\/","name":"CeREF Arts-Appliqu\u00e9s - Centre de Recherche et de Formation continue de la HELHa","description":"","publisher":{"@id":"https:\/\/ceref.helha.be\/arts-appliques\/#organization"},"potentialAction":[{"@type":"SearchAction","target":{"@type":"EntryPoint","urlTemplate":"https:\/\/ceref.helha.be\/arts-appliques\/?s={search_term_string}"},"query-input":"required name=search_term_string"}],"inLanguage":"fr-FR"},{"@type":"Organization","@id":"https:\/\/ceref.helha.be\/arts-appliques\/#organization","name":"CeREF Arts-Appliqu\u00e9s - Centre de Recherche et de Formation continue de la HELHa","url":"https:\/\/ceref.helha.be\/arts-appliques\/","logo":{"@type":"ImageObject","inLanguage":"fr-FR","@id":"https:\/\/ceref.helha.be\/arts-appliques\/#\/schema\/logo\/image\/","url":"https:\/\/ceref.helha.be\/arts-appliques\/app\/uploads\/2019\/12\/logo-cerefarts-appliques.jpg","contentUrl":"https:\/\/ceref.helha.be\/arts-appliques\/app\/uploads\/2019\/12\/logo-cerefarts-appliques.jpg","width":278,"height":154,"caption":"CeREF Arts-Appliqu\u00e9s - Centre de Recherche et de Formation continue de la HELHa"},"image":{"@id":"https:\/\/ceref.helha.be\/arts-appliques\/#\/schema\/logo\/image\/"},"sameAs":["https:\/\/www.facebook.com\/Ceref.helha","https:\/\/www.linkedin.com\/company\/ceref-helha\/"]}]}},"_links":{"self":[{"href":"https:\/\/ceref.helha.be\/arts-appliques\/wp-json\/wp\/v2\/pages\/233","targetHints":{"allow":["GET"]}}],"collection":[{"href":"https:\/\/ceref.helha.be\/arts-appliques\/wp-json\/wp\/v2\/pages"}],"about":[{"href":"https:\/\/ceref.helha.be\/arts-appliques\/wp-json\/wp\/v2\/types\/page"}],"author":[{"embeddable":true,"href":"https:\/\/ceref.helha.be\/arts-appliques\/wp-json\/wp\/v2\/users\/1"}],"replies":[{"embeddable":true,"href":"https:\/\/ceref.helha.be\/arts-appliques\/wp-json\/wp\/v2\/comments?post=233"}],"version-history":[{"count":10,"href":"https:\/\/ceref.helha.be\/arts-appliques\/wp-json\/wp\/v2\/pages\/233\/revisions"}],"predecessor-version":[{"id":1667,"href":"https:\/\/ceref.helha.be\/arts-appliques\/wp-json\/wp\/v2\/pages\/233\/revisions\/1667"}],"wp:attachment":[{"href":"https:\/\/ceref.helha.be\/arts-appliques\/wp-json\/wp\/v2\/media?parent=233"}],"curies":[{"name":"wp","href":"https:\/\/api.w.org\/{rel}","templated":true}]}}