{"id":366,"date":"2019-12-19T14:57:24","date_gmt":"2019-12-19T13:57:24","guid":{"rendered":"https:\/\/ceref-test.helha.be\/agronomique\/?page_id=366"},"modified":"2026-03-30T11:53:38","modified_gmt":"2026-03-30T11:53:38","slug":"contact","status":"publish","type":"page","link":"https:\/\/ceref.helha.be\/agronomique\/contact\/","title":{"rendered":"Contact"},"content":{"rendered":"<section class=\"row\">\n<h2 class=\"text-he-current\">Adresse<\/h2>\n<div class=\"col-12 col-lg-4\">\n<div class=\"card\">\n<div><img loading=\"lazy\" decoding=\"async\" class=\"card-img-top\" src=\"\/agronomique\/app\/uploads\/2024\/12\/helha-implantation-montignies-sur-sambre.jpg\" alt=\"HELHa implantation Montignies-sur-Sambre\" width=\"300\" height=\"200\" \/><\/div>\n<div class=\"card-body d-flex align-items-center\"><i class=\"bi bi-geo-alt fs-1 text-he-current me-3\"><\/i><\/p>\n<address><strong class=\"text-he-current\">CeREF Agronomique<\/strong><br \/>\nRue Trieu Kaisin 136<br \/>\n6061 Montignies-sur-Sambre<\/address>\n<\/div>\n<\/div>\n<\/div>\n<div class=\"col-12 col-lg-8 mt-3 mt-lg-0\"><\/div>\n<\/section>\n<section class=\"mt-5\">\n<h2 class=\"text-he-current\">Personnes de contact<\/h2>\n<ul class=\"row list-unstyled\">\n<li class=\"col-12 col-sm-6 col-lg-3\">\n<article class=\"card card-link\">\n<div class=\"card-body text-center\">\n<div><img loading=\"lazy\" decoding=\"async\" class=\"rounded border mb-2\" src=\"\/agronomique\/app\/uploads\/2021\/04\/nicolas-velings.jpg\" alt=\"Nicolas Velings, directeur de recherche au CeREF agronomique\" width=\"64\" height=\"64\" \/><\/div>\n<h3 class=\"text-he-grey mb-1\"><a class=\"stretched-link text-decoration-none\" href=\"\/agronomique\/equipe\/nicolas-velings\/\">Nicolas Velings<\/a><\/h3>\n<p class=\"mb-0\">Direction du CeREF Agronomique<\/p>\n<\/div>\n<\/article>\n<\/li>\n<li class=\"col-12 col-sm-6 col-lg-3 mt-3 mt-sm-0\">\n<article class=\"card card-link\">\n<div class=\"card-body text-center\">\n<div><img loading=\"lazy\" decoding=\"async\" class=\"rounded border mb-2\" src=\"\/technique\/app\/uploads\/2020\/10\/elinore-bonge.jpg\" alt=\"Elinore Bonge, comptable au CeREF agronomique\" width=\"64\" height=\"64\" \/><\/div>\n<h3 class=\"text-he-grey mb-1\"><a class=\"stretched-link text-decoration-none\" href=\"\/technique\/equipe\/elinore-bonge\/\">Elinore Bonge<\/a><\/h3>\n<p class=\"mb-0\">Comptabilit\u00e9<\/p>\n<\/div>\n<\/article>\n<\/li>\n<li class=\"col-12 col-sm-6 col-lg-3 mt-3 mt-lg-0\">\n<article class=\"card card-link\">\n<div class=\"card-body text-center\">\n<div><img loading=\"lazy\" decoding=\"async\" class=\"rounded border mb-2\" src=\"\/agronomique\/app\/themes\/theme-helha\/static\/images\/avatar.png\" alt=\"Avatar\" width=\"64\" height=\"64\" \/><\/div>\n<h3 class=\"text-he-grey mb-1\"><a class=\"stretched-link text-decoration-none\" href=\"\/agronomique\/equipe\/laetitia-giordano\/\">La\u00ebtitia Giordano<\/a><\/h3>\n<p class=\"mb-0\">Formation Continue<\/p>\n<\/div>\n<\/article>\n<\/li>\n<\/ul>\n<\/section>\n<section class=\"mt-5\">\n<h2 class=\"text-he-current\">Acc\u00e8s<\/h2>\n<ul class=\"row list-unstyled\">\n<li class=\"col-12 col-md-4\">\n<div class=\"card\">\n<div class=\"card-body\">\n<div class=\"text-center\"><\/div>\n<h3 class=\"text-he-current text-center\">En voiture<\/h3>\n<p class=\"mb-0\"><strong>Coordonn\u00e9es GPS :\u00a0<\/strong><br \/>\nLatitude : 50.40840, Longitude : 4.48101. Via l\u2019autoroute de Wallonie (E19\/E42) puis le ring (R3)<\/p>\n<\/div>\n<\/div>\n<\/li>\n<li class=\"col-12 col-md-4 mt-3 mt-md-0\">\n<div class=\"card\">\n<div class=\"card-body\">\n<div class=\"text-center\"><\/div>\n<h3 class=\"text-he-current text-center\">En train<\/h3>\n<p class=\"mb-0\">Visitez le site de la\u00a0<a href=\"https:\/\/www.belgiantrain.be\/fr\/\">SNCB<\/a>. Les gares les plus proches \u00e9tant celles de Couillet et Charleroi-Central.<\/p>\n<\/div>\n<\/div>\n<\/li>\n<li class=\"col-12 col-md-4 mt-3 mt-md-0\">\n<div class=\"card\">\n<div class=\"card-body\">\n<div class=\"text-center\"><\/div>\n<h3 class=\"text-he-current text-center\">En bus<\/h3>\n<p class=\"mb-0\">Visitez le site du <a href=\"https:\/\/www.letec.be\/\">TEC<\/a>. Les arr\u00eats les plus proches \u00e9tant Montignies-sur-Sambre, Sainte-Th\u00e9r\u00e8se et Montignies-sur-Sambre Marie-Th\u00e9r\u00e8se.<\/p>\n<\/div>\n<\/div>\n<\/li>\n<\/ul>\n<\/section>\n","protected":false},"excerpt":{"rendered":"<p>Adresse CeREF Agronomique Rue Trieu Kaisin 136 6061 Montignies-sur-Sambre Personnes de contact Nicolas Velings Direction du CeREF Agronomique Elinore Bonge Comptabilit\u00e9 La\u00ebtitia Giordano Formation Continue Acc\u00e8s En voiture Coordonn\u00e9es GPS :\u00a0 Latitude : 50.40840, Longitude : 4.48101. Via l\u2019autoroute de Wallonie (E19\/E42) puis le ring (R3) En train Visitez le site de la\u00a0SNCB. Les gares [&hellip;]<\/p>\n","protected":false},"author":1,"featured_media":0,"parent":0,"menu_order":0,"comment_status":"closed","ping_status":"closed","template":"","meta":{"_acf_changed":false,"footnotes":""},"class_list":["post-366","page","type-page","status-publish","hentry"],"acf":[],"yoast_head":"<!-- This site is optimized with the Yoast SEO plugin v21.9.1 - https:\/\/yoast.com\/wordpress\/plugins\/seo\/ -->\n<title>Contact - CeREF Agronomique<\/title>\n<meta name=\"description\" content=\"CeREF AgronomiqueRue Trieu Kaisin 1366061 Montignies-sur-Sambre\" \/>\n<meta name=\"robots\" content=\"index, follow, max-snippet:-1, max-image-preview:large, max-video-preview:-1\" \/>\n<link rel=\"canonical\" href=\"https:\/\/ceref.helha.be\/agronomique\/contact\/\" \/>\n<meta property=\"og:locale\" content=\"fr_FR\" \/>\n<meta property=\"og:type\" content=\"article\" \/>\n<meta property=\"og:title\" content=\"Contact - CeREF Agronomique\" \/>\n<meta property=\"og:description\" content=\"CeREF AgronomiqueRue Trieu Kaisin 1366061 Montignies-sur-Sambre\" \/>\n<meta property=\"og:url\" content=\"https:\/\/ceref.helha.be\/agronomique\/contact\/\" \/>\n<meta property=\"og:site_name\" content=\"CeREF Agronomique\" \/>\n<meta property=\"article:publisher\" content=\"https:\/\/www.facebook.com\/Ceref.helha\" \/>\n<meta property=\"article:modified_time\" content=\"2026-03-30T11:53:38+00:00\" \/>\n<meta name=\"twitter:card\" content=\"summary_large_image\" \/>\n<meta name=\"twitter:label1\" content=\"Est. reading time\" \/>\n\t<meta name=\"twitter:data1\" content=\"2 minutes\" \/>\n<script type=\"application\/ld+json\" class=\"yoast-schema-graph\">{\"@context\":\"https:\/\/schema.org\",\"@graph\":[{\"@type\":\"WebPage\",\"@id\":\"https:\/\/ceref.helha.be\/agronomique\/contact\/\",\"url\":\"https:\/\/ceref.helha.be\/agronomique\/contact\/\",\"name\":\"Contact - CeREF Agronomique\",\"isPartOf\":{\"@id\":\"https:\/\/ceref.helha.be\/agronomique\/#website\"},\"datePublished\":\"2019-12-19T13:57:24+00:00\",\"dateModified\":\"2026-03-30T11:53:38+00:00\",\"description\":\"CeREF AgronomiqueRue Trieu Kaisin 1366061 Montignies-sur-Sambre\",\"breadcrumb\":{\"@id\":\"https:\/\/ceref.helha.be\/agronomique\/contact\/#breadcrumb\"},\"inLanguage\":\"fr-FR\",\"potentialAction\":[{\"@type\":\"ReadAction\",\"target\":[\"https:\/\/ceref.helha.be\/agronomique\/contact\/\"]}]},{\"@type\":\"BreadcrumbList\",\"@id\":\"https:\/\/ceref.helha.be\/agronomique\/contact\/#breadcrumb\",\"itemListElement\":[{\"@type\":\"ListItem\",\"position\":1,\"name\":\"Home\",\"item\":\"https:\/\/ceref.helha.be\/agronomique\/\"},{\"@type\":\"ListItem\",\"position\":2,\"name\":\"Contact\"}]},{\"@type\":\"WebSite\",\"@id\":\"https:\/\/ceref.helha.be\/agronomique\/#website\",\"url\":\"https:\/\/ceref.helha.be\/agronomique\/\",\"name\":\"CeREF Agronomique - Centre de Recherche et de Formation continue de la HELHa\",\"description\":\"Centre de Recherche et de Formation HELHa\",\"publisher\":{\"@id\":\"https:\/\/ceref.helha.be\/agronomique\/#organization\"},\"potentialAction\":[{\"@type\":\"SearchAction\",\"target\":{\"@type\":\"EntryPoint\",\"urlTemplate\":\"https:\/\/ceref.helha.be\/agronomique\/?s={search_term_string}\"},\"query-input\":\"required name=search_term_string\"}],\"inLanguage\":\"fr-FR\"},{\"@type\":\"Organization\",\"@id\":\"https:\/\/ceref.helha.be\/agronomique\/#organization\",\"name\":\"CeREF Agronomique - Centre de Recherche et de Formation continue de la HELHa\",\"url\":\"https:\/\/ceref.helha.be\/agronomique\/\",\"logo\":{\"@type\":\"ImageObject\",\"inLanguage\":\"fr-FR\",\"@id\":\"https:\/\/ceref.helha.be\/agronomique\/#\/schema\/logo\/image\/\",\"url\":\"https:\/\/ceref.helha.be\/agronomique\/app\/uploads\/2026\/01\/ceref-agronomique.jpg\",\"contentUrl\":\"https:\/\/ceref.helha.be\/agronomique\/app\/uploads\/2026\/01\/ceref-agronomique.jpg\",\"width\":242,\"height\":84,\"caption\":\"CeREF Agronomique - Centre de Recherche et de Formation continue de la HELHa\"},\"image\":{\"@id\":\"https:\/\/ceref.helha.be\/agronomique\/#\/schema\/logo\/image\/\"},\"sameAs\":[\"https:\/\/www.facebook.com\/Ceref.helha\",\"https:\/\/www.linkedin.com\/company\/ceref-helha\/\"]}]}<\/script>\n<!-- \/ Yoast SEO plugin. -->","yoast_head_json":{"title":"Contact - CeREF Agronomique","description":"CeREF AgronomiqueRue Trieu Kaisin 1366061 Montignies-sur-Sambre","robots":{"index":"index","follow":"follow","max-snippet":"max-snippet:-1","max-image-preview":"max-image-preview:large","max-video-preview":"max-video-preview:-1"},"canonical":"https:\/\/ceref.helha.be\/agronomique\/contact\/","og_locale":"fr_FR","og_type":"article","og_title":"Contact - CeREF Agronomique","og_description":"CeREF AgronomiqueRue Trieu Kaisin 1366061 Montignies-sur-Sambre","og_url":"https:\/\/ceref.helha.be\/agronomique\/contact\/","og_site_name":"CeREF Agronomique","article_publisher":"https:\/\/www.facebook.com\/Ceref.helha","article_modified_time":"2026-03-30T11:53:38+00:00","twitter_card":"summary_large_image","twitter_misc":{"Est. reading time":"2 minutes"},"schema":{"@context":"https:\/\/schema.org","@graph":[{"@type":"WebPage","@id":"https:\/\/ceref.helha.be\/agronomique\/contact\/","url":"https:\/\/ceref.helha.be\/agronomique\/contact\/","name":"Contact - CeREF Agronomique","isPartOf":{"@id":"https:\/\/ceref.helha.be\/agronomique\/#website"},"datePublished":"2019-12-19T13:57:24+00:00","dateModified":"2026-03-30T11:53:38+00:00","description":"CeREF AgronomiqueRue Trieu Kaisin 1366061 Montignies-sur-Sambre","breadcrumb":{"@id":"https:\/\/ceref.helha.be\/agronomique\/contact\/#breadcrumb"},"inLanguage":"fr-FR","potentialAction":[{"@type":"ReadAction","target":["https:\/\/ceref.helha.be\/agronomique\/contact\/"]}]},{"@type":"BreadcrumbList","@id":"https:\/\/ceref.helha.be\/agronomique\/contact\/#breadcrumb","itemListElement":[{"@type":"ListItem","position":1,"name":"Home","item":"https:\/\/ceref.helha.be\/agronomique\/"},{"@type":"ListItem","position":2,"name":"Contact"}]},{"@type":"WebSite","@id":"https:\/\/ceref.helha.be\/agronomique\/#website","url":"https:\/\/ceref.helha.be\/agronomique\/","name":"CeREF Agronomique - Centre de Recherche et de Formation continue de la HELHa","description":"Centre de Recherche et de Formation HELHa","publisher":{"@id":"https:\/\/ceref.helha.be\/agronomique\/#organization"},"potentialAction":[{"@type":"SearchAction","target":{"@type":"EntryPoint","urlTemplate":"https:\/\/ceref.helha.be\/agronomique\/?s={search_term_string}"},"query-input":"required name=search_term_string"}],"inLanguage":"fr-FR"},{"@type":"Organization","@id":"https:\/\/ceref.helha.be\/agronomique\/#organization","name":"CeREF Agronomique - Centre de Recherche et de Formation continue de la HELHa","url":"https:\/\/ceref.helha.be\/agronomique\/","logo":{"@type":"ImageObject","inLanguage":"fr-FR","@id":"https:\/\/ceref.helha.be\/agronomique\/#\/schema\/logo\/image\/","url":"https:\/\/ceref.helha.be\/agronomique\/app\/uploads\/2026\/01\/ceref-agronomique.jpg","contentUrl":"https:\/\/ceref.helha.be\/agronomique\/app\/uploads\/2026\/01\/ceref-agronomique.jpg","width":242,"height":84,"caption":"CeREF Agronomique - Centre de Recherche et de Formation continue de la HELHa"},"image":{"@id":"https:\/\/ceref.helha.be\/agronomique\/#\/schema\/logo\/image\/"},"sameAs":["https:\/\/www.facebook.com\/Ceref.helha","https:\/\/www.linkedin.com\/company\/ceref-helha\/"]}]}},"_links":{"self":[{"href":"https:\/\/ceref.helha.be\/agronomique\/wp-json\/wp\/v2\/pages\/366","targetHints":{"allow":["GET"]}}],"collection":[{"href":"https:\/\/ceref.helha.be\/agronomique\/wp-json\/wp\/v2\/pages"}],"about":[{"href":"https:\/\/ceref.helha.be\/agronomique\/wp-json\/wp\/v2\/types\/page"}],"author":[{"embeddable":true,"href":"https:\/\/ceref.helha.be\/agronomique\/wp-json\/wp\/v2\/users\/1"}],"replies":[{"embeddable":true,"href":"https:\/\/ceref.helha.be\/agronomique\/wp-json\/wp\/v2\/comments?post=366"}],"version-history":[{"count":47,"href":"https:\/\/ceref.helha.be\/agronomique\/wp-json\/wp\/v2\/pages\/366\/revisions"}],"predecessor-version":[{"id":2180,"href":"https:\/\/ceref.helha.be\/agronomique\/wp-json\/wp\/v2\/pages\/366\/revisions\/2180"}],"wp:attachment":[{"href":"https:\/\/ceref.helha.be\/agronomique\/wp-json\/wp\/v2\/media?parent=366"}],"curies":[{"name":"wp","href":"https:\/\/api.w.org\/{rel}","templated":true}]}}