{"id":244,"date":"2019-12-17T15:08:11","date_gmt":"2019-12-17T14:08:11","guid":{"rendered":"https:\/\/ceref-test.helha.be\/agronomique\/?page_id=244"},"modified":"2026-01-09T13:10:29","modified_gmt":"2026-01-09T13:10:29","slug":"evenements","status":"publish","type":"page","link":"https:\/\/ceref.helha.be\/agronomique\/evenements\/","title":{"rendered":"\u00c9v\u00e9nements"},"content":{"rendered":"<h2><strong><span style=\"color: #424d58\">\u00c9v\u00e9nements programm\u00e9s<\/span><\/strong><\/h2>\n<p>&nbsp;<\/p>\n<hr \/>\n<h2><strong><span style=\"color: #424d58\">\u00c9v\u00e9nements ant\u00e9rieurs<\/span><\/strong><\/h2>\n<h3>24\/04\/2025<\/h3>\n<p>La journ\u00e9e des chercheurs en Haute Ecole organis\u00e9e par <a role=\"link\" href=\"https:\/\/synhera.be\/\" target=\"_blank\" rel=\"noopener\">SynHERA<\/a> a eu lieu le 24 avril 2025.<\/p>\n<h3>03\/10\/2024<\/h3>\n<p>La journ\u00e9e de la recherche organis\u00e9e par le CeREF (CeREF Day) a eu lieu \u00e0 la <span lang=\"CA\">HELHa <\/span>sur le site de Mons. Le <span lang=\"CA\">CeREF Agronomique<\/span> y a pr\u00e9sent\u00e9 ses recherches.<\/p>\n<h3>21\/03\/2024<\/h3>\n<p>La journ\u00e9e des chercheurs en Haute Ecole organis\u00e9e par <a role=\"link\" href=\"https:\/\/synhera.be\/\" target=\"_blank\" rel=\"noopener\">SynHERA<\/a> a eu lieu le 21 mars 2024. Le <span lang=\"CA\">CeREF Agronomique<\/span> y a pr\u00e9sent\u00e9 ses recherches lors de la session n\u00b011 \u00ab\u00a0Symbiose avec ce que nous offre la nature\u00a0\u00bb \u00e0 15h30. Inscriptions <a href=\"https:\/\/www.synhera.be\/event\/journee-de-la-recherche-en-haute-ecole-2024-2024-03-21-92\/register\" target=\"_blank\" rel=\"noopener\">ici<\/a>.<\/p>\n<h3>02\/2024<\/h3>\n<p>Le <span lang=\"CA\">CeREF Agronomique<\/span> a accueilli un stagiaire de l&rsquo;<span lang=\"CA\">HELHa <\/span> du domaine agronomique section AIBT (Alexandre Blancpain) pour une dur\u00e9e de 3 mois afin de r\u00e9aliser son TFE. Il a \u00e9t\u00e9 encadr\u00e9 par Micha\u00ebl Giesser et Laure-Anne Poussart du <span lang=\"CA\">CeREF Agronomique<\/span>. On lui souhaite un bon stage !<\/p>\n<h3>19\/11\/2023<\/h3>\n<div>\n<div dir=\"auto\">Le <span lang=\"CA\">CeREF Agronomique<\/span> et le CeREF Technique \u00e9taient pr\u00e9sents \u00e0 la premi\u00e8re \u00e9dition de la journ\u00e9e <a href=\"https:\/\/innogo.synhera.be\/\" target=\"_blank\" rel=\"noopener\">innoGO<\/a>, organis\u00e9e par <a role=\"link\" href=\"https:\/\/synhera.be\/\" target=\"_blank\" rel=\"noopener\">SynHERA<\/a>.<\/div>\n<\/div>\n<div>\n<div dir=\"auto\">Une journ\u00e9e destin\u00e9e aux entreprises de diff\u00e9rentes fili\u00e8res souhaitant :<\/div>\n<ul>\n<li dir=\"auto\">Rencontrer les chercheur\u00b7se\u00b7s du r\u00e9seau des Hautes \u00c9coles et des Centres de Recherche associ\u00e9s, experts de votre domaine ;<\/li>\n<li dir=\"auto\">Identifier des partenaires en recherche appliqu\u00e9e ;<\/li>\n<li dir=\"auto\">Trouver des pistes de financement ;<\/li>\n<li dir=\"auto\">Assister \u00e0 des workshops ;<\/li>\n<\/ul>\n<\/div>\n<div>\n<div dir=\"auto\">L&rsquo;occasion pour nos \u00e9quipes motiv\u00e9es d&rsquo;envisager de potentielles collaborations et de mettre en avant les diff\u00e9rents projets de recherches men\u00e9s au sein du CeREF.<\/div>\n<div dir=\"auto\"><\/div>\n<h3 dir=\"auto\"><\/h3>\n<h3 dir=\"auto\">05\/10\/2023<\/h3>\n<\/div>\n<p>La journ\u00e9e de la recherche organis\u00e9e par le CeREF (CeREF Day) a eu lieu \u00e0 la <span lang=\"CA\">HELHa <\/span>sur le site de Mons. Le <span lang=\"CA\">CeREF Agronomique<\/span> y a pr\u00e9sent\u00e9 ses recherches.<\/p>\n<h3>16\/03\/2023<\/h3>\n<p>La journ\u00e9e des chercheurs en Haute Ecole. Inscriptions <a href=\"https:\/\/synhera.be\/event\/journee-des-chercheurs-en-haute-ecole-2023-2023-03-16-20\/register\" target=\"_blank\" rel=\"noopener\">ici<\/a>.<\/p>\n<h3>06\/02\/2023<\/h3>\n<p>Le <span lang=\"CA\">CeREF Agronomique<\/span> a accueilli 3 stagiaires de l&rsquo;<span lang=\"CA\">HELHa <\/span>du domaine agronomique section AIBT (Cyril Fratta, Pierre Castille et Rapha\u00ebl Lambrechts) pour une dur\u00e9e de 3 mois afin de r\u00e9aliser leur TFE. Ils travaillent sur des projets de recherche en cours ainsi que sur des id\u00e9es de projets qui permettront d&rsquo;obtenir de premiers r\u00e9sultats pour lancer des appels \u00e0 projets. Ils sont encadr\u00e9s par Micha\u00ebl Giesser et Laure-Anne Poussart du CeREF Agronomique. On leur souhaite un bon stage !<\/p>\n<p><img loading=\"lazy\" decoding=\"async\" src=\"https:\/\/ceref.helha.be\/agronomique\/app\/uploads\/2023\/05\/processed-662df066-4b1d-411c-ade5-92b9f2a7981c_UtgoLMOd-003-300x225.jpeg\" alt=\"\" width=\"448\" height=\"336\" \/><\/p>\n<h3>24\/05\/2022<\/h3>\n<p>La journ\u00e9e de la recherche organis\u00e9e par le CeREF (CeREF Day) a eu lieu \u00e0 la <span lang=\"CA\">HELHa <\/span>sur le site de Mons. Le <span lang=\"CA\">CeREF Agronomique<\/span> y a pr\u00e9sent\u00e9 ses recherches.<\/p>\n<h3>24\/02\/2022<\/h3>\n<p>La journ\u00e9e des chercheurs en Haute Ecole. Inscriptions <a href=\"https:\/\/www.synhera.be\/event\/journee-de-chercheurs-en-haute-ecole-2022-2022-02-24-12\/register#:~:text=La%20JdCHE%202022%20se%20tiendra%20ce%2024%20f%C3%A9vrier,2022%20s%E2%80%99adresse%20%C3%A0%20l%27ensemble%20des%20%28enseignants-%29chercheurs%20en%20HE.\">ici<\/a>.<\/p>\n<h3>18\/12\/2020<\/h3>\n<p><span lang=\"CA\">La HELHa et le CeREF Agronomique, en collaboration avec Jumet.bio et Espace Environnement s\u00e9lectionn\u00e9s pour leur projet :<\/span><\/p>\n<p><span lang=\"CA\">\u00ab\u00a0Une Maison de l\u2019Alimentation Durable (MAD) pour tous et toutes en m\u00e9tropole carolo\u00a0\u00bb<\/span><\/p>\n<p>dans le cadre de l&rsquo;appel \u00e0 projet de la Ministre en charge du d\u00e9veloppement durable, C\u00e9line Tellier, en collaboration avec le Vice-Pr\u00e9sident et Ministre de l\u2019Agriculture Willy Borsus et la Vice-Pr\u00e9sidente et Ministre de l\u2019Emploi, Christie Morreale.<\/p>\n<p><img loading=\"lazy\" decoding=\"async\" src=\"https:\/\/ceref.helha.be\/agronomique\/app\/uploads\/2021\/03\/Jumet-bio-site-300x225.jpg\" alt=\"\" width=\"437\" height=\"328\" \/><\/p>\n<p>En plein coeur de Charleroi, le domaine des Soeurs de Notre-Dame de Jumet accueille l&rsquo;association Jumet.bio pour la cr\u00e9ation de la ferme urbaine du futur.<\/p>\n<p>Le <span lang=\"CA\">CeREF Agronomique<\/span> participe au projet par des aspects de recherche pour la remise au go\u00fbt du jour de vari\u00e9t\u00e9s oubli\u00e9es.<\/p>\n<p>Vid\u00e9o de pr\u00e9sentation du projet :\u00a0<a href=\"https:\/\/www.youtube.com\/watch?v=y1n6Zt1Z4SM\">https:\/\/www.youtube.com\/watch?v=y1n6Zt1Z4SM<\/a><\/p>\n","protected":false},"excerpt":{"rendered":"<p>\u00c9v\u00e9nements programm\u00e9s &nbsp; \u00c9v\u00e9nements ant\u00e9rieurs 24\/04\/2025 La journ\u00e9e des chercheurs en Haute Ecole organis\u00e9e par SynHERA a eu lieu le 24 avril 2025. 03\/10\/2024 La journ\u00e9e de la recherche organis\u00e9e par le CeREF (CeREF Day) a eu lieu \u00e0 la HELHa sur le site de Mons. Le CeREF Agronomique y a pr\u00e9sent\u00e9 ses recherches. 21\/03\/2024 [&hellip;]<\/p>\n","protected":false},"author":1,"featured_media":1489,"parent":0,"menu_order":0,"comment_status":"closed","ping_status":"closed","template":"","meta":{"_acf_changed":false,"footnotes":""},"class_list":["post-244","page","type-page","status-publish","has-post-thumbnail","hentry"],"acf":[],"yoast_head":"<!-- This site is optimized with the Yoast SEO plugin v21.9.1 - https:\/\/yoast.com\/wordpress\/plugins\/seo\/ -->\n<title>\u00c9v\u00e9nements - CeREF Agronomique<\/title>\n<meta name=\"description\" content=\"Les \u00e9v\u00e9nements du CeREF Agronomique\" \/>\n<meta name=\"robots\" content=\"index, follow, max-snippet:-1, max-image-preview:large, max-video-preview:-1\" \/>\n<link rel=\"canonical\" href=\"https:\/\/ceref.helha.be\/agronomique\/evenements\/\" \/>\n<meta property=\"og:locale\" content=\"fr_FR\" \/>\n<meta property=\"og:type\" content=\"article\" \/>\n<meta property=\"og:title\" content=\"\u00c9v\u00e9nements - CeREF Agronomique\" \/>\n<meta property=\"og:description\" content=\"Les \u00e9v\u00e9nements du CeREF Agronomique\" \/>\n<meta property=\"og:url\" content=\"https:\/\/ceref.helha.be\/agronomique\/evenements\/\" \/>\n<meta property=\"og:site_name\" content=\"CeREF Agronomique\" \/>\n<meta property=\"article:publisher\" content=\"https:\/\/www.facebook.com\/Ceref.helha\" \/>\n<meta property=\"article:modified_time\" content=\"2026-01-09T13:10:29+00:00\" \/>\n<meta property=\"og:image\" content=\"https:\/\/ceref.helha.be\/agronomique\/app\/uploads\/2021\/03\/evenement-1-scaled.jpg\" \/>\n\t<meta property=\"og:image:width\" content=\"2560\" \/>\n\t<meta property=\"og:image:height\" content=\"657\" \/>\n\t<meta property=\"og:image:type\" content=\"image\/jpeg\" \/>\n<meta name=\"twitter:card\" content=\"summary_large_image\" \/>\n<meta name=\"twitter:label1\" content=\"Est. reading time\" \/>\n\t<meta name=\"twitter:data1\" content=\"3 minutes\" \/>\n<script type=\"application\/ld+json\" class=\"yoast-schema-graph\">{\"@context\":\"https:\/\/schema.org\",\"@graph\":[{\"@type\":\"WebPage\",\"@id\":\"https:\/\/ceref.helha.be\/agronomique\/evenements\/\",\"url\":\"https:\/\/ceref.helha.be\/agronomique\/evenements\/\",\"name\":\"\u00c9v\u00e9nements - CeREF Agronomique\",\"isPartOf\":{\"@id\":\"https:\/\/ceref.helha.be\/agronomique\/#website\"},\"datePublished\":\"2019-12-17T14:08:11+00:00\",\"dateModified\":\"2026-01-09T13:10:29+00:00\",\"description\":\"Les \u00e9v\u00e9nements du CeREF Agronomique\",\"breadcrumb\":{\"@id\":\"https:\/\/ceref.helha.be\/agronomique\/evenements\/#breadcrumb\"},\"inLanguage\":\"fr-FR\",\"potentialAction\":[{\"@type\":\"ReadAction\",\"target\":[\"https:\/\/ceref.helha.be\/agronomique\/evenements\/\"]}]},{\"@type\":\"BreadcrumbList\",\"@id\":\"https:\/\/ceref.helha.be\/agronomique\/evenements\/#breadcrumb\",\"itemListElement\":[{\"@type\":\"ListItem\",\"position\":1,\"name\":\"Home\",\"item\":\"https:\/\/ceref.helha.be\/agronomique\/\"},{\"@type\":\"ListItem\",\"position\":2,\"name\":\"\u00c9v\u00e9nements\"}]},{\"@type\":\"WebSite\",\"@id\":\"https:\/\/ceref.helha.be\/agronomique\/#website\",\"url\":\"https:\/\/ceref.helha.be\/agronomique\/\",\"name\":\"CeREF Agronomique - Centre de Recherche et de Formation continue de la HELHa\",\"description\":\"Centre de Recherche et de Formation HELHa\",\"publisher\":{\"@id\":\"https:\/\/ceref.helha.be\/agronomique\/#organization\"},\"potentialAction\":[{\"@type\":\"SearchAction\",\"target\":{\"@type\":\"EntryPoint\",\"urlTemplate\":\"https:\/\/ceref.helha.be\/agronomique\/?s={search_term_string}\"},\"query-input\":\"required name=search_term_string\"}],\"inLanguage\":\"fr-FR\"},{\"@type\":\"Organization\",\"@id\":\"https:\/\/ceref.helha.be\/agronomique\/#organization\",\"name\":\"CeREF Agronomique - Centre de Recherche et de Formation continue de la HELHa\",\"url\":\"https:\/\/ceref.helha.be\/agronomique\/\",\"logo\":{\"@type\":\"ImageObject\",\"inLanguage\":\"fr-FR\",\"@id\":\"https:\/\/ceref.helha.be\/agronomique\/#\/schema\/logo\/image\/\",\"url\":\"https:\/\/ceref.helha.be\/agronomique\/app\/uploads\/2026\/01\/ceref-agronomique.jpg\",\"contentUrl\":\"https:\/\/ceref.helha.be\/agronomique\/app\/uploads\/2026\/01\/ceref-agronomique.jpg\",\"width\":242,\"height\":84,\"caption\":\"CeREF Agronomique - Centre de Recherche et de Formation continue de la HELHa\"},\"image\":{\"@id\":\"https:\/\/ceref.helha.be\/agronomique\/#\/schema\/logo\/image\/\"},\"sameAs\":[\"https:\/\/www.facebook.com\/Ceref.helha\",\"https:\/\/www.linkedin.com\/company\/ceref-helha\/\"]}]}<\/script>\n<!-- \/ Yoast SEO plugin. -->","yoast_head_json":{"title":"\u00c9v\u00e9nements - CeREF Agronomique","description":"Les \u00e9v\u00e9nements du CeREF Agronomique","robots":{"index":"index","follow":"follow","max-snippet":"max-snippet:-1","max-image-preview":"max-image-preview:large","max-video-preview":"max-video-preview:-1"},"canonical":"https:\/\/ceref.helha.be\/agronomique\/evenements\/","og_locale":"fr_FR","og_type":"article","og_title":"\u00c9v\u00e9nements - CeREF Agronomique","og_description":"Les \u00e9v\u00e9nements du CeREF Agronomique","og_url":"https:\/\/ceref.helha.be\/agronomique\/evenements\/","og_site_name":"CeREF Agronomique","article_publisher":"https:\/\/www.facebook.com\/Ceref.helha","article_modified_time":"2026-01-09T13:10:29+00:00","og_image":[{"width":2560,"height":657,"url":"https:\/\/ceref.helha.be\/agronomique\/app\/uploads\/2021\/03\/evenement-1-scaled.jpg","type":"image\/jpeg"}],"twitter_card":"summary_large_image","twitter_misc":{"Est. reading time":"3 minutes"},"schema":{"@context":"https:\/\/schema.org","@graph":[{"@type":"WebPage","@id":"https:\/\/ceref.helha.be\/agronomique\/evenements\/","url":"https:\/\/ceref.helha.be\/agronomique\/evenements\/","name":"\u00c9v\u00e9nements - CeREF Agronomique","isPartOf":{"@id":"https:\/\/ceref.helha.be\/agronomique\/#website"},"datePublished":"2019-12-17T14:08:11+00:00","dateModified":"2026-01-09T13:10:29+00:00","description":"Les \u00e9v\u00e9nements du CeREF Agronomique","breadcrumb":{"@id":"https:\/\/ceref.helha.be\/agronomique\/evenements\/#breadcrumb"},"inLanguage":"fr-FR","potentialAction":[{"@type":"ReadAction","target":["https:\/\/ceref.helha.be\/agronomique\/evenements\/"]}]},{"@type":"BreadcrumbList","@id":"https:\/\/ceref.helha.be\/agronomique\/evenements\/#breadcrumb","itemListElement":[{"@type":"ListItem","position":1,"name":"Home","item":"https:\/\/ceref.helha.be\/agronomique\/"},{"@type":"ListItem","position":2,"name":"\u00c9v\u00e9nements"}]},{"@type":"WebSite","@id":"https:\/\/ceref.helha.be\/agronomique\/#website","url":"https:\/\/ceref.helha.be\/agronomique\/","name":"CeREF Agronomique - Centre de Recherche et de Formation continue de la HELHa","description":"Centre de Recherche et de Formation HELHa","publisher":{"@id":"https:\/\/ceref.helha.be\/agronomique\/#organization"},"potentialAction":[{"@type":"SearchAction","target":{"@type":"EntryPoint","urlTemplate":"https:\/\/ceref.helha.be\/agronomique\/?s={search_term_string}"},"query-input":"required name=search_term_string"}],"inLanguage":"fr-FR"},{"@type":"Organization","@id":"https:\/\/ceref.helha.be\/agronomique\/#organization","name":"CeREF Agronomique - Centre de Recherche et de Formation continue de la HELHa","url":"https:\/\/ceref.helha.be\/agronomique\/","logo":{"@type":"ImageObject","inLanguage":"fr-FR","@id":"https:\/\/ceref.helha.be\/agronomique\/#\/schema\/logo\/image\/","url":"https:\/\/ceref.helha.be\/agronomique\/app\/uploads\/2026\/01\/ceref-agronomique.jpg","contentUrl":"https:\/\/ceref.helha.be\/agronomique\/app\/uploads\/2026\/01\/ceref-agronomique.jpg","width":242,"height":84,"caption":"CeREF Agronomique - Centre de Recherche et de Formation continue de la HELHa"},"image":{"@id":"https:\/\/ceref.helha.be\/agronomique\/#\/schema\/logo\/image\/"},"sameAs":["https:\/\/www.facebook.com\/Ceref.helha","https:\/\/www.linkedin.com\/company\/ceref-helha\/"]}]}},"_links":{"self":[{"href":"https:\/\/ceref.helha.be\/agronomique\/wp-json\/wp\/v2\/pages\/244","targetHints":{"allow":["GET"]}}],"collection":[{"href":"https:\/\/ceref.helha.be\/agronomique\/wp-json\/wp\/v2\/pages"}],"about":[{"href":"https:\/\/ceref.helha.be\/agronomique\/wp-json\/wp\/v2\/types\/page"}],"author":[{"embeddable":true,"href":"https:\/\/ceref.helha.be\/agronomique\/wp-json\/wp\/v2\/users\/1"}],"replies":[{"embeddable":true,"href":"https:\/\/ceref.helha.be\/agronomique\/wp-json\/wp\/v2\/comments?post=244"}],"version-history":[{"count":55,"href":"https:\/\/ceref.helha.be\/agronomique\/wp-json\/wp\/v2\/pages\/244\/revisions"}],"predecessor-version":[{"id":2121,"href":"https:\/\/ceref.helha.be\/agronomique\/wp-json\/wp\/v2\/pages\/244\/revisions\/2121"}],"wp:featuredmedia":[{"embeddable":true,"href":"https:\/\/ceref.helha.be\/agronomique\/wp-json\/wp\/v2\/media\/1489"}],"wp:attachment":[{"href":"https:\/\/ceref.helha.be\/agronomique\/wp-json\/wp\/v2\/media?parent=244"}],"curies":[{"name":"wp","href":"https:\/\/api.w.org\/{rel}","templated":true}]}}