{"id":238,"date":"2019-12-17T15:07:33","date_gmt":"2019-12-17T14:07:33","guid":{"rendered":"https:\/\/ceref-test.helha.be\/agronomique\/?page_id=238"},"modified":"2026-03-26T15:02:55","modified_gmt":"2026-03-26T15:02:55","slug":"formations","status":"publish","type":"page","link":"https:\/\/ceref.helha.be\/agronomique\/formations\/","title":{"rendered":"Formations continues"},"content":{"rendered":"<ul>\n<li><span style=\"font-size: 18pt;\"><strong><span style=\"font-size: 18pt;\">M<\/span><\/strong><strong style=\"font-size: 18pt;\">odules \u00e0 destination des assistants v\u00e9t\u00e9rinaires et soigneurs animaliers<\/strong><\/span><\/li>\n<\/ul>\n<p>Nous organisons \u00e9galement des journ\u00e9es de formation continue th\u00e9matiques \u00e0 intervalles r\u00e9guliers. Ces sessions sont destin\u00e9es aux assistants v\u00e9t\u00e9rinaires et aux soigneurs animaliers, et elles permettent d&rsquo;approfondir leurs connaissances dans des domaines sp\u00e9cifiques li\u00e9s \u00e0 leur m\u00e9tier, tout en favorisant les \u00e9changes entre professionnels.<\/p>\n<p><a href=\"https:\/\/ceref.helha.be\/agronomique\/formations\/formation-soigneur-gestion-et-maintien-des-reptiles-en-parcs-zoologiques\/\"><strong>Formation soigneur\u00b7euse &#8211; Gestion et maintien des reptiles en parcs zoologiques<\/strong><\/a><strong> | le samedi 18 avril 2026 <\/strong><\/p>\n<p><span style=\"color: #b1ae6e;\"><strong>!!! Formation annul\u00e9e en raison d&rsquo;un nombre insuffisant d&rsquo;inscriptions\u00a0<\/strong><\/span><\/p>\n<ul>\n<li><span style=\"font-size: 18pt;\"><strong>Certificat Universitaire en Bien \u00eatre animal (CUBEA)<\/strong><\/span><\/li>\n<\/ul>\n<p>L&rsquo;objectif du CUBEA est d&rsquo;approfondir les connaissances des professionnels de terrain travaillant en lien \u00e9troit avec les animaux. Il r\u00e9pond \u00e0 un besoin de formation et de reconnaissance de la part de professionnels de structures agr\u00e9\u00e9es dans le domaine animalier.<\/p>\n<p><img loading=\"lazy\" decoding=\"async\" class=\"alignleft\" src=\"https:\/\/www.cefoscim.be\/images\/fichier-4-4x.png\/@@images\/5a90b3dd-50b8-4af9-9c7e-4769afa3503c.png\" width=\"312\" height=\"200\" \/><\/p>\n<table style=\"border-collapse: collapse; width: 100%;\">\n<tbody>\n<tr>\n<td style=\"width: 33.3333%;\">&nbsp;<\/p>\n<p>En partenariat avec<\/td>\n<td style=\"width: 33.3333%;\"><img loading=\"lazy\" decoding=\"async\" class=\"alignnone wp-image-651\" src=\"https:\/\/ceref.helha.be\/agronomique\/app\/uploads\/2021\/02\/logo-UNamur-271x300.png\" alt=\"\" width=\"120\" height=\"133\" \/><\/td>\n<td style=\"width: 33.3333%;\">&nbsp;<\/p>\n<p>Plus d&rsquo;informations <a href=\"https:\/\/www.cefoscim.be\/cubea\" target=\"_blank\" rel=\"noopener\">ici<\/a>.<\/td>\n<\/tr>\n<\/tbody>\n<\/table>\n<p>&nbsp;<\/p>\n<ul>\n<li><span style=\"font-size: 18pt;\"><strong>Analyse microbiologique d&rsquo;une eau<\/strong>\u00a0<\/span><\/li>\n<\/ul>\n<p>Analyse microbiologique d&rsquo;une eau (formation pratique, rappels th\u00e9oriques \u00e9l\u00e9mentaires, analyse en laboratoire) : identifier les pathog\u00e8nes classiques de l\u2019eau, r\u00e9aliser une analyse compl\u00e8te d\u2019une eau contamin\u00e9e.<\/p>\n<table style=\"border-collapse: collapse; width: 99.4731%; height: 123px;\">\n<tbody>\n<tr>\n<td style=\"width: 30.9482%;\">\n<p style=\"text-align: left;\">En partenariat avec<\/p>\n<\/td>\n<td style=\"width: 34.5259%;\"><img loading=\"lazy\" decoding=\"async\" class=\"alignnone wp-image-650\" src=\"https:\/\/ceref.helha.be\/agronomique\/app\/uploads\/2021\/02\/Alimento-logo-RGB-300x122.jpg\" alt=\"\" width=\"312\" height=\"127\" \/><\/td>\n<td style=\"width: 34.5259%;\">&nbsp;<\/p>\n<p>Plus d&rsquo;informations <a href=\"https:\/\/www.alimento.be\/index.php\/fr\/training\/142298\" target=\"_blank\" rel=\"noopener\">ici<\/a>.<\/td>\n<\/tr>\n<\/tbody>\n<\/table>\n","protected":false},"excerpt":{"rendered":"<p>Modules \u00e0 destination des assistants v\u00e9t\u00e9rinaires et soigneurs animaliers Nous organisons \u00e9galement des journ\u00e9es de formation continue th\u00e9matiques \u00e0 intervalles r\u00e9guliers. Ces sessions sont destin\u00e9es aux assistants v\u00e9t\u00e9rinaires et aux soigneurs animaliers, et elles permettent d&rsquo;approfondir leurs connaissances dans des domaines sp\u00e9cifiques li\u00e9s \u00e0 leur m\u00e9tier, tout en favorisant les \u00e9changes entre professionnels. Formation soigneur\u00b7euse [&hellip;]<\/p>\n","protected":false},"author":1,"featured_media":659,"parent":0,"menu_order":0,"comment_status":"closed","ping_status":"closed","template":"","meta":{"_acf_changed":false,"footnotes":""},"class_list":["post-238","page","type-page","status-publish","has-post-thumbnail","hentry"],"acf":[],"yoast_head":"<!-- This site is optimized with the Yoast SEO plugin v21.9.1 - https:\/\/yoast.com\/wordpress\/plugins\/seo\/ -->\n<title>Formations continues - CeREF Agronomique<\/title>\n<meta name=\"robots\" content=\"index, follow, max-snippet:-1, max-image-preview:large, max-video-preview:-1\" \/>\n<link rel=\"canonical\" href=\"https:\/\/ceref.helha.be\/agronomique\/formations\/\" \/>\n<meta property=\"og:locale\" content=\"fr_FR\" \/>\n<meta property=\"og:type\" content=\"article\" \/>\n<meta property=\"og:title\" content=\"Formations continues - CeREF Agronomique\" \/>\n<meta property=\"og:description\" content=\"Modules \u00e0 destination des assistants v\u00e9t\u00e9rinaires et soigneurs animaliers Nous organisons \u00e9galement des journ\u00e9es de formation continue th\u00e9matiques \u00e0 intervalles r\u00e9guliers. Ces sessions sont destin\u00e9es aux assistants v\u00e9t\u00e9rinaires et aux soigneurs animaliers, et elles permettent d&rsquo;approfondir leurs connaissances dans des domaines sp\u00e9cifiques li\u00e9s \u00e0 leur m\u00e9tier, tout en favorisant les \u00e9changes entre professionnels. Formation soigneur\u00b7euse [&hellip;]\" \/>\n<meta property=\"og:url\" content=\"https:\/\/ceref.helha.be\/agronomique\/formations\/\" \/>\n<meta property=\"og:site_name\" content=\"CeREF Agronomique\" \/>\n<meta property=\"article:publisher\" content=\"https:\/\/www.facebook.com\/Ceref.helha\" \/>\n<meta property=\"article:modified_time\" content=\"2026-03-26T15:02:55+00:00\" \/>\n<meta property=\"og:image\" content=\"https:\/\/ceref.helha.be\/agronomique\/app\/uploads\/2021\/02\/formation-cont-scaled.jpg\" \/>\n\t<meta property=\"og:image:width\" content=\"2560\" \/>\n\t<meta property=\"og:image:height\" content=\"472\" \/>\n\t<meta property=\"og:image:type\" content=\"image\/jpeg\" \/>\n<meta name=\"twitter:card\" content=\"summary_large_image\" \/>\n<meta name=\"twitter:label1\" content=\"Est. reading time\" \/>\n\t<meta name=\"twitter:data1\" content=\"2 minutes\" \/>\n<script type=\"application\/ld+json\" class=\"yoast-schema-graph\">{\"@context\":\"https:\/\/schema.org\",\"@graph\":[{\"@type\":\"WebPage\",\"@id\":\"https:\/\/ceref.helha.be\/agronomique\/formations\/\",\"url\":\"https:\/\/ceref.helha.be\/agronomique\/formations\/\",\"name\":\"Formations continues - CeREF Agronomique\",\"isPartOf\":{\"@id\":\"https:\/\/ceref.helha.be\/agronomique\/#website\"},\"datePublished\":\"2019-12-17T14:07:33+00:00\",\"dateModified\":\"2026-03-26T15:02:55+00:00\",\"breadcrumb\":{\"@id\":\"https:\/\/ceref.helha.be\/agronomique\/formations\/#breadcrumb\"},\"inLanguage\":\"fr-FR\",\"potentialAction\":[{\"@type\":\"ReadAction\",\"target\":[\"https:\/\/ceref.helha.be\/agronomique\/formations\/\"]}]},{\"@type\":\"BreadcrumbList\",\"@id\":\"https:\/\/ceref.helha.be\/agronomique\/formations\/#breadcrumb\",\"itemListElement\":[{\"@type\":\"ListItem\",\"position\":1,\"name\":\"Home\",\"item\":\"https:\/\/ceref.helha.be\/agronomique\/\"},{\"@type\":\"ListItem\",\"position\":2,\"name\":\"Formations continues\"}]},{\"@type\":\"WebSite\",\"@id\":\"https:\/\/ceref.helha.be\/agronomique\/#website\",\"url\":\"https:\/\/ceref.helha.be\/agronomique\/\",\"name\":\"CeREF Agronomique - Centre de Recherche et de Formation continue de la HELHa\",\"description\":\"Centre de Recherche et de Formation HELHa\",\"publisher\":{\"@id\":\"https:\/\/ceref.helha.be\/agronomique\/#organization\"},\"potentialAction\":[{\"@type\":\"SearchAction\",\"target\":{\"@type\":\"EntryPoint\",\"urlTemplate\":\"https:\/\/ceref.helha.be\/agronomique\/?s={search_term_string}\"},\"query-input\":\"required name=search_term_string\"}],\"inLanguage\":\"fr-FR\"},{\"@type\":\"Organization\",\"@id\":\"https:\/\/ceref.helha.be\/agronomique\/#organization\",\"name\":\"CeREF Agronomique - Centre de Recherche et de Formation continue de la HELHa\",\"url\":\"https:\/\/ceref.helha.be\/agronomique\/\",\"logo\":{\"@type\":\"ImageObject\",\"inLanguage\":\"fr-FR\",\"@id\":\"https:\/\/ceref.helha.be\/agronomique\/#\/schema\/logo\/image\/\",\"url\":\"https:\/\/ceref.helha.be\/agronomique\/app\/uploads\/2026\/01\/ceref-agronomique.jpg\",\"contentUrl\":\"https:\/\/ceref.helha.be\/agronomique\/app\/uploads\/2026\/01\/ceref-agronomique.jpg\",\"width\":242,\"height\":84,\"caption\":\"CeREF Agronomique - Centre de Recherche et de Formation continue de la HELHa\"},\"image\":{\"@id\":\"https:\/\/ceref.helha.be\/agronomique\/#\/schema\/logo\/image\/\"},\"sameAs\":[\"https:\/\/www.facebook.com\/Ceref.helha\",\"https:\/\/www.linkedin.com\/company\/ceref-helha\/\"]}]}<\/script>\n<!-- \/ Yoast SEO plugin. -->","yoast_head_json":{"title":"Formations continues - CeREF Agronomique","robots":{"index":"index","follow":"follow","max-snippet":"max-snippet:-1","max-image-preview":"max-image-preview:large","max-video-preview":"max-video-preview:-1"},"canonical":"https:\/\/ceref.helha.be\/agronomique\/formations\/","og_locale":"fr_FR","og_type":"article","og_title":"Formations continues - CeREF Agronomique","og_description":"Modules \u00e0 destination des assistants v\u00e9t\u00e9rinaires et soigneurs animaliers Nous organisons \u00e9galement des journ\u00e9es de formation continue th\u00e9matiques \u00e0 intervalles r\u00e9guliers. Ces sessions sont destin\u00e9es aux assistants v\u00e9t\u00e9rinaires et aux soigneurs animaliers, et elles permettent d&rsquo;approfondir leurs connaissances dans des domaines sp\u00e9cifiques li\u00e9s \u00e0 leur m\u00e9tier, tout en favorisant les \u00e9changes entre professionnels. Formation soigneur\u00b7euse [&hellip;]","og_url":"https:\/\/ceref.helha.be\/agronomique\/formations\/","og_site_name":"CeREF Agronomique","article_publisher":"https:\/\/www.facebook.com\/Ceref.helha","article_modified_time":"2026-03-26T15:02:55+00:00","og_image":[{"width":2560,"height":472,"url":"https:\/\/ceref.helha.be\/agronomique\/app\/uploads\/2021\/02\/formation-cont-scaled.jpg","type":"image\/jpeg"}],"twitter_card":"summary_large_image","twitter_misc":{"Est. reading time":"2 minutes"},"schema":{"@context":"https:\/\/schema.org","@graph":[{"@type":"WebPage","@id":"https:\/\/ceref.helha.be\/agronomique\/formations\/","url":"https:\/\/ceref.helha.be\/agronomique\/formations\/","name":"Formations continues - CeREF Agronomique","isPartOf":{"@id":"https:\/\/ceref.helha.be\/agronomique\/#website"},"datePublished":"2019-12-17T14:07:33+00:00","dateModified":"2026-03-26T15:02:55+00:00","breadcrumb":{"@id":"https:\/\/ceref.helha.be\/agronomique\/formations\/#breadcrumb"},"inLanguage":"fr-FR","potentialAction":[{"@type":"ReadAction","target":["https:\/\/ceref.helha.be\/agronomique\/formations\/"]}]},{"@type":"BreadcrumbList","@id":"https:\/\/ceref.helha.be\/agronomique\/formations\/#breadcrumb","itemListElement":[{"@type":"ListItem","position":1,"name":"Home","item":"https:\/\/ceref.helha.be\/agronomique\/"},{"@type":"ListItem","position":2,"name":"Formations continues"}]},{"@type":"WebSite","@id":"https:\/\/ceref.helha.be\/agronomique\/#website","url":"https:\/\/ceref.helha.be\/agronomique\/","name":"CeREF Agronomique - Centre de Recherche et de Formation continue de la HELHa","description":"Centre de Recherche et de Formation HELHa","publisher":{"@id":"https:\/\/ceref.helha.be\/agronomique\/#organization"},"potentialAction":[{"@type":"SearchAction","target":{"@type":"EntryPoint","urlTemplate":"https:\/\/ceref.helha.be\/agronomique\/?s={search_term_string}"},"query-input":"required name=search_term_string"}],"inLanguage":"fr-FR"},{"@type":"Organization","@id":"https:\/\/ceref.helha.be\/agronomique\/#organization","name":"CeREF Agronomique - Centre de Recherche et de Formation continue de la HELHa","url":"https:\/\/ceref.helha.be\/agronomique\/","logo":{"@type":"ImageObject","inLanguage":"fr-FR","@id":"https:\/\/ceref.helha.be\/agronomique\/#\/schema\/logo\/image\/","url":"https:\/\/ceref.helha.be\/agronomique\/app\/uploads\/2026\/01\/ceref-agronomique.jpg","contentUrl":"https:\/\/ceref.helha.be\/agronomique\/app\/uploads\/2026\/01\/ceref-agronomique.jpg","width":242,"height":84,"caption":"CeREF Agronomique - Centre de Recherche et de Formation continue de la HELHa"},"image":{"@id":"https:\/\/ceref.helha.be\/agronomique\/#\/schema\/logo\/image\/"},"sameAs":["https:\/\/www.facebook.com\/Ceref.helha","https:\/\/www.linkedin.com\/company\/ceref-helha\/"]}]}},"_links":{"self":[{"href":"https:\/\/ceref.helha.be\/agronomique\/wp-json\/wp\/v2\/pages\/238","targetHints":{"allow":["GET"]}}],"collection":[{"href":"https:\/\/ceref.helha.be\/agronomique\/wp-json\/wp\/v2\/pages"}],"about":[{"href":"https:\/\/ceref.helha.be\/agronomique\/wp-json\/wp\/v2\/types\/page"}],"author":[{"embeddable":true,"href":"https:\/\/ceref.helha.be\/agronomique\/wp-json\/wp\/v2\/users\/1"}],"replies":[{"embeddable":true,"href":"https:\/\/ceref.helha.be\/agronomique\/wp-json\/wp\/v2\/comments?post=238"}],"version-history":[{"count":28,"href":"https:\/\/ceref.helha.be\/agronomique\/wp-json\/wp\/v2\/pages\/238\/revisions"}],"predecessor-version":[{"id":2138,"href":"https:\/\/ceref.helha.be\/agronomique\/wp-json\/wp\/v2\/pages\/238\/revisions\/2138"}],"wp:featuredmedia":[{"embeddable":true,"href":"https:\/\/ceref.helha.be\/agronomique\/wp-json\/wp\/v2\/media\/659"}],"wp:attachment":[{"href":"https:\/\/ceref.helha.be\/agronomique\/wp-json\/wp\/v2\/media?parent=238"}],"curies":[{"name":"wp","href":"https:\/\/api.w.org\/{rel}","templated":true}]}}