{"id":236,"date":"2019-12-17T15:07:22","date_gmt":"2019-12-17T14:07:22","guid":{"rendered":"https:\/\/ceref-test.helha.be\/agronomique\/?page_id=236"},"modified":"2025-10-16T09:34:12","modified_gmt":"2025-10-16T09:34:12","slug":"recherches","status":"publish","type":"page","link":"https:\/\/ceref.helha.be\/agronomique\/recherches\/","title":{"rendered":"Recherches"},"content":{"rendered":"<p style=\"text-align: left\"><span style=\"text-decoration: underline\">Biopesticides<\/span> :<\/p>\n<p style=\"text-align: left;padding-left: 40px\">Projet<strong> ANTAGONIST<\/strong> (03\/2018 &#8211; 12\/2024): D\u00e9veloppement de strat\u00e9gies innovantes pour la sant\u00e9 des c\u00e9r\u00e9ales sans recours aux fongicides de synth\u00e8se.<\/p>\n<p><span style=\"text-decoration: underline\">Biom\u00e9thanisation<\/span>:<\/p>\n<p style=\"padding-left: 40px\">Projet<strong> EXTRAGV <\/strong>(04\/2022 &#8211; 07\/2025) : Proc\u00e9d\u00e9 d\u2019extraction d\u2019acides gras volatils et \u00e0 moyennes cha\u00eenes int\u00e9gr\u00e9 au processus de biom\u00e9thanisation.<\/p>\n<p><span style=\"text-decoration: underline\">Sexage mol\u00e9culaire<\/span>:<\/p>\n<p style=\"padding-left: 40px\">Sexage mol\u00e9culaire de<strong> plumes de rapaces<\/strong> par PCR.<\/p>\n<p><span style=\"text-decoration: underline\">Bi\u00e8re low-carb<\/span> :<\/p>\n<p style=\"padding-left: 40px\">D\u00e9veloppement d&rsquo;une <strong>bi\u00e8re low-carbone<\/strong> en collaboration avec le Br\u00e9sil (University of Fatec; Sao Paulo) et le conseil scientifique de la Brasserie du Bocq.<\/p>\n<p><span style=\"text-decoration: underline\">Conservation des aliments<\/span> :<\/p>\n<p style=\"padding-left: 40px\">Projet<strong> Food.C<\/strong> en collaboration avec <a href=\"https:\/\/www.charleroi-metropole.be\/fr\/projets\/food-c\/\" target=\"_blank\" rel=\"noopener\">Charleroi-M\u00e9tropole<\/a><\/p>\n<p>&nbsp;<\/p>\n<p>&nbsp;<\/p>\n<p>&nbsp;<\/p>\n<p>&nbsp;<\/p>\n","protected":false},"excerpt":{"rendered":"<p>Biopesticides : Projet ANTAGONIST (03\/2018 &#8211; 12\/2024): D\u00e9veloppement de strat\u00e9gies innovantes pour la sant\u00e9 des c\u00e9r\u00e9ales sans recours aux fongicides de synth\u00e8se. Biom\u00e9thanisation: Projet EXTRAGV (04\/2022 &#8211; 07\/2025) : Proc\u00e9d\u00e9 d\u2019extraction d\u2019acides gras volatils et \u00e0 moyennes cha\u00eenes int\u00e9gr\u00e9 au processus de biom\u00e9thanisation. Sexage mol\u00e9culaire: Sexage mol\u00e9culaire de plumes de rapaces par PCR. Bi\u00e8re low-carb [&hellip;]<\/p>\n","protected":false},"author":1,"featured_media":1345,"parent":0,"menu_order":0,"comment_status":"closed","ping_status":"closed","template":"","meta":{"_acf_changed":false,"footnotes":""},"class_list":["post-236","page","type-page","status-publish","has-post-thumbnail","hentry"],"acf":[],"yoast_head":"<!-- This site is optimized with the Yoast SEO plugin v21.9.1 - https:\/\/yoast.com\/wordpress\/plugins\/seo\/ -->\n<title>Recherches - CeREF Agronomique<\/title>\n<meta name=\"description\" content=\"Les \u00e9quipes du CeREF Agronomique m\u00e8nent diff\u00e9rents projets de niches d&#039;expertises Nos niches d\u2019expertises de recherche se situant au niveau de la fermentation, de la biom\u00e9thanisation, de la conservation des aliments mais aussi de la remise \u00e0 jour de vari\u00e9t\u00e9s de l\u00e9gumes oubli\u00e9es.\" \/>\n<meta name=\"robots\" content=\"index, follow, max-snippet:-1, max-image-preview:large, max-video-preview:-1\" \/>\n<link rel=\"canonical\" href=\"https:\/\/ceref.helha.be\/agronomique\/recherches\/\" \/>\n<meta property=\"og:locale\" content=\"fr_FR\" \/>\n<meta property=\"og:type\" content=\"article\" \/>\n<meta property=\"og:title\" content=\"Recherches - CeREF Agronomique\" \/>\n<meta property=\"og:description\" content=\"Les \u00e9quipes du CeREF Agronomique m\u00e8nent diff\u00e9rents projets de niches d&#039;expertises Nos niches d\u2019expertises de recherche se situant au niveau de la fermentation, de la biom\u00e9thanisation, de la conservation des aliments mais aussi de la remise \u00e0 jour de vari\u00e9t\u00e9s de l\u00e9gumes oubli\u00e9es.\" \/>\n<meta property=\"og:url\" content=\"https:\/\/ceref.helha.be\/agronomique\/recherches\/\" \/>\n<meta property=\"og:site_name\" content=\"CeREF Agronomique\" \/>\n<meta property=\"article:publisher\" content=\"https:\/\/www.facebook.com\/Ceref.helha\" \/>\n<meta property=\"article:modified_time\" content=\"2025-10-16T09:34:12+00:00\" \/>\n<meta property=\"og:image\" content=\"https:\/\/ceref.helha.be\/agronomique\/app\/uploads\/2021\/03\/presentation-recherches-scaled.jpg\" \/>\n\t<meta property=\"og:image:width\" content=\"2560\" \/>\n\t<meta property=\"og:image:height\" content=\"448\" \/>\n\t<meta property=\"og:image:type\" content=\"image\/jpeg\" \/>\n<meta name=\"twitter:card\" content=\"summary_large_image\" \/>\n<meta name=\"twitter:label1\" content=\"Est. reading time\" \/>\n\t<meta name=\"twitter:data1\" content=\"1 minute\" \/>\n<script type=\"application\/ld+json\" class=\"yoast-schema-graph\">{\"@context\":\"https:\/\/schema.org\",\"@graph\":[{\"@type\":\"WebPage\",\"@id\":\"https:\/\/ceref.helha.be\/agronomique\/recherches\/\",\"url\":\"https:\/\/ceref.helha.be\/agronomique\/recherches\/\",\"name\":\"Recherches - CeREF Agronomique\",\"isPartOf\":{\"@id\":\"https:\/\/ceref.helha.be\/agronomique\/#website\"},\"datePublished\":\"2019-12-17T14:07:22+00:00\",\"dateModified\":\"2025-10-16T09:34:12+00:00\",\"description\":\"Les \u00e9quipes du CeREF Agronomique m\u00e8nent diff\u00e9rents projets de niches d'expertises Nos niches d\u2019expertises de recherche se situant au niveau de la fermentation, de la biom\u00e9thanisation, de la conservation des aliments mais aussi de la remise \u00e0 jour de vari\u00e9t\u00e9s de l\u00e9gumes oubli\u00e9es.\",\"breadcrumb\":{\"@id\":\"https:\/\/ceref.helha.be\/agronomique\/recherches\/#breadcrumb\"},\"inLanguage\":\"fr-FR\",\"potentialAction\":[{\"@type\":\"ReadAction\",\"target\":[\"https:\/\/ceref.helha.be\/agronomique\/recherches\/\"]}]},{\"@type\":\"BreadcrumbList\",\"@id\":\"https:\/\/ceref.helha.be\/agronomique\/recherches\/#breadcrumb\",\"itemListElement\":[{\"@type\":\"ListItem\",\"position\":1,\"name\":\"Home\",\"item\":\"https:\/\/ceref.helha.be\/agronomique\/\"},{\"@type\":\"ListItem\",\"position\":2,\"name\":\"Recherches\"}]},{\"@type\":\"WebSite\",\"@id\":\"https:\/\/ceref.helha.be\/agronomique\/#website\",\"url\":\"https:\/\/ceref.helha.be\/agronomique\/\",\"name\":\"CeREF Agronomique - Centre de Recherche et de Formation continue de la HELHa\",\"description\":\"Centre de Recherche et de Formation HELHa\",\"publisher\":{\"@id\":\"https:\/\/ceref.helha.be\/agronomique\/#organization\"},\"potentialAction\":[{\"@type\":\"SearchAction\",\"target\":{\"@type\":\"EntryPoint\",\"urlTemplate\":\"https:\/\/ceref.helha.be\/agronomique\/?s={search_term_string}\"},\"query-input\":\"required name=search_term_string\"}],\"inLanguage\":\"fr-FR\"},{\"@type\":\"Organization\",\"@id\":\"https:\/\/ceref.helha.be\/agronomique\/#organization\",\"name\":\"CeREF Agronomique - Centre de Recherche et de Formation continue de la HELHa\",\"url\":\"https:\/\/ceref.helha.be\/agronomique\/\",\"logo\":{\"@type\":\"ImageObject\",\"inLanguage\":\"fr-FR\",\"@id\":\"https:\/\/ceref.helha.be\/agronomique\/#\/schema\/logo\/image\/\",\"url\":\"https:\/\/ceref.helha.be\/agronomique\/app\/uploads\/2026\/01\/ceref-agronomique.jpg\",\"contentUrl\":\"https:\/\/ceref.helha.be\/agronomique\/app\/uploads\/2026\/01\/ceref-agronomique.jpg\",\"width\":242,\"height\":84,\"caption\":\"CeREF Agronomique - Centre de Recherche et de Formation continue de la HELHa\"},\"image\":{\"@id\":\"https:\/\/ceref.helha.be\/agronomique\/#\/schema\/logo\/image\/\"},\"sameAs\":[\"https:\/\/www.facebook.com\/Ceref.helha\",\"https:\/\/www.linkedin.com\/company\/ceref-helha\/\"]}]}<\/script>\n<!-- \/ Yoast SEO plugin. -->","yoast_head_json":{"title":"Recherches - CeREF Agronomique","description":"Les \u00e9quipes du CeREF Agronomique m\u00e8nent diff\u00e9rents projets de niches d'expertises Nos niches d\u2019expertises de recherche se situant au niveau de la fermentation, de la biom\u00e9thanisation, de la conservation des aliments mais aussi de la remise \u00e0 jour de vari\u00e9t\u00e9s de l\u00e9gumes oubli\u00e9es.","robots":{"index":"index","follow":"follow","max-snippet":"max-snippet:-1","max-image-preview":"max-image-preview:large","max-video-preview":"max-video-preview:-1"},"canonical":"https:\/\/ceref.helha.be\/agronomique\/recherches\/","og_locale":"fr_FR","og_type":"article","og_title":"Recherches - CeREF Agronomique","og_description":"Les \u00e9quipes du CeREF Agronomique m\u00e8nent diff\u00e9rents projets de niches d'expertises Nos niches d\u2019expertises de recherche se situant au niveau de la fermentation, de la biom\u00e9thanisation, de la conservation des aliments mais aussi de la remise \u00e0 jour de vari\u00e9t\u00e9s de l\u00e9gumes oubli\u00e9es.","og_url":"https:\/\/ceref.helha.be\/agronomique\/recherches\/","og_site_name":"CeREF Agronomique","article_publisher":"https:\/\/www.facebook.com\/Ceref.helha","article_modified_time":"2025-10-16T09:34:12+00:00","og_image":[{"width":2560,"height":448,"url":"https:\/\/ceref.helha.be\/agronomique\/app\/uploads\/2021\/03\/presentation-recherches-scaled.jpg","type":"image\/jpeg"}],"twitter_card":"summary_large_image","twitter_misc":{"Est. reading time":"1 minute"},"schema":{"@context":"https:\/\/schema.org","@graph":[{"@type":"WebPage","@id":"https:\/\/ceref.helha.be\/agronomique\/recherches\/","url":"https:\/\/ceref.helha.be\/agronomique\/recherches\/","name":"Recherches - CeREF Agronomique","isPartOf":{"@id":"https:\/\/ceref.helha.be\/agronomique\/#website"},"datePublished":"2019-12-17T14:07:22+00:00","dateModified":"2025-10-16T09:34:12+00:00","description":"Les \u00e9quipes du CeREF Agronomique m\u00e8nent diff\u00e9rents projets de niches d'expertises Nos niches d\u2019expertises de recherche se situant au niveau de la fermentation, de la biom\u00e9thanisation, de la conservation des aliments mais aussi de la remise \u00e0 jour de vari\u00e9t\u00e9s de l\u00e9gumes oubli\u00e9es.","breadcrumb":{"@id":"https:\/\/ceref.helha.be\/agronomique\/recherches\/#breadcrumb"},"inLanguage":"fr-FR","potentialAction":[{"@type":"ReadAction","target":["https:\/\/ceref.helha.be\/agronomique\/recherches\/"]}]},{"@type":"BreadcrumbList","@id":"https:\/\/ceref.helha.be\/agronomique\/recherches\/#breadcrumb","itemListElement":[{"@type":"ListItem","position":1,"name":"Home","item":"https:\/\/ceref.helha.be\/agronomique\/"},{"@type":"ListItem","position":2,"name":"Recherches"}]},{"@type":"WebSite","@id":"https:\/\/ceref.helha.be\/agronomique\/#website","url":"https:\/\/ceref.helha.be\/agronomique\/","name":"CeREF Agronomique - Centre de Recherche et de Formation continue de la HELHa","description":"Centre de Recherche et de Formation HELHa","publisher":{"@id":"https:\/\/ceref.helha.be\/agronomique\/#organization"},"potentialAction":[{"@type":"SearchAction","target":{"@type":"EntryPoint","urlTemplate":"https:\/\/ceref.helha.be\/agronomique\/?s={search_term_string}"},"query-input":"required name=search_term_string"}],"inLanguage":"fr-FR"},{"@type":"Organization","@id":"https:\/\/ceref.helha.be\/agronomique\/#organization","name":"CeREF Agronomique - Centre de Recherche et de Formation continue de la HELHa","url":"https:\/\/ceref.helha.be\/agronomique\/","logo":{"@type":"ImageObject","inLanguage":"fr-FR","@id":"https:\/\/ceref.helha.be\/agronomique\/#\/schema\/logo\/image\/","url":"https:\/\/ceref.helha.be\/agronomique\/app\/uploads\/2026\/01\/ceref-agronomique.jpg","contentUrl":"https:\/\/ceref.helha.be\/agronomique\/app\/uploads\/2026\/01\/ceref-agronomique.jpg","width":242,"height":84,"caption":"CeREF Agronomique - Centre de Recherche et de Formation continue de la HELHa"},"image":{"@id":"https:\/\/ceref.helha.be\/agronomique\/#\/schema\/logo\/image\/"},"sameAs":["https:\/\/www.facebook.com\/Ceref.helha","https:\/\/www.linkedin.com\/company\/ceref-helha\/"]}]}},"_links":{"self":[{"href":"https:\/\/ceref.helha.be\/agronomique\/wp-json\/wp\/v2\/pages\/236","targetHints":{"allow":["GET"]}}],"collection":[{"href":"https:\/\/ceref.helha.be\/agronomique\/wp-json\/wp\/v2\/pages"}],"about":[{"href":"https:\/\/ceref.helha.be\/agronomique\/wp-json\/wp\/v2\/types\/page"}],"author":[{"embeddable":true,"href":"https:\/\/ceref.helha.be\/agronomique\/wp-json\/wp\/v2\/users\/1"}],"replies":[{"embeddable":true,"href":"https:\/\/ceref.helha.be\/agronomique\/wp-json\/wp\/v2\/comments?post=236"}],"version-history":[{"count":23,"href":"https:\/\/ceref.helha.be\/agronomique\/wp-json\/wp\/v2\/pages\/236\/revisions"}],"predecessor-version":[{"id":2109,"href":"https:\/\/ceref.helha.be\/agronomique\/wp-json\/wp\/v2\/pages\/236\/revisions\/2109"}],"wp:featuredmedia":[{"embeddable":true,"href":"https:\/\/ceref.helha.be\/agronomique\/wp-json\/wp\/v2\/media\/1345"}],"wp:attachment":[{"href":"https:\/\/ceref.helha.be\/agronomique\/wp-json\/wp\/v2\/media?parent=236"}],"curies":[{"name":"wp","href":"https:\/\/api.w.org\/{rel}","templated":true}]}}