{"id":1986,"date":"2023-05-19T16:00:25","date_gmt":"2023-05-19T14:00:25","guid":{"rendered":"https:\/\/ceref.helha.be\/agronomique\/?page_id=1986"},"modified":"2026-01-09T13:07:43","modified_gmt":"2026-01-09T13:07:43","slug":"stage","status":"publish","type":"page","link":"https:\/\/ceref.helha.be\/agronomique\/stage\/","title":{"rendered":"Stages"},"content":{"rendered":"<p style=\"text-align: justify\">Le CeREF Agronomique propose r\u00e9guli\u00e8rement des stages aux bacheliers et au masters principalement, dans la recherche appliqu\u00e9e en laboratoire dans le domaine agronomique. N\u2019h\u00e9sitez pas \u00e0 nous contacter, nous nous ferons un plaisir de prendre connaissance de votre CV.<\/p>\n<p data-start=\"346\" data-end=\"398\">Nos stages couvrent diff\u00e9rents axes de recherche\u202f:<\/p>\n<ul>\n<li>Microbiologie<\/li>\n<li>Chimie<\/li>\n<li>Biotechnologie<\/li>\n<\/ul>\n<p style=\"text-align: justify\">Si vous souhaitez postuler spontan\u00e9ment, vous pouvez envoyer votre <strong data-start=\"527\" data-end=\"533\">CV<\/strong> et votre <strong data-start=\"543\" data-end=\"567\">lettre de motivation<\/strong> \u00e0 l\u2019adresse suivante\u202f: <a class=\"decorated-link cursor-pointer\" rel=\"noopener\" data-start=\"591\" data-end=\"640\">poussartla@helha.be<\/a>.<\/p>\n","protected":false},"excerpt":{"rendered":"<p>Le CeREF Agronomique propose r\u00e9guli\u00e8rement des stages aux bacheliers et au masters principalement, dans la recherche appliqu\u00e9e en laboratoire dans le domaine agronomique. N\u2019h\u00e9sitez pas \u00e0 nous contacter, nous nous ferons un plaisir de prendre connaissance de votre CV. Nos stages couvrent diff\u00e9rents axes de recherche\u202f: Microbiologie Chimie Biotechnologie Si vous souhaitez postuler spontan\u00e9ment, vous [&hellip;]<\/p>\n","protected":false},"author":34,"featured_media":0,"parent":0,"menu_order":0,"comment_status":"closed","ping_status":"closed","template":"","meta":{"_acf_changed":false,"footnotes":""},"class_list":["post-1986","page","type-page","status-publish","hentry"],"acf":[],"yoast_head":"<!-- This site is optimized with the Yoast SEO plugin v21.9.1 - https:\/\/yoast.com\/wordpress\/plugins\/seo\/ -->\n<title>Stages - CeREF Agronomique<\/title>\n<meta name=\"robots\" content=\"index, follow, max-snippet:-1, max-image-preview:large, max-video-preview:-1\" \/>\n<link rel=\"canonical\" href=\"https:\/\/ceref.helha.be\/agronomique\/stage\/\" \/>\n<meta property=\"og:locale\" content=\"fr_FR\" \/>\n<meta property=\"og:type\" content=\"article\" \/>\n<meta property=\"og:title\" content=\"Stages - CeREF Agronomique\" \/>\n<meta property=\"og:description\" content=\"Le CeREF Agronomique propose r\u00e9guli\u00e8rement des stages aux bacheliers et au masters principalement, dans la recherche appliqu\u00e9e en laboratoire dans le domaine agronomique. N\u2019h\u00e9sitez pas \u00e0 nous contacter, nous nous ferons un plaisir de prendre connaissance de votre CV. Nos stages couvrent diff\u00e9rents axes de recherche\u202f: Microbiologie Chimie Biotechnologie Si vous souhaitez postuler spontan\u00e9ment, vous [&hellip;]\" \/>\n<meta property=\"og:url\" content=\"https:\/\/ceref.helha.be\/agronomique\/stage\/\" \/>\n<meta property=\"og:site_name\" content=\"CeREF Agronomique\" \/>\n<meta property=\"article:publisher\" content=\"https:\/\/www.facebook.com\/Ceref.helha\" \/>\n<meta property=\"article:modified_time\" content=\"2026-01-09T13:07:43+00:00\" \/>\n<meta name=\"twitter:card\" content=\"summary_large_image\" \/>\n<script type=\"application\/ld+json\" class=\"yoast-schema-graph\">{\"@context\":\"https:\/\/schema.org\",\"@graph\":[{\"@type\":\"WebPage\",\"@id\":\"https:\/\/ceref.helha.be\/agronomique\/stage\/\",\"url\":\"https:\/\/ceref.helha.be\/agronomique\/stage\/\",\"name\":\"Stages - CeREF Agronomique\",\"isPartOf\":{\"@id\":\"https:\/\/ceref.helha.be\/agronomique\/#website\"},\"datePublished\":\"2023-05-19T14:00:25+00:00\",\"dateModified\":\"2026-01-09T13:07:43+00:00\",\"breadcrumb\":{\"@id\":\"https:\/\/ceref.helha.be\/agronomique\/stage\/#breadcrumb\"},\"inLanguage\":\"fr-FR\",\"potentialAction\":[{\"@type\":\"ReadAction\",\"target\":[\"https:\/\/ceref.helha.be\/agronomique\/stage\/\"]}]},{\"@type\":\"BreadcrumbList\",\"@id\":\"https:\/\/ceref.helha.be\/agronomique\/stage\/#breadcrumb\",\"itemListElement\":[{\"@type\":\"ListItem\",\"position\":1,\"name\":\"Home\",\"item\":\"https:\/\/ceref.helha.be\/agronomique\/\"},{\"@type\":\"ListItem\",\"position\":2,\"name\":\"Stages\"}]},{\"@type\":\"WebSite\",\"@id\":\"https:\/\/ceref.helha.be\/agronomique\/#website\",\"url\":\"https:\/\/ceref.helha.be\/agronomique\/\",\"name\":\"CeREF Agronomique - Centre de Recherche et de Formation continue de la HELHa\",\"description\":\"Centre de Recherche et de Formation HELHa\",\"publisher\":{\"@id\":\"https:\/\/ceref.helha.be\/agronomique\/#organization\"},\"potentialAction\":[{\"@type\":\"SearchAction\",\"target\":{\"@type\":\"EntryPoint\",\"urlTemplate\":\"https:\/\/ceref.helha.be\/agronomique\/?s={search_term_string}\"},\"query-input\":\"required name=search_term_string\"}],\"inLanguage\":\"fr-FR\"},{\"@type\":\"Organization\",\"@id\":\"https:\/\/ceref.helha.be\/agronomique\/#organization\",\"name\":\"CeREF Agronomique - Centre de Recherche et de Formation continue de la HELHa\",\"url\":\"https:\/\/ceref.helha.be\/agronomique\/\",\"logo\":{\"@type\":\"ImageObject\",\"inLanguage\":\"fr-FR\",\"@id\":\"https:\/\/ceref.helha.be\/agronomique\/#\/schema\/logo\/image\/\",\"url\":\"https:\/\/ceref.helha.be\/agronomique\/app\/uploads\/2026\/01\/ceref-agronomique.jpg\",\"contentUrl\":\"https:\/\/ceref.helha.be\/agronomique\/app\/uploads\/2026\/01\/ceref-agronomique.jpg\",\"width\":242,\"height\":84,\"caption\":\"CeREF Agronomique - Centre de Recherche et de Formation continue de la HELHa\"},\"image\":{\"@id\":\"https:\/\/ceref.helha.be\/agronomique\/#\/schema\/logo\/image\/\"},\"sameAs\":[\"https:\/\/www.facebook.com\/Ceref.helha\",\"https:\/\/www.linkedin.com\/company\/ceref-helha\/\"]}]}<\/script>\n<!-- \/ Yoast SEO plugin. -->","yoast_head_json":{"title":"Stages - CeREF Agronomique","robots":{"index":"index","follow":"follow","max-snippet":"max-snippet:-1","max-image-preview":"max-image-preview:large","max-video-preview":"max-video-preview:-1"},"canonical":"https:\/\/ceref.helha.be\/agronomique\/stage\/","og_locale":"fr_FR","og_type":"article","og_title":"Stages - CeREF Agronomique","og_description":"Le CeREF Agronomique propose r\u00e9guli\u00e8rement des stages aux bacheliers et au masters principalement, dans la recherche appliqu\u00e9e en laboratoire dans le domaine agronomique. N\u2019h\u00e9sitez pas \u00e0 nous contacter, nous nous ferons un plaisir de prendre connaissance de votre CV. Nos stages couvrent diff\u00e9rents axes de recherche\u202f: Microbiologie Chimie Biotechnologie Si vous souhaitez postuler spontan\u00e9ment, vous [&hellip;]","og_url":"https:\/\/ceref.helha.be\/agronomique\/stage\/","og_site_name":"CeREF Agronomique","article_publisher":"https:\/\/www.facebook.com\/Ceref.helha","article_modified_time":"2026-01-09T13:07:43+00:00","twitter_card":"summary_large_image","schema":{"@context":"https:\/\/schema.org","@graph":[{"@type":"WebPage","@id":"https:\/\/ceref.helha.be\/agronomique\/stage\/","url":"https:\/\/ceref.helha.be\/agronomique\/stage\/","name":"Stages - CeREF Agronomique","isPartOf":{"@id":"https:\/\/ceref.helha.be\/agronomique\/#website"},"datePublished":"2023-05-19T14:00:25+00:00","dateModified":"2026-01-09T13:07:43+00:00","breadcrumb":{"@id":"https:\/\/ceref.helha.be\/agronomique\/stage\/#breadcrumb"},"inLanguage":"fr-FR","potentialAction":[{"@type":"ReadAction","target":["https:\/\/ceref.helha.be\/agronomique\/stage\/"]}]},{"@type":"BreadcrumbList","@id":"https:\/\/ceref.helha.be\/agronomique\/stage\/#breadcrumb","itemListElement":[{"@type":"ListItem","position":1,"name":"Home","item":"https:\/\/ceref.helha.be\/agronomique\/"},{"@type":"ListItem","position":2,"name":"Stages"}]},{"@type":"WebSite","@id":"https:\/\/ceref.helha.be\/agronomique\/#website","url":"https:\/\/ceref.helha.be\/agronomique\/","name":"CeREF Agronomique - Centre de Recherche et de Formation continue de la HELHa","description":"Centre de Recherche et de Formation HELHa","publisher":{"@id":"https:\/\/ceref.helha.be\/agronomique\/#organization"},"potentialAction":[{"@type":"SearchAction","target":{"@type":"EntryPoint","urlTemplate":"https:\/\/ceref.helha.be\/agronomique\/?s={search_term_string}"},"query-input":"required name=search_term_string"}],"inLanguage":"fr-FR"},{"@type":"Organization","@id":"https:\/\/ceref.helha.be\/agronomique\/#organization","name":"CeREF Agronomique - Centre de Recherche et de Formation continue de la HELHa","url":"https:\/\/ceref.helha.be\/agronomique\/","logo":{"@type":"ImageObject","inLanguage":"fr-FR","@id":"https:\/\/ceref.helha.be\/agronomique\/#\/schema\/logo\/image\/","url":"https:\/\/ceref.helha.be\/agronomique\/app\/uploads\/2026\/01\/ceref-agronomique.jpg","contentUrl":"https:\/\/ceref.helha.be\/agronomique\/app\/uploads\/2026\/01\/ceref-agronomique.jpg","width":242,"height":84,"caption":"CeREF Agronomique - Centre de Recherche et de Formation continue de la HELHa"},"image":{"@id":"https:\/\/ceref.helha.be\/agronomique\/#\/schema\/logo\/image\/"},"sameAs":["https:\/\/www.facebook.com\/Ceref.helha","https:\/\/www.linkedin.com\/company\/ceref-helha\/"]}]}},"_links":{"self":[{"href":"https:\/\/ceref.helha.be\/agronomique\/wp-json\/wp\/v2\/pages\/1986","targetHints":{"allow":["GET"]}}],"collection":[{"href":"https:\/\/ceref.helha.be\/agronomique\/wp-json\/wp\/v2\/pages"}],"about":[{"href":"https:\/\/ceref.helha.be\/agronomique\/wp-json\/wp\/v2\/types\/page"}],"author":[{"embeddable":true,"href":"https:\/\/ceref.helha.be\/agronomique\/wp-json\/wp\/v2\/users\/34"}],"replies":[{"embeddable":true,"href":"https:\/\/ceref.helha.be\/agronomique\/wp-json\/wp\/v2\/comments?post=1986"}],"version-history":[{"count":5,"href":"https:\/\/ceref.helha.be\/agronomique\/wp-json\/wp\/v2\/pages\/1986\/revisions"}],"predecessor-version":[{"id":2120,"href":"https:\/\/ceref.helha.be\/agronomique\/wp-json\/wp\/v2\/pages\/1986\/revisions\/2120"}],"wp:attachment":[{"href":"https:\/\/ceref.helha.be\/agronomique\/wp-json\/wp\/v2\/media?parent=1986"}],"curies":[{"name":"wp","href":"https:\/\/api.w.org\/{rel}","templated":true}]}}